{"id":5373,"date":"2021-10-13T07:52:01","date_gmt":"2021-10-13T07:52:01","guid":{"rendered":"https:\/\/renumawp.websitelayout.net\/?page_id=5373"},"modified":"2026-02-17T10:17:38","modified_gmt":"2026-02-17T10:17:38","slug":"contact","status":"publish","type":"page","link":"https:\/\/gridenergy.ma\/fr\/contact\/","title":{"rendered":"Contact"},"content":{"rendered":"\t\t<div data-elementor-type=\"wp-page\" data-elementor-id=\"5373\" class=\"elementor elementor-5373\" data-elementor-post-type=\"page\">\n\t\t\t\t\t\t<section class=\"elementor-section elementor-top-section elementor-element elementor-element-96103d6 page-title-section elementor-section-stretched elementor-section-boxed elementor-section-height-default elementor-section-height-default\" data-id=\"96103d6\" data-element_type=\"section\" data-e-type=\"section\" data-settings=\"{&quot;background_background&quot;:&quot;classic&quot;,&quot;stretch_section&quot;:&quot;section-stretched&quot;}\">\n\t\t\t\t\t\t\t<div class=\"elementor-background-overlay\"><\/div>\n\t\t\t\t\t\t\t<div class=\"elementor-container elementor-column-gap-extended\">\n\t\t\t\t\t<div class=\"elementor-column elementor-col-100 elementor-top-column elementor-element elementor-element-0f403d2\" data-id=\"0f403d2\" data-element_type=\"column\" data-e-type=\"column\">\n\t\t\t<div class=\"elementor-widget-wrap elementor-element-populated\">\n\t\t\t\t\t\t<div class=\"elementor-element elementor-element-93892e1 mb-0 elementor-widget elementor-widget-text-editor\" data-id=\"93892e1\" data-element_type=\"widget\" data-e-type=\"widget\" data-widget_type=\"text-editor.default\">\n\t\t\t\t<div class=\"elementor-widget-container\">\n\t\t\t\t\t\t\t\t\t<h1>Contact<\/h1>\t\t\t\t\t\t\t\t<\/div>\n\t\t\t\t<\/div>\n\t\t\t\t<div class=\"elementor-element elementor-element-be23a24 mb-0 elementor-widget elementor-widget-text-editor\" data-id=\"be23a24\" data-element_type=\"widget\" data-e-type=\"widget\" data-widget_type=\"text-editor.default\">\n\t\t\t\t<div class=\"elementor-widget-container\">\n\t\t\t\t\t\t\t\t\t<ul><li><a href=\"https:\/\/gridenergy.ma\/\">Accueil<\/a><\/li><li>Contact<\/li><\/ul>\t\t\t\t\t\t\t\t<\/div>\n\t\t\t\t<\/div>\n\t\t\t\t\t<\/div>\n\t\t<\/div>\n\t\t\t\t\t<\/div>\n\t\t<\/section>\n\t\t\t\t<section class=\"elementor-section elementor-top-section elementor-element elementor-element-aff67c3 elementor-section-stretched elementor-section-boxed elementor-section-height-default elementor-section-height-default\" data-id=\"aff67c3\" data-element_type=\"section\" data-e-type=\"section\" data-settings=\"{&quot;stretch_section&quot;:&quot;section-stretched&quot;}\">\n\t\t\t\t\t\t<div class=\"elementor-container elementor-column-gap-extended\">\n\t\t\t\t\t<div class=\"elementor-column elementor-col-100 elementor-top-column elementor-element elementor-element-386eef2\" data-id=\"386eef2\" data-element_type=\"column\" data-e-type=\"column\">\n\t\t\t<div class=\"elementor-widget-wrap elementor-element-populated\">\n\t\t\t\t\t\t<section class=\"elementor-section elementor-inner-section elementor-element elementor-element-5ba45e7 box-shadow-style1 h-100 elementor-section-boxed elementor-section-height-default elementor-section-height-default\" data-id=\"5ba45e7\" data-element_type=\"section\" data-e-type=\"section\">\n\t\t\t\t\t\t<div class=\"elementor-container elementor-column-gap-no\">\n\t\t\t\t\t<div class=\"elementor-column elementor-col-50 elementor-inner-column elementor-element elementor-element-9b17db8\" data-id=\"9b17db8\" data-element_type=\"column\" data-e-type=\"column\">\n\t\t\t<div class=\"elementor-widget-wrap elementor-element-populated\">\n\t\t\t\t\t\t<div class=\"elementor-element elementor-element-ac4ee69 mb-0 elementor-widget elementor-widget-text-editor\" data-id=\"ac4ee69\" data-element_type=\"widget\" data-e-type=\"widget\" data-widget_type=\"text-editor.default\">\n\t\t\t\t<div class=\"elementor-widget-container\">\n\t\t\t\t\t\t\t\t\t<h2 class=\"mb-4\">Contactez-nous\u00a0<\/h2>\t\t\t\t\t\t\t\t<\/div>\n\t\t\t\t<\/div>\n\t\t\t\t<div class=\"elementor-element elementor-element-1aa2c1d elementor-widget elementor-widget-shortcode\" data-id=\"1aa2c1d\" data-element_type=\"widget\" data-e-type=\"widget\" data-widget_type=\"shortcode.default\">\n\t\t\t\t<div class=\"elementor-widget-container\">\n\t\t\t\t\t\t\t<div class=\"elementor-shortcode\">\n<div class=\"wpcf7 no-js\" id=\"wpcf7-f1276-o1\" lang=\"en-US\" dir=\"ltr\" data-wpcf7-id=\"1276\">\n<div class=\"screen-reader-response\"><p role=\"status\" aria-live=\"polite\" aria-atomic=\"true\"><\/p> <ul><\/ul><\/div>\n<form action=\"\/fr\/wp-json\/wp\/v2\/pages\/5373#wpcf7-f1276-o1\" method=\"post\" class=\"wpcf7-form init\" aria-label=\"Contact form\" novalidate=\"novalidate\" data-status=\"init\">\n<fieldset class=\"hidden-fields-container\"><input type=\"hidden\" name=\"_wpcf7\" value=\"1276\" \/><input type=\"hidden\" name=\"_wpcf7_version\" value=\"6.1.5\" \/><input type=\"hidden\" name=\"_wpcf7_locale\" value=\"en_US\" \/><input type=\"hidden\" name=\"_wpcf7_unit_tag\" value=\"wpcf7-f1276-o1\" \/><input type=\"hidden\" name=\"_wpcf7_container_post\" value=\"0\" \/><input type=\"hidden\" name=\"_wpcf7_posted_data_hash\" value=\"\" \/>\n<\/fieldset>\n<div class=\"quform\">\n\t<div class=\"quform-elements\">\n\t\t<div class=\"row\">\n\t\t\t<div class=\"col-md-6\">\n\t\t\t\t<div class=\"quform-element form-group\">\n\t\t\t\t\t<p><label>Entreprise <span class=\"quform-required\">*<\/span><\/label>\n\t\t\t\t\t<\/p>\n\t\t\t\t\t<div class=\"quform-input\">\n\t\t\t\t\t\t<p><span class=\"wpcf7-form-control-wrap\" data-name=\"your-name\"><input size=\"40\" maxlength=\"400\" class=\"wpcf7-form-control wpcf7-text wpcf7-validates-as-required form-control\" aria-required=\"true\" aria-invalid=\"false\" placeholder=\"Nom d&#039;entreprise\" value=\"\" type=\"text\" name=\"your-name\" \/><\/span>\n\t\t\t\t\t\t<\/p>\n\t\t\t\t\t<\/div>\n\t\t\t\t<\/div>\n\t\t\t<\/div>\n\t\t\t<div class=\"col-md-6\">\n\t\t\t\t<div class=\"quform-element form-group\">\n\t\t\t\t\t<p><label>Email <span class=\"quform-required\">*<\/span><\/label>\n\t\t\t\t\t<\/p>\n\t\t\t\t\t<div class=\"quform-input\">\n\t\t\t\t\t\t<p><span class=\"wpcf7-form-control-wrap\" data-name=\"your-email\"><input size=\"40\" maxlength=\"400\" class=\"wpcf7-form-control wpcf7-email wpcf7-validates-as-required wpcf7-text wpcf7-validates-as-email form-control\" aria-required=\"true\" aria-invalid=\"false\" placeholder=\"Votre email\" value=\"\" type=\"email\" name=\"your-email\" \/><\/span>\n\t\t\t\t\t\t<\/p>\n\t\t\t\t\t<\/div>\n\t\t\t\t<\/div>\n\t\t\t<\/div>\n\t\t\t<div class=\"col-md-6\">\n\t\t\t\t<div class=\"quform-element form-group\">\n\t\t\t\t\t<p><label>Objet <span class=\"quform-required\">*<\/span><\/label>\n\t\t\t\t\t<\/p>\n\t\t\t\t\t<div class=\"quform-input\">\n\t\t\t\t\t\t<p><span class=\"wpcf7-form-control-wrap\" data-name=\"your-subject\"><input size=\"40\" maxlength=\"400\" class=\"wpcf7-form-control wpcf7-text wpcf7-validates-as-required form-control\" aria-required=\"true\" aria-invalid=\"false\" placeholder=\"Votre besoin en d\u00e9tail\" value=\"\" type=\"text\" name=\"your-subject\" \/><\/span>\n\t\t\t\t\t\t<\/p>\n\t\t\t\t\t<\/div>\n\t\t\t\t<\/div>\n\t\t\t<\/div>\n\t\t\t<div class=\"col-md-6\">\n\t\t\t\t<div class=\"quform-element form-group\">\n\t\t\t\t\t<p><label>T\u00e9l\u00e9phone<\/label>\n\t\t\t\t\t<\/p>\n\t\t\t\t\t<div class=\"quform-input\">\n\t\t\t\t\t\t<p><span class=\"wpcf7-form-control-wrap\" data-name=\"your-phone\"><input class=\"wpcf7-form-control wpcf7-number wpcf7-validates-as-number form-control\" aria-invalid=\"false\" placeholder=\"Votre num\u00e9ro de t\u00e9l\u00e9phone\" value=\"\" type=\"number\" name=\"your-phone\" \/><\/span>\n\t\t\t\t\t\t<\/p>\n\t\t\t\t\t<\/div>\n\t\t\t\t<\/div>\n\t\t\t<\/div>\n\t\t\t<div class=\"col-md-12\">\n\t\t\t\t<div class=\"quform-element form-group\">\n\t\t\t\t\t<p><label>Message <span class=\"quform-required\">*<\/span><\/label>\n\t\t\t\t\t<\/p>\n\t\t\t\t\t<div class=\"quform-input\">\n\t\t\t\t\t\t<p><span class=\"wpcf7-form-control-wrap\" data-name=\"your-message\"><textarea cols=\"40\" rows=\"5\" maxlength=\"2000\" class=\"wpcf7-form-control wpcf7-textarea wpcf7-validates-as-required form-control\" aria-required=\"true\" aria-invalid=\"false\" placeholder=\"Votre message\" name=\"your-message\"><\/textarea><\/span>\n\t\t\t\t\t\t<\/p>\n\t\t\t\t\t<\/div>\n\t\t\t\t<\/div>\n\t\t\t<\/div>\n\t\t\t<div class=\"col-md-12\">\n\t\t\t\t<div class=\"quform-submit-inner\">\n\t\t\t\t\t<p><input class=\"wpcf7-form-control wpcf7-submit has-spinner\" type=\"submit\" value=\"Envoyer\" \/>\n\t\t\t\t\t<\/p>\n\t\t\t\t<\/div>\n\t\t\t<\/div>\n\t\t<\/div>\n\t<\/div>\n<\/div><p style=\"display: none !important;\" class=\"akismet-fields-container\" data-prefix=\"_wpcf7_ak_\"><label>&#916;<textarea name=\"_wpcf7_ak_hp_textarea\" cols=\"45\" rows=\"8\" maxlength=\"100\"><\/textarea><\/label><input type=\"hidden\" id=\"ak_js_1\" name=\"_wpcf7_ak_js\" value=\"212\"\/><script>document.getElementById( \"ak_js_1\" ).setAttribute( \"value\", ( new Date() ).getTime() );<\/script><\/p><div class=\"wpcf7-response-output\" aria-hidden=\"true\"><\/div>\n<\/form>\n<\/div>\n<\/div>\n\t\t\t\t\t\t<\/div>\n\t\t\t\t<\/div>\n\t\t\t\t\t<\/div>\n\t\t<\/div>\n\t\t\t\t<div class=\"elementor-column elementor-col-50 elementor-inner-column elementor-element elementor-element-816d32a position-relative\" data-id=\"816d32a\" data-element_type=\"column\" data-e-type=\"column\" data-settings=\"{&quot;background_background&quot;:&quot;classic&quot;}\">\n\t\t\t<div class=\"elementor-widget-wrap elementor-element-populated\">\n\t\t\t\t\t<div class=\"elementor-background-overlay\"><\/div>\n\t\t\t\t\t\t<div class=\"elementor-element elementor-element-d16ad96 mb-0 elementor-widget elementor-widget-text-editor\" data-id=\"d16ad96\" data-element_type=\"widget\" data-e-type=\"widget\" data-widget_type=\"text-editor.default\">\n\t\t\t\t<div class=\"elementor-widget-container\">\n\t\t\t\t\t\t\t\t\t<h2 class=\"mb-3 text-white\">Nos coordonn\u00e9es<\/h2>\t\t\t\t\t\t\t\t<\/div>\n\t\t\t\t<\/div>\n\t\t\t\t<div class=\"elementor-element elementor-element-651eadf mb-0 elementor-widget elementor-widget-text-editor\" data-id=\"651eadf\" data-element_type=\"widget\" data-e-type=\"widget\" data-widget_type=\"text-editor.default\">\n\t\t\t\t<div class=\"elementor-widget-container\">\n\t\t\t\t\t\t\t\t\t<p class=\"mb-2-2 text-white display-sm-28\">Pour toute consultation, contactez-nous<\/p>\t\t\t\t\t\t\t\t<\/div>\n\t\t\t\t<\/div>\n\t\t\t\t<div class=\"elementor-element elementor-element-be87a44 mb-0 elementor-widget elementor-widget-text-editor\" data-id=\"be87a44\" data-element_type=\"widget\" data-e-type=\"widget\" data-widget_type=\"text-editor.default\">\n\t\t\t\t<div class=\"elementor-widget-container\">\n\t\t\t\t\t\t\t\t\t<div class=\"d-flex mb-4 pb-3 border-bottom border-color-light-white\"><div class=\"flex-shrink-0 mt-2\">\u00a0<\/div><div class=\"flex-grow-1 ms-4\"><h3 class=\"h5 text-white\">Num\u00e9ros de T\u00e9l\u00e9phone<\/h3><span class=\"text-white d-block mb-1\">+212 522 402 000<\/span> <span class=\"text-white\">+212 522 403 000 <\/span><\/div><\/div>\t\t\t\t\t\t\t\t<\/div>\n\t\t\t\t<\/div>\n\t\t\t\t<div class=\"elementor-element elementor-element-07d57eb mb-0 elementor-widget elementor-widget-text-editor\" data-id=\"07d57eb\" data-element_type=\"widget\" data-e-type=\"widget\" data-widget_type=\"text-editor.default\">\n\t\t\t\t<div class=\"elementor-widget-container\">\n\t\t\t\t\t\t\t\t\t<div class=\"d-flex mb-4 pb-3 border-bottom border-color-light-white\"><div class=\"flex-shrink-0 mt-2\">\u00a0<\/div><div class=\"flex-grow-1 ms-4\"><h3 class=\"h5 text-white\">Email\u00a0<\/h3><p><a href=\"mailto:company@gridenergy.ma\"><span class=\"text-white d-block mb-1\">company@gridenergy.ma<\/span><\/a><\/p><\/div><\/div>\t\t\t\t\t\t\t\t<\/div>\n\t\t\t\t<\/div>\n\t\t\t\t<div class=\"elementor-element elementor-element-22d2492 mb-0 elementor-widget elementor-widget-text-editor\" data-id=\"22d2492\" data-element_type=\"widget\" data-e-type=\"widget\" data-widget_type=\"text-editor.default\">\n\t\t\t\t<div class=\"elementor-widget-container\">\n\t\t\t\t\t\t\t\t\t<div class=\"d-flex mb-4 pb-3 border-bottom border-color-light-white\"><div class=\"flex-shrink-0 mt-2\">\u00a0<\/div><div class=\"flex-grow-1 ms-4\"><h3 class=\"h5 text-white\">Adresses<\/h3><address class=\"text-white d-block mb-0 w-md-80 w-xl-70\"><strong>Succursale :<\/strong> SUCC : 4, Bd My ISMAIL, ALGHARB CENTER B,Casablanca Maroc<\/address><address class=\"text-white d-block mb-0 w-md-80 w-xl-70\"><strong>Si\u00e8ge Social et Usine :<\/strong> Km 20, Route r\u00e9gionale 205, Safi<\/address><\/div><\/div>\t\t\t\t\t\t\t\t<\/div>\n\t\t\t\t<\/div>\n\t\t\t\t<div class=\"elementor-element elementor-element-85530b3 mb-0 elementor-widget elementor-widget-text-editor\" data-id=\"85530b3\" data-element_type=\"widget\" data-e-type=\"widget\" data-widget_type=\"text-editor.default\">\n\t\t\t\t<div class=\"elementor-widget-container\">\n\t\t\t\t\t\t\t\t\t<ul class=\"list-unstyled d-flex mb-0\">\n                                <li class=\"me-3\">\n                                    <a href=\"#!\" class=\"text-white text-primary-hover display-28\"><i class=\"fab fa-facebook-f\"><\/i><\/a>\n                                <\/li>\n                                <li class=\"me-3\">\n                                    <a href=\"#!\" class=\"text-white text-primary-hover display-28\"><i class=\"fab fa-instagram\"><\/i><\/a>\n                                <\/li>\n                                <li class=\"me-3\">\n                                    <a href=\"#!\" class=\"text-white text-primary-hover display-28\"><i class=\"fab fa-twitter\"><\/i><\/a>\n                                <\/li>\n                                <li class=\"me-0\">\n                                    <a href=\"#!\" class=\"text-white text-primary-hover display-28\"><i class=\"fab fa-dribbble\"><\/i><\/a>\n                                <\/li>\n                            <\/ul>\t\t\t\t\t\t\t\t<\/div>\n\t\t\t\t<\/div>\n\t\t\t\t\t<\/div>\n\t\t<\/div>\n\t\t\t\t\t<\/div>\n\t\t<\/section>\n\t\t\t\t\t<\/div>\n\t\t<\/div>\n\t\t\t\t\t<\/div>\n\t\t<\/section>\n\t\t\t\t<section class=\"elementor-section elementor-top-section elementor-element elementor-element-03ba9a2 elementor-section-full_width elementor-section-stretched elementor-section-height-default elementor-section-height-default\" data-id=\"03ba9a2\" data-element_type=\"section\" data-e-type=\"section\" data-settings=\"{&quot;stretch_section&quot;:&quot;section-stretched&quot;}\">\n\t\t\t\t\t\t<div class=\"elementor-container elementor-column-gap-no\">\n\t\t\t\t\t<div class=\"elementor-column elementor-col-100 elementor-top-column elementor-element elementor-element-6aaa268\" data-id=\"6aaa268\" data-element_type=\"column\" data-e-type=\"column\">\n\t\t\t<div class=\"elementor-widget-wrap elementor-element-populated\">\n\t\t\t\t\t\t<div class=\"elementor-element elementor-element-4ba59ef elementor-widget elementor-widget-google_maps\" data-id=\"4ba59ef\" data-element_type=\"widget\" data-e-type=\"widget\" data-widget_type=\"google_maps.default\">\n\t\t\t\t<div class=\"elementor-widget-container\">\n\t\t\t\t\t\t\t<div class=\"elementor-custom-embed\">\n\t\t\t<iframe loading=\"lazy\"\n\t\t\t\t\tsrc=\"https:\/\/maps.google.com\/maps?q=17%20Bd%20Bahmad%2C%2020300%2C%20Casablanca&#038;t=m&#038;z=17&#038;output=embed&#038;iwloc=near\"\n\t\t\t\t\ttitle=\"17 Bd Bahmad, 20300, Casablanca\"\n\t\t\t\t\taria-label=\"17 Bd Bahmad, 20300, Casablanca\"\n\t\t\t><\/iframe>\n\t\t<\/div>\n\t\t\t\t\t\t<\/div>\n\t\t\t\t<\/div>\n\t\t\t\t\t<\/div>\n\t\t<\/div>\n\t\t\t\t\t<\/div>\n\t\t<\/section>\n\t\t\t\t<\/div>\n\t\t","protected":false},"excerpt":{"rendered":"<p>Contact Accueil Contact Contactez-nous\u00a0 Nos coordonn\u00e9es Pour toute consultation, contactez-nous \u00a0 Num\u00e9ros de T\u00e9l\u00e9phone +212 522 402 000 +212 522 403 000 \u00a0 Email\u00a0 company@gridenergy.ma \u00a0 Adresses Succursale : SUCC : 4, Bd My ISMAIL, ALGHARB CENTER B,Casablanca Maroc Si\u00e8ge Social et Usine : Km 20, Route r\u00e9gionale 205, Safi<\/p>\n","protected":false},"author":1,"featured_media":0,"parent":0,"menu_order":0,"comment_status":"closed","ping_status":"closed","template":"page-templates\/home.php","meta":{"footnotes":""},"class_list":["post-5373","page","type-page","status-publish","hentry"],"yoast_head":"<!-- This site is optimized with the Yoast SEO plugin v27.4 - https:\/\/yoast.com\/product\/yoast-seo-wordpress\/ -->\n<title>Contact - Grid Energy Company<\/title>\n<meta name=\"robots\" content=\"index, follow, max-snippet:-1, max-image-preview:large, max-video-preview:-1\" \/>\n<link rel=\"canonical\" href=\"https:\/\/gridenergy.ma\/fr\/contact\/\" \/>\n<meta property=\"og:locale\" content=\"fr_FR\" \/>\n<meta property=\"og:type\" content=\"article\" \/>\n<meta property=\"og:title\" content=\"Contact - Grid Energy Company\" \/>\n<meta property=\"og:description\" content=\"Contact Accueil Contact Contactez-nous\u00a0 Nos coordonn\u00e9es Pour toute consultation, contactez-nous \u00a0 Num\u00e9ros de T\u00e9l\u00e9phone +212 522 402 000 +212 522 403 000 \u00a0 Email\u00a0 company@gridenergy.ma \u00a0 Adresses Succursale : SUCC : 4, Bd My ISMAIL, ALGHARB CENTER B,Casablanca Maroc Si\u00e8ge Social et Usine : Km 20, Route r\u00e9gionale 205, Safi\" \/>\n<meta property=\"og:url\" content=\"https:\/\/gridenergy.ma\/fr\/contact\/\" \/>\n<meta property=\"og:site_name\" content=\"Grid Energy Company\" \/>\n<meta property=\"article:modified_time\" content=\"2026-02-17T10:17:38+00:00\" \/>\n<meta name=\"twitter:card\" content=\"summary_large_image\" \/>\n<meta name=\"twitter:label1\" content=\"Dur\u00e9e de lecture estim\u00e9e\" \/>\n\t<meta name=\"twitter:data1\" content=\"1 minute\" \/>\n<script type=\"application\/ld+json\" class=\"yoast-schema-graph\">{\"@context\":\"https:\\\/\\\/schema.org\",\"@graph\":[{\"@type\":\"WebPage\",\"@id\":\"https:\\\/\\\/gridenergy.ma\\\/fr\\\/contact\\\/\",\"url\":\"https:\\\/\\\/gridenergy.ma\\\/fr\\\/contact\\\/\",\"name\":\"Contact - Grid Energy Company\",\"isPartOf\":{\"@id\":\"https:\\\/\\\/gridenergy.ma\\\/en\\\/#website\"},\"datePublished\":\"2021-10-13T07:52:01+00:00\",\"dateModified\":\"2026-02-17T10:17:38+00:00\",\"breadcrumb\":{\"@id\":\"https:\\\/\\\/gridenergy.ma\\\/fr\\\/contact\\\/#breadcrumb\"},\"inLanguage\":\"fr-FR\",\"potentialAction\":[{\"@type\":\"ReadAction\",\"target\":[\"https:\\\/\\\/gridenergy.ma\\\/fr\\\/contact\\\/\"]}]},{\"@type\":\"BreadcrumbList\",\"@id\":\"https:\\\/\\\/gridenergy.ma\\\/fr\\\/contact\\\/#breadcrumb\",\"itemListElement\":[{\"@type\":\"ListItem\",\"position\":1,\"name\":\"Accueil\",\"item\":\"https:\\\/\\\/gridenergy.ma\\\/fr\\\/\"},{\"@type\":\"ListItem\",\"position\":2,\"name\":\"Contact\"}]},{\"@type\":\"WebSite\",\"@id\":\"https:\\\/\\\/gridenergy.ma\\\/en\\\/#website\",\"url\":\"https:\\\/\\\/gridenergy.ma\\\/en\\\/\",\"name\":\"Grid Energy Company\",\"description\":\"Solutions \u00e9lectriques innovantes\",\"potentialAction\":[{\"@type\":\"SearchAction\",\"target\":{\"@type\":\"EntryPoint\",\"urlTemplate\":\"https:\\\/\\\/gridenergy.ma\\\/en\\\/?s={search_term_string}\"},\"query-input\":{\"@type\":\"PropertyValueSpecification\",\"valueRequired\":true,\"valueName\":\"search_term_string\"}}],\"inLanguage\":\"fr-FR\"}]}<\/script>\n<!-- \/ Yoast SEO plugin. -->","yoast_head_json":{"title":"Contact - Grid Energy Company","robots":{"index":"index","follow":"follow","max-snippet":"max-snippet:-1","max-image-preview":"max-image-preview:large","max-video-preview":"max-video-preview:-1"},"canonical":"https:\/\/gridenergy.ma\/fr\/contact\/","og_locale":"fr_FR","og_type":"article","og_title":"Contact - Grid Energy Company","og_description":"Contact Accueil Contact Contactez-nous\u00a0 Nos coordonn\u00e9es Pour toute consultation, contactez-nous \u00a0 Num\u00e9ros de T\u00e9l\u00e9phone +212 522 402 000 +212 522 403 000 \u00a0 Email\u00a0 company@gridenergy.ma \u00a0 Adresses Succursale : SUCC : 4, Bd My ISMAIL, ALGHARB CENTER B,Casablanca Maroc Si\u00e8ge Social et Usine : Km 20, Route r\u00e9gionale 205, Safi","og_url":"https:\/\/gridenergy.ma\/fr\/contact\/","og_site_name":"Grid Energy Company","article_modified_time":"2026-02-17T10:17:38+00:00","twitter_card":"summary_large_image","twitter_misc":{"Dur\u00e9e de lecture estim\u00e9e":"1 minute"},"schema":{"@context":"https:\/\/schema.org","@graph":[{"@type":"WebPage","@id":"https:\/\/gridenergy.ma\/fr\/contact\/","url":"https:\/\/gridenergy.ma\/fr\/contact\/","name":"Contact - Grid Energy Company","isPartOf":{"@id":"https:\/\/gridenergy.ma\/en\/#website"},"datePublished":"2021-10-13T07:52:01+00:00","dateModified":"2026-02-17T10:17:38+00:00","breadcrumb":{"@id":"https:\/\/gridenergy.ma\/fr\/contact\/#breadcrumb"},"inLanguage":"fr-FR","potentialAction":[{"@type":"ReadAction","target":["https:\/\/gridenergy.ma\/fr\/contact\/"]}]},{"@type":"BreadcrumbList","@id":"https:\/\/gridenergy.ma\/fr\/contact\/#breadcrumb","itemListElement":[{"@type":"ListItem","position":1,"name":"Accueil","item":"https:\/\/gridenergy.ma\/fr\/"},{"@type":"ListItem","position":2,"name":"Contact"}]},{"@type":"WebSite","@id":"https:\/\/gridenergy.ma\/en\/#website","url":"https:\/\/gridenergy.ma\/en\/","name":"Grid Energy Company","description":"Solutions \u00e9lectriques innovantes","potentialAction":[{"@type":"SearchAction","target":{"@type":"EntryPoint","urlTemplate":"https:\/\/gridenergy.ma\/en\/?s={search_term_string}"},"query-input":{"@type":"PropertyValueSpecification","valueRequired":true,"valueName":"search_term_string"}}],"inLanguage":"fr-FR"}]}},"_links":{"self":[{"href":"https:\/\/gridenergy.ma\/fr\/wp-json\/wp\/v2\/pages\/5373","targetHints":{"allow":["GET"]}}],"collection":[{"href":"https:\/\/gridenergy.ma\/fr\/wp-json\/wp\/v2\/pages"}],"about":[{"href":"https:\/\/gridenergy.ma\/fr\/wp-json\/wp\/v2\/types\/page"}],"author":[{"embeddable":true,"href":"https:\/\/gridenergy.ma\/fr\/wp-json\/wp\/v2\/users\/1"}],"replies":[{"embeddable":true,"href":"https:\/\/gridenergy.ma\/fr\/wp-json\/wp\/v2\/comments?post=5373"}],"version-history":[{"count":15,"href":"https:\/\/gridenergy.ma\/fr\/wp-json\/wp\/v2\/pages\/5373\/revisions"}],"predecessor-version":[{"id":16579,"href":"https:\/\/gridenergy.ma\/fr\/wp-json\/wp\/v2\/pages\/5373\/revisions\/16579"}],"wp:attachment":[{"href":"https:\/\/gridenergy.ma\/fr\/wp-json\/wp\/v2\/media?parent=5373"}],"curies":[{"name":"wp","href":"https:\/\/api.w.org\/{rel}","templated":true}]}}