{"id":2887,"date":"2021-03-15T05:06:51","date_gmt":"2021-03-15T05:06:51","guid":{"rendered":"https:\/\/renumawp.websitelayout.net\/?page_id=2887"},"modified":"2025-05-09T09:46:29","modified_gmt":"2025-05-09T09:46:29","slug":"nos-metiers","status":"publish","type":"page","link":"https:\/\/gridenergy.ma\/fr\/nos-metiers\/","title":{"rendered":"Nos m\u00e9tiers"},"content":{"rendered":"\t\t<div data-elementor-type=\"wp-page\" data-elementor-id=\"2887\" class=\"elementor elementor-2887\" data-elementor-post-type=\"page\">\n\t\t\t\t\t\t<section class=\"elementor-section elementor-top-section elementor-element elementor-element-0d8d88c page-title-section elementor-section-stretched elementor-section-boxed elementor-section-height-default elementor-section-height-default\" data-id=\"0d8d88c\" data-element_type=\"section\" data-e-type=\"section\" data-settings=\"{&quot;background_background&quot;:&quot;classic&quot;,&quot;stretch_section&quot;:&quot;section-stretched&quot;}\">\n\t\t\t\t\t\t\t<div class=\"elementor-background-overlay\"><\/div>\n\t\t\t\t\t\t\t<div class=\"elementor-container elementor-column-gap-extended\">\n\t\t\t\t\t<div class=\"elementor-column elementor-col-100 elementor-top-column elementor-element elementor-element-f0e7536\" data-id=\"f0e7536\" data-element_type=\"column\" data-e-type=\"column\">\n\t\t\t<div class=\"elementor-widget-wrap elementor-element-populated\">\n\t\t\t\t\t\t<div class=\"elementor-element elementor-element-fe62040 mb-0 elementor-widget elementor-widget-text-editor\" data-id=\"fe62040\" data-element_type=\"widget\" data-e-type=\"widget\" data-widget_type=\"text-editor.default\">\n\t\t\t\t<div class=\"elementor-widget-container\">\n\t\t\t\t\t\t\t\t\t<h1>Nos M\u00e9tiers<\/h1>\t\t\t\t\t\t\t\t<\/div>\n\t\t\t\t<\/div>\n\t\t\t\t<div class=\"elementor-element elementor-element-8fd4710 mb-0 elementor-widget elementor-widget-text-editor\" data-id=\"8fd4710\" data-element_type=\"widget\" data-e-type=\"widget\" data-widget_type=\"text-editor.default\">\n\t\t\t\t<div class=\"elementor-widget-container\">\n\t\t\t\t\t\t\t\t\t<ul><li><a href=\"https:\/\/gridenergy.ma\/\">Accueil<\/a><\/li><li>Nos m\u00e9tiers<\/li><\/ul>\t\t\t\t\t\t\t\t<\/div>\n\t\t\t\t<\/div>\n\t\t\t\t\t<\/div>\n\t\t<\/div>\n\t\t\t\t\t<\/div>\n\t\t<\/section>\n\t\t\t\t<section class=\"elementor-section elementor-top-section elementor-element elementor-element-cc92358 elementor-section-stretched bg-light elementor-section-boxed elementor-section-height-default elementor-section-height-default\" data-id=\"cc92358\" data-element_type=\"section\" data-e-type=\"section\" data-settings=\"{&quot;stretch_section&quot;:&quot;section-stretched&quot;}\">\n\t\t\t\t\t\t<div class=\"elementor-container elementor-column-gap-extended\">\n\t\t\t\t\t<div class=\"elementor-column elementor-col-100 elementor-top-column elementor-element elementor-element-8c19e5a\" data-id=\"8c19e5a\" data-element_type=\"column\" data-e-type=\"column\">\n\t\t\t<div class=\"elementor-widget-wrap elementor-element-populated\">\n\t\t\t\t\t\t<div class=\"elementor-element elementor-element-c4e2b1c mb-0 elementor-widget elementor-widget-text-editor\" data-id=\"c4e2b1c\" data-element_type=\"widget\" data-e-type=\"widget\" data-widget_type=\"text-editor.default\">\n\t\t\t\t<div class=\"elementor-widget-container\">\n\t\t\t\t\t\t\t\t\t<div class=\"title-style7 mb-2-2 text-center\">\nNos M\u00e9tiers\n<h2 class=\"display-5 font-weight-800 mb-0 w-sm-70 w-md-60 w-lg-50 mx-auto lh-1\">Domaines d\u2019Expertise \u00c9lectrique<\/h2>\n<\/div>\t\t\t\t\t\t\t\t<\/div>\n\t\t\t\t<\/div>\n\t\t\t\t<div class=\"elementor-element elementor-element-4e7c02e elementor-align-left elementor-widget elementor-widget-Wl-Service-V7\" data-id=\"4e7c02e\" data-element_type=\"widget\" data-e-type=\"widget\" data-widget_type=\"Wl-Service-V7.default\">\n\t\t\t\t<div class=\"elementor-widget-container\">\n\t\t\t\t\t\r\n    <div class=\"row g-xl-5 mt-n2-2\">\r\n\r\n    \t\r\n\t        <div class=\"col-lg-6 col-xl-4 mt-2-2 wow fadeInUp\" data-wow-delay=\"200ms\">\r\n\t            <div class=\"card card-style18 border-0\">\r\n\t                <div class=\"card-body position-relative z-index-9\">\r\n\t                    <div class=\"service-img\">\r\n\t                        \t\t                    \t<img decoding=\"async\" src=\"https:\/\/gridenergy.ma\/wp-content\/uploads\/2025\/04\/Commercialisation-des-produits.svg\" alt=\"...\" title=\"...\" class=\"w-50px\">\r\n\t\t                    \t                    <\/div>\r\n\t                    \t\t                \t<h3 class=\"h4 mb-2\"><a href=\"https:\/\/gridenergy.ma\/service\/vente-des-produits\/\">Vente des produits <\/a><\/h3>\r\n\t\t                \r\n\t                    \t\t                \t<p class=\"mb-1-9\">Nous fournissons des \u00e9quipements fiables avec installation, essais et mise en service sur site s\u00e9curis\u00e9.<\/p>\r\n\t\t                \r\n\t\t                \t\t                \t<a href=\"https:\/\/gridenergy.ma\/service\/vente-des-produits\/\" class=\"service-butn\">En Savoir Plus<i class=\"ti-arrow-right\"><\/i><\/a>\r\n\t\t                \r\n\t                <\/div>\r\n\t                \t\t            \t<div class=\"card-overlay\"><\/div>\t\t            \t            <\/div>\r\n\t        <\/div>\r\n\r\n        \r\n\t        <div class=\"col-lg-6 col-xl-4 mt-2-2 wow fadeInUp\" data-wow-delay=\"350ms\">\r\n\t            <div class=\"card card-style18 border-0\">\r\n\t                <div class=\"card-body position-relative z-index-9\">\r\n\t                    <div class=\"service-img\">\r\n\t                        \t\t                    \t<img decoding=\"async\" src=\"https:\/\/gridenergy.ma\/wp-content\/uploads\/2025\/04\/Maintenance-et-expertise.svg\" alt=\"...\" title=\"...\" class=\"w-50px\">\r\n\t\t                    \t                    <\/div>\r\n\t                    \t\t                \t<h3 class=\"h4 mb-2\"><a href=\"https:\/\/gridenergy.ma\/service\/services-et-expertise-gridenergy\/\">Services et Expertise<\/a><\/h3>\r\n\t\t                \r\n\t                    \t\t                \t<p class=\"mb-1-9\">Inspection, entretien pr\u00e9ventif et interventions techniques assurant la s\u00e9curit\u00e9 des installations.<\/p>\r\n\t\t                \r\n\t\t                \t\t                \t<a href=\"https:\/\/gridenergy.ma\/service\/services-et-expertise-gridenergy\/\" class=\"service-butn\">Voir Plus<i class=\"ti-arrow-right\"><\/i><\/a>\r\n\t\t                \r\n\t                <\/div>\r\n\t                \t\t            \t<div class=\"card-overlay\"><\/div>\t\t            \t            <\/div>\r\n\t        <\/div>\r\n\r\n        \r\n\t        <div class=\"col-lg-6 col-xl-4 mt-2-2 wow fadeInUp\" data-wow-delay=\"500ms\">\r\n\t            <div class=\"card card-style18 border-0\">\r\n\t                <div class=\"card-body position-relative z-index-9\">\r\n\t                    <div class=\"service-img\">\r\n\t                        \t\t                    \t<img decoding=\"async\" src=\"https:\/\/gridenergy.ma\/wp-content\/uploads\/2025\/04\/Projets-cles-en-main.svg\" alt=\"...\" title=\"...\" class=\"w-50px\">\r\n\t\t                    \t                    <\/div>\r\n\t                    \t\t                \t<h3 class=\"h4 mb-2\"><a href=\"https:\/\/gridenergy.ma\/service\/projets-de-renovation-modernisation-et-extension\/\">Projets de R\u00e9novation, Modernisation et Extension<\/a><\/h3>\r\n\t\t                \r\n\t                    \t\t                \t<p class=\"mb-1-9\">Gestion compl\u00e8te de projets \u00e9lectriques, de l\u2019\u00e9tude \u00e0 la mise en service finale op\u00e9rationnelle.<\/p>\r\n\t\t                \r\n\t\t                \t\t                \t<a href=\"https:\/\/gridenergy.ma\/service\/projets-de-renovation-modernisation-et-extension\/\" class=\"service-butn\">Voir Plus<i class=\"ti-arrow-right\"><\/i><\/a>\r\n\t\t                \r\n\t                <\/div>\r\n\t                \t\t            \t<div class=\"card-overlay\"><\/div>\t\t            \t            <\/div>\r\n\t        <\/div>\r\n\r\n        \r\n\t        <div class=\"col-lg-6 col-xl-4 mt-2-2 wow fadeInUp\" data-wow-delay=\"200ms\">\r\n\t            <div class=\"card card-style18 border-0\">\r\n\t                <div class=\"card-body position-relative z-index-9\">\r\n\t                    <div class=\"service-img\">\r\n\t                        \t\t                    \t<img decoding=\"async\" src=\"https:\/\/gridenergy.ma\/wp-content\/uploads\/2025\/04\/Renovation-et-Rebobinage-des-moteurs-electriques.svg\" alt=\"...\" title=\"...\" class=\"w-50px\">\r\n\t\t                    \t                    <\/div>\r\n\t                    \t\t                \t<h3 class=\"h4 mb-2\"><a href=\"https:\/\/gridenergy.ma\/service\/renovation-des-moteurs-et-transformateurs-electriques\/\">R\u00e9novation des moteurs et Transformateurs \u00e9lectriques<\/a><\/h3>\r\n\t\t                \r\n\t                    \t\t                \t<p class=\"mb-1-9\">R\u00e9paration, rebobinage et remise \u00e0 neuf de moteurs pour prolonger leur dur\u00e9e de vie industrielle.<\/p>\r\n\t\t                \r\n\t\t                \t\t                \t<a href=\"https:\/\/gridenergy.ma\/service\/renovation-des-moteurs-et-transformateurs-electriques\/\" class=\"service-butn\">En Savoir Plus<i class=\"ti-arrow-right\"><\/i><\/a>\r\n\t\t                \r\n\t                <\/div>\r\n\t                \t\t            \t<div class=\"card-overlay\"><\/div>\t\t            \t            <\/div>\r\n\t        <\/div>\r\n\r\n        \r\n    <\/div>\r\n        \r\n\t\t\t\t<\/div>\n\t\t\t\t<\/div>\n\t\t\t\t\t<\/div>\n\t\t<\/div>\n\t\t\t\t\t<\/div>\n\t\t<\/section>\n\t\t\t\t<\/div>\n\t\t","protected":false},"excerpt":{"rendered":"<p>Nos M\u00e9tiers Accueil Nos m\u00e9tiers Nos M\u00e9tiers Domaines d\u2019Expertise \u00c9lectrique Vente des produits Nous fournissons des \u00e9quipements fiables avec installation, essais et mise en service sur site s\u00e9curis\u00e9. En Savoir Plus Services et Expertise Inspection, entretien pr\u00e9ventif et interventions techniques assurant la s\u00e9curit\u00e9 des installations. Voir Plus Projets de R\u00e9novation, Modernisation et Extension Gestion compl\u00e8te [&hellip;]<\/p>\n","protected":false},"author":1,"featured_media":0,"parent":0,"menu_order":0,"comment_status":"closed","ping_status":"closed","template":"page-templates\/home.php","meta":{"footnotes":""},"class_list":["post-2887","page","type-page","status-publish","hentry"],"yoast_head":"<!-- This site is optimized with the Yoast SEO plugin v27.4 - https:\/\/yoast.com\/product\/yoast-seo-wordpress\/ -->\n<title>Nos m\u00e9tiers - Grid Energy Company<\/title>\n<meta name=\"robots\" content=\"index, follow, max-snippet:-1, max-image-preview:large, max-video-preview:-1\" \/>\n<link rel=\"canonical\" href=\"https:\/\/gridenergy.ma\/fr\/nos-metiers\/\" \/>\n<meta property=\"og:locale\" content=\"fr_FR\" \/>\n<meta property=\"og:type\" content=\"article\" \/>\n<meta property=\"og:title\" content=\"Nos m\u00e9tiers - Grid Energy Company\" \/>\n<meta property=\"og:description\" content=\"Nos M\u00e9tiers Accueil Nos m\u00e9tiers Nos M\u00e9tiers Domaines d\u2019Expertise \u00c9lectrique Vente des produits Nous fournissons des \u00e9quipements fiables avec installation, essais et mise en service sur site s\u00e9curis\u00e9. En Savoir Plus Services et Expertise Inspection, entretien pr\u00e9ventif et interventions techniques assurant la s\u00e9curit\u00e9 des installations. Voir Plus Projets de R\u00e9novation, Modernisation et Extension Gestion compl\u00e8te [&hellip;]\" \/>\n<meta property=\"og:url\" content=\"https:\/\/gridenergy.ma\/fr\/nos-metiers\/\" \/>\n<meta property=\"og:site_name\" content=\"Grid Energy Company\" \/>\n<meta property=\"article:modified_time\" content=\"2025-05-09T09:46:29+00:00\" \/>\n<meta property=\"og:image\" content=\"https:\/\/gridenergy.ma\/wp-content\/uploads\/2025\/04\/Commercialisation-des-produits.svg\" \/>\n<meta name=\"twitter:card\" content=\"summary_large_image\" \/>\n<meta name=\"twitter:label1\" content=\"Dur\u00e9e de lecture estim\u00e9e\" \/>\n\t<meta name=\"twitter:data1\" content=\"1 minute\" \/>\n<script type=\"application\/ld+json\" class=\"yoast-schema-graph\">{\"@context\":\"https:\\\/\\\/schema.org\",\"@graph\":[{\"@type\":\"WebPage\",\"@id\":\"https:\\\/\\\/gridenergy.ma\\\/nos-metiers\\\/\",\"url\":\"https:\\\/\\\/gridenergy.ma\\\/nos-metiers\\\/\",\"name\":\"Nos m\u00e9tiers - Grid Energy Company\",\"isPartOf\":{\"@id\":\"https:\\\/\\\/gridenergy.ma\\\/en\\\/#website\"},\"primaryImageOfPage\":{\"@id\":\"https:\\\/\\\/gridenergy.ma\\\/nos-metiers\\\/#primaryimage\"},\"image\":{\"@id\":\"https:\\\/\\\/gridenergy.ma\\\/nos-metiers\\\/#primaryimage\"},\"thumbnailUrl\":\"https:\\\/\\\/gridenergy.ma\\\/wp-content\\\/uploads\\\/2025\\\/04\\\/Commercialisation-des-produits.svg\",\"datePublished\":\"2021-03-15T05:06:51+00:00\",\"dateModified\":\"2025-05-09T09:46:29+00:00\",\"breadcrumb\":{\"@id\":\"https:\\\/\\\/gridenergy.ma\\\/nos-metiers\\\/#breadcrumb\"},\"inLanguage\":\"fr-FR\",\"potentialAction\":[{\"@type\":\"ReadAction\",\"target\":[\"https:\\\/\\\/gridenergy.ma\\\/nos-metiers\\\/\"]}]},{\"@type\":\"ImageObject\",\"inLanguage\":\"fr-FR\",\"@id\":\"https:\\\/\\\/gridenergy.ma\\\/nos-metiers\\\/#primaryimage\",\"url\":\"https:\\\/\\\/gridenergy.ma\\\/wp-content\\\/uploads\\\/2025\\\/04\\\/Commercialisation-des-produits.svg\",\"contentUrl\":\"https:\\\/\\\/gridenergy.ma\\\/wp-content\\\/uploads\\\/2025\\\/04\\\/Commercialisation-des-produits.svg\"},{\"@type\":\"BreadcrumbList\",\"@id\":\"https:\\\/\\\/gridenergy.ma\\\/nos-metiers\\\/#breadcrumb\",\"itemListElement\":[{\"@type\":\"ListItem\",\"position\":1,\"name\":\"Accueil\",\"item\":\"https:\\\/\\\/gridenergy.ma\\\/fr\\\/\"},{\"@type\":\"ListItem\",\"position\":2,\"name\":\"Nos m\u00e9tiers\"}]},{\"@type\":\"WebSite\",\"@id\":\"https:\\\/\\\/gridenergy.ma\\\/en\\\/#website\",\"url\":\"https:\\\/\\\/gridenergy.ma\\\/en\\\/\",\"name\":\"Grid Energy Company\",\"description\":\"Solutions \u00e9lectriques innovantes\",\"potentialAction\":[{\"@type\":\"SearchAction\",\"target\":{\"@type\":\"EntryPoint\",\"urlTemplate\":\"https:\\\/\\\/gridenergy.ma\\\/en\\\/?s={search_term_string}\"},\"query-input\":{\"@type\":\"PropertyValueSpecification\",\"valueRequired\":true,\"valueName\":\"search_term_string\"}}],\"inLanguage\":\"fr-FR\"}]}<\/script>\n<!-- \/ Yoast SEO plugin. -->","yoast_head_json":{"title":"Nos m\u00e9tiers - Grid Energy Company","robots":{"index":"index","follow":"follow","max-snippet":"max-snippet:-1","max-image-preview":"max-image-preview:large","max-video-preview":"max-video-preview:-1"},"canonical":"https:\/\/gridenergy.ma\/fr\/nos-metiers\/","og_locale":"fr_FR","og_type":"article","og_title":"Nos m\u00e9tiers - Grid Energy Company","og_description":"Nos M\u00e9tiers Accueil Nos m\u00e9tiers Nos M\u00e9tiers Domaines d\u2019Expertise \u00c9lectrique Vente des produits Nous fournissons des \u00e9quipements fiables avec installation, essais et mise en service sur site s\u00e9curis\u00e9. En Savoir Plus Services et Expertise Inspection, entretien pr\u00e9ventif et interventions techniques assurant la s\u00e9curit\u00e9 des installations. Voir Plus Projets de R\u00e9novation, Modernisation et Extension Gestion compl\u00e8te [&hellip;]","og_url":"https:\/\/gridenergy.ma\/fr\/nos-metiers\/","og_site_name":"Grid Energy Company","article_modified_time":"2025-05-09T09:46:29+00:00","og_image":[{"url":"https:\/\/gridenergy.ma\/wp-content\/uploads\/2025\/04\/Commercialisation-des-produits.svg","type":"","width":"","height":""}],"twitter_card":"summary_large_image","twitter_misc":{"Dur\u00e9e de lecture estim\u00e9e":"1 minute"},"schema":{"@context":"https:\/\/schema.org","@graph":[{"@type":"WebPage","@id":"https:\/\/gridenergy.ma\/nos-metiers\/","url":"https:\/\/gridenergy.ma\/nos-metiers\/","name":"Nos m\u00e9tiers - Grid Energy Company","isPartOf":{"@id":"https:\/\/gridenergy.ma\/en\/#website"},"primaryImageOfPage":{"@id":"https:\/\/gridenergy.ma\/nos-metiers\/#primaryimage"},"image":{"@id":"https:\/\/gridenergy.ma\/nos-metiers\/#primaryimage"},"thumbnailUrl":"https:\/\/gridenergy.ma\/wp-content\/uploads\/2025\/04\/Commercialisation-des-produits.svg","datePublished":"2021-03-15T05:06:51+00:00","dateModified":"2025-05-09T09:46:29+00:00","breadcrumb":{"@id":"https:\/\/gridenergy.ma\/nos-metiers\/#breadcrumb"},"inLanguage":"fr-FR","potentialAction":[{"@type":"ReadAction","target":["https:\/\/gridenergy.ma\/nos-metiers\/"]}]},{"@type":"ImageObject","inLanguage":"fr-FR","@id":"https:\/\/gridenergy.ma\/nos-metiers\/#primaryimage","url":"https:\/\/gridenergy.ma\/wp-content\/uploads\/2025\/04\/Commercialisation-des-produits.svg","contentUrl":"https:\/\/gridenergy.ma\/wp-content\/uploads\/2025\/04\/Commercialisation-des-produits.svg"},{"@type":"BreadcrumbList","@id":"https:\/\/gridenergy.ma\/nos-metiers\/#breadcrumb","itemListElement":[{"@type":"ListItem","position":1,"name":"Accueil","item":"https:\/\/gridenergy.ma\/fr\/"},{"@type":"ListItem","position":2,"name":"Nos m\u00e9tiers"}]},{"@type":"WebSite","@id":"https:\/\/gridenergy.ma\/en\/#website","url":"https:\/\/gridenergy.ma\/en\/","name":"Grid Energy Company","description":"Solutions \u00e9lectriques innovantes","potentialAction":[{"@type":"SearchAction","target":{"@type":"EntryPoint","urlTemplate":"https:\/\/gridenergy.ma\/en\/?s={search_term_string}"},"query-input":{"@type":"PropertyValueSpecification","valueRequired":true,"valueName":"search_term_string"}}],"inLanguage":"fr-FR"}]}},"_links":{"self":[{"href":"https:\/\/gridenergy.ma\/fr\/wp-json\/wp\/v2\/pages\/2887","targetHints":{"allow":["GET"]}}],"collection":[{"href":"https:\/\/gridenergy.ma\/fr\/wp-json\/wp\/v2\/pages"}],"about":[{"href":"https:\/\/gridenergy.ma\/fr\/wp-json\/wp\/v2\/types\/page"}],"author":[{"embeddable":true,"href":"https:\/\/gridenergy.ma\/fr\/wp-json\/wp\/v2\/users\/1"}],"replies":[{"embeddable":true,"href":"https:\/\/gridenergy.ma\/fr\/wp-json\/wp\/v2\/comments?post=2887"}],"version-history":[{"count":17,"href":"https:\/\/gridenergy.ma\/fr\/wp-json\/wp\/v2\/pages\/2887\/revisions"}],"predecessor-version":[{"id":15205,"href":"https:\/\/gridenergy.ma\/fr\/wp-json\/wp\/v2\/pages\/2887\/revisions\/15205"}],"wp:attachment":[{"href":"https:\/\/gridenergy.ma\/fr\/wp-json\/wp\/v2\/media?parent=2887"}],"curies":[{"name":"wp","href":"https:\/\/api.w.org\/{rel}","templated":true}]}}