{"id":15468,"date":"2025-05-12T11:13:23","date_gmt":"2025-05-12T11:13:23","guid":{"rendered":"https:\/\/gridenergy.ma\/?page_id=15468"},"modified":"2025-11-21T12:05:05","modified_gmt":"2025-11-21T12:05:05","slug":"evenements","status":"publish","type":"page","link":"https:\/\/gridenergy.ma\/fr\/evenements\/","title":{"rendered":"Ev\u00e9nements"},"content":{"rendered":"\t\t<div data-elementor-type=\"wp-page\" data-elementor-id=\"15468\" class=\"elementor elementor-15468\" data-elementor-post-type=\"page\">\n\t\t\t\t\t\t<section class=\"elementor-section elementor-top-section elementor-element elementor-element-cce65d8 page-title-section elementor-section-stretched elementor-section-boxed elementor-section-height-default elementor-section-height-default\" data-id=\"cce65d8\" data-element_type=\"section\" data-e-type=\"section\" data-settings=\"{&quot;background_background&quot;:&quot;classic&quot;,&quot;stretch_section&quot;:&quot;section-stretched&quot;,&quot;background_motion_fx_motion_fx_scrolling&quot;:&quot;yes&quot;,&quot;background_motion_fx_translateY_effect&quot;:&quot;yes&quot;,&quot;background_motion_fx_translateX_effect&quot;:&quot;yes&quot;,&quot;background_motion_fx_scale_effect&quot;:&quot;yes&quot;,&quot;background_motion_fx_translateY_speed&quot;:{&quot;unit&quot;:&quot;px&quot;,&quot;size&quot;:4,&quot;sizes&quot;:[]},&quot;background_motion_fx_translateY_affectedRange&quot;:{&quot;unit&quot;:&quot;%&quot;,&quot;size&quot;:&quot;&quot;,&quot;sizes&quot;:{&quot;start&quot;:0,&quot;end&quot;:100}},&quot;background_motion_fx_translateX_speed&quot;:{&quot;unit&quot;:&quot;px&quot;,&quot;size&quot;:4,&quot;sizes&quot;:[]},&quot;background_motion_fx_translateX_affectedRange&quot;:{&quot;unit&quot;:&quot;%&quot;,&quot;size&quot;:&quot;&quot;,&quot;sizes&quot;:{&quot;start&quot;:0,&quot;end&quot;:100}},&quot;background_motion_fx_scale_direction&quot;:&quot;out-in&quot;,&quot;background_motion_fx_scale_speed&quot;:{&quot;unit&quot;:&quot;px&quot;,&quot;size&quot;:4,&quot;sizes&quot;:[]},&quot;background_motion_fx_scale_range&quot;:{&quot;unit&quot;:&quot;%&quot;,&quot;size&quot;:&quot;&quot;,&quot;sizes&quot;:{&quot;start&quot;:20,&quot;end&quot;:80}},&quot;background_motion_fx_devices&quot;:[&quot;desktop&quot;,&quot;tablet&quot;,&quot;mobile&quot;]}\">\n\t\t\t\t\t\t\t<div class=\"elementor-background-overlay\"><\/div>\n\t\t\t\t\t\t\t<div class=\"elementor-container elementor-column-gap-extended\">\n\t\t\t\t\t<div class=\"elementor-column elementor-col-100 elementor-top-column elementor-element elementor-element-0f31614\" data-id=\"0f31614\" data-element_type=\"column\" data-e-type=\"column\">\n\t\t\t<div class=\"elementor-widget-wrap elementor-element-populated\">\n\t\t\t\t\t\t<div class=\"elementor-element elementor-element-5138016 mb-0 elementor-widget elementor-widget-text-editor\" data-id=\"5138016\" data-element_type=\"widget\" data-e-type=\"widget\" data-widget_type=\"text-editor.default\">\n\t\t\t\t<div class=\"elementor-widget-container\">\n\t\t\t\t\t\t\t\t\t<h1>Ev\u00e9nements<\/h1>\t\t\t\t\t\t\t\t<\/div>\n\t\t\t\t<\/div>\n\t\t\t\t<div class=\"elementor-element elementor-element-b8b7d27 mb-0 elementor-widget elementor-widget-text-editor\" data-id=\"b8b7d27\" data-element_type=\"widget\" data-e-type=\"widget\" data-widget_type=\"text-editor.default\">\n\t\t\t\t<div class=\"elementor-widget-container\">\n\t\t\t\t\t\t\t\t\t<ul><li><a href=\"https:\/\/gridenergy.ma\/\">Accueil<\/a><\/li><li>Ev\u00e9nements<\/li><\/ul>\t\t\t\t\t\t\t\t<\/div>\n\t\t\t\t<\/div>\n\t\t\t\t\t<\/div>\n\t\t<\/div>\n\t\t\t\t\t<\/div>\n\t\t<\/section>\n\t\t\t\t<section class=\"elementor-section elementor-top-section elementor-element elementor-element-1528ef7 elementor-section-stretched about-3 elementor-section-boxed elementor-section-height-default elementor-section-height-default\" data-id=\"1528ef7\" data-element_type=\"section\" data-e-type=\"section\" data-settings=\"{&quot;stretch_section&quot;:&quot;section-stretched&quot;}\">\n\t\t\t\t\t\t<div class=\"elementor-container elementor-column-gap-extended\">\n\t\t\t\t\t<div class=\"elementor-column elementor-col-100 elementor-top-column elementor-element elementor-element-708c372\" data-id=\"708c372\" data-element_type=\"column\" data-e-type=\"column\">\n\t\t\t<div class=\"elementor-widget-wrap elementor-element-populated\">\n\t\t\t\t\t\t<div class=\"elementor-element elementor-element-c4201cc elementor-grid-eael-col-2 elementor-grid-tablet-eael-col-2 elementor-grid-mobile-eael-col-1 elementor-widget elementor-widget-eael-post-grid\" data-id=\"c4201cc\" data-element_type=\"widget\" data-e-type=\"widget\" data-settings=\"{&quot;eael_post_grid_columns&quot;:&quot;eael-col-2&quot;,&quot;eael_post_grid_columns_tablet&quot;:&quot;eael-col-2&quot;,&quot;eael_post_grid_columns_mobile&quot;:&quot;eael-col-1&quot;}\" data-widget_type=\"eael-post-grid.default\">\n\t\t\t\t<div class=\"elementor-widget-container\">\n\t\t\t\t\t<div id=\"eael-post-grid-c4201cc\" class=\"eael-post-grid-container\">\n            <div class=\"eael-post-grid eael-post-appender eael-post-appender-c4201cc eael-post-grid-style-one\" data-layout-mode=\"masonry\"><article class=\"eael-grid-post  eael-post-grid-column eael-pg-post-15934 category-evenements\" data-id=\"15934\">\n        <div class=\"eael-grid-post-holder\">\n            <div class=\"eael-grid-post-holder-inner\"><div class=\"eael-entry-media\"><div class=\"eael-entry-overlay fade-in\"><i class=\"fas fa-long-arrow-alt-right\" aria-hidden=\"true\"><\/i><a href=\"https:\/\/gridenergy.ma\/fr\/tournee-de-seminaire-cmc-500-casablanca-marrakech\/\"><\/a><\/div><div class=\"eael-entry-thumbnail \">\n                <img fetchpriority=\"high\" decoding=\"async\" width=\"300\" height=\"169\" src=\"https:\/\/gridenergy.ma\/wp-content\/uploads\/2025\/05\/Work-From-Home-Freelance-Blog-Banner-1-300x169.png\" class=\"attachment-medium size-medium wp-image-15935\" alt=\"\" srcset=\"https:\/\/gridenergy.ma\/wp-content\/uploads\/2025\/05\/Work-From-Home-Freelance-Blog-Banner-1-300x169.png 300w, https:\/\/gridenergy.ma\/wp-content\/uploads\/2025\/05\/Work-From-Home-Freelance-Blog-Banner-1-1024x576.png 1024w, https:\/\/gridenergy.ma\/wp-content\/uploads\/2025\/05\/Work-From-Home-Freelance-Blog-Banner-1-768x432.png 768w, https:\/\/gridenergy.ma\/wp-content\/uploads\/2025\/05\/Work-From-Home-Freelance-Blog-Banner-1-1536x864.png 1536w, https:\/\/gridenergy.ma\/wp-content\/uploads\/2025\/05\/Work-From-Home-Freelance-Blog-Banner-1-2048x1152.png 2048w, https:\/\/gridenergy.ma\/wp-content\/uploads\/2025\/05\/Work-From-Home-Freelance-Blog-Banner-1-18x10.png 18w\" sizes=\"(max-width: 300px) 100vw, 300px\" \/>\n            <\/div>\n        <\/div><div class=\"eael-entry-wrapper\"><header class=\"eael-entry-header\"><h2 class=\"eael-entry-title\"><a class=\"eael-grid-post-link\" href=\"https:\/\/gridenergy.ma\/fr\/tournee-de-seminaire-cmc-500-casablanca-marrakech\/\" title=\"Tourn\u00e9e de s\u00e9minaire CMC 500 -Casablanca &#038; Marrakech\">Tourn\u00e9e de s\u00e9minaire CMC 500 -Casablanca &#038; Marrakech<\/a><\/h2><\/header><div class=\"eael-entry-content\">\n                        <div class=\"eael-grid-post-excerpt\"><p>CMC 500 Tour : Grid Energy Company propulse l\u2019expertise OMICRON...<\/p><a href=\"https:\/\/gridenergy.ma\/fr\/tournee-de-seminaire-cmc-500-casablanca-marrakech\/\" class=\"eael-post-elements-readmore-btn\">Voir plus<\/a><\/div>\n                    <\/div><div class=\"eael-entry-footer\"><div class=\"eael-entry-meta\"><span class=\"eael-posted-on\"><time datetime=\"mai 27, 2025\">mai 27, 2025<\/time><\/span><\/div><\/div><\/div><\/div>\n        <\/div>\n    <\/article><article class=\"eael-grid-post  eael-post-grid-column eael-pg-post-15617 category-evenements\" data-id=\"15617\">\n        <div class=\"eael-grid-post-holder\">\n            <div class=\"eael-grid-post-holder-inner\"><div class=\"eael-entry-media\"><div class=\"eael-entry-overlay fade-in\"><i class=\"fas fa-long-arrow-alt-right\" aria-hidden=\"true\"><\/i><a href=\"https:\/\/gridenergy.ma\/fr\/gec-a-lelec-expo-2024-linnovation-electrique-au-rendez-vous\/\"><\/a><\/div><div class=\"eael-entry-thumbnail \">\n                <img decoding=\"async\" width=\"300\" height=\"200\" src=\"https:\/\/gridenergy.ma\/wp-content\/uploads\/2025\/05\/ZAK_1273-1-300x200.jpg\" class=\"attachment-medium size-medium wp-image-15619\" alt=\"\" srcset=\"https:\/\/gridenergy.ma\/wp-content\/uploads\/2025\/05\/ZAK_1273-1-300x200.jpg 300w, https:\/\/gridenergy.ma\/wp-content\/uploads\/2025\/05\/ZAK_1273-1-1024x682.jpg 1024w, https:\/\/gridenergy.ma\/wp-content\/uploads\/2025\/05\/ZAK_1273-1-768x511.jpg 768w, https:\/\/gridenergy.ma\/wp-content\/uploads\/2025\/05\/ZAK_1273-1-1536x1022.jpg 1536w, https:\/\/gridenergy.ma\/wp-content\/uploads\/2025\/05\/ZAK_1273-1-2048x1363.jpg 2048w, https:\/\/gridenergy.ma\/wp-content\/uploads\/2025\/05\/ZAK_1273-1-18x12.jpg 18w\" sizes=\"(max-width: 300px) 100vw, 300px\" \/>\n            <\/div>\n        <\/div><div class=\"eael-entry-wrapper\"><header class=\"eael-entry-header\"><h2 class=\"eael-entry-title\"><a class=\"eael-grid-post-link\" href=\"https:\/\/gridenergy.ma\/fr\/gec-a-lelec-expo-2024-linnovation-electrique-au-rendez-vous\/\" title=\"GEC \u00e0 l\u2019\u00c9lec Expo 2024 \u2013 L\u2019innovation \u00e9lectrique au rendez-vous\">GEC \u00e0 l\u2019\u00c9lec Expo 2024 \u2013 L\u2019innovation \u00e9lectrique au rendez-vous<\/a><\/h2><\/header><div class=\"eael-entry-content\">\n                        <div class=\"eael-grid-post-excerpt\"><p>Pr\u00e9sente pour la premi\u00e8re fois \u00e0 l\u2019\u00c9lec Expo 2024, GEC...<\/p><a href=\"https:\/\/gridenergy.ma\/fr\/gec-a-lelec-expo-2024-linnovation-electrique-au-rendez-vous\/\" class=\"eael-post-elements-readmore-btn\">Voir plus<\/a><\/div>\n                    <\/div><div class=\"eael-entry-footer\"><div class=\"eael-entry-meta\"><span class=\"eael-posted-on\"><time datetime=\"mai 13, 2025\">mai 13, 2025<\/time><\/span><\/div><\/div><\/div><\/div>\n        <\/div>\n    <\/article><article class=\"eael-grid-post  eael-post-grid-column eael-pg-post-15597 category-evenements\" data-id=\"15597\">\n        <div class=\"eael-grid-post-holder\">\n            <div class=\"eael-grid-post-holder-inner\"><div class=\"eael-entry-media\"><div class=\"eael-entry-overlay fade-in\"><i class=\"fas fa-long-arrow-alt-right\" aria-hidden=\"true\"><\/i><a href=\"https:\/\/gridenergy.ma\/fr\/participation-aux-journees-electrodays-de-lensa-khouribga\/\"><\/a><\/div><div class=\"eael-entry-thumbnail \">\n                <img decoding=\"async\" width=\"300\" height=\"200\" src=\"https:\/\/gridenergy.ma\/wp-content\/uploads\/2025\/05\/IMG_8386-300x200.jpg\" class=\"attachment-medium size-medium wp-image-15595\" alt=\"\" srcset=\"https:\/\/gridenergy.ma\/wp-content\/uploads\/2025\/05\/IMG_8386-300x200.jpg 300w, https:\/\/gridenergy.ma\/wp-content\/uploads\/2025\/05\/IMG_8386-1024x683.jpg 1024w, https:\/\/gridenergy.ma\/wp-content\/uploads\/2025\/05\/IMG_8386-768x512.jpg 768w, https:\/\/gridenergy.ma\/wp-content\/uploads\/2025\/05\/IMG_8386-1536x1024.jpg 1536w, https:\/\/gridenergy.ma\/wp-content\/uploads\/2025\/05\/IMG_8386-2048x1365.jpg 2048w, https:\/\/gridenergy.ma\/wp-content\/uploads\/2025\/05\/IMG_8386-18x12.jpg 18w\" sizes=\"(max-width: 300px) 100vw, 300px\" \/>\n            <\/div>\n        <\/div><div class=\"eael-entry-wrapper\"><header class=\"eael-entry-header\"><h2 class=\"eael-entry-title\"><a class=\"eael-grid-post-link\" href=\"https:\/\/gridenergy.ma\/fr\/participation-aux-journees-electrodays-de-lensa-khouribga\/\" title=\"Participation aux journ\u00e9es Electrodays de L&#8217;ENSA Khouribga\">Participation aux journ\u00e9es Electrodays de L&#8217;ENSA Khouribga<\/a><\/h2><\/header><div class=\"eael-entry-content\">\n                        <div class=\"eael-grid-post-excerpt\"><p>GEC affirme son engagement social en rapprochant l\u2019industrie du monde...<\/p><a href=\"https:\/\/gridenergy.ma\/fr\/participation-aux-journees-electrodays-de-lensa-khouribga\/\" class=\"eael-post-elements-readmore-btn\">Voir plus<\/a><\/div>\n                    <\/div><div class=\"eael-entry-footer\"><div class=\"eael-entry-meta\"><span class=\"eael-posted-on\"><time datetime=\"mai 13, 2025\">mai 13, 2025<\/time><\/span><\/div><\/div><\/div><\/div>\n        <\/div>\n    <\/article><article class=\"eael-grid-post  eael-post-grid-column eael-pg-post-15516 category-evenements\" data-id=\"15516\">\n        <div class=\"eael-grid-post-holder\">\n            <div class=\"eael-grid-post-holder-inner\"><div class=\"eael-entry-media\"><div class=\"eael-entry-overlay fade-in\"><i class=\"fas fa-long-arrow-alt-right\" aria-hidden=\"true\"><\/i><a href=\"https:\/\/gridenergy.ma\/fr\/solutions-sel-pour-la-gestion-et-lautomatisation-des-reseaux-electriques-journee-technique-gec\/\"><\/a><\/div><div class=\"eael-entry-thumbnail \">\n                <img loading=\"lazy\" decoding=\"async\" width=\"300\" height=\"200\" src=\"https:\/\/gridenergy.ma\/wp-content\/uploads\/2025\/05\/DSC01031-300x200.jpg\" class=\"attachment-medium size-medium wp-image-16589\" alt=\"\" srcset=\"https:\/\/gridenergy.ma\/wp-content\/uploads\/2025\/05\/DSC01031-300x200.jpg 300w, https:\/\/gridenergy.ma\/wp-content\/uploads\/2025\/05\/DSC01031-1024x683.jpg 1024w, https:\/\/gridenergy.ma\/wp-content\/uploads\/2025\/05\/DSC01031-768x512.jpg 768w, https:\/\/gridenergy.ma\/wp-content\/uploads\/2025\/05\/DSC01031-1536x1024.jpg 1536w, https:\/\/gridenergy.ma\/wp-content\/uploads\/2025\/05\/DSC01031-2048x1365.jpg 2048w, https:\/\/gridenergy.ma\/wp-content\/uploads\/2025\/05\/DSC01031-18x12.jpg 18w\" sizes=\"(max-width: 300px) 100vw, 300px\" \/>\n            <\/div>\n        <\/div><div class=\"eael-entry-wrapper\"><header class=\"eael-entry-header\"><h2 class=\"eael-entry-title\"><a class=\"eael-grid-post-link\" href=\"https:\/\/gridenergy.ma\/fr\/solutions-sel-pour-la-gestion-et-lautomatisation-des-reseaux-electriques-journee-technique-gec\/\" title=\"S\u00e9minaire Journ\u00e9e Technique SEL &#038; GEC: Protection et Automatiation\">S\u00e9minaire Journ\u00e9e Technique SEL &#038; GEC: Protection et Automatiation<\/a><\/h2><\/header><div class=\"eael-entry-content\">\n                        <div class=\"eael-grid-post-excerpt\"><p>Une Journ\u00e9e Technique riche en \u00e9change technique et rencontres fructifiantes...<\/p><a href=\"https:\/\/gridenergy.ma\/fr\/solutions-sel-pour-la-gestion-et-lautomatisation-des-reseaux-electriques-journee-technique-gec\/\" class=\"eael-post-elements-readmore-btn\">Voir plus<\/a><\/div>\n                    <\/div><div class=\"eael-entry-footer\"><div class=\"eael-entry-meta\"><span class=\"eael-posted-on\"><time datetime=\"mai 12, 2025\">mai 12, 2025<\/time><\/span><\/div><\/div><\/div><\/div>\n        <\/div>\n    <\/article><\/div>\n            <div class=\"clearfix\"><\/div>\n        <\/div>\t\t\t\t<\/div>\n\t\t\t\t<\/div>\n\t\t\t\t\t<\/div>\n\t\t<\/div>\n\t\t\t\t\t<\/div>\n\t\t<\/section>\n\t\t\t\t<\/div>\n\t\t","protected":false},"excerpt":{"rendered":"<p>Ev\u00e9nements Accueil Ev\u00e9nements Tourn\u00e9e de s\u00e9minaire CMC 500 -Casablanca &#038; Marrakech CMC 500 Tour : Grid Energy Company propulse l\u2019expertise OMICRON&#8230; Voir plus mai 27, 2025 GEC \u00e0 l\u2019\u00c9lec Expo 2024 \u2013 L\u2019innovation \u00e9lectrique au rendez-vous Pr\u00e9sente pour la premi\u00e8re fois \u00e0 l\u2019\u00c9lec Expo 2024, GEC&#8230; Voir plus mai 13, 2025 Participation aux journ\u00e9es Electrodays [&hellip;]<\/p>\n","protected":false},"author":1,"featured_media":0,"parent":0,"menu_order":0,"comment_status":"closed","ping_status":"closed","template":"page-templates\/home.php","meta":{"footnotes":""},"class_list":["post-15468","page","type-page","status-publish","hentry"],"yoast_head":"<!-- This site is optimized with the Yoast SEO plugin v27.5 - https:\/\/yoast.com\/product\/yoast-seo-wordpress\/ -->\n<title>Ev\u00e9nements - Grid Energy Company<\/title>\n<meta name=\"robots\" content=\"index, follow, max-snippet:-1, max-image-preview:large, max-video-preview:-1\" \/>\n<link rel=\"canonical\" href=\"https:\/\/gridenergy.ma\/fr\/evenements\/\" \/>\n<meta property=\"og:locale\" content=\"fr_FR\" \/>\n<meta property=\"og:type\" content=\"article\" \/>\n<meta property=\"og:title\" content=\"Ev\u00e9nements - Grid Energy Company\" \/>\n<meta property=\"og:description\" content=\"Ev\u00e9nements Accueil Ev\u00e9nements Tourn\u00e9e de s\u00e9minaire CMC 500 -Casablanca &#038; Marrakech CMC 500 Tour : Grid Energy Company propulse l\u2019expertise OMICRON&#8230; Voir plus mai 27, 2025 GEC \u00e0 l\u2019\u00c9lec Expo 2024 \u2013 L\u2019innovation \u00e9lectrique au rendez-vous Pr\u00e9sente pour la premi\u00e8re fois \u00e0 l\u2019\u00c9lec Expo 2024, GEC&#8230; Voir plus mai 13, 2025 Participation aux journ\u00e9es Electrodays [&hellip;]\" \/>\n<meta property=\"og:url\" content=\"https:\/\/gridenergy.ma\/fr\/evenements\/\" \/>\n<meta property=\"og:site_name\" content=\"Grid Energy Company\" \/>\n<meta property=\"article:modified_time\" content=\"2025-11-21T12:05:05+00:00\" \/>\n<meta property=\"og:image\" content=\"https:\/\/gridenergy.ma\/wp-content\/uploads\/2025\/05\/Work-From-Home-Freelance-Blog-Banner-1-300x169.png\" \/>\n<meta name=\"twitter:card\" content=\"summary_large_image\" \/>\n<script type=\"application\/ld+json\" class=\"yoast-schema-graph\">{\"@context\":\"https:\\\/\\\/schema.org\",\"@graph\":[{\"@type\":\"WebPage\",\"@id\":\"https:\\\/\\\/gridenergy.ma\\\/en\\\/evenements\\\/\",\"url\":\"https:\\\/\\\/gridenergy.ma\\\/en\\\/evenements\\\/\",\"name\":\"Ev\u00e9nements - Grid Energy Company\",\"isPartOf\":{\"@id\":\"https:\\\/\\\/gridenergy.ma\\\/en\\\/#website\"},\"primaryImageOfPage\":{\"@id\":\"https:\\\/\\\/gridenergy.ma\\\/en\\\/evenements\\\/#primaryimage\"},\"image\":{\"@id\":\"https:\\\/\\\/gridenergy.ma\\\/en\\\/evenements\\\/#primaryimage\"},\"thumbnailUrl\":\"https:\\\/\\\/gridenergy.ma\\\/wp-content\\\/uploads\\\/2025\\\/05\\\/Work-From-Home-Freelance-Blog-Banner-1-300x169.png\",\"datePublished\":\"2025-05-12T11:13:23+00:00\",\"dateModified\":\"2025-11-21T12:05:05+00:00\",\"breadcrumb\":{\"@id\":\"https:\\\/\\\/gridenergy.ma\\\/en\\\/evenements\\\/#breadcrumb\"},\"inLanguage\":\"fr-FR\",\"potentialAction\":[{\"@type\":\"ReadAction\",\"target\":[\"https:\\\/\\\/gridenergy.ma\\\/en\\\/evenements\\\/\"]}]},{\"@type\":\"ImageObject\",\"inLanguage\":\"fr-FR\",\"@id\":\"https:\\\/\\\/gridenergy.ma\\\/en\\\/evenements\\\/#primaryimage\",\"url\":\"https:\\\/\\\/gridenergy.ma\\\/wp-content\\\/uploads\\\/2025\\\/05\\\/Work-From-Home-Freelance-Blog-Banner-1-300x169.png\",\"contentUrl\":\"https:\\\/\\\/gridenergy.ma\\\/wp-content\\\/uploads\\\/2025\\\/05\\\/Work-From-Home-Freelance-Blog-Banner-1-300x169.png\"},{\"@type\":\"BreadcrumbList\",\"@id\":\"https:\\\/\\\/gridenergy.ma\\\/en\\\/evenements\\\/#breadcrumb\",\"itemListElement\":[{\"@type\":\"ListItem\",\"position\":1,\"name\":\"Accueil\",\"item\":\"https:\\\/\\\/gridenergy.ma\\\/fr\\\/\"},{\"@type\":\"ListItem\",\"position\":2,\"name\":\"Ev\u00e9nements\"}]},{\"@type\":\"WebSite\",\"@id\":\"https:\\\/\\\/gridenergy.ma\\\/en\\\/#website\",\"url\":\"https:\\\/\\\/gridenergy.ma\\\/en\\\/\",\"name\":\"Grid Energy Company\",\"description\":\"Solutions \u00e9lectriques innovantes\",\"potentialAction\":[{\"@type\":\"SearchAction\",\"target\":{\"@type\":\"EntryPoint\",\"urlTemplate\":\"https:\\\/\\\/gridenergy.ma\\\/en\\\/?s={search_term_string}\"},\"query-input\":{\"@type\":\"PropertyValueSpecification\",\"valueRequired\":true,\"valueName\":\"search_term_string\"}}],\"inLanguage\":\"fr-FR\"}]}<\/script>\n<!-- \/ Yoast SEO plugin. -->","yoast_head_json":{"title":"Ev\u00e9nements - Grid Energy Company","robots":{"index":"index","follow":"follow","max-snippet":"max-snippet:-1","max-image-preview":"max-image-preview:large","max-video-preview":"max-video-preview:-1"},"canonical":"https:\/\/gridenergy.ma\/fr\/evenements\/","og_locale":"fr_FR","og_type":"article","og_title":"Ev\u00e9nements - Grid Energy Company","og_description":"Ev\u00e9nements Accueil Ev\u00e9nements Tourn\u00e9e de s\u00e9minaire CMC 500 -Casablanca &#038; Marrakech CMC 500 Tour : Grid Energy Company propulse l\u2019expertise OMICRON&#8230; Voir plus mai 27, 2025 GEC \u00e0 l\u2019\u00c9lec Expo 2024 \u2013 L\u2019innovation \u00e9lectrique au rendez-vous Pr\u00e9sente pour la premi\u00e8re fois \u00e0 l\u2019\u00c9lec Expo 2024, GEC&#8230; Voir plus mai 13, 2025 Participation aux journ\u00e9es Electrodays [&hellip;]","og_url":"https:\/\/gridenergy.ma\/fr\/evenements\/","og_site_name":"Grid Energy Company","article_modified_time":"2025-11-21T12:05:05+00:00","og_image":[{"url":"https:\/\/gridenergy.ma\/wp-content\/uploads\/2025\/05\/Work-From-Home-Freelance-Blog-Banner-1-300x169.png","type":"","width":"","height":""}],"twitter_card":"summary_large_image","schema":{"@context":"https:\/\/schema.org","@graph":[{"@type":"WebPage","@id":"https:\/\/gridenergy.ma\/en\/evenements\/","url":"https:\/\/gridenergy.ma\/en\/evenements\/","name":"Ev\u00e9nements - Grid Energy Company","isPartOf":{"@id":"https:\/\/gridenergy.ma\/en\/#website"},"primaryImageOfPage":{"@id":"https:\/\/gridenergy.ma\/en\/evenements\/#primaryimage"},"image":{"@id":"https:\/\/gridenergy.ma\/en\/evenements\/#primaryimage"},"thumbnailUrl":"https:\/\/gridenergy.ma\/wp-content\/uploads\/2025\/05\/Work-From-Home-Freelance-Blog-Banner-1-300x169.png","datePublished":"2025-05-12T11:13:23+00:00","dateModified":"2025-11-21T12:05:05+00:00","breadcrumb":{"@id":"https:\/\/gridenergy.ma\/en\/evenements\/#breadcrumb"},"inLanguage":"fr-FR","potentialAction":[{"@type":"ReadAction","target":["https:\/\/gridenergy.ma\/en\/evenements\/"]}]},{"@type":"ImageObject","inLanguage":"fr-FR","@id":"https:\/\/gridenergy.ma\/en\/evenements\/#primaryimage","url":"https:\/\/gridenergy.ma\/wp-content\/uploads\/2025\/05\/Work-From-Home-Freelance-Blog-Banner-1-300x169.png","contentUrl":"https:\/\/gridenergy.ma\/wp-content\/uploads\/2025\/05\/Work-From-Home-Freelance-Blog-Banner-1-300x169.png"},{"@type":"BreadcrumbList","@id":"https:\/\/gridenergy.ma\/en\/evenements\/#breadcrumb","itemListElement":[{"@type":"ListItem","position":1,"name":"Accueil","item":"https:\/\/gridenergy.ma\/fr\/"},{"@type":"ListItem","position":2,"name":"Ev\u00e9nements"}]},{"@type":"WebSite","@id":"https:\/\/gridenergy.ma\/en\/#website","url":"https:\/\/gridenergy.ma\/en\/","name":"Grid Energy Company","description":"Solutions \u00e9lectriques innovantes","potentialAction":[{"@type":"SearchAction","target":{"@type":"EntryPoint","urlTemplate":"https:\/\/gridenergy.ma\/en\/?s={search_term_string}"},"query-input":{"@type":"PropertyValueSpecification","valueRequired":true,"valueName":"search_term_string"}}],"inLanguage":"fr-FR"}]}},"_links":{"self":[{"href":"https:\/\/gridenergy.ma\/fr\/wp-json\/wp\/v2\/pages\/15468","targetHints":{"allow":["GET"]}}],"collection":[{"href":"https:\/\/gridenergy.ma\/fr\/wp-json\/wp\/v2\/pages"}],"about":[{"href":"https:\/\/gridenergy.ma\/fr\/wp-json\/wp\/v2\/types\/page"}],"author":[{"embeddable":true,"href":"https:\/\/gridenergy.ma\/fr\/wp-json\/wp\/v2\/users\/1"}],"replies":[{"embeddable":true,"href":"https:\/\/gridenergy.ma\/fr\/wp-json\/wp\/v2\/comments?post=15468"}],"version-history":[{"count":7,"href":"https:\/\/gridenergy.ma\/fr\/wp-json\/wp\/v2\/pages\/15468\/revisions"}],"predecessor-version":[{"id":16263,"href":"https:\/\/gridenergy.ma\/fr\/wp-json\/wp\/v2\/pages\/15468\/revisions\/16263"}],"wp:attachment":[{"href":"https:\/\/gridenergy.ma\/fr\/wp-json\/wp\/v2\/media?parent=15468"}],"curies":[{"name":"wp","href":"https:\/\/api.w.org\/{rel}","templated":true}]}}