{"id":14788,"date":"2025-04-29T15:08:06","date_gmt":"2025-04-29T15:08:06","guid":{"rendered":"https:\/\/gridenergy.ma\/?page_id=14788"},"modified":"2025-04-29T15:26:20","modified_gmt":"2025-04-29T15:26:20","slug":"marque-midsun-cg-power","status":"publish","type":"page","link":"https:\/\/gridenergy.ma\/fr\/marque-midsun-cg-power\/","title":{"rendered":"CG POWER"},"content":{"rendered":"\t\t<div data-elementor-type=\"wp-page\" data-elementor-id=\"14788\" class=\"elementor elementor-14788\" data-elementor-post-type=\"page\">\n\t\t\t\t\t\t<section class=\"elementor-section elementor-top-section elementor-element elementor-element-0d8d88c page-title-section elementor-section-stretched elementor-section-boxed elementor-section-height-default elementor-section-height-default\" data-id=\"0d8d88c\" data-element_type=\"section\" data-e-type=\"section\" data-settings=\"{&quot;background_background&quot;:&quot;classic&quot;,&quot;stretch_section&quot;:&quot;section-stretched&quot;}\">\n\t\t\t\t\t\t\t<div class=\"elementor-background-overlay\"><\/div>\n\t\t\t\t\t\t\t<div class=\"elementor-container elementor-column-gap-extended\">\n\t\t\t\t\t<div class=\"elementor-column elementor-col-100 elementor-top-column elementor-element elementor-element-f0e7536\" data-id=\"f0e7536\" data-element_type=\"column\" data-e-type=\"column\">\n\t\t\t<div class=\"elementor-widget-wrap elementor-element-populated\">\n\t\t\t\t\t\t<div class=\"elementor-element elementor-element-fe62040 mb-0 elementor-widget elementor-widget-text-editor\" data-id=\"fe62040\" data-element_type=\"widget\" data-e-type=\"widget\" data-widget_type=\"text-editor.default\">\n\t\t\t\t<div class=\"elementor-widget-container\">\n\t\t\t\t\t\t\t\t\t<h1 class=\"mb-lg-0\">CG POWER<\/h1>\t\t\t\t\t\t\t\t<\/div>\n\t\t\t\t<\/div>\n\t\t\t\t<div class=\"elementor-element elementor-element-8fd4710 mb-0 elementor-widget elementor-widget-text-editor\" data-id=\"8fd4710\" data-element_type=\"widget\" data-e-type=\"widget\" data-widget_type=\"text-editor.default\">\n\t\t\t\t<div class=\"elementor-widget-container\">\n\t\t\t\t\t\t\t\t\t<ul>\n \t<li><a href=\"https:\/\/gridenergy.ma\/\">Accueil<\/a><\/li>\n \t<li>\n<div><b><span lang=\"FR-MA\">CG POWER<\/span><\/b><\/div><\/li>\n<\/ul>\t\t\t\t\t\t\t\t<\/div>\n\t\t\t\t<\/div>\n\t\t\t\t\t<\/div>\n\t\t<\/div>\n\t\t\t\t\t<\/div>\n\t\t<\/section>\n\t\t<div class=\"elementor-element elementor-element-e095146 e-flex e-con-boxed e-con e-parent\" data-id=\"e095146\" data-element_type=\"container\" data-e-type=\"container\">\n\t\t\t\t\t<div class=\"e-con-inner\">\n\t\t<div class=\"elementor-element elementor-element-6a18fef e-con-full e-flex e-con e-child\" data-id=\"6a18fef\" data-element_type=\"container\" data-e-type=\"container\">\n\t\t\t\t<div class=\"elementor-element elementor-element-bec261d elementor-widget__width-initial elementor-widget elementor-widget-image\" data-id=\"bec261d\" data-element_type=\"widget\" data-e-type=\"widget\" data-widget_type=\"image.default\">\n\t\t\t\t<div class=\"elementor-widget-container\">\n\t\t\t\t\t\t\t\t\t\t\t\t\t\t\t<img fetchpriority=\"high\" decoding=\"async\" width=\"551\" height=\"351\" src=\"https:\/\/gridenergy.ma\/wp-content\/uploads\/2022\/01\/Equipement-MT-au-Maroc-GED.png\" class=\"attachment-large size-large wp-image-13661\" alt=\"\" srcset=\"https:\/\/gridenergy.ma\/wp-content\/uploads\/2022\/01\/Equipement-MT-au-Maroc-GED.png 551w, https:\/\/gridenergy.ma\/wp-content\/uploads\/2022\/01\/Equipement-MT-au-Maroc-GED-300x191.png 300w\" sizes=\"(max-width: 551px) 100vw, 551px\" \/>\t\t\t\t\t\t\t\t\t\t\t\t\t\t\t<\/div>\n\t\t\t\t<\/div>\n\t\t\t\t<\/div>\n\t\t<div class=\"elementor-element elementor-element-30ba4f3 e-con-full e-flex e-con e-child\" data-id=\"30ba4f3\" data-element_type=\"container\" data-e-type=\"container\">\n\t\t\t\t<div class=\"elementor-element elementor-element-78e8fcd elementor-widget elementor-widget-heading\" data-id=\"78e8fcd\" data-element_type=\"widget\" data-e-type=\"widget\" data-widget_type=\"heading.default\">\n\t\t\t\t<div class=\"elementor-widget-container\">\n\t\t\t\t\t<h2 class=\"elementor-heading-title elementor-size-default\"><a href=\"https:\/\/midsungroup.com\/midsun-hvic\/\">Rev\u00eatement Midsun HVIC RTV <\/a><\/h2>\t\t\t\t<\/div>\n\t\t\t\t<\/div>\n\t\t\t\t<div class=\"elementor-element elementor-element-aad65be elementor-widget elementor-widget-heading\" data-id=\"aad65be\" data-element_type=\"widget\" data-e-type=\"widget\" data-widget_type=\"heading.default\">\n\t\t\t\t<div class=\"elementor-widget-container\">\n\t\t\t\t\t<h2 class=\"elementor-heading-title elementor-size-default\"><a href=\"https:\/\/midsungroup.com\/silprocoat\/\">Equipements MT<\/a><\/h2>\t\t\t\t<\/div>\n\t\t\t\t<\/div>\n\t\t\t\t<div class=\"elementor-element elementor-element-4f0398a elementor-widget elementor-widget-text-editor\" data-id=\"4f0398a\" data-element_type=\"widget\" data-e-type=\"widget\" data-widget_type=\"text-editor.default\">\n\t\t\t\t<div class=\"elementor-widget-container\">\n\t\t\t\t\t\t\t\t\t<ul class=\"list-unstyled mb-0\"><li style=\"list-style-type: none;\"><ul class=\"list-unstyled mb-0\"><li class=\"mb-2\"><i class=\"ti-check-box text-secondary me-3\"><\/i> Tableaux primaire AIS et GIS<\/li><li class=\"mb-2\"><i class=\"ti-check-box text-secondary me-3\"><\/i> Tableaux secondaires<\/li><li class=\"mb-2\"><i class=\"ti-check-box text-secondary me-3\"><\/i> RMU, Disjoncteurs, Contacteurs<\/li><li class=\"mb-2\"><i class=\"ti-check-box text-secondary me-3\"><\/i> Instruments de mesure<\/li><li><i class=\"ti-check-box text-secondary me-3\"><\/i> Moteurs, Sectionneurs, Poste pr\u00e9fabriqu\u00e9 et mobile<\/li><\/ul><\/li><\/ul>\t\t\t\t\t\t\t\t<\/div>\n\t\t\t\t<\/div>\n\t\t\t\t<\/div>\n\t\t\t\t\t<\/div>\n\t\t\t\t<\/div>\n\t\t<div class=\"elementor-element elementor-element-e42306a e-flex e-con-boxed e-con e-parent\" data-id=\"e42306a\" data-element_type=\"container\" data-e-type=\"container\">\n\t\t\t\t\t<div class=\"e-con-inner\">\n\t\t<div class=\"elementor-element elementor-element-2b9601d e-con-full e-flex e-con e-child\" data-id=\"2b9601d\" data-element_type=\"container\" data-e-type=\"container\">\n\t\t\t\t<div class=\"elementor-element elementor-element-c9e8c55 elementor-widget elementor-widget-heading\" data-id=\"c9e8c55\" data-element_type=\"widget\" data-e-type=\"widget\" data-widget_type=\"heading.default\">\n\t\t\t\t<div class=\"elementor-widget-container\">\n\t\t\t\t\t<h2 class=\"elementor-heading-title elementor-size-default\"><a href=\"https:\/\/midsungroup.com\/midsun-hvic\/\">Rev\u00eatement Midsun HVIC RTV <\/a><\/h2>\t\t\t\t<\/div>\n\t\t\t\t<\/div>\n\t\t\t\t<div class=\"elementor-element elementor-element-ebb25ef elementor-widget elementor-widget-heading\" data-id=\"ebb25ef\" data-element_type=\"widget\" data-e-type=\"widget\" data-widget_type=\"heading.default\">\n\t\t\t\t<div class=\"elementor-widget-container\">\n\t\t\t\t\t<h2 class=\"elementor-heading-title elementor-size-default\"><a href=\"https:\/\/midsungroup.com\/silprocoat\/\">Equipements HT\/THT<\/a><\/h2>\t\t\t\t<\/div>\n\t\t\t\t<\/div>\n\t\t\t\t<div class=\"elementor-element elementor-element-14d7b29 elementor-widget elementor-widget-text-editor\" data-id=\"14d7b29\" data-element_type=\"widget\" data-e-type=\"widget\" data-widget_type=\"text-editor.default\">\n\t\t\t\t<div class=\"elementor-widget-container\">\n\t\t\t\t\t\t\t\t\t<ul class=\"list-unstyled mb-0\">\n \t<li style=\"list-style-type: none;\">\n<ul class=\"list-unstyled mb-0\">\n \t<li class=\"mb-2\"><i class=\"ti-check-box text-secondary me-3\"><\/i> \tDisjoncteur,\tSectionneur<\/li>\n \t<li class=\"mb-2\"><i class=\"ti-check-box text-secondary me-3\"><\/i> \tSolutions hybride<\/li>\n \t<li class=\"mb-2\"><i class=\"ti-check-box text-secondary me-3\"><\/i> \tParafoudre,\tTravers\u00e9es, Poste GIS<\/li>\n \t<li class=\"mb-2\"><i class=\"ti-check-box text-secondary me-3\"><\/i> Instruments de mesure<\/li>\n \t<li><i class=\"ti-check-box text-secondary me-3\"><\/i> Poste mobile<\/li>\n<\/ul>\n<\/li>\n<\/ul>\t\t\t\t\t\t\t\t<\/div>\n\t\t\t\t<\/div>\n\t\t\t\t<\/div>\n\t\t<div class=\"elementor-element elementor-element-4af3c2a e-con-full e-flex e-con e-child\" data-id=\"4af3c2a\" data-element_type=\"container\" data-e-type=\"container\">\n\t\t\t\t<div class=\"elementor-element elementor-element-9f38cda elementor-widget__width-initial elementor-widget elementor-widget-image\" data-id=\"9f38cda\" data-element_type=\"widget\" data-e-type=\"widget\" data-widget_type=\"image.default\">\n\t\t\t\t<div class=\"elementor-widget-container\">\n\t\t\t\t\t\t\t\t\t\t\t\t\t\t\t<img decoding=\"async\" width=\"551\" height=\"351\" src=\"https:\/\/gridenergy.ma\/wp-content\/uploads\/2022\/01\/Poste-blinde-au-Maroc-par-GEC.png\" class=\"attachment-large size-large wp-image-13663\" alt=\"\" srcset=\"https:\/\/gridenergy.ma\/wp-content\/uploads\/2022\/01\/Poste-blinde-au-Maroc-par-GEC.png 551w, https:\/\/gridenergy.ma\/wp-content\/uploads\/2022\/01\/Poste-blinde-au-Maroc-par-GEC-300x191.png 300w\" sizes=\"(max-width: 551px) 100vw, 551px\" \/>\t\t\t\t\t\t\t\t\t\t\t\t\t\t\t<\/div>\n\t\t\t\t<\/div>\n\t\t\t\t<\/div>\n\t\t\t\t\t<\/div>\n\t\t\t\t<\/div>\n\t\t\t\t<\/div>\n\t\t","protected":false},"excerpt":{"rendered":"<p>CG POWER Accueil CG POWER Rev\u00eatement Midsun HVIC RTV Equipements MT Tableaux primaire AIS et GIS Tableaux secondaires RMU, Disjoncteurs, Contacteurs Instruments de mesure Moteurs, Sectionneurs, Poste pr\u00e9fabriqu\u00e9 et mobile Rev\u00eatement Midsun HVIC RTV Equipements HT\/THT Disjoncteur, Sectionneur Solutions hybride Parafoudre, Travers\u00e9es, Poste GIS Instruments de mesure Poste mobile<\/p>\n","protected":false},"author":1,"featured_media":0,"parent":0,"menu_order":0,"comment_status":"closed","ping_status":"closed","template":"page-templates\/home.php","meta":{"footnotes":""},"class_list":["post-14788","page","type-page","status-publish","hentry"],"yoast_head":"<!-- This site is optimized with the Yoast SEO plugin v27.4 - https:\/\/yoast.com\/product\/yoast-seo-wordpress\/ -->\n<title>CG POWER - Grid Energy Company<\/title>\n<meta name=\"robots\" content=\"index, follow, max-snippet:-1, max-image-preview:large, max-video-preview:-1\" \/>\n<link rel=\"canonical\" href=\"https:\/\/gridenergy.ma\/fr\/marque-midsun-cg-power\/\" \/>\n<meta property=\"og:locale\" content=\"fr_FR\" \/>\n<meta property=\"og:type\" content=\"article\" \/>\n<meta property=\"og:title\" content=\"CG POWER - Grid Energy Company\" \/>\n<meta property=\"og:description\" content=\"CG POWER Accueil CG POWER Rev\u00eatement Midsun HVIC RTV Equipements MT Tableaux primaire AIS et GIS Tableaux secondaires RMU, Disjoncteurs, Contacteurs Instruments de mesure Moteurs, Sectionneurs, Poste pr\u00e9fabriqu\u00e9 et mobile Rev\u00eatement Midsun HVIC RTV Equipements HT\/THT Disjoncteur, Sectionneur Solutions hybride Parafoudre, Travers\u00e9es, Poste GIS Instruments de mesure Poste mobile\" \/>\n<meta property=\"og:url\" content=\"https:\/\/gridenergy.ma\/fr\/marque-midsun-cg-power\/\" \/>\n<meta property=\"og:site_name\" content=\"Grid Energy Company\" \/>\n<meta property=\"article:modified_time\" content=\"2025-04-29T15:26:20+00:00\" \/>\n<meta property=\"og:image\" content=\"https:\/\/gridenergy.ma\/wp-content\/uploads\/2022\/01\/Equipement-MT-au-Maroc-GED.png\" \/>\n<meta name=\"twitter:card\" content=\"summary_large_image\" \/>\n<script type=\"application\/ld+json\" class=\"yoast-schema-graph\">{\"@context\":\"https:\\\/\\\/schema.org\",\"@graph\":[{\"@type\":\"WebPage\",\"@id\":\"https:\\\/\\\/gridenergy.ma\\\/marque-midsun-cg-power\\\/\",\"url\":\"https:\\\/\\\/gridenergy.ma\\\/marque-midsun-cg-power\\\/\",\"name\":\"CG POWER - Grid Energy Company\",\"isPartOf\":{\"@id\":\"https:\\\/\\\/gridenergy.ma\\\/en\\\/#website\"},\"primaryImageOfPage\":{\"@id\":\"https:\\\/\\\/gridenergy.ma\\\/marque-midsun-cg-power\\\/#primaryimage\"},\"image\":{\"@id\":\"https:\\\/\\\/gridenergy.ma\\\/marque-midsun-cg-power\\\/#primaryimage\"},\"thumbnailUrl\":\"https:\\\/\\\/gridenergy.ma\\\/wp-content\\\/uploads\\\/2022\\\/01\\\/Equipement-MT-au-Maroc-GED.png\",\"datePublished\":\"2025-04-29T15:08:06+00:00\",\"dateModified\":\"2025-04-29T15:26:20+00:00\",\"breadcrumb\":{\"@id\":\"https:\\\/\\\/gridenergy.ma\\\/marque-midsun-cg-power\\\/#breadcrumb\"},\"inLanguage\":\"fr-FR\",\"potentialAction\":[{\"@type\":\"ReadAction\",\"target\":[\"https:\\\/\\\/gridenergy.ma\\\/marque-midsun-cg-power\\\/\"]}]},{\"@type\":\"ImageObject\",\"inLanguage\":\"fr-FR\",\"@id\":\"https:\\\/\\\/gridenergy.ma\\\/marque-midsun-cg-power\\\/#primaryimage\",\"url\":\"https:\\\/\\\/gridenergy.ma\\\/wp-content\\\/uploads\\\/2022\\\/01\\\/Equipement-MT-au-Maroc-GED.png\",\"contentUrl\":\"https:\\\/\\\/gridenergy.ma\\\/wp-content\\\/uploads\\\/2022\\\/01\\\/Equipement-MT-au-Maroc-GED.png\"},{\"@type\":\"BreadcrumbList\",\"@id\":\"https:\\\/\\\/gridenergy.ma\\\/marque-midsun-cg-power\\\/#breadcrumb\",\"itemListElement\":[{\"@type\":\"ListItem\",\"position\":1,\"name\":\"Accueil\",\"item\":\"https:\\\/\\\/gridenergy.ma\\\/fr\\\/\"},{\"@type\":\"ListItem\",\"position\":2,\"name\":\"CG POWER\"}]},{\"@type\":\"WebSite\",\"@id\":\"https:\\\/\\\/gridenergy.ma\\\/en\\\/#website\",\"url\":\"https:\\\/\\\/gridenergy.ma\\\/en\\\/\",\"name\":\"Grid Energy Company\",\"description\":\"Solutions \u00e9lectriques innovantes\",\"potentialAction\":[{\"@type\":\"SearchAction\",\"target\":{\"@type\":\"EntryPoint\",\"urlTemplate\":\"https:\\\/\\\/gridenergy.ma\\\/en\\\/?s={search_term_string}\"},\"query-input\":{\"@type\":\"PropertyValueSpecification\",\"valueRequired\":true,\"valueName\":\"search_term_string\"}}],\"inLanguage\":\"fr-FR\"}]}<\/script>\n<!-- \/ Yoast SEO plugin. -->","yoast_head_json":{"title":"CG POWER - Grid Energy Company","robots":{"index":"index","follow":"follow","max-snippet":"max-snippet:-1","max-image-preview":"max-image-preview:large","max-video-preview":"max-video-preview:-1"},"canonical":"https:\/\/gridenergy.ma\/fr\/marque-midsun-cg-power\/","og_locale":"fr_FR","og_type":"article","og_title":"CG POWER - Grid Energy Company","og_description":"CG POWER Accueil CG POWER Rev\u00eatement Midsun HVIC RTV Equipements MT Tableaux primaire AIS et GIS Tableaux secondaires RMU, Disjoncteurs, Contacteurs Instruments de mesure Moteurs, Sectionneurs, Poste pr\u00e9fabriqu\u00e9 et mobile Rev\u00eatement Midsun HVIC RTV Equipements HT\/THT Disjoncteur, Sectionneur Solutions hybride Parafoudre, Travers\u00e9es, Poste GIS Instruments de mesure Poste mobile","og_url":"https:\/\/gridenergy.ma\/fr\/marque-midsun-cg-power\/","og_site_name":"Grid Energy Company","article_modified_time":"2025-04-29T15:26:20+00:00","og_image":[{"url":"https:\/\/gridenergy.ma\/wp-content\/uploads\/2022\/01\/Equipement-MT-au-Maroc-GED.png","type":"","width":"","height":""}],"twitter_card":"summary_large_image","schema":{"@context":"https:\/\/schema.org","@graph":[{"@type":"WebPage","@id":"https:\/\/gridenergy.ma\/marque-midsun-cg-power\/","url":"https:\/\/gridenergy.ma\/marque-midsun-cg-power\/","name":"CG POWER - Grid Energy Company","isPartOf":{"@id":"https:\/\/gridenergy.ma\/en\/#website"},"primaryImageOfPage":{"@id":"https:\/\/gridenergy.ma\/marque-midsun-cg-power\/#primaryimage"},"image":{"@id":"https:\/\/gridenergy.ma\/marque-midsun-cg-power\/#primaryimage"},"thumbnailUrl":"https:\/\/gridenergy.ma\/wp-content\/uploads\/2022\/01\/Equipement-MT-au-Maroc-GED.png","datePublished":"2025-04-29T15:08:06+00:00","dateModified":"2025-04-29T15:26:20+00:00","breadcrumb":{"@id":"https:\/\/gridenergy.ma\/marque-midsun-cg-power\/#breadcrumb"},"inLanguage":"fr-FR","potentialAction":[{"@type":"ReadAction","target":["https:\/\/gridenergy.ma\/marque-midsun-cg-power\/"]}]},{"@type":"ImageObject","inLanguage":"fr-FR","@id":"https:\/\/gridenergy.ma\/marque-midsun-cg-power\/#primaryimage","url":"https:\/\/gridenergy.ma\/wp-content\/uploads\/2022\/01\/Equipement-MT-au-Maroc-GED.png","contentUrl":"https:\/\/gridenergy.ma\/wp-content\/uploads\/2022\/01\/Equipement-MT-au-Maroc-GED.png"},{"@type":"BreadcrumbList","@id":"https:\/\/gridenergy.ma\/marque-midsun-cg-power\/#breadcrumb","itemListElement":[{"@type":"ListItem","position":1,"name":"Accueil","item":"https:\/\/gridenergy.ma\/fr\/"},{"@type":"ListItem","position":2,"name":"CG POWER"}]},{"@type":"WebSite","@id":"https:\/\/gridenergy.ma\/en\/#website","url":"https:\/\/gridenergy.ma\/en\/","name":"Grid Energy Company","description":"Solutions \u00e9lectriques innovantes","potentialAction":[{"@type":"SearchAction","target":{"@type":"EntryPoint","urlTemplate":"https:\/\/gridenergy.ma\/en\/?s={search_term_string}"},"query-input":{"@type":"PropertyValueSpecification","valueRequired":true,"valueName":"search_term_string"}}],"inLanguage":"fr-FR"}]}},"_links":{"self":[{"href":"https:\/\/gridenergy.ma\/fr\/wp-json\/wp\/v2\/pages\/14788","targetHints":{"allow":["GET"]}}],"collection":[{"href":"https:\/\/gridenergy.ma\/fr\/wp-json\/wp\/v2\/pages"}],"about":[{"href":"https:\/\/gridenergy.ma\/fr\/wp-json\/wp\/v2\/types\/page"}],"author":[{"embeddable":true,"href":"https:\/\/gridenergy.ma\/fr\/wp-json\/wp\/v2\/users\/1"}],"replies":[{"embeddable":true,"href":"https:\/\/gridenergy.ma\/fr\/wp-json\/wp\/v2\/comments?post=14788"}],"version-history":[{"count":7,"href":"https:\/\/gridenergy.ma\/fr\/wp-json\/wp\/v2\/pages\/14788\/revisions"}],"predecessor-version":[{"id":14798,"href":"https:\/\/gridenergy.ma\/fr\/wp-json\/wp\/v2\/pages\/14788\/revisions\/14798"}],"wp:attachment":[{"href":"https:\/\/gridenergy.ma\/fr\/wp-json\/wp\/v2\/media?parent=14788"}],"curies":[{"name":"wp","href":"https:\/\/api.w.org\/{rel}","templated":true}]}}