{"id":14746,"date":"2025-04-29T14:40:18","date_gmt":"2025-04-29T14:40:18","guid":{"rendered":"https:\/\/gridenergy.ma\/?page_id=14746"},"modified":"2025-04-29T14:58:48","modified_gmt":"2025-04-29T14:58:48","slug":"marque-midsun-protection-contre-les-coupures-causees-par-les-animaux","status":"publish","type":"page","link":"https:\/\/gridenergy.ma\/fr\/marque-midsun-protection-contre-les-coupures-causees-par-les-animaux\/","title":{"rendered":"Protection contre les coupures caus\u00e9es par les animaux"},"content":{"rendered":"\t\t<div data-elementor-type=\"wp-page\" data-elementor-id=\"14746\" class=\"elementor elementor-14746\" data-elementor-post-type=\"page\">\n\t\t\t\t\t\t<section class=\"elementor-section elementor-top-section elementor-element elementor-element-0d8d88c page-title-section elementor-section-stretched elementor-section-boxed elementor-section-height-default elementor-section-height-default\" data-id=\"0d8d88c\" data-element_type=\"section\" data-e-type=\"section\" data-settings=\"{&quot;background_background&quot;:&quot;classic&quot;,&quot;stretch_section&quot;:&quot;section-stretched&quot;}\">\n\t\t\t\t\t\t\t<div class=\"elementor-background-overlay\"><\/div>\n\t\t\t\t\t\t\t<div class=\"elementor-container elementor-column-gap-extended\">\n\t\t\t\t\t<div class=\"elementor-column elementor-col-100 elementor-top-column elementor-element elementor-element-f0e7536\" data-id=\"f0e7536\" data-element_type=\"column\" data-e-type=\"column\">\n\t\t\t<div class=\"elementor-widget-wrap elementor-element-populated\">\n\t\t\t\t\t\t<div class=\"elementor-element elementor-element-fe62040 mb-0 elementor-widget elementor-widget-text-editor\" data-id=\"fe62040\" data-element_type=\"widget\" data-e-type=\"widget\" data-widget_type=\"text-editor.default\">\n\t\t\t\t<div class=\"elementor-widget-container\">\n\t\t\t\t\t\t\t\t\t<h1 class=\"mb-lg-0\">Protection contre les coupures caus\u00e9es par les animaux  <\/h1>\t\t\t\t\t\t\t\t<\/div>\n\t\t\t\t<\/div>\n\t\t\t\t<div class=\"elementor-element elementor-element-8fd4710 mb-0 elementor-widget elementor-widget-text-editor\" data-id=\"8fd4710\" data-element_type=\"widget\" data-e-type=\"widget\" data-widget_type=\"text-editor.default\">\n\t\t\t\t<div class=\"elementor-widget-container\">\n\t\t\t\t\t\t\t\t\t<ul><li><a href=\"https:\/\/gridenergy.ma\/\">Accueil<\/a><\/li><li>Protection contre les coupures caus\u00e9es par les animaux<\/li><\/ul>\t\t\t\t\t\t\t\t<\/div>\n\t\t\t\t<\/div>\n\t\t\t\t\t<\/div>\n\t\t<\/div>\n\t\t\t\t\t<\/div>\n\t\t<\/section>\n\t\t<div class=\"elementor-element elementor-element-e095146 e-flex e-con-boxed e-con e-parent\" data-id=\"e095146\" data-element_type=\"container\" data-e-type=\"container\">\n\t\t\t\t\t<div class=\"e-con-inner\">\n\t\t<div class=\"elementor-element elementor-element-6a18fef e-con-full e-flex e-con e-child\" data-id=\"6a18fef\" data-element_type=\"container\" data-e-type=\"container\">\n\t\t\t\t<div class=\"elementor-element elementor-element-bec261d elementor-widget elementor-widget-image\" data-id=\"bec261d\" data-element_type=\"widget\" data-e-type=\"widget\" data-widget_type=\"image.default\">\n\t\t\t\t<div class=\"elementor-widget-container\">\n\t\t\t\t\t\t\t\t\t\t\t\t\t\t\t<img fetchpriority=\"high\" decoding=\"async\" width=\"900\" height=\"340\" src=\"https:\/\/gridenergy.ma\/wp-content\/uploads\/2025\/04\/Enveloppe-de-protection-pour-equipements-GEC-Maroc.png\" class=\"attachment-large size-large wp-image-14770\" alt=\"\" srcset=\"https:\/\/gridenergy.ma\/wp-content\/uploads\/2025\/04\/Enveloppe-de-protection-pour-equipements-GEC-Maroc.png 904w, https:\/\/gridenergy.ma\/wp-content\/uploads\/2025\/04\/Enveloppe-de-protection-pour-equipements-GEC-Maroc-300x113.png 300w, https:\/\/gridenergy.ma\/wp-content\/uploads\/2025\/04\/Enveloppe-de-protection-pour-equipements-GEC-Maroc-768x291.png 768w\" sizes=\"(max-width: 900px) 100vw, 900px\" \/>\t\t\t\t\t\t\t\t\t\t\t\t\t\t\t<\/div>\n\t\t\t\t<\/div>\n\t\t\t\t<div class=\"elementor-element elementor-element-aad65be elementor-widget elementor-widget-heading\" data-id=\"aad65be\" data-element_type=\"widget\" data-e-type=\"widget\" data-widget_type=\"heading.default\">\n\t\t\t\t<div class=\"elementor-widget-container\">\n\t\t\t\t\t<h2 class=\"elementor-heading-title elementor-size-default\"><a href=\"https:\/\/midsungroup.com\/product-category\/fusing-tapes\/)\">Enveloppe de protection pour \u00e9quipements <\/a><\/h2>\t\t\t\t<\/div>\n\t\t\t\t<\/div>\n\t\t\t\t<div class=\"elementor-element elementor-element-b950aaa elementor-mobile-align-center elementor-align-center elementor-widget elementor-widget-button\" data-id=\"b950aaa\" data-element_type=\"widget\" data-e-type=\"widget\" data-widget_type=\"button.default\">\n\t\t\t\t<div class=\"elementor-widget-container\">\n\t\t\t\t\t\t\t\t\t<div class=\"elementor-button-wrapper\">\n\t\t\t\t\t<a class=\"elementor-button elementor-button-link elementor-size-sm\" href=\"https:\/\/midsungroup.com\/product-category\/fusing-tapes\/)\">\n\t\t\t\t\t\t<span class=\"elementor-button-content-wrapper\">\n\t\t\t\t\t\t\t\t\t<span class=\"elementor-button-text\">EXPLORER LES PRODUITS<\/span>\n\t\t\t\t\t<\/span>\n\t\t\t\t\t<\/a>\n\t\t\t\t<\/div>\n\t\t\t\t\t\t\t\t<\/div>\n\t\t\t\t<\/div>\n\t\t\t\t<\/div>\n\t\t<div class=\"elementor-element elementor-element-30ba4f3 e-con-full e-flex e-con e-child\" data-id=\"30ba4f3\" data-element_type=\"container\" data-e-type=\"container\">\n\t\t\t\t<div class=\"elementor-element elementor-element-542efbe elementor-widget elementor-widget-image\" data-id=\"542efbe\" data-element_type=\"widget\" data-e-type=\"widget\" data-widget_type=\"image.default\">\n\t\t\t\t<div class=\"elementor-widget-container\">\n\t\t\t\t\t\t\t\t\t\t\t\t\t\t\t<img decoding=\"async\" width=\"900\" height=\"340\" src=\"https:\/\/gridenergy.ma\/wp-content\/uploads\/2025\/04\/1-3-1024x387.png\" class=\"attachment-large size-large wp-image-14731\" alt=\"\" srcset=\"https:\/\/gridenergy.ma\/wp-content\/uploads\/2025\/04\/1-3-1024x387.png 1024w, https:\/\/gridenergy.ma\/wp-content\/uploads\/2025\/04\/1-3-300x113.png 300w, https:\/\/gridenergy.ma\/wp-content\/uploads\/2025\/04\/1-3-768x290.png 768w, https:\/\/gridenergy.ma\/wp-content\/uploads\/2025\/04\/1-3-1536x581.png 1536w, https:\/\/gridenergy.ma\/wp-content\/uploads\/2025\/04\/1-3.png 1695w\" sizes=\"(max-width: 900px) 100vw, 900px\" \/>\t\t\t\t\t\t\t\t\t\t\t\t\t\t\t<\/div>\n\t\t\t\t<\/div>\n\t\t\t\t<div class=\"elementor-element elementor-element-78e8fcd elementor-widget elementor-widget-heading\" data-id=\"78e8fcd\" data-element_type=\"widget\" data-e-type=\"widget\" data-widget_type=\"heading.default\">\n\t\t\t\t<div class=\"elementor-widget-container\">\n\t\t\t\t\t<h2 class=\"elementor-heading-title elementor-size-default\"><a href=\"https:\/\/midsungroup.com\/product-category\/insulation\/\">Gaines de protection pour conducteurs <\/a><\/h2>\t\t\t\t<\/div>\n\t\t\t\t<\/div>\n\t\t\t\t<div class=\"elementor-element elementor-element-7b3762e elementor-mobile-align-center elementor-align-center elementor-widget elementor-widget-button\" data-id=\"7b3762e\" data-element_type=\"widget\" data-e-type=\"widget\" data-widget_type=\"button.default\">\n\t\t\t\t<div class=\"elementor-widget-container\">\n\t\t\t\t\t\t\t\t\t<div class=\"elementor-button-wrapper\">\n\t\t\t\t\t<a class=\"elementor-button elementor-button-link elementor-size-sm\" href=\"https:\/\/midsungroup.com\/product-category\/insulation\/\">\n\t\t\t\t\t\t<span class=\"elementor-button-content-wrapper\">\n\t\t\t\t\t\t\t\t\t<span class=\"elementor-button-text\">EXPLORER LES PRODUITS<\/span>\n\t\t\t\t\t<\/span>\n\t\t\t\t\t<\/a>\n\t\t\t\t<\/div>\n\t\t\t\t\t\t\t\t<\/div>\n\t\t\t\t<\/div>\n\t\t\t\t<\/div>\n\t\t\t\t\t<\/div>\n\t\t\t\t<\/div>\n\t\t<div class=\"elementor-element elementor-element-f3a7b82 e-flex e-con-boxed e-con e-parent\" data-id=\"f3a7b82\" data-element_type=\"container\" data-e-type=\"container\">\n\t\t\t\t\t<div class=\"e-con-inner\">\n\t\t<div class=\"elementor-element elementor-element-5bdfd69 e-con-full e-flex e-con e-child\" data-id=\"5bdfd69\" data-element_type=\"container\" data-e-type=\"container\">\n\t\t\t\t<div class=\"elementor-element elementor-element-75eadcd elementor-widget elementor-widget-image\" data-id=\"75eadcd\" data-element_type=\"widget\" data-e-type=\"widget\" data-widget_type=\"image.default\">\n\t\t\t\t<div class=\"elementor-widget-container\">\n\t\t\t\t\t\t\t\t\t\t\t\t\t\t\t<img decoding=\"async\" width=\"900\" height=\"340\" src=\"https:\/\/gridenergy.ma\/wp-content\/uploads\/2025\/04\/Couvercles-de-protection-pour-equipements-GEC-Maroc.png\" class=\"attachment-large size-large wp-image-14769\" alt=\"\" srcset=\"https:\/\/gridenergy.ma\/wp-content\/uploads\/2025\/04\/Couvercles-de-protection-pour-equipements-GEC-Maroc.png 904w, https:\/\/gridenergy.ma\/wp-content\/uploads\/2025\/04\/Couvercles-de-protection-pour-equipements-GEC-Maroc-300x113.png 300w, https:\/\/gridenergy.ma\/wp-content\/uploads\/2025\/04\/Couvercles-de-protection-pour-equipements-GEC-Maroc-768x291.png 768w\" sizes=\"(max-width: 900px) 100vw, 900px\" \/>\t\t\t\t\t\t\t\t\t\t\t\t\t\t\t<\/div>\n\t\t\t\t<\/div>\n\t\t\t\t<div class=\"elementor-element elementor-element-6522472 elementor-widget elementor-widget-heading\" data-id=\"6522472\" data-element_type=\"widget\" data-e-type=\"widget\" data-widget_type=\"heading.default\">\n\t\t\t\t<div class=\"elementor-widget-container\">\n\t\t\t\t\t<h2 class=\"elementor-heading-title elementor-size-default\"><a href=\"https:\/\/midsungroup.com\/product-category\/covers\/\">Couvercles de protection pour \u00e9quipements <\/a><\/h2>\t\t\t\t<\/div>\n\t\t\t\t<\/div>\n\t\t\t\t<div class=\"elementor-element elementor-element-7cdebeb elementor-mobile-align-center elementor-align-center elementor-widget elementor-widget-button\" data-id=\"7cdebeb\" data-element_type=\"widget\" data-e-type=\"widget\" data-widget_type=\"button.default\">\n\t\t\t\t<div class=\"elementor-widget-container\">\n\t\t\t\t\t\t\t\t\t<div class=\"elementor-button-wrapper\">\n\t\t\t\t\t<a class=\"elementor-button elementor-button-link elementor-size-sm\" href=\"https:\/\/midsungroup.com\/product-category\/covers\/\">\n\t\t\t\t\t\t<span class=\"elementor-button-content-wrapper\">\n\t\t\t\t\t\t\t\t\t<span class=\"elementor-button-text\">EXPLORER LES PRODUITS<\/span>\n\t\t\t\t\t<\/span>\n\t\t\t\t\t<\/a>\n\t\t\t\t<\/div>\n\t\t\t\t\t\t\t\t<\/div>\n\t\t\t\t<\/div>\n\t\t\t\t<\/div>\n\t\t<div class=\"elementor-element elementor-element-5d667ae e-con-full e-flex e-con e-child\" data-id=\"5d667ae\" data-element_type=\"container\" data-e-type=\"container\">\n\t\t\t\t<div class=\"elementor-element elementor-element-563b6ba elementor-widget elementor-widget-image\" data-id=\"563b6ba\" data-element_type=\"widget\" data-e-type=\"widget\" data-widget_type=\"image.default\">\n\t\t\t\t<div class=\"elementor-widget-container\">\n\t\t\t\t\t\t\t\t\t\t\t\t\t\t\t<img loading=\"lazy\" decoding=\"async\" width=\"900\" height=\"340\" src=\"https:\/\/gridenergy.ma\/wp-content\/uploads\/2025\/04\/Barrieres-de-protection-contre-la-faune-GEC-Maroc.png\" class=\"attachment-large size-large wp-image-14768\" alt=\"\" srcset=\"https:\/\/gridenergy.ma\/wp-content\/uploads\/2025\/04\/Barrieres-de-protection-contre-la-faune-GEC-Maroc.png 904w, https:\/\/gridenergy.ma\/wp-content\/uploads\/2025\/04\/Barrieres-de-protection-contre-la-faune-GEC-Maroc-300x113.png 300w, https:\/\/gridenergy.ma\/wp-content\/uploads\/2025\/04\/Barrieres-de-protection-contre-la-faune-GEC-Maroc-768x291.png 768w\" sizes=\"(max-width: 900px) 100vw, 900px\" \/>\t\t\t\t\t\t\t\t\t\t\t\t\t\t\t<\/div>\n\t\t\t\t<\/div>\n\t\t\t\t<div class=\"elementor-element elementor-element-6dff423 elementor-widget elementor-widget-heading\" data-id=\"6dff423\" data-element_type=\"widget\" data-e-type=\"widget\" data-widget_type=\"heading.default\">\n\t\t\t\t<div class=\"elementor-widget-container\">\n\t\t\t\t\t<h2 class=\"elementor-heading-title elementor-size-default\"><a href=\"https:\/\/midsungroup.com\/product-category\/barriers\/)\">Barri\u00e8res de protection contre la faune <\/a><\/h2>\t\t\t\t<\/div>\n\t\t\t\t<\/div>\n\t\t\t\t<div class=\"elementor-element elementor-element-4015b02 elementor-mobile-align-center elementor-align-center elementor-widget elementor-widget-button\" data-id=\"4015b02\" data-element_type=\"widget\" data-e-type=\"widget\" data-widget_type=\"button.default\">\n\t\t\t\t<div class=\"elementor-widget-container\">\n\t\t\t\t\t\t\t\t\t<div class=\"elementor-button-wrapper\">\n\t\t\t\t\t<a class=\"elementor-button elementor-button-link elementor-size-sm\" href=\"https:\/\/midsungroup.com\/product-category\/barriers\/)\">\n\t\t\t\t\t\t<span class=\"elementor-button-content-wrapper\">\n\t\t\t\t\t\t\t\t\t<span class=\"elementor-button-text\">EXPLORER LES PRODUITS<\/span>\n\t\t\t\t\t<\/span>\n\t\t\t\t\t<\/a>\n\t\t\t\t<\/div>\n\t\t\t\t\t\t\t\t<\/div>\n\t\t\t\t<\/div>\n\t\t\t\t<\/div>\n\t\t\t\t\t<\/div>\n\t\t\t\t<\/div>\n\t\t<div class=\"elementor-element elementor-element-8f05ec1 e-flex e-con-boxed e-con e-parent\" data-id=\"8f05ec1\" data-element_type=\"container\" data-e-type=\"container\">\n\t\t\t\t\t<div class=\"e-con-inner\">\n\t\t<div class=\"elementor-element elementor-element-c0255b8 e-con-full e-flex e-con e-child\" data-id=\"c0255b8\" data-element_type=\"container\" data-e-type=\"container\">\n\t\t\t\t<div class=\"elementor-element elementor-element-24f0af8 elementor-widget elementor-widget-image\" data-id=\"24f0af8\" data-element_type=\"widget\" data-e-type=\"widget\" data-widget_type=\"image.default\">\n\t\t\t\t<div class=\"elementor-widget-container\">\n\t\t\t\t\t\t\t\t\t\t\t\t\t\t\t<img loading=\"lazy\" decoding=\"async\" width=\"900\" height=\"340\" src=\"https:\/\/gridenergy.ma\/wp-content\/uploads\/2025\/04\/Accessoires-Midsun-GEC-Maroc.png\" class=\"attachment-large size-large wp-image-14767\" alt=\"\" srcset=\"https:\/\/gridenergy.ma\/wp-content\/uploads\/2025\/04\/Accessoires-Midsun-GEC-Maroc.png 904w, https:\/\/gridenergy.ma\/wp-content\/uploads\/2025\/04\/Accessoires-Midsun-GEC-Maroc-300x113.png 300w, https:\/\/gridenergy.ma\/wp-content\/uploads\/2025\/04\/Accessoires-Midsun-GEC-Maroc-768x291.png 768w\" sizes=\"(max-width: 900px) 100vw, 900px\" \/>\t\t\t\t\t\t\t\t\t\t\t\t\t\t\t<\/div>\n\t\t\t\t<\/div>\n\t\t\t\t<div class=\"elementor-element elementor-element-8bc5266 elementor-widget elementor-widget-heading\" data-id=\"8bc5266\" data-element_type=\"widget\" data-e-type=\"widget\" data-widget_type=\"heading.default\">\n\t\t\t\t<div class=\"elementor-widget-container\">\n\t\t\t\t\t<h2 class=\"elementor-heading-title elementor-size-default\"><a href=\"https:\/\/midsungroup.com\/product-category\/accessories\/)\">Accessoires  <\/a><\/h2>\t\t\t\t<\/div>\n\t\t\t\t<\/div>\n\t\t\t\t<div class=\"elementor-element elementor-element-a57fa25 elementor-mobile-align-center elementor-align-center elementor-widget elementor-widget-button\" data-id=\"a57fa25\" data-element_type=\"widget\" data-e-type=\"widget\" data-widget_type=\"button.default\">\n\t\t\t\t<div class=\"elementor-widget-container\">\n\t\t\t\t\t\t\t\t\t<div class=\"elementor-button-wrapper\">\n\t\t\t\t\t<a class=\"elementor-button elementor-button-link elementor-size-sm\" href=\"https:\/\/midsungroup.com\/product-category\/accessories\/)\">\n\t\t\t\t\t\t<span class=\"elementor-button-content-wrapper\">\n\t\t\t\t\t\t\t\t\t<span class=\"elementor-button-text\">EXPLORER LES PRODUITS<\/span>\n\t\t\t\t\t<\/span>\n\t\t\t\t\t<\/a>\n\t\t\t\t<\/div>\n\t\t\t\t\t\t\t\t<\/div>\n\t\t\t\t<\/div>\n\t\t\t\t<\/div>\n\t\t<div class=\"elementor-element elementor-element-4b4e62a e-con-full e-flex e-con e-child\" data-id=\"4b4e62a\" data-element_type=\"container\" data-e-type=\"container\">\n\t\t\t\t<\/div>\n\t\t\t\t\t<\/div>\n\t\t\t\t<\/div>\n\t\t\t\t<\/div>\n\t\t","protected":false},"excerpt":{"rendered":"<p>Protection contre les coupures caus\u00e9es par les animaux Accueil Protection contre les coupures caus\u00e9es par les animaux Enveloppe de protection pour \u00e9quipements EXPLORER LES PRODUITS Gaines de protection pour conducteurs EXPLORER LES PRODUITS Couvercles de protection pour \u00e9quipements EXPLORER LES PRODUITS Barri\u00e8res de protection contre la faune EXPLORER LES PRODUITS Accessoires EXPLORER LES PRODUITS<\/p>\n","protected":false},"author":1,"featured_media":0,"parent":0,"menu_order":0,"comment_status":"closed","ping_status":"closed","template":"page-templates\/home.php","meta":{"footnotes":""},"class_list":["post-14746","page","type-page","status-publish","hentry"],"yoast_head":"<!-- This site is optimized with the Yoast SEO plugin v27.4 - https:\/\/yoast.com\/product\/yoast-seo-wordpress\/ -->\n<title>Protection contre les coupures caus\u00e9es par les animaux - Grid Energy Company<\/title>\n<meta name=\"robots\" content=\"index, follow, max-snippet:-1, max-image-preview:large, max-video-preview:-1\" \/>\n<link rel=\"canonical\" href=\"https:\/\/gridenergy.ma\/fr\/marque-midsun-protection-contre-les-coupures-causees-par-les-animaux\/\" \/>\n<meta property=\"og:locale\" content=\"fr_FR\" \/>\n<meta property=\"og:type\" content=\"article\" \/>\n<meta property=\"og:title\" content=\"Protection contre les coupures caus\u00e9es par les animaux - Grid Energy Company\" \/>\n<meta property=\"og:description\" content=\"Protection contre les coupures caus\u00e9es par les animaux Accueil Protection contre les coupures caus\u00e9es par les animaux Enveloppe de protection pour \u00e9quipements EXPLORER LES PRODUITS Gaines de protection pour conducteurs EXPLORER LES PRODUITS Couvercles de protection pour \u00e9quipements EXPLORER LES PRODUITS Barri\u00e8res de protection contre la faune EXPLORER LES PRODUITS Accessoires EXPLORER LES PRODUITS\" \/>\n<meta property=\"og:url\" content=\"https:\/\/gridenergy.ma\/fr\/marque-midsun-protection-contre-les-coupures-causees-par-les-animaux\/\" \/>\n<meta property=\"og:site_name\" content=\"Grid Energy Company\" \/>\n<meta property=\"article:modified_time\" content=\"2025-04-29T14:58:48+00:00\" \/>\n<meta property=\"og:image\" content=\"https:\/\/gridenergy.ma\/wp-content\/uploads\/2025\/04\/Enveloppe-de-protection-pour-equipements-GEC-Maroc.png\" \/>\n<meta name=\"twitter:card\" content=\"summary_large_image\" \/>\n<script type=\"application\/ld+json\" class=\"yoast-schema-graph\">{\"@context\":\"https:\\\/\\\/schema.org\",\"@graph\":[{\"@type\":\"WebPage\",\"@id\":\"https:\\\/\\\/gridenergy.ma\\\/marque-midsun-protection-contre-les-coupures-causees-par-les-animaux\\\/\",\"url\":\"https:\\\/\\\/gridenergy.ma\\\/marque-midsun-protection-contre-les-coupures-causees-par-les-animaux\\\/\",\"name\":\"Protection contre les coupures caus\u00e9es par les animaux - Grid Energy Company\",\"isPartOf\":{\"@id\":\"https:\\\/\\\/gridenergy.ma\\\/en\\\/#website\"},\"primaryImageOfPage\":{\"@id\":\"https:\\\/\\\/gridenergy.ma\\\/marque-midsun-protection-contre-les-coupures-causees-par-les-animaux\\\/#primaryimage\"},\"image\":{\"@id\":\"https:\\\/\\\/gridenergy.ma\\\/marque-midsun-protection-contre-les-coupures-causees-par-les-animaux\\\/#primaryimage\"},\"thumbnailUrl\":\"https:\\\/\\\/gridenergy.ma\\\/wp-content\\\/uploads\\\/2025\\\/04\\\/Enveloppe-de-protection-pour-equipements-GEC-Maroc.png\",\"datePublished\":\"2025-04-29T14:40:18+00:00\",\"dateModified\":\"2025-04-29T14:58:48+00:00\",\"breadcrumb\":{\"@id\":\"https:\\\/\\\/gridenergy.ma\\\/marque-midsun-protection-contre-les-coupures-causees-par-les-animaux\\\/#breadcrumb\"},\"inLanguage\":\"fr-FR\",\"potentialAction\":[{\"@type\":\"ReadAction\",\"target\":[\"https:\\\/\\\/gridenergy.ma\\\/marque-midsun-protection-contre-les-coupures-causees-par-les-animaux\\\/\"]}]},{\"@type\":\"ImageObject\",\"inLanguage\":\"fr-FR\",\"@id\":\"https:\\\/\\\/gridenergy.ma\\\/marque-midsun-protection-contre-les-coupures-causees-par-les-animaux\\\/#primaryimage\",\"url\":\"https:\\\/\\\/gridenergy.ma\\\/wp-content\\\/uploads\\\/2025\\\/04\\\/Enveloppe-de-protection-pour-equipements-GEC-Maroc.png\",\"contentUrl\":\"https:\\\/\\\/gridenergy.ma\\\/wp-content\\\/uploads\\\/2025\\\/04\\\/Enveloppe-de-protection-pour-equipements-GEC-Maroc.png\"},{\"@type\":\"BreadcrumbList\",\"@id\":\"https:\\\/\\\/gridenergy.ma\\\/marque-midsun-protection-contre-les-coupures-causees-par-les-animaux\\\/#breadcrumb\",\"itemListElement\":[{\"@type\":\"ListItem\",\"position\":1,\"name\":\"Accueil\",\"item\":\"https:\\\/\\\/gridenergy.ma\\\/fr\\\/\"},{\"@type\":\"ListItem\",\"position\":2,\"name\":\"Protection contre les coupures caus\u00e9es par les animaux\"}]},{\"@type\":\"WebSite\",\"@id\":\"https:\\\/\\\/gridenergy.ma\\\/en\\\/#website\",\"url\":\"https:\\\/\\\/gridenergy.ma\\\/en\\\/\",\"name\":\"Grid Energy Company\",\"description\":\"Solutions \u00e9lectriques innovantes\",\"potentialAction\":[{\"@type\":\"SearchAction\",\"target\":{\"@type\":\"EntryPoint\",\"urlTemplate\":\"https:\\\/\\\/gridenergy.ma\\\/en\\\/?s={search_term_string}\"},\"query-input\":{\"@type\":\"PropertyValueSpecification\",\"valueRequired\":true,\"valueName\":\"search_term_string\"}}],\"inLanguage\":\"fr-FR\"}]}<\/script>\n<!-- \/ Yoast SEO plugin. -->","yoast_head_json":{"title":"Protection contre les coupures caus\u00e9es par les animaux - Grid Energy Company","robots":{"index":"index","follow":"follow","max-snippet":"max-snippet:-1","max-image-preview":"max-image-preview:large","max-video-preview":"max-video-preview:-1"},"canonical":"https:\/\/gridenergy.ma\/fr\/marque-midsun-protection-contre-les-coupures-causees-par-les-animaux\/","og_locale":"fr_FR","og_type":"article","og_title":"Protection contre les coupures caus\u00e9es par les animaux - Grid Energy Company","og_description":"Protection contre les coupures caus\u00e9es par les animaux Accueil Protection contre les coupures caus\u00e9es par les animaux Enveloppe de protection pour \u00e9quipements EXPLORER LES PRODUITS Gaines de protection pour conducteurs EXPLORER LES PRODUITS Couvercles de protection pour \u00e9quipements EXPLORER LES PRODUITS Barri\u00e8res de protection contre la faune EXPLORER LES PRODUITS Accessoires EXPLORER LES PRODUITS","og_url":"https:\/\/gridenergy.ma\/fr\/marque-midsun-protection-contre-les-coupures-causees-par-les-animaux\/","og_site_name":"Grid Energy Company","article_modified_time":"2025-04-29T14:58:48+00:00","og_image":[{"url":"https:\/\/gridenergy.ma\/wp-content\/uploads\/2025\/04\/Enveloppe-de-protection-pour-equipements-GEC-Maroc.png","type":"","width":"","height":""}],"twitter_card":"summary_large_image","schema":{"@context":"https:\/\/schema.org","@graph":[{"@type":"WebPage","@id":"https:\/\/gridenergy.ma\/marque-midsun-protection-contre-les-coupures-causees-par-les-animaux\/","url":"https:\/\/gridenergy.ma\/marque-midsun-protection-contre-les-coupures-causees-par-les-animaux\/","name":"Protection contre les coupures caus\u00e9es par les animaux - Grid Energy Company","isPartOf":{"@id":"https:\/\/gridenergy.ma\/en\/#website"},"primaryImageOfPage":{"@id":"https:\/\/gridenergy.ma\/marque-midsun-protection-contre-les-coupures-causees-par-les-animaux\/#primaryimage"},"image":{"@id":"https:\/\/gridenergy.ma\/marque-midsun-protection-contre-les-coupures-causees-par-les-animaux\/#primaryimage"},"thumbnailUrl":"https:\/\/gridenergy.ma\/wp-content\/uploads\/2025\/04\/Enveloppe-de-protection-pour-equipements-GEC-Maroc.png","datePublished":"2025-04-29T14:40:18+00:00","dateModified":"2025-04-29T14:58:48+00:00","breadcrumb":{"@id":"https:\/\/gridenergy.ma\/marque-midsun-protection-contre-les-coupures-causees-par-les-animaux\/#breadcrumb"},"inLanguage":"fr-FR","potentialAction":[{"@type":"ReadAction","target":["https:\/\/gridenergy.ma\/marque-midsun-protection-contre-les-coupures-causees-par-les-animaux\/"]}]},{"@type":"ImageObject","inLanguage":"fr-FR","@id":"https:\/\/gridenergy.ma\/marque-midsun-protection-contre-les-coupures-causees-par-les-animaux\/#primaryimage","url":"https:\/\/gridenergy.ma\/wp-content\/uploads\/2025\/04\/Enveloppe-de-protection-pour-equipements-GEC-Maroc.png","contentUrl":"https:\/\/gridenergy.ma\/wp-content\/uploads\/2025\/04\/Enveloppe-de-protection-pour-equipements-GEC-Maroc.png"},{"@type":"BreadcrumbList","@id":"https:\/\/gridenergy.ma\/marque-midsun-protection-contre-les-coupures-causees-par-les-animaux\/#breadcrumb","itemListElement":[{"@type":"ListItem","position":1,"name":"Accueil","item":"https:\/\/gridenergy.ma\/fr\/"},{"@type":"ListItem","position":2,"name":"Protection contre les coupures caus\u00e9es par les animaux"}]},{"@type":"WebSite","@id":"https:\/\/gridenergy.ma\/en\/#website","url":"https:\/\/gridenergy.ma\/en\/","name":"Grid Energy Company","description":"Solutions \u00e9lectriques innovantes","potentialAction":[{"@type":"SearchAction","target":{"@type":"EntryPoint","urlTemplate":"https:\/\/gridenergy.ma\/en\/?s={search_term_string}"},"query-input":{"@type":"PropertyValueSpecification","valueRequired":true,"valueName":"search_term_string"}}],"inLanguage":"fr-FR"}]}},"_links":{"self":[{"href":"https:\/\/gridenergy.ma\/fr\/wp-json\/wp\/v2\/pages\/14746","targetHints":{"allow":["GET"]}}],"collection":[{"href":"https:\/\/gridenergy.ma\/fr\/wp-json\/wp\/v2\/pages"}],"about":[{"href":"https:\/\/gridenergy.ma\/fr\/wp-json\/wp\/v2\/types\/page"}],"author":[{"embeddable":true,"href":"https:\/\/gridenergy.ma\/fr\/wp-json\/wp\/v2\/users\/1"}],"replies":[{"embeddable":true,"href":"https:\/\/gridenergy.ma\/fr\/wp-json\/wp\/v2\/comments?post=14746"}],"version-history":[{"count":28,"href":"https:\/\/gridenergy.ma\/fr\/wp-json\/wp\/v2\/pages\/14746\/revisions"}],"predecessor-version":[{"id":14779,"href":"https:\/\/gridenergy.ma\/fr\/wp-json\/wp\/v2\/pages\/14746\/revisions\/14779"}],"wp:attachment":[{"href":"https:\/\/gridenergy.ma\/fr\/wp-json\/wp\/v2\/media?parent=14746"}],"curies":[{"name":"wp","href":"https:\/\/api.w.org\/{rel}","templated":true}]}}