{"id":14648,"date":"2025-04-29T12:21:52","date_gmt":"2025-04-29T12:21:52","guid":{"rendered":"https:\/\/gridenergy.ma\/?page_id=14648"},"modified":"2025-04-29T12:26:30","modified_gmt":"2025-04-29T12:26:30","slug":"produit-sel-2240-axion","status":"publish","type":"page","link":"https:\/\/gridenergy.ma\/fr\/produit-sel-2240-axion\/","title":{"rendered":"SEL-2240 Axion"},"content":{"rendered":"\t\t<div data-elementor-type=\"wp-page\" data-elementor-id=\"14648\" class=\"elementor elementor-14648\" data-elementor-post-type=\"page\">\n\t\t\t\t\t\t<section class=\"elementor-section elementor-top-section elementor-element elementor-element-0d8d88c page-title-section elementor-section-stretched elementor-section-boxed elementor-section-height-default elementor-section-height-default\" data-id=\"0d8d88c\" data-element_type=\"section\" data-e-type=\"section\" data-settings=\"{&quot;background_background&quot;:&quot;classic&quot;,&quot;stretch_section&quot;:&quot;section-stretched&quot;}\">\n\t\t\t\t\t\t\t<div class=\"elementor-background-overlay\"><\/div>\n\t\t\t\t\t\t\t<div class=\"elementor-container elementor-column-gap-extended\">\n\t\t\t\t\t<div class=\"elementor-column elementor-col-100 elementor-top-column elementor-element elementor-element-f0e7536\" data-id=\"f0e7536\" data-element_type=\"column\" data-e-type=\"column\">\n\t\t\t<div class=\"elementor-widget-wrap elementor-element-populated\">\n\t\t\t\t\t\t<div class=\"elementor-element elementor-element-fe62040 mb-0 elementor-widget elementor-widget-text-editor\" data-id=\"fe62040\" data-element_type=\"widget\" data-e-type=\"widget\" data-widget_type=\"text-editor.default\">\n\t\t\t\t<div class=\"elementor-widget-container\">\n\t\t\t\t\t\t\t\t\t<h1 class=\"mb-lg-0\">SEL-2240<\/h1>\t\t\t\t\t\t\t\t<\/div>\n\t\t\t\t<\/div>\n\t\t\t\t<div class=\"elementor-element elementor-element-8fd4710 mb-0 elementor-widget elementor-widget-text-editor\" data-id=\"8fd4710\" data-element_type=\"widget\" data-e-type=\"widget\" data-widget_type=\"text-editor.default\">\n\t\t\t\t<div class=\"elementor-widget-container\">\n\t\t\t\t\t\t\t\t\t<ul><li><a href=\"https:\/\/gridenergy.ma\/\">Accueil<\/a><\/li><li>SEL<\/li><\/ul>\t\t\t\t\t\t\t\t<\/div>\n\t\t\t\t<\/div>\n\t\t\t\t\t<\/div>\n\t\t<\/div>\n\t\t\t\t\t<\/div>\n\t\t<\/section>\n\t\t<div class=\"elementor-element elementor-element-ebe2e4e e-flex e-con-boxed e-con e-parent\" data-id=\"ebe2e4e\" data-element_type=\"container\" data-e-type=\"container\">\n\t\t\t\t\t<div class=\"e-con-inner\">\n\t\t<div class=\"elementor-element elementor-element-327ce8d e-con-full e-flex e-con e-child\" data-id=\"327ce8d\" data-element_type=\"container\" data-e-type=\"container\">\n\t\t\t\t<div class=\"elementor-element elementor-element-d77603f elementor-widget__width-initial elementor-widget elementor-widget-image\" data-id=\"d77603f\" data-element_type=\"widget\" data-e-type=\"widget\" data-widget_type=\"image.default\">\n\t\t\t\t<div class=\"elementor-widget-container\">\n\t\t\t\t\t\t\t\t\t\t\t\t\t\t\t<img fetchpriority=\"high\" decoding=\"async\" width=\"760\" height=\"418\" src=\"https:\/\/gridenergy.ma\/wp-content\/uploads\/2025\/04\/MKTGREN-320_AXION_2240_LDM_bayScreen_dual_F_01.jpg\" class=\"attachment-large size-large wp-image-14650\" alt=\"\" srcset=\"https:\/\/gridenergy.ma\/wp-content\/uploads\/2025\/04\/MKTGREN-320_AXION_2240_LDM_bayScreen_dual_F_01.jpg 760w, https:\/\/gridenergy.ma\/wp-content\/uploads\/2025\/04\/MKTGREN-320_AXION_2240_LDM_bayScreen_dual_F_01-300x165.jpg 300w\" sizes=\"(max-width: 760px) 100vw, 760px\" \/>\t\t\t\t\t\t\t\t\t\t\t\t\t\t\t<\/div>\n\t\t\t\t<\/div>\n\t\t\t\t<\/div>\n\t\t<div class=\"elementor-element elementor-element-5733829 e-con-full e-flex e-con e-child\" data-id=\"5733829\" data-element_type=\"container\" data-e-type=\"container\">\n\t\t\t\t<div class=\"elementor-element elementor-element-aad65be elementor-widget elementor-widget-heading\" data-id=\"aad65be\" data-element_type=\"widget\" data-e-type=\"widget\" data-widget_type=\"heading.default\">\n\t\t\t\t<div class=\"elementor-widget-container\">\n\t\t\t\t\t<h2 class=\"elementor-heading-title elementor-size-default\">SEL-2240 Axion<\/h2>\t\t\t\t<\/div>\n\t\t\t\t<\/div>\n\t\t\t\t<div class=\"elementor-element elementor-element-2e9eb53 elementor-widget elementor-widget-text-editor\" data-id=\"2e9eb53\" data-element_type=\"widget\" data-e-type=\"widget\" data-widget_type=\"text-editor.default\">\n\t\t\t\t<div class=\"elementor-widget-container\">\n\t\t\t\t\t\t\t\t\t<p style=\"font-weight: 400;\">Le SEL-2240 Axion est une solution modulaire d&#8217;entr\u00e9e\/sortie (E\/S) et de contr\u00f4le enti\u00e8rement int\u00e9gr\u00e9e pour les applications de service public et industrielles, y compris une utilisation comme unit\u00e9 de terminal \u00e0 distance (RTU) ou comme contr\u00f4leur logique programmable (PLC) ultra-renforc\u00e9. Avec un \u00e9cran tactile couleur de 7 pouces en option, l&#8217;Axion est \u00e9galement id\u00e9al pour les applications en tant qu&#8217;unit\u00e9 de contr\u00f4le de baie.<\/p>\t\t\t\t\t\t\t\t<\/div>\n\t\t\t\t<\/div>\n\t\t\t\t<div class=\"elementor-element elementor-element-b950aaa elementor-mobile-align-center elementor-widget elementor-widget-button\" data-id=\"b950aaa\" data-element_type=\"widget\" data-e-type=\"widget\" data-widget_type=\"button.default\">\n\t\t\t\t<div class=\"elementor-widget-container\">\n\t\t\t\t\t\t\t\t\t<div class=\"elementor-button-wrapper\">\n\t\t\t\t\t<a class=\"elementor-button elementor-button-link elementor-size-sm\" href=\"https:\/\/gridenergy.ma\/contact\/\">\n\t\t\t\t\t\t<span class=\"elementor-button-content-wrapper\">\n\t\t\t\t\t\t\t\t\t<span class=\"elementor-button-text\">CONTACTEZ-NOUS<\/span>\n\t\t\t\t\t<\/span>\n\t\t\t\t\t<\/a>\n\t\t\t\t<\/div>\n\t\t\t\t\t\t\t\t<\/div>\n\t\t\t\t<\/div>\n\t\t\t\t<\/div>\n\t\t\t\t\t<\/div>\n\t\t\t\t<\/div>\n\t\t<div class=\"elementor-element elementor-element-a25297b e-flex e-con-boxed e-con e-parent\" data-id=\"a25297b\" data-element_type=\"container\" data-e-type=\"container\">\n\t\t\t\t\t<div class=\"e-con-inner\">\n\t\t\t\t<div class=\"elementor-element elementor-element-1ac3023 elementor-widget-divider--view-line elementor-widget elementor-widget-divider\" data-id=\"1ac3023\" data-element_type=\"widget\" data-e-type=\"widget\" data-widget_type=\"divider.default\">\n\t\t\t\t<div class=\"elementor-widget-container\">\n\t\t\t\t\t\t\t<div class=\"elementor-divider\">\n\t\t\t<span class=\"elementor-divider-separator\">\n\t\t\t\t\t\t<\/span>\n\t\t<\/div>\n\t\t\t\t\t\t<\/div>\n\t\t\t\t<\/div>\n\t\t\t\t\t<\/div>\n\t\t\t\t<\/div>\n\t\t<div class=\"elementor-element elementor-element-020f8d6 e-flex e-con-boxed e-con e-parent\" data-id=\"020f8d6\" data-element_type=\"container\" data-e-type=\"container\">\n\t\t\t\t\t<div class=\"e-con-inner\">\n\t\t<div class=\"elementor-element elementor-element-1c6a61b e-con-full e-flex e-con e-child\" data-id=\"1c6a61b\" data-element_type=\"container\" data-e-type=\"container\">\n\t\t\t\t<div class=\"elementor-element elementor-element-1ac4cdc elementor-widget elementor-widget-text-editor\" data-id=\"1ac4cdc\" data-element_type=\"widget\" data-e-type=\"widget\" data-widget_type=\"text-editor.default\">\n\t\t\t\t<div class=\"elementor-widget-container\">\n\t\t\t\t\t\t\t\t\t<p style=\"font-weight: 400;\">L&#8217;Axion combine les communications, la s\u00e9curit\u00e9 int\u00e9gr\u00e9e et le moteur logique CEI\u00a061131 de la famille de\u00a0<a href=\"https:\/\/selinc.com\/fr\/products\/rtac\/\">Contr\u00f4leurs d&#8217;automatisation en temps r\u00e9el (RTAC) SEL<\/a>\u00a0avec une solide suite de modules d&#8217;E\/S qui fournissent une performance de contr\u00f4le d\u00e9terministe et grande vitesse sur un \u00e9seau EtherCAT.\u00a0Les contr\u00f4leurs d&#8217;automatisation en temps r\u00e9el SEL-3530-4, SEL-3555, SEL-3560S et SEL-3560E et le module RTAC SEL-2241 peuvent tous fonctionner comme CPU d&#8217;une plateforme Axion. Pour plus d&#8217;informations sur la plateforme d&#8217;automatisation RTAC, ses applications et d&#8217;autres mod\u00e8les disponibles, consultez la\u00a0<a href=\"https:\/\/selinc.com\/fr\/products\/rtac\/\">page de la plateforme RTAC<\/a>.<\/p>\t\t\t\t\t\t\t\t<\/div>\n\t\t\t\t<\/div>\n\t\t\t\t<div class=\"elementor-element elementor-element-79a8683 elementor-mobile-align-center elementor-widget elementor-widget-button\" data-id=\"79a8683\" data-element_type=\"widget\" data-e-type=\"widget\" data-widget_type=\"button.default\">\n\t\t\t\t<div class=\"elementor-widget-container\">\n\t\t\t\t\t\t\t\t\t<div class=\"elementor-button-wrapper\">\n\t\t\t\t\t<a class=\"elementor-button elementor-button-link elementor-size-sm\" href=\"https:\/\/gridenergy.ma\/contact\/\">\n\t\t\t\t\t\t<span class=\"elementor-button-content-wrapper\">\n\t\t\t\t\t\t\t\t\t<span class=\"elementor-button-text\">DEMANDER UN DEVIS<\/span>\n\t\t\t\t\t<\/span>\n\t\t\t\t\t<\/a>\n\t\t\t\t<\/div>\n\t\t\t\t\t\t\t\t<\/div>\n\t\t\t\t<\/div>\n\t\t\t\t<\/div>\n\t\t<div class=\"elementor-element elementor-element-9debea2 e-con-full e-flex e-con e-child\" data-id=\"9debea2\" data-element_type=\"container\" data-e-type=\"container\">\n\t\t\t\t<div class=\"elementor-element elementor-element-f528a17 elementor-widget elementor-widget-image\" data-id=\"f528a17\" data-element_type=\"widget\" data-e-type=\"widget\" data-widget_type=\"image.default\">\n\t\t\t\t<div class=\"elementor-widget-container\">\n\t\t\t\t\t\t\t\t\t\t\t\t\t\t\t<img decoding=\"async\" width=\"900\" height=\"457\" src=\"https:\/\/gridenergy.ma\/wp-content\/uploads\/2025\/04\/2240-Touchscreen.png-1024x520.jpeg\" class=\"attachment-large size-large wp-image-14651\" alt=\"\" srcset=\"https:\/\/gridenergy.ma\/wp-content\/uploads\/2025\/04\/2240-Touchscreen.png-1024x520.jpeg 1024w, https:\/\/gridenergy.ma\/wp-content\/uploads\/2025\/04\/2240-Touchscreen.png-300x152.jpeg 300w, https:\/\/gridenergy.ma\/wp-content\/uploads\/2025\/04\/2240-Touchscreen.png-768x390.jpeg 768w, https:\/\/gridenergy.ma\/wp-content\/uploads\/2025\/04\/2240-Touchscreen.png.jpeg 1440w\" sizes=\"(max-width: 900px) 100vw, 900px\" \/>\t\t\t\t\t\t\t\t\t\t\t\t\t\t\t<\/div>\n\t\t\t\t<\/div>\n\t\t\t\t<\/div>\n\t\t\t\t\t<\/div>\n\t\t\t\t<\/div>\n\t\t\t\t<\/div>\n\t\t","protected":false},"excerpt":{"rendered":"<p>SEL-2240 Accueil SEL SEL-2240 Axion Le SEL-2240 Axion est une solution modulaire d&#8217;entr\u00e9e\/sortie (E\/S) et de contr\u00f4le enti\u00e8rement int\u00e9gr\u00e9e pour les applications de service public et industrielles, y compris une utilisation comme unit\u00e9 de terminal \u00e0 distance (RTU) ou comme contr\u00f4leur logique programmable (PLC) ultra-renforc\u00e9. Avec un \u00e9cran tactile couleur de 7 pouces en option, [&hellip;]<\/p>\n","protected":false},"author":1,"featured_media":0,"parent":0,"menu_order":0,"comment_status":"closed","ping_status":"closed","template":"page-templates\/home.php","meta":{"footnotes":""},"class_list":["post-14648","page","type-page","status-publish","hentry"],"yoast_head":"<!-- This site is optimized with the Yoast SEO plugin v27.4 - https:\/\/yoast.com\/product\/yoast-seo-wordpress\/ -->\n<title>SEL-2240 Axion - Grid Energy Company<\/title>\n<meta name=\"robots\" content=\"index, follow, max-snippet:-1, max-image-preview:large, max-video-preview:-1\" \/>\n<link rel=\"canonical\" href=\"https:\/\/gridenergy.ma\/fr\/produit-sel-2240-axion\/\" \/>\n<meta property=\"og:locale\" content=\"fr_FR\" \/>\n<meta property=\"og:type\" content=\"article\" \/>\n<meta property=\"og:title\" content=\"SEL-2240 Axion - Grid Energy Company\" \/>\n<meta property=\"og:description\" content=\"SEL-2240 Accueil SEL SEL-2240 Axion Le SEL-2240 Axion est une solution modulaire d&#8217;entr\u00e9e\/sortie (E\/S) et de contr\u00f4le enti\u00e8rement int\u00e9gr\u00e9e pour les applications de service public et industrielles, y compris une utilisation comme unit\u00e9 de terminal \u00e0 distance (RTU) ou comme contr\u00f4leur logique programmable (PLC) ultra-renforc\u00e9. Avec un \u00e9cran tactile couleur de 7 pouces en option, [&hellip;]\" \/>\n<meta property=\"og:url\" content=\"https:\/\/gridenergy.ma\/fr\/produit-sel-2240-axion\/\" \/>\n<meta property=\"og:site_name\" content=\"Grid Energy Company\" \/>\n<meta property=\"article:modified_time\" content=\"2025-04-29T12:26:30+00:00\" \/>\n<meta property=\"og:image\" content=\"https:\/\/gridenergy.ma\/wp-content\/uploads\/2025\/04\/MKTGREN-320_AXION_2240_LDM_bayScreen_dual_F_01.jpg\" \/>\n<meta name=\"twitter:card\" content=\"summary_large_image\" \/>\n<meta name=\"twitter:label1\" content=\"Dur\u00e9e de lecture estim\u00e9e\" \/>\n\t<meta name=\"twitter:data1\" content=\"1 minute\" \/>\n<script type=\"application\/ld+json\" class=\"yoast-schema-graph\">{\"@context\":\"https:\\\/\\\/schema.org\",\"@graph\":[{\"@type\":\"WebPage\",\"@id\":\"https:\\\/\\\/gridenergy.ma\\\/produit-sel-2240-axion\\\/\",\"url\":\"https:\\\/\\\/gridenergy.ma\\\/produit-sel-2240-axion\\\/\",\"name\":\"SEL-2240 Axion - Grid Energy Company\",\"isPartOf\":{\"@id\":\"https:\\\/\\\/gridenergy.ma\\\/en\\\/#website\"},\"primaryImageOfPage\":{\"@id\":\"https:\\\/\\\/gridenergy.ma\\\/produit-sel-2240-axion\\\/#primaryimage\"},\"image\":{\"@id\":\"https:\\\/\\\/gridenergy.ma\\\/produit-sel-2240-axion\\\/#primaryimage\"},\"thumbnailUrl\":\"https:\\\/\\\/gridenergy.ma\\\/wp-content\\\/uploads\\\/2025\\\/04\\\/MKTGREN-320_AXION_2240_LDM_bayScreen_dual_F_01.jpg\",\"datePublished\":\"2025-04-29T12:21:52+00:00\",\"dateModified\":\"2025-04-29T12:26:30+00:00\",\"breadcrumb\":{\"@id\":\"https:\\\/\\\/gridenergy.ma\\\/produit-sel-2240-axion\\\/#breadcrumb\"},\"inLanguage\":\"fr-FR\",\"potentialAction\":[{\"@type\":\"ReadAction\",\"target\":[\"https:\\\/\\\/gridenergy.ma\\\/produit-sel-2240-axion\\\/\"]}]},{\"@type\":\"ImageObject\",\"inLanguage\":\"fr-FR\",\"@id\":\"https:\\\/\\\/gridenergy.ma\\\/produit-sel-2240-axion\\\/#primaryimage\",\"url\":\"https:\\\/\\\/gridenergy.ma\\\/wp-content\\\/uploads\\\/2025\\\/04\\\/MKTGREN-320_AXION_2240_LDM_bayScreen_dual_F_01.jpg\",\"contentUrl\":\"https:\\\/\\\/gridenergy.ma\\\/wp-content\\\/uploads\\\/2025\\\/04\\\/MKTGREN-320_AXION_2240_LDM_bayScreen_dual_F_01.jpg\"},{\"@type\":\"BreadcrumbList\",\"@id\":\"https:\\\/\\\/gridenergy.ma\\\/produit-sel-2240-axion\\\/#breadcrumb\",\"itemListElement\":[{\"@type\":\"ListItem\",\"position\":1,\"name\":\"Accueil\",\"item\":\"https:\\\/\\\/gridenergy.ma\\\/fr\\\/\"},{\"@type\":\"ListItem\",\"position\":2,\"name\":\"SEL-2240 Axion\"}]},{\"@type\":\"WebSite\",\"@id\":\"https:\\\/\\\/gridenergy.ma\\\/en\\\/#website\",\"url\":\"https:\\\/\\\/gridenergy.ma\\\/en\\\/\",\"name\":\"Grid Energy Company\",\"description\":\"Solutions \u00e9lectriques innovantes\",\"potentialAction\":[{\"@type\":\"SearchAction\",\"target\":{\"@type\":\"EntryPoint\",\"urlTemplate\":\"https:\\\/\\\/gridenergy.ma\\\/en\\\/?s={search_term_string}\"},\"query-input\":{\"@type\":\"PropertyValueSpecification\",\"valueRequired\":true,\"valueName\":\"search_term_string\"}}],\"inLanguage\":\"fr-FR\"}]}<\/script>\n<!-- \/ Yoast SEO plugin. -->","yoast_head_json":{"title":"SEL-2240 Axion - Grid Energy Company","robots":{"index":"index","follow":"follow","max-snippet":"max-snippet:-1","max-image-preview":"max-image-preview:large","max-video-preview":"max-video-preview:-1"},"canonical":"https:\/\/gridenergy.ma\/fr\/produit-sel-2240-axion\/","og_locale":"fr_FR","og_type":"article","og_title":"SEL-2240 Axion - Grid Energy Company","og_description":"SEL-2240 Accueil SEL SEL-2240 Axion Le SEL-2240 Axion est une solution modulaire d&#8217;entr\u00e9e\/sortie (E\/S) et de contr\u00f4le enti\u00e8rement int\u00e9gr\u00e9e pour les applications de service public et industrielles, y compris une utilisation comme unit\u00e9 de terminal \u00e0 distance (RTU) ou comme contr\u00f4leur logique programmable (PLC) ultra-renforc\u00e9. Avec un \u00e9cran tactile couleur de 7 pouces en option, [&hellip;]","og_url":"https:\/\/gridenergy.ma\/fr\/produit-sel-2240-axion\/","og_site_name":"Grid Energy Company","article_modified_time":"2025-04-29T12:26:30+00:00","og_image":[{"url":"https:\/\/gridenergy.ma\/wp-content\/uploads\/2025\/04\/MKTGREN-320_AXION_2240_LDM_bayScreen_dual_F_01.jpg","type":"","width":"","height":""}],"twitter_card":"summary_large_image","twitter_misc":{"Dur\u00e9e de lecture estim\u00e9e":"1 minute"},"schema":{"@context":"https:\/\/schema.org","@graph":[{"@type":"WebPage","@id":"https:\/\/gridenergy.ma\/produit-sel-2240-axion\/","url":"https:\/\/gridenergy.ma\/produit-sel-2240-axion\/","name":"SEL-2240 Axion - Grid Energy Company","isPartOf":{"@id":"https:\/\/gridenergy.ma\/en\/#website"},"primaryImageOfPage":{"@id":"https:\/\/gridenergy.ma\/produit-sel-2240-axion\/#primaryimage"},"image":{"@id":"https:\/\/gridenergy.ma\/produit-sel-2240-axion\/#primaryimage"},"thumbnailUrl":"https:\/\/gridenergy.ma\/wp-content\/uploads\/2025\/04\/MKTGREN-320_AXION_2240_LDM_bayScreen_dual_F_01.jpg","datePublished":"2025-04-29T12:21:52+00:00","dateModified":"2025-04-29T12:26:30+00:00","breadcrumb":{"@id":"https:\/\/gridenergy.ma\/produit-sel-2240-axion\/#breadcrumb"},"inLanguage":"fr-FR","potentialAction":[{"@type":"ReadAction","target":["https:\/\/gridenergy.ma\/produit-sel-2240-axion\/"]}]},{"@type":"ImageObject","inLanguage":"fr-FR","@id":"https:\/\/gridenergy.ma\/produit-sel-2240-axion\/#primaryimage","url":"https:\/\/gridenergy.ma\/wp-content\/uploads\/2025\/04\/MKTGREN-320_AXION_2240_LDM_bayScreen_dual_F_01.jpg","contentUrl":"https:\/\/gridenergy.ma\/wp-content\/uploads\/2025\/04\/MKTGREN-320_AXION_2240_LDM_bayScreen_dual_F_01.jpg"},{"@type":"BreadcrumbList","@id":"https:\/\/gridenergy.ma\/produit-sel-2240-axion\/#breadcrumb","itemListElement":[{"@type":"ListItem","position":1,"name":"Accueil","item":"https:\/\/gridenergy.ma\/fr\/"},{"@type":"ListItem","position":2,"name":"SEL-2240 Axion"}]},{"@type":"WebSite","@id":"https:\/\/gridenergy.ma\/en\/#website","url":"https:\/\/gridenergy.ma\/en\/","name":"Grid Energy Company","description":"Solutions \u00e9lectriques innovantes","potentialAction":[{"@type":"SearchAction","target":{"@type":"EntryPoint","urlTemplate":"https:\/\/gridenergy.ma\/en\/?s={search_term_string}"},"query-input":{"@type":"PropertyValueSpecification","valueRequired":true,"valueName":"search_term_string"}}],"inLanguage":"fr-FR"}]}},"_links":{"self":[{"href":"https:\/\/gridenergy.ma\/fr\/wp-json\/wp\/v2\/pages\/14648","targetHints":{"allow":["GET"]}}],"collection":[{"href":"https:\/\/gridenergy.ma\/fr\/wp-json\/wp\/v2\/pages"}],"about":[{"href":"https:\/\/gridenergy.ma\/fr\/wp-json\/wp\/v2\/types\/page"}],"author":[{"embeddable":true,"href":"https:\/\/gridenergy.ma\/fr\/wp-json\/wp\/v2\/users\/1"}],"replies":[{"embeddable":true,"href":"https:\/\/gridenergy.ma\/fr\/wp-json\/wp\/v2\/comments?post=14648"}],"version-history":[{"count":4,"href":"https:\/\/gridenergy.ma\/fr\/wp-json\/wp\/v2\/pages\/14648\/revisions"}],"predecessor-version":[{"id":14654,"href":"https:\/\/gridenergy.ma\/fr\/wp-json\/wp\/v2\/pages\/14648\/revisions\/14654"}],"wp:attachment":[{"href":"https:\/\/gridenergy.ma\/fr\/wp-json\/wp\/v2\/media?parent=14648"}],"curies":[{"name":"wp","href":"https:\/\/api.w.org\/{rel}","templated":true}]}}