{"id":14617,"date":"2025-04-29T11:54:18","date_gmt":"2025-04-29T11:54:18","guid":{"rendered":"https:\/\/gridenergy.ma\/?page_id=14617"},"modified":"2025-04-29T12:00:56","modified_gmt":"2025-04-29T12:00:56","slug":"produit-omicron-cibano-500","status":"publish","type":"page","link":"https:\/\/gridenergy.ma\/fr\/produit-omicron-cibano-500\/","title":{"rendered":"CIBANO 500"},"content":{"rendered":"\t\t<div data-elementor-type=\"wp-page\" data-elementor-id=\"14617\" class=\"elementor elementor-14617\" data-elementor-post-type=\"page\">\n\t\t\t\t\t\t<section class=\"elementor-section elementor-top-section elementor-element elementor-element-0d8d88c page-title-section elementor-section-stretched elementor-section-boxed elementor-section-height-default elementor-section-height-default\" data-id=\"0d8d88c\" data-element_type=\"section\" data-e-type=\"section\" data-settings=\"{&quot;background_background&quot;:&quot;classic&quot;,&quot;stretch_section&quot;:&quot;section-stretched&quot;}\">\n\t\t\t\t\t\t\t<div class=\"elementor-background-overlay\"><\/div>\n\t\t\t\t\t\t\t<div class=\"elementor-container elementor-column-gap-extended\">\n\t\t\t\t\t<div class=\"elementor-column elementor-col-100 elementor-top-column elementor-element elementor-element-f0e7536\" data-id=\"f0e7536\" data-element_type=\"column\" data-e-type=\"column\">\n\t\t\t<div class=\"elementor-widget-wrap elementor-element-populated\">\n\t\t\t\t\t\t<div class=\"elementor-element elementor-element-fe62040 mb-0 elementor-widget elementor-widget-text-editor\" data-id=\"fe62040\" data-element_type=\"widget\" data-e-type=\"widget\" data-widget_type=\"text-editor.default\">\n\t\t\t\t<div class=\"elementor-widget-container\">\n\t\t\t\t\t\t\t\t\t<h1 class=\"mb-lg-0\">Cibano 500<\/h1>\t\t\t\t\t\t\t\t<\/div>\n\t\t\t\t<\/div>\n\t\t\t\t<div class=\"elementor-element elementor-element-8fd4710 mb-0 elementor-widget elementor-widget-text-editor\" data-id=\"8fd4710\" data-element_type=\"widget\" data-e-type=\"widget\" data-widget_type=\"text-editor.default\">\n\t\t\t\t<div class=\"elementor-widget-container\">\n\t\t\t\t\t\t\t\t\t<ul><li><a href=\"https:\/\/gridenergy.ma\/\">Accueil<\/a><\/li><li>Omicron<\/li><\/ul>\t\t\t\t\t\t\t\t<\/div>\n\t\t\t\t<\/div>\n\t\t\t\t\t<\/div>\n\t\t<\/div>\n\t\t\t\t\t<\/div>\n\t\t<\/section>\n\t\t<div class=\"elementor-element elementor-element-ebe2e4e e-flex e-con-boxed e-con e-parent\" data-id=\"ebe2e4e\" data-element_type=\"container\" data-e-type=\"container\">\n\t\t\t\t\t<div class=\"e-con-inner\">\n\t\t<div class=\"elementor-element elementor-element-327ce8d e-con-full e-flex e-con e-child\" data-id=\"327ce8d\" data-element_type=\"container\" data-e-type=\"container\">\n\t\t\t\t<div class=\"elementor-element elementor-element-d77603f elementor-widget__width-initial elementor-widget elementor-widget-image\" data-id=\"d77603f\" data-element_type=\"widget\" data-e-type=\"widget\" data-widget_type=\"image.default\">\n\t\t\t\t<div class=\"elementor-widget-container\">\n\t\t\t\t\t\t\t\t\t\t\t\t\t\t\t<img fetchpriority=\"high\" decoding=\"async\" width=\"900\" height=\"675\" src=\"https:\/\/gridenergy.ma\/wp-content\/uploads\/2025\/04\/csm_CIBANO-500-keyvisual_f482318550-1024x768.png\" class=\"attachment-large size-large wp-image-14619\" alt=\"\" srcset=\"https:\/\/gridenergy.ma\/wp-content\/uploads\/2025\/04\/csm_CIBANO-500-keyvisual_f482318550-1024x768.png 1024w, https:\/\/gridenergy.ma\/wp-content\/uploads\/2025\/04\/csm_CIBANO-500-keyvisual_f482318550-300x225.png 300w, https:\/\/gridenergy.ma\/wp-content\/uploads\/2025\/04\/csm_CIBANO-500-keyvisual_f482318550-768x576.png 768w, https:\/\/gridenergy.ma\/wp-content\/uploads\/2025\/04\/csm_CIBANO-500-keyvisual_f482318550-1536x1152.png 1536w, https:\/\/gridenergy.ma\/wp-content\/uploads\/2025\/04\/csm_CIBANO-500-keyvisual_f482318550.png 1662w\" sizes=\"(max-width: 900px) 100vw, 900px\" \/>\t\t\t\t\t\t\t\t\t\t\t\t\t\t\t<\/div>\n\t\t\t\t<\/div>\n\t\t\t\t<\/div>\n\t\t<div class=\"elementor-element elementor-element-5733829 e-con-full e-flex e-con e-child\" data-id=\"5733829\" data-element_type=\"container\" data-e-type=\"container\">\n\t\t\t\t<div class=\"elementor-element elementor-element-aad65be elementor-widget elementor-widget-heading\" data-id=\"aad65be\" data-element_type=\"widget\" data-e-type=\"widget\" data-widget_type=\"heading.default\">\n\t\t\t\t<div class=\"elementor-widget-container\">\n\t\t\t\t\t<h2 class=\"elementor-heading-title elementor-size-default\">Cibano 500<\/h2>\t\t\t\t<\/div>\n\t\t\t\t<\/div>\n\t\t\t\t<div class=\"elementor-element elementor-element-2e9eb53 elementor-widget elementor-widget-text-editor\" data-id=\"2e9eb53\" data-element_type=\"widget\" data-e-type=\"widget\" data-widget_type=\"text-editor.default\">\n\t\t\t\t<div class=\"elementor-widget-container\">\n\t\t\t\t\t\t\t\t\t<p style=\"font-weight: 400;\">Syst\u00e8me de test 3-en-1 pour disjoncteurs moyenne et haute tension.<\/p>\t\t\t\t\t\t\t\t<\/div>\n\t\t\t\t<\/div>\n\t\t\t\t<div class=\"elementor-element elementor-element-b950aaa elementor-mobile-align-center elementor-widget elementor-widget-button\" data-id=\"b950aaa\" data-element_type=\"widget\" data-e-type=\"widget\" data-widget_type=\"button.default\">\n\t\t\t\t<div class=\"elementor-widget-container\">\n\t\t\t\t\t\t\t\t\t<div class=\"elementor-button-wrapper\">\n\t\t\t\t\t<a class=\"elementor-button elementor-button-link elementor-size-sm\" href=\"https:\/\/gridenergy.ma\/contact\/\">\n\t\t\t\t\t\t<span class=\"elementor-button-content-wrapper\">\n\t\t\t\t\t\t\t\t\t<span class=\"elementor-button-text\">CONTACTEZ-NOUS<\/span>\n\t\t\t\t\t<\/span>\n\t\t\t\t\t<\/a>\n\t\t\t\t<\/div>\n\t\t\t\t\t\t\t\t<\/div>\n\t\t\t\t<\/div>\n\t\t\t\t<\/div>\n\t\t\t\t\t<\/div>\n\t\t\t\t<\/div>\n\t\t<div class=\"elementor-element elementor-element-a25297b e-flex e-con-boxed e-con e-parent\" data-id=\"a25297b\" data-element_type=\"container\" data-e-type=\"container\">\n\t\t\t\t\t<div class=\"e-con-inner\">\n\t\t\t\t<div class=\"elementor-element elementor-element-1ac3023 elementor-widget-divider--view-line elementor-widget elementor-widget-divider\" data-id=\"1ac3023\" data-element_type=\"widget\" data-e-type=\"widget\" data-widget_type=\"divider.default\">\n\t\t\t\t<div class=\"elementor-widget-container\">\n\t\t\t\t\t\t\t<div class=\"elementor-divider\">\n\t\t\t<span class=\"elementor-divider-separator\">\n\t\t\t\t\t\t<\/span>\n\t\t<\/div>\n\t\t\t\t\t\t<\/div>\n\t\t\t\t<\/div>\n\t\t\t\t\t<\/div>\n\t\t\t\t<\/div>\n\t\t<div class=\"elementor-element elementor-element-020f8d6 e-flex e-con-boxed e-con e-parent\" data-id=\"020f8d6\" data-element_type=\"container\" data-e-type=\"container\">\n\t\t\t\t\t<div class=\"e-con-inner\">\n\t\t<div class=\"elementor-element elementor-element-1c6a61b e-con-full e-flex e-con e-child\" data-id=\"1c6a61b\" data-element_type=\"container\" data-e-type=\"container\">\n\t\t\t\t<div class=\"elementor-element elementor-element-117a5bb elementor-widget elementor-widget-heading\" data-id=\"117a5bb\" data-element_type=\"widget\" data-e-type=\"widget\" data-widget_type=\"heading.default\">\n\t\t\t\t<div class=\"elementor-widget-container\">\n\t\t\t\t\t<h2 class=\"elementor-heading-title elementor-size-default\">CIBANO 500 : Un appareil \u2013 trois fonctions<\/h2>\t\t\t\t<\/div>\n\t\t\t\t<\/div>\n\t\t\t\t<div class=\"elementor-element elementor-element-1ac4cdc elementor-widget elementor-widget-text-editor\" data-id=\"1ac4cdc\" data-element_type=\"widget\" data-e-type=\"widget\" data-widget_type=\"text-editor.default\">\n\t\t\t\t<div class=\"elementor-widget-container\">\n\t\t\t\t\t\t\t\t\t<p style=\"font-weight: 400;\">Le CIBANO\u00a0500 combine un micro-ohmm\u00e8tre, un multi-chronographe et une alimentation bobine et moteur. Tous les tests importants de disjoncteur peuvent \u00eatre effectu\u00e9s, m\u00eame en l\u2019absence d\u2019alimentation auxiliaire du poste.<\/p><p style=\"font-weight: 400;\">Sa technologie de connexion totalement innovante r\u00e9duit de moiti\u00e9 le c\u00e2blage et le temps n\u00e9cessaires. De plus, le logiciel Primary Test Manager Software\u2122\u00a0(PTM) et la biblioth\u00e8que Circuit Breaker Testing Library (CBTL) incluse garantissent un fonctionnement pratique et produisent un rapport clair et synth\u00e9tique de tous les tests effectu\u00e9s.<\/p><p style=\"font-weight: 400;\">Un syst\u00e8me pour tous les types de disjoncteurs<\/p><p style=\"font-weight: 400;\">Le CIBANO\u00a0500 est le syst\u00e8me de test id\u00e9al pour<\/p><ul style=\"font-weight: 400;\"><li>les disjoncteurs moyenne tension,<\/li><li>les disjoncteurs haute tension qu\u2019ils soient \u00e0 cuve sous tension, \u00e0 cuve mise \u00e0 la terre ou dans des postes sous enveloppe m\u00e9tallique (PSEM \/ GIS).<\/li><\/ul><p style=\"font-weight: 400;\">La r\u00e9duction des op\u00e9rations de rec\u00e2blage permet des tests tr\u00e8s courts. L\u2019alimentation \u00e9lectrique int\u00e9gr\u00e9e assure un fonctionnement s\u00fbr et ind\u00e9pendant. Avec les disjoncteurs \u00e0 cuve sous tension et PSEM haute tension, les mesures des temps de r\u00e9ponse peuvent \u00eatre r\u00e9alis\u00e9es avec les deux c\u00f4t\u00e9s du disjoncteur \u00e0 la terre. Avec les disjoncteurs \u00e0 cuve mise \u00e0 la terre et PSEM haute tension, les TC int\u00e9gr\u00e9s peuvent \u00eatre d\u00e9magn\u00e9tis\u00e9s.<\/p>\t\t\t\t\t\t\t\t<\/div>\n\t\t\t\t<\/div>\n\t\t\t\t<div class=\"elementor-element elementor-element-79a8683 elementor-mobile-align-center elementor-widget elementor-widget-button\" data-id=\"79a8683\" data-element_type=\"widget\" data-e-type=\"widget\" data-widget_type=\"button.default\">\n\t\t\t\t<div class=\"elementor-widget-container\">\n\t\t\t\t\t\t\t\t\t<div class=\"elementor-button-wrapper\">\n\t\t\t\t\t<a class=\"elementor-button elementor-button-link elementor-size-sm\" href=\"https:\/\/gridenergy.ma\/contact\/\">\n\t\t\t\t\t\t<span class=\"elementor-button-content-wrapper\">\n\t\t\t\t\t\t\t\t\t<span class=\"elementor-button-text\">CONTACTEZ-NOUS<\/span>\n\t\t\t\t\t<\/span>\n\t\t\t\t\t<\/a>\n\t\t\t\t<\/div>\n\t\t\t\t\t\t\t\t<\/div>\n\t\t\t\t<\/div>\n\t\t\t\t<\/div>\n\t\t<div class=\"elementor-element elementor-element-9debea2 e-con-full e-flex e-con e-child\" data-id=\"9debea2\" data-element_type=\"container\" data-e-type=\"container\">\n\t\t\t\t<div class=\"elementor-element elementor-element-f528a17 elementor-widget elementor-widget-image\" data-id=\"f528a17\" data-element_type=\"widget\" data-e-type=\"widget\" data-widget_type=\"image.default\">\n\t\t\t\t<div class=\"elementor-widget-container\">\n\t\t\t\t\t\t\t\t\t\t\t\t\t\t\t<img decoding=\"async\" width=\"900\" height=\"675\" src=\"https:\/\/gridenergy.ma\/wp-content\/uploads\/2025\/04\/csm_CIBANO-500-description-fra_07f422e87b-1024x768.png\" class=\"attachment-large size-large wp-image-14620\" alt=\"\" srcset=\"https:\/\/gridenergy.ma\/wp-content\/uploads\/2025\/04\/csm_CIBANO-500-description-fra_07f422e87b-1024x768.png 1024w, https:\/\/gridenergy.ma\/wp-content\/uploads\/2025\/04\/csm_CIBANO-500-description-fra_07f422e87b-300x225.png 300w, https:\/\/gridenergy.ma\/wp-content\/uploads\/2025\/04\/csm_CIBANO-500-description-fra_07f422e87b-768x576.png 768w, https:\/\/gridenergy.ma\/wp-content\/uploads\/2025\/04\/csm_CIBANO-500-description-fra_07f422e87b.png 1440w\" sizes=\"(max-width: 900px) 100vw, 900px\" \/>\t\t\t\t\t\t\t\t\t\t\t\t\t\t\t<\/div>\n\t\t\t\t<\/div>\n\t\t\t\t<div class=\"elementor-element elementor-element-96ce720 elementor-widget elementor-widget-image\" data-id=\"96ce720\" data-element_type=\"widget\" data-e-type=\"widget\" data-widget_type=\"image.default\">\n\t\t\t\t<div class=\"elementor-widget-container\">\n\t\t\t\t\t\t\t\t\t\t\t\t\t\t\t<img decoding=\"async\" width=\"900\" height=\"679\" src=\"https:\/\/gridenergy.ma\/wp-content\/uploads\/2025\/04\/csm_CIBANO-500-custom-content1_8d6447f1fd-1024x772.png\" class=\"attachment-large size-large wp-image-14621\" alt=\"\" srcset=\"https:\/\/gridenergy.ma\/wp-content\/uploads\/2025\/04\/csm_CIBANO-500-custom-content1_8d6447f1fd-1024x772.png 1024w, https:\/\/gridenergy.ma\/wp-content\/uploads\/2025\/04\/csm_CIBANO-500-custom-content1_8d6447f1fd-300x226.png 300w, https:\/\/gridenergy.ma\/wp-content\/uploads\/2025\/04\/csm_CIBANO-500-custom-content1_8d6447f1fd-768x579.png 768w, https:\/\/gridenergy.ma\/wp-content\/uploads\/2025\/04\/csm_CIBANO-500-custom-content1_8d6447f1fd.png 1440w\" sizes=\"(max-width: 900px) 100vw, 900px\" \/>\t\t\t\t\t\t\t\t\t\t\t\t\t\t\t<\/div>\n\t\t\t\t<\/div>\n\t\t\t\t<\/div>\n\t\t\t\t\t<\/div>\n\t\t\t\t<\/div>\n\t\t<div class=\"elementor-element elementor-element-7bc902d e-flex e-con-boxed e-con e-parent\" data-id=\"7bc902d\" data-element_type=\"container\" data-e-type=\"container\" data-settings=\"{&quot;background_background&quot;:&quot;classic&quot;}\">\n\t\t\t\t\t<div class=\"e-con-inner\">\n\t\t<div class=\"elementor-element elementor-element-e5a2ac4 e-con-full e-flex e-con e-child\" data-id=\"e5a2ac4\" data-element_type=\"container\" data-e-type=\"container\">\n\t\t\t\t<div class=\"elementor-element elementor-element-f18d826 elementor-widget__width-initial elementor-widget elementor-widget-image\" data-id=\"f18d826\" data-element_type=\"widget\" data-e-type=\"widget\" data-widget_type=\"image.default\">\n\t\t\t\t<div class=\"elementor-widget-container\">\n\t\t\t\t\t\t\t\t\t\t\t\t\t\t\t<img loading=\"lazy\" decoding=\"async\" width=\"900\" height=\"675\" src=\"https:\/\/gridenergy.ma\/wp-content\/uploads\/2025\/04\/csm_CIBANO-500-keyvisual_f482318550-1-1024x768.png\" class=\"attachment-large size-large wp-image-14623\" alt=\"\" srcset=\"https:\/\/gridenergy.ma\/wp-content\/uploads\/2025\/04\/csm_CIBANO-500-keyvisual_f482318550-1-1024x768.png 1024w, https:\/\/gridenergy.ma\/wp-content\/uploads\/2025\/04\/csm_CIBANO-500-keyvisual_f482318550-1-300x225.png 300w, https:\/\/gridenergy.ma\/wp-content\/uploads\/2025\/04\/csm_CIBANO-500-keyvisual_f482318550-1-768x576.png 768w, https:\/\/gridenergy.ma\/wp-content\/uploads\/2025\/04\/csm_CIBANO-500-keyvisual_f482318550-1-1536x1152.png 1536w, https:\/\/gridenergy.ma\/wp-content\/uploads\/2025\/04\/csm_CIBANO-500-keyvisual_f482318550-1.png 1662w\" sizes=\"(max-width: 900px) 100vw, 900px\" \/>\t\t\t\t\t\t\t\t\t\t\t\t\t\t\t<\/div>\n\t\t\t\t<\/div>\n\t\t\t\t<\/div>\n\t\t<div class=\"elementor-element elementor-element-eeb2c32 e-con-full e-flex e-con e-child\" data-id=\"eeb2c32\" data-element_type=\"container\" data-e-type=\"container\">\n\t\t\t\t<div class=\"elementor-element elementor-element-1b954f6 elementor-widget elementor-widget-heading\" data-id=\"1b954f6\" data-element_type=\"widget\" data-e-type=\"widget\" data-widget_type=\"heading.default\">\n\t\t\t\t<div class=\"elementor-widget-container\">\n\t\t\t\t\t<h2 class=\"elementor-heading-title elementor-size-default\">Caract\u00e9ristiques essentielles<\/h2>\t\t\t\t<\/div>\n\t\t\t\t<\/div>\n\t\t\t\t<div class=\"elementor-element elementor-element-23903be elementor-widget elementor-widget-text-editor\" data-id=\"23903be\" data-element_type=\"widget\" data-e-type=\"widget\" data-widget_type=\"text-editor.default\">\n\t\t\t\t<div class=\"elementor-widget-container\">\n\t\t\t\t\t\t\t\t\t<ul style=\"font-weight: 400;\"><li>Syst\u00e8me 3-en-1 : micro-ohmm\u00e8tre, multi-chronographe et alimentation CA\/CC<\/li><li>Un seul syst\u00e8me pour les disjoncteurs moyenne et haute tension \u00e0 cuve sous tension, \u00e0 cuve mise \u00e0 la terre ou PSEM<\/li><li>Moins de c\u00e2blage<\/li><li>Un rapport clair pour tous les tests<\/li><li>Circuit Breaker Testing Library (CBTL)<\/li><li>Syst\u00e8me de test l\u00e9ger (20 kg)<\/li><\/ul>\t\t\t\t\t\t\t\t<\/div>\n\t\t\t\t<\/div>\n\t\t\t\t<\/div>\n\t\t\t\t\t<\/div>\n\t\t\t\t<\/div>\n\t\t\t\t<\/div>\n\t\t","protected":false},"excerpt":{"rendered":"<p>Cibano 500 Accueil Omicron Cibano 500 Syst\u00e8me de test 3-en-1 pour disjoncteurs moyenne et haute tension. CONTACTEZ-NOUS CIBANO 500 : Un appareil \u2013 trois fonctions Le CIBANO\u00a0500 combine un micro-ohmm\u00e8tre, un multi-chronographe et une alimentation bobine et moteur. Tous les tests importants de disjoncteur peuvent \u00eatre effectu\u00e9s, m\u00eame en l\u2019absence d\u2019alimentation auxiliaire du poste. Sa [&hellip;]<\/p>\n","protected":false},"author":1,"featured_media":0,"parent":0,"menu_order":0,"comment_status":"closed","ping_status":"closed","template":"page-templates\/home.php","meta":{"footnotes":""},"class_list":["post-14617","page","type-page","status-publish","hentry"],"yoast_head":"<!-- This site is optimized with the Yoast SEO plugin v27.5 - https:\/\/yoast.com\/product\/yoast-seo-wordpress\/ -->\n<title>CIBANO 500 - Grid Energy Company<\/title>\n<meta name=\"robots\" content=\"index, follow, max-snippet:-1, max-image-preview:large, max-video-preview:-1\" \/>\n<link rel=\"canonical\" href=\"https:\/\/gridenergy.ma\/fr\/produit-omicron-cibano-500\/\" \/>\n<meta property=\"og:locale\" content=\"fr_FR\" \/>\n<meta property=\"og:type\" content=\"article\" \/>\n<meta property=\"og:title\" content=\"CIBANO 500 - Grid Energy Company\" \/>\n<meta property=\"og:description\" content=\"Cibano 500 Accueil Omicron Cibano 500 Syst\u00e8me de test 3-en-1 pour disjoncteurs moyenne et haute tension. CONTACTEZ-NOUS CIBANO 500 : Un appareil \u2013 trois fonctions Le CIBANO\u00a0500 combine un micro-ohmm\u00e8tre, un multi-chronographe et une alimentation bobine et moteur. Tous les tests importants de disjoncteur peuvent \u00eatre effectu\u00e9s, m\u00eame en l\u2019absence d\u2019alimentation auxiliaire du poste. Sa [&hellip;]\" \/>\n<meta property=\"og:url\" content=\"https:\/\/gridenergy.ma\/fr\/produit-omicron-cibano-500\/\" \/>\n<meta property=\"og:site_name\" content=\"Grid Energy Company\" \/>\n<meta property=\"article:modified_time\" content=\"2025-04-29T12:00:56+00:00\" \/>\n<meta property=\"og:image\" content=\"https:\/\/gridenergy.ma\/wp-content\/uploads\/2025\/04\/csm_CIBANO-500-keyvisual_f482318550-1024x768.png\" \/>\n<meta name=\"twitter:card\" content=\"summary_large_image\" \/>\n<meta name=\"twitter:label1\" content=\"Dur\u00e9e de lecture estim\u00e9e\" \/>\n\t<meta name=\"twitter:data1\" content=\"1 minute\" \/>\n<script type=\"application\/ld+json\" class=\"yoast-schema-graph\">{\"@context\":\"https:\\\/\\\/schema.org\",\"@graph\":[{\"@type\":\"WebPage\",\"@id\":\"https:\\\/\\\/gridenergy.ma\\\/produit-omicron-cibano-500\\\/\",\"url\":\"https:\\\/\\\/gridenergy.ma\\\/produit-omicron-cibano-500\\\/\",\"name\":\"CIBANO 500 - Grid Energy Company\",\"isPartOf\":{\"@id\":\"https:\\\/\\\/gridenergy.ma\\\/en\\\/#website\"},\"primaryImageOfPage\":{\"@id\":\"https:\\\/\\\/gridenergy.ma\\\/produit-omicron-cibano-500\\\/#primaryimage\"},\"image\":{\"@id\":\"https:\\\/\\\/gridenergy.ma\\\/produit-omicron-cibano-500\\\/#primaryimage\"},\"thumbnailUrl\":\"https:\\\/\\\/gridenergy.ma\\\/wp-content\\\/uploads\\\/2025\\\/04\\\/csm_CIBANO-500-keyvisual_f482318550-1024x768.png\",\"datePublished\":\"2025-04-29T11:54:18+00:00\",\"dateModified\":\"2025-04-29T12:00:56+00:00\",\"breadcrumb\":{\"@id\":\"https:\\\/\\\/gridenergy.ma\\\/produit-omicron-cibano-500\\\/#breadcrumb\"},\"inLanguage\":\"fr-FR\",\"potentialAction\":[{\"@type\":\"ReadAction\",\"target\":[\"https:\\\/\\\/gridenergy.ma\\\/produit-omicron-cibano-500\\\/\"]}]},{\"@type\":\"ImageObject\",\"inLanguage\":\"fr-FR\",\"@id\":\"https:\\\/\\\/gridenergy.ma\\\/produit-omicron-cibano-500\\\/#primaryimage\",\"url\":\"https:\\\/\\\/gridenergy.ma\\\/wp-content\\\/uploads\\\/2025\\\/04\\\/csm_CIBANO-500-keyvisual_f482318550-1024x768.png\",\"contentUrl\":\"https:\\\/\\\/gridenergy.ma\\\/wp-content\\\/uploads\\\/2025\\\/04\\\/csm_CIBANO-500-keyvisual_f482318550-1024x768.png\"},{\"@type\":\"BreadcrumbList\",\"@id\":\"https:\\\/\\\/gridenergy.ma\\\/produit-omicron-cibano-500\\\/#breadcrumb\",\"itemListElement\":[{\"@type\":\"ListItem\",\"position\":1,\"name\":\"Accueil\",\"item\":\"https:\\\/\\\/gridenergy.ma\\\/fr\\\/\"},{\"@type\":\"ListItem\",\"position\":2,\"name\":\"CIBANO 500\"}]},{\"@type\":\"WebSite\",\"@id\":\"https:\\\/\\\/gridenergy.ma\\\/en\\\/#website\",\"url\":\"https:\\\/\\\/gridenergy.ma\\\/en\\\/\",\"name\":\"Grid Energy Company\",\"description\":\"Solutions \u00e9lectriques innovantes\",\"potentialAction\":[{\"@type\":\"SearchAction\",\"target\":{\"@type\":\"EntryPoint\",\"urlTemplate\":\"https:\\\/\\\/gridenergy.ma\\\/en\\\/?s={search_term_string}\"},\"query-input\":{\"@type\":\"PropertyValueSpecification\",\"valueRequired\":true,\"valueName\":\"search_term_string\"}}],\"inLanguage\":\"fr-FR\"}]}<\/script>\n<!-- \/ Yoast SEO plugin. -->","yoast_head_json":{"title":"CIBANO 500 - Grid Energy Company","robots":{"index":"index","follow":"follow","max-snippet":"max-snippet:-1","max-image-preview":"max-image-preview:large","max-video-preview":"max-video-preview:-1"},"canonical":"https:\/\/gridenergy.ma\/fr\/produit-omicron-cibano-500\/","og_locale":"fr_FR","og_type":"article","og_title":"CIBANO 500 - Grid Energy Company","og_description":"Cibano 500 Accueil Omicron Cibano 500 Syst\u00e8me de test 3-en-1 pour disjoncteurs moyenne et haute tension. CONTACTEZ-NOUS CIBANO 500 : Un appareil \u2013 trois fonctions Le CIBANO\u00a0500 combine un micro-ohmm\u00e8tre, un multi-chronographe et une alimentation bobine et moteur. Tous les tests importants de disjoncteur peuvent \u00eatre effectu\u00e9s, m\u00eame en l\u2019absence d\u2019alimentation auxiliaire du poste. Sa [&hellip;]","og_url":"https:\/\/gridenergy.ma\/fr\/produit-omicron-cibano-500\/","og_site_name":"Grid Energy Company","article_modified_time":"2025-04-29T12:00:56+00:00","og_image":[{"url":"https:\/\/gridenergy.ma\/wp-content\/uploads\/2025\/04\/csm_CIBANO-500-keyvisual_f482318550-1024x768.png","type":"","width":"","height":""}],"twitter_card":"summary_large_image","twitter_misc":{"Dur\u00e9e de lecture estim\u00e9e":"1 minute"},"schema":{"@context":"https:\/\/schema.org","@graph":[{"@type":"WebPage","@id":"https:\/\/gridenergy.ma\/produit-omicron-cibano-500\/","url":"https:\/\/gridenergy.ma\/produit-omicron-cibano-500\/","name":"CIBANO 500 - Grid Energy Company","isPartOf":{"@id":"https:\/\/gridenergy.ma\/en\/#website"},"primaryImageOfPage":{"@id":"https:\/\/gridenergy.ma\/produit-omicron-cibano-500\/#primaryimage"},"image":{"@id":"https:\/\/gridenergy.ma\/produit-omicron-cibano-500\/#primaryimage"},"thumbnailUrl":"https:\/\/gridenergy.ma\/wp-content\/uploads\/2025\/04\/csm_CIBANO-500-keyvisual_f482318550-1024x768.png","datePublished":"2025-04-29T11:54:18+00:00","dateModified":"2025-04-29T12:00:56+00:00","breadcrumb":{"@id":"https:\/\/gridenergy.ma\/produit-omicron-cibano-500\/#breadcrumb"},"inLanguage":"fr-FR","potentialAction":[{"@type":"ReadAction","target":["https:\/\/gridenergy.ma\/produit-omicron-cibano-500\/"]}]},{"@type":"ImageObject","inLanguage":"fr-FR","@id":"https:\/\/gridenergy.ma\/produit-omicron-cibano-500\/#primaryimage","url":"https:\/\/gridenergy.ma\/wp-content\/uploads\/2025\/04\/csm_CIBANO-500-keyvisual_f482318550-1024x768.png","contentUrl":"https:\/\/gridenergy.ma\/wp-content\/uploads\/2025\/04\/csm_CIBANO-500-keyvisual_f482318550-1024x768.png"},{"@type":"BreadcrumbList","@id":"https:\/\/gridenergy.ma\/produit-omicron-cibano-500\/#breadcrumb","itemListElement":[{"@type":"ListItem","position":1,"name":"Accueil","item":"https:\/\/gridenergy.ma\/fr\/"},{"@type":"ListItem","position":2,"name":"CIBANO 500"}]},{"@type":"WebSite","@id":"https:\/\/gridenergy.ma\/en\/#website","url":"https:\/\/gridenergy.ma\/en\/","name":"Grid Energy Company","description":"Solutions \u00e9lectriques innovantes","potentialAction":[{"@type":"SearchAction","target":{"@type":"EntryPoint","urlTemplate":"https:\/\/gridenergy.ma\/en\/?s={search_term_string}"},"query-input":{"@type":"PropertyValueSpecification","valueRequired":true,"valueName":"search_term_string"}}],"inLanguage":"fr-FR"}]}},"_links":{"self":[{"href":"https:\/\/gridenergy.ma\/fr\/wp-json\/wp\/v2\/pages\/14617","targetHints":{"allow":["GET"]}}],"collection":[{"href":"https:\/\/gridenergy.ma\/fr\/wp-json\/wp\/v2\/pages"}],"about":[{"href":"https:\/\/gridenergy.ma\/fr\/wp-json\/wp\/v2\/types\/page"}],"author":[{"embeddable":true,"href":"https:\/\/gridenergy.ma\/fr\/wp-json\/wp\/v2\/users\/1"}],"replies":[{"embeddable":true,"href":"https:\/\/gridenergy.ma\/fr\/wp-json\/wp\/v2\/comments?post=14617"}],"version-history":[{"count":4,"href":"https:\/\/gridenergy.ma\/fr\/wp-json\/wp\/v2\/pages\/14617\/revisions"}],"predecessor-version":[{"id":14626,"href":"https:\/\/gridenergy.ma\/fr\/wp-json\/wp\/v2\/pages\/14617\/revisions\/14626"}],"wp:attachment":[{"href":"https:\/\/gridenergy.ma\/fr\/wp-json\/wp\/v2\/media?parent=14617"}],"curies":[{"name":"wp","href":"https:\/\/api.w.org\/{rel}","templated":true}]}}