{"id":14588,"date":"2025-04-29T11:29:44","date_gmt":"2025-04-29T11:29:44","guid":{"rendered":"https:\/\/gridenergy.ma\/?page_id=14588"},"modified":"2025-04-29T11:33:20","modified_gmt":"2025-04-29T11:33:20","slug":"produit-omicron-mpd-800","status":"publish","type":"page","link":"https:\/\/gridenergy.ma\/fr\/produit-omicron-mpd-800\/","title":{"rendered":"MPD 800"},"content":{"rendered":"\t\t<div data-elementor-type=\"wp-page\" data-elementor-id=\"14588\" class=\"elementor elementor-14588\" data-elementor-post-type=\"page\">\n\t\t\t\t\t\t<section class=\"elementor-section elementor-top-section elementor-element elementor-element-0d8d88c page-title-section elementor-section-stretched elementor-section-boxed elementor-section-height-default elementor-section-height-default\" data-id=\"0d8d88c\" data-element_type=\"section\" data-e-type=\"section\" data-settings=\"{&quot;background_background&quot;:&quot;classic&quot;,&quot;stretch_section&quot;:&quot;section-stretched&quot;}\">\n\t\t\t\t\t\t\t<div class=\"elementor-background-overlay\"><\/div>\n\t\t\t\t\t\t\t<div class=\"elementor-container elementor-column-gap-extended\">\n\t\t\t\t\t<div class=\"elementor-column elementor-col-100 elementor-top-column elementor-element elementor-element-f0e7536\" data-id=\"f0e7536\" data-element_type=\"column\" data-e-type=\"column\">\n\t\t\t<div class=\"elementor-widget-wrap elementor-element-populated\">\n\t\t\t\t\t\t<div class=\"elementor-element elementor-element-fe62040 mb-0 elementor-widget elementor-widget-text-editor\" data-id=\"fe62040\" data-element_type=\"widget\" data-e-type=\"widget\" data-widget_type=\"text-editor.default\">\n\t\t\t\t<div class=\"elementor-widget-container\">\n\t\t\t\t\t\t\t\t\t<h1 class=\"mb-lg-0\">MPD 800<\/h1>\t\t\t\t\t\t\t\t<\/div>\n\t\t\t\t<\/div>\n\t\t\t\t<div class=\"elementor-element elementor-element-8fd4710 mb-0 elementor-widget elementor-widget-text-editor\" data-id=\"8fd4710\" data-element_type=\"widget\" data-e-type=\"widget\" data-widget_type=\"text-editor.default\">\n\t\t\t\t<div class=\"elementor-widget-container\">\n\t\t\t\t\t\t\t\t\t<ul><li><a href=\"https:\/\/gridenergy.ma\/\">Accueil<\/a><\/li><li>Omicron<\/li><\/ul>\t\t\t\t\t\t\t\t<\/div>\n\t\t\t\t<\/div>\n\t\t\t\t\t<\/div>\n\t\t<\/div>\n\t\t\t\t\t<\/div>\n\t\t<\/section>\n\t\t<div class=\"elementor-element elementor-element-ebe2e4e e-flex e-con-boxed e-con e-parent\" data-id=\"ebe2e4e\" data-element_type=\"container\" data-e-type=\"container\">\n\t\t\t\t\t<div class=\"e-con-inner\">\n\t\t<div class=\"elementor-element elementor-element-327ce8d e-con-full e-flex e-con e-child\" data-id=\"327ce8d\" data-element_type=\"container\" data-e-type=\"container\">\n\t\t\t\t<div class=\"elementor-element elementor-element-d77603f elementor-widget__width-initial elementor-widget elementor-widget-image\" data-id=\"d77603f\" data-element_type=\"widget\" data-e-type=\"widget\" data-widget_type=\"image.default\">\n\t\t\t\t<div class=\"elementor-widget-container\">\n\t\t\t\t\t\t\t\t\t\t\t\t\t\t\t<img fetchpriority=\"high\" decoding=\"async\" width=\"900\" height=\"675\" src=\"https:\/\/gridenergy.ma\/wp-content\/uploads\/2025\/04\/csm_MPD-800-keyvisual_1503f90dd6-1024x768.png\" class=\"attachment-large size-large wp-image-14590\" alt=\"\" srcset=\"https:\/\/gridenergy.ma\/wp-content\/uploads\/2025\/04\/csm_MPD-800-keyvisual_1503f90dd6-1024x768.png 1024w, https:\/\/gridenergy.ma\/wp-content\/uploads\/2025\/04\/csm_MPD-800-keyvisual_1503f90dd6-300x225.png 300w, https:\/\/gridenergy.ma\/wp-content\/uploads\/2025\/04\/csm_MPD-800-keyvisual_1503f90dd6-768x576.png 768w, https:\/\/gridenergy.ma\/wp-content\/uploads\/2025\/04\/csm_MPD-800-keyvisual_1503f90dd6.png 1440w\" sizes=\"(max-width: 900px) 100vw, 900px\" \/>\t\t\t\t\t\t\t\t\t\t\t\t\t\t\t<\/div>\n\t\t\t\t<\/div>\n\t\t\t\t<\/div>\n\t\t<div class=\"elementor-element elementor-element-5733829 e-con-full e-flex e-con e-child\" data-id=\"5733829\" data-element_type=\"container\" data-e-type=\"container\">\n\t\t\t\t<div class=\"elementor-element elementor-element-aad65be elementor-widget elementor-widget-heading\" data-id=\"aad65be\" data-element_type=\"widget\" data-e-type=\"widget\" data-widget_type=\"heading.default\">\n\t\t\t\t<div class=\"elementor-widget-container\">\n\t\t\t\t\t<h2 class=\"elementor-heading-title elementor-size-default\">MPD 800<\/h2>\t\t\t\t<\/div>\n\t\t\t\t<\/div>\n\t\t\t\t<div class=\"elementor-element elementor-element-2e9eb53 elementor-widget elementor-widget-text-editor\" data-id=\"2e9eb53\" data-element_type=\"widget\" data-e-type=\"widget\" data-widget_type=\"text-editor.default\">\n\t\t\t\t<div class=\"elementor-widget-container\">\n\t\t\t\t\t\t\t\t\t<p>Syst\u00e8me universel de mesure et d\u2019analyse de d\u00e9charges partielles.<\/p>\t\t\t\t\t\t\t\t<\/div>\n\t\t\t\t<\/div>\n\t\t\t\t<div class=\"elementor-element elementor-element-b950aaa elementor-widget elementor-widget-button\" data-id=\"b950aaa\" data-element_type=\"widget\" data-e-type=\"widget\" data-widget_type=\"button.default\">\n\t\t\t\t<div class=\"elementor-widget-container\">\n\t\t\t\t\t\t\t\t\t<div class=\"elementor-button-wrapper\">\n\t\t\t\t\t<a class=\"elementor-button elementor-button-link elementor-size-sm\" href=\"https:\/\/gridenergy.ma\/contact\/\">\n\t\t\t\t\t\t<span class=\"elementor-button-content-wrapper\">\n\t\t\t\t\t\t\t\t\t<span class=\"elementor-button-text\">CONTACTEZ-NOUS<\/span>\n\t\t\t\t\t<\/span>\n\t\t\t\t\t<\/a>\n\t\t\t\t<\/div>\n\t\t\t\t\t\t\t\t<\/div>\n\t\t\t\t<\/div>\n\t\t\t\t<\/div>\n\t\t\t\t\t<\/div>\n\t\t\t\t<\/div>\n\t\t<div class=\"elementor-element elementor-element-a25297b e-flex e-con-boxed e-con e-parent\" data-id=\"a25297b\" data-element_type=\"container\" data-e-type=\"container\">\n\t\t\t\t\t<div class=\"e-con-inner\">\n\t\t\t\t<div class=\"elementor-element elementor-element-1ac3023 elementor-widget-divider--view-line elementor-widget elementor-widget-divider\" data-id=\"1ac3023\" data-element_type=\"widget\" data-e-type=\"widget\" data-widget_type=\"divider.default\">\n\t\t\t\t<div class=\"elementor-widget-container\">\n\t\t\t\t\t\t\t<div class=\"elementor-divider\">\n\t\t\t<span class=\"elementor-divider-separator\">\n\t\t\t\t\t\t<\/span>\n\t\t<\/div>\n\t\t\t\t\t\t<\/div>\n\t\t\t\t<\/div>\n\t\t\t\t\t<\/div>\n\t\t\t\t<\/div>\n\t\t<div class=\"elementor-element elementor-element-020f8d6 e-flex e-con-boxed e-con e-parent\" data-id=\"020f8d6\" data-element_type=\"container\" data-e-type=\"container\">\n\t\t\t\t\t<div class=\"e-con-inner\">\n\t\t<div class=\"elementor-element elementor-element-1c6a61b e-con-full e-flex e-con e-child\" data-id=\"1c6a61b\" data-element_type=\"container\" data-e-type=\"container\">\n\t\t\t\t<div class=\"elementor-element elementor-element-117a5bb elementor-widget elementor-widget-heading\" data-id=\"117a5bb\" data-element_type=\"widget\" data-e-type=\"widget\" data-widget_type=\"heading.default\">\n\t\t\t\t<div class=\"elementor-widget-container\">\n\t\t\t\t\t<h2 class=\"elementor-heading-title elementor-size-default\">Tests de DP fiables sur les appareillages \u00e9lectriques<\/h2>\t\t\t\t<\/div>\n\t\t\t\t<\/div>\n\t\t\t\t<div class=\"elementor-element elementor-element-1ac4cdc elementor-widget elementor-widget-text-editor\" data-id=\"1ac4cdc\" data-element_type=\"widget\" data-e-type=\"widget\" data-widget_type=\"text-editor.default\">\n\t\t\t\t<div class=\"elementor-widget-container\">\n\t\t\t\t\t\t\t\t\t<p style=\"font-weight: 400;\">Le syst\u00e8me universel de mesure et d\u2019analyse de d\u00e9charges partielles (DP) MPD 800 repr\u00e9sente la derni\u00e8re g\u00e9n\u00e9ration de l\u2019innovante technologie MPD de tests de d\u00e9charges partielles, dont l\u2019utilisation est aujourd\u2019hui largement r\u00e9pandue. Les fonctions mat\u00e9rielles et logicielles am\u00e9lior\u00e9es et nouvellement ajout\u00e9es garantissent des mesures de DP multicanal ultra sensibles pour des tests de DP fiables et conformes aux normes industrielles sur une vari\u00e9t\u00e9 d\u2019\u00e9quipements et de composants \u00e9lectriques. Le syst\u00e8me d\u00e9tecte et localise avec pr\u00e9cision les d\u00e9fauts d\u2019isolation et vous aide \u00e0 \u00e9valuer de fa\u00e7on fiable le risque de d\u00e9faillance des \u00e9quipements.<\/p>\t\t\t\t\t\t\t\t<\/div>\n\t\t\t\t<\/div>\n\t\t\t\t<div class=\"elementor-element elementor-element-79a8683 elementor-widget elementor-widget-button\" data-id=\"79a8683\" data-element_type=\"widget\" data-e-type=\"widget\" data-widget_type=\"button.default\">\n\t\t\t\t<div class=\"elementor-widget-container\">\n\t\t\t\t\t\t\t\t\t<div class=\"elementor-button-wrapper\">\n\t\t\t\t\t<a class=\"elementor-button elementor-button-link elementor-size-sm\" href=\"https:\/\/gridenergy.ma\/contact\/\">\n\t\t\t\t\t\t<span class=\"elementor-button-content-wrapper\">\n\t\t\t\t\t\t\t\t\t<span class=\"elementor-button-text\">CONTACTEZ-NOUS<\/span>\n\t\t\t\t\t<\/span>\n\t\t\t\t\t<\/a>\n\t\t\t\t<\/div>\n\t\t\t\t\t\t\t\t<\/div>\n\t\t\t\t<\/div>\n\t\t\t\t<\/div>\n\t\t<div class=\"elementor-element elementor-element-9debea2 e-con-full e-flex e-con e-child\" data-id=\"9debea2\" data-element_type=\"container\" data-e-type=\"container\">\n\t\t\t\t<div class=\"elementor-element elementor-element-f528a17 elementor-widget elementor-widget-image\" data-id=\"f528a17\" data-element_type=\"widget\" data-e-type=\"widget\" data-widget_type=\"image.default\">\n\t\t\t\t<div class=\"elementor-widget-container\">\n\t\t\t\t\t\t\t\t\t\t\t\t\t\t\t<img decoding=\"async\" width=\"900\" height=\"676\" src=\"https:\/\/gridenergy.ma\/wp-content\/uploads\/2025\/04\/csm_MPD-800-gallery-3_0d78a0ab0f-1024x769.jpg\" class=\"attachment-large size-large wp-image-14591\" alt=\"\" srcset=\"https:\/\/gridenergy.ma\/wp-content\/uploads\/2025\/04\/csm_MPD-800-gallery-3_0d78a0ab0f-1024x769.jpg 1024w, https:\/\/gridenergy.ma\/wp-content\/uploads\/2025\/04\/csm_MPD-800-gallery-3_0d78a0ab0f-300x225.jpg 300w, https:\/\/gridenergy.ma\/wp-content\/uploads\/2025\/04\/csm_MPD-800-gallery-3_0d78a0ab0f-768x577.jpg 768w, https:\/\/gridenergy.ma\/wp-content\/uploads\/2025\/04\/csm_MPD-800-gallery-3_0d78a0ab0f.jpg 1440w\" sizes=\"(max-width: 900px) 100vw, 900px\" \/>\t\t\t\t\t\t\t\t\t\t\t\t\t\t\t<\/div>\n\t\t\t\t<\/div>\n\t\t\t\t<\/div>\n\t\t\t\t\t<\/div>\n\t\t\t\t<\/div>\n\t\t<div class=\"elementor-element elementor-element-7bc902d e-flex e-con-boxed e-con e-parent\" data-id=\"7bc902d\" data-element_type=\"container\" data-e-type=\"container\" data-settings=\"{&quot;background_background&quot;:&quot;classic&quot;}\">\n\t\t\t\t\t<div class=\"e-con-inner\">\n\t\t<div class=\"elementor-element elementor-element-e5a2ac4 e-con-full e-flex e-con e-child\" data-id=\"e5a2ac4\" data-element_type=\"container\" data-e-type=\"container\">\n\t\t\t\t<div class=\"elementor-element elementor-element-f18d826 elementor-widget__width-initial elementor-widget elementor-widget-image\" data-id=\"f18d826\" data-element_type=\"widget\" data-e-type=\"widget\" data-widget_type=\"image.default\">\n\t\t\t\t<div class=\"elementor-widget-container\">\n\t\t\t\t\t\t\t\t\t\t\t\t\t\t\t<img decoding=\"async\" width=\"900\" height=\"675\" src=\"https:\/\/gridenergy.ma\/wp-content\/uploads\/2025\/04\/csm_MPD-800-description_069ac6f716-1024x768.png\" class=\"attachment-large size-large wp-image-14592\" alt=\"\" srcset=\"https:\/\/gridenergy.ma\/wp-content\/uploads\/2025\/04\/csm_MPD-800-description_069ac6f716-1024x768.png 1024w, https:\/\/gridenergy.ma\/wp-content\/uploads\/2025\/04\/csm_MPD-800-description_069ac6f716-300x225.png 300w, https:\/\/gridenergy.ma\/wp-content\/uploads\/2025\/04\/csm_MPD-800-description_069ac6f716-768x576.png 768w, https:\/\/gridenergy.ma\/wp-content\/uploads\/2025\/04\/csm_MPD-800-description_069ac6f716.png 1440w\" sizes=\"(max-width: 900px) 100vw, 900px\" \/>\t\t\t\t\t\t\t\t\t\t\t\t\t\t\t<\/div>\n\t\t\t\t<\/div>\n\t\t\t\t<\/div>\n\t\t<div class=\"elementor-element elementor-element-eeb2c32 e-con-full e-flex e-con e-child\" data-id=\"eeb2c32\" data-element_type=\"container\" data-e-type=\"container\">\n\t\t\t\t<div class=\"elementor-element elementor-element-1b954f6 elementor-widget elementor-widget-heading\" data-id=\"1b954f6\" data-element_type=\"widget\" data-e-type=\"widget\" data-widget_type=\"heading.default\">\n\t\t\t\t<div class=\"elementor-widget-container\">\n\t\t\t\t\t<h2 class=\"elementor-heading-title elementor-size-default\">Points cl\u00e9s<\/h2>\t\t\t\t<\/div>\n\t\t\t\t<\/div>\n\t\t\t\t<div class=\"elementor-element elementor-element-23903be elementor-widget elementor-widget-text-editor\" data-id=\"23903be\" data-element_type=\"widget\" data-e-type=\"widget\" data-widget_type=\"text-editor.default\">\n\t\t\t\t<div class=\"elementor-widget-container\">\n\t\t\t\t\t\t\t\t\t<ul style=\"font-weight: 400;\"><li>Conformit\u00e9 aux normes industrielles\u00a0: CEI et IEEE<\/li><li>Mesures multicanal simultan\u00e9es<\/li><li>Filtrage efficace des interf\u00e9rences<\/li><li>Analyses et rapports personnalis\u00e9s<\/li><\/ul>\t\t\t\t\t\t\t\t<\/div>\n\t\t\t\t<\/div>\n\t\t\t\t<\/div>\n\t\t\t\t\t<\/div>\n\t\t\t\t<\/div>\n\t\t\t\t<\/div>\n\t\t","protected":false},"excerpt":{"rendered":"<p>MPD 800 Accueil Omicron MPD 800 Syst\u00e8me universel de mesure et d\u2019analyse de d\u00e9charges partielles. CONTACTEZ-NOUS Tests de DP fiables sur les appareillages \u00e9lectriques Le syst\u00e8me universel de mesure et d\u2019analyse de d\u00e9charges partielles (DP) MPD 800 repr\u00e9sente la derni\u00e8re g\u00e9n\u00e9ration de l\u2019innovante technologie MPD de tests de d\u00e9charges partielles, dont l\u2019utilisation est aujourd\u2019hui largement [&hellip;]<\/p>\n","protected":false},"author":1,"featured_media":0,"parent":0,"menu_order":0,"comment_status":"closed","ping_status":"closed","template":"page-templates\/home.php","meta":{"footnotes":""},"class_list":["post-14588","page","type-page","status-publish","hentry"],"yoast_head":"<!-- This site is optimized with the Yoast SEO plugin v27.4 - https:\/\/yoast.com\/product\/yoast-seo-wordpress\/ -->\n<title>MPD 800 - Grid Energy Company<\/title>\n<meta name=\"robots\" content=\"index, follow, max-snippet:-1, max-image-preview:large, max-video-preview:-1\" \/>\n<link rel=\"canonical\" href=\"https:\/\/gridenergy.ma\/fr\/produit-omicron-mpd-800\/\" \/>\n<meta property=\"og:locale\" content=\"fr_FR\" \/>\n<meta property=\"og:type\" content=\"article\" \/>\n<meta property=\"og:title\" content=\"MPD 800 - Grid Energy Company\" \/>\n<meta property=\"og:description\" content=\"MPD 800 Accueil Omicron MPD 800 Syst\u00e8me universel de mesure et d\u2019analyse de d\u00e9charges partielles. CONTACTEZ-NOUS Tests de DP fiables sur les appareillages \u00e9lectriques Le syst\u00e8me universel de mesure et d\u2019analyse de d\u00e9charges partielles (DP) MPD 800 repr\u00e9sente la derni\u00e8re g\u00e9n\u00e9ration de l\u2019innovante technologie MPD de tests de d\u00e9charges partielles, dont l\u2019utilisation est aujourd\u2019hui largement [&hellip;]\" \/>\n<meta property=\"og:url\" content=\"https:\/\/gridenergy.ma\/fr\/produit-omicron-mpd-800\/\" \/>\n<meta property=\"og:site_name\" content=\"Grid Energy Company\" \/>\n<meta property=\"article:modified_time\" content=\"2025-04-29T11:33:20+00:00\" \/>\n<meta property=\"og:image\" content=\"https:\/\/gridenergy.ma\/wp-content\/uploads\/2025\/04\/csm_MPD-800-keyvisual_1503f90dd6-1024x768.png\" \/>\n<meta name=\"twitter:card\" content=\"summary_large_image\" \/>\n<meta name=\"twitter:label1\" content=\"Dur\u00e9e de lecture estim\u00e9e\" \/>\n\t<meta name=\"twitter:data1\" content=\"1 minute\" \/>\n<script type=\"application\/ld+json\" class=\"yoast-schema-graph\">{\"@context\":\"https:\\\/\\\/schema.org\",\"@graph\":[{\"@type\":\"WebPage\",\"@id\":\"https:\\\/\\\/gridenergy.ma\\\/produit-omicron-mpd-800\\\/\",\"url\":\"https:\\\/\\\/gridenergy.ma\\\/produit-omicron-mpd-800\\\/\",\"name\":\"MPD 800 - Grid Energy Company\",\"isPartOf\":{\"@id\":\"https:\\\/\\\/gridenergy.ma\\\/en\\\/#website\"},\"primaryImageOfPage\":{\"@id\":\"https:\\\/\\\/gridenergy.ma\\\/produit-omicron-mpd-800\\\/#primaryimage\"},\"image\":{\"@id\":\"https:\\\/\\\/gridenergy.ma\\\/produit-omicron-mpd-800\\\/#primaryimage\"},\"thumbnailUrl\":\"https:\\\/\\\/gridenergy.ma\\\/wp-content\\\/uploads\\\/2025\\\/04\\\/csm_MPD-800-keyvisual_1503f90dd6-1024x768.png\",\"datePublished\":\"2025-04-29T11:29:44+00:00\",\"dateModified\":\"2025-04-29T11:33:20+00:00\",\"breadcrumb\":{\"@id\":\"https:\\\/\\\/gridenergy.ma\\\/produit-omicron-mpd-800\\\/#breadcrumb\"},\"inLanguage\":\"fr-FR\",\"potentialAction\":[{\"@type\":\"ReadAction\",\"target\":[\"https:\\\/\\\/gridenergy.ma\\\/produit-omicron-mpd-800\\\/\"]}]},{\"@type\":\"ImageObject\",\"inLanguage\":\"fr-FR\",\"@id\":\"https:\\\/\\\/gridenergy.ma\\\/produit-omicron-mpd-800\\\/#primaryimage\",\"url\":\"https:\\\/\\\/gridenergy.ma\\\/wp-content\\\/uploads\\\/2025\\\/04\\\/csm_MPD-800-keyvisual_1503f90dd6-1024x768.png\",\"contentUrl\":\"https:\\\/\\\/gridenergy.ma\\\/wp-content\\\/uploads\\\/2025\\\/04\\\/csm_MPD-800-keyvisual_1503f90dd6-1024x768.png\"},{\"@type\":\"BreadcrumbList\",\"@id\":\"https:\\\/\\\/gridenergy.ma\\\/produit-omicron-mpd-800\\\/#breadcrumb\",\"itemListElement\":[{\"@type\":\"ListItem\",\"position\":1,\"name\":\"Accueil\",\"item\":\"https:\\\/\\\/gridenergy.ma\\\/fr\\\/\"},{\"@type\":\"ListItem\",\"position\":2,\"name\":\"MPD 800\"}]},{\"@type\":\"WebSite\",\"@id\":\"https:\\\/\\\/gridenergy.ma\\\/en\\\/#website\",\"url\":\"https:\\\/\\\/gridenergy.ma\\\/en\\\/\",\"name\":\"Grid Energy Company\",\"description\":\"Solutions \u00e9lectriques innovantes\",\"potentialAction\":[{\"@type\":\"SearchAction\",\"target\":{\"@type\":\"EntryPoint\",\"urlTemplate\":\"https:\\\/\\\/gridenergy.ma\\\/en\\\/?s={search_term_string}\"},\"query-input\":{\"@type\":\"PropertyValueSpecification\",\"valueRequired\":true,\"valueName\":\"search_term_string\"}}],\"inLanguage\":\"fr-FR\"}]}<\/script>\n<!-- \/ Yoast SEO plugin. -->","yoast_head_json":{"title":"MPD 800 - Grid Energy Company","robots":{"index":"index","follow":"follow","max-snippet":"max-snippet:-1","max-image-preview":"max-image-preview:large","max-video-preview":"max-video-preview:-1"},"canonical":"https:\/\/gridenergy.ma\/fr\/produit-omicron-mpd-800\/","og_locale":"fr_FR","og_type":"article","og_title":"MPD 800 - Grid Energy Company","og_description":"MPD 800 Accueil Omicron MPD 800 Syst\u00e8me universel de mesure et d\u2019analyse de d\u00e9charges partielles. CONTACTEZ-NOUS Tests de DP fiables sur les appareillages \u00e9lectriques Le syst\u00e8me universel de mesure et d\u2019analyse de d\u00e9charges partielles (DP) MPD 800 repr\u00e9sente la derni\u00e8re g\u00e9n\u00e9ration de l\u2019innovante technologie MPD de tests de d\u00e9charges partielles, dont l\u2019utilisation est aujourd\u2019hui largement [&hellip;]","og_url":"https:\/\/gridenergy.ma\/fr\/produit-omicron-mpd-800\/","og_site_name":"Grid Energy Company","article_modified_time":"2025-04-29T11:33:20+00:00","og_image":[{"url":"https:\/\/gridenergy.ma\/wp-content\/uploads\/2025\/04\/csm_MPD-800-keyvisual_1503f90dd6-1024x768.png","type":"","width":"","height":""}],"twitter_card":"summary_large_image","twitter_misc":{"Dur\u00e9e de lecture estim\u00e9e":"1 minute"},"schema":{"@context":"https:\/\/schema.org","@graph":[{"@type":"WebPage","@id":"https:\/\/gridenergy.ma\/produit-omicron-mpd-800\/","url":"https:\/\/gridenergy.ma\/produit-omicron-mpd-800\/","name":"MPD 800 - Grid Energy Company","isPartOf":{"@id":"https:\/\/gridenergy.ma\/en\/#website"},"primaryImageOfPage":{"@id":"https:\/\/gridenergy.ma\/produit-omicron-mpd-800\/#primaryimage"},"image":{"@id":"https:\/\/gridenergy.ma\/produit-omicron-mpd-800\/#primaryimage"},"thumbnailUrl":"https:\/\/gridenergy.ma\/wp-content\/uploads\/2025\/04\/csm_MPD-800-keyvisual_1503f90dd6-1024x768.png","datePublished":"2025-04-29T11:29:44+00:00","dateModified":"2025-04-29T11:33:20+00:00","breadcrumb":{"@id":"https:\/\/gridenergy.ma\/produit-omicron-mpd-800\/#breadcrumb"},"inLanguage":"fr-FR","potentialAction":[{"@type":"ReadAction","target":["https:\/\/gridenergy.ma\/produit-omicron-mpd-800\/"]}]},{"@type":"ImageObject","inLanguage":"fr-FR","@id":"https:\/\/gridenergy.ma\/produit-omicron-mpd-800\/#primaryimage","url":"https:\/\/gridenergy.ma\/wp-content\/uploads\/2025\/04\/csm_MPD-800-keyvisual_1503f90dd6-1024x768.png","contentUrl":"https:\/\/gridenergy.ma\/wp-content\/uploads\/2025\/04\/csm_MPD-800-keyvisual_1503f90dd6-1024x768.png"},{"@type":"BreadcrumbList","@id":"https:\/\/gridenergy.ma\/produit-omicron-mpd-800\/#breadcrumb","itemListElement":[{"@type":"ListItem","position":1,"name":"Accueil","item":"https:\/\/gridenergy.ma\/fr\/"},{"@type":"ListItem","position":2,"name":"MPD 800"}]},{"@type":"WebSite","@id":"https:\/\/gridenergy.ma\/en\/#website","url":"https:\/\/gridenergy.ma\/en\/","name":"Grid Energy Company","description":"Solutions \u00e9lectriques innovantes","potentialAction":[{"@type":"SearchAction","target":{"@type":"EntryPoint","urlTemplate":"https:\/\/gridenergy.ma\/en\/?s={search_term_string}"},"query-input":{"@type":"PropertyValueSpecification","valueRequired":true,"valueName":"search_term_string"}}],"inLanguage":"fr-FR"}]}},"_links":{"self":[{"href":"https:\/\/gridenergy.ma\/fr\/wp-json\/wp\/v2\/pages\/14588","targetHints":{"allow":["GET"]}}],"collection":[{"href":"https:\/\/gridenergy.ma\/fr\/wp-json\/wp\/v2\/pages"}],"about":[{"href":"https:\/\/gridenergy.ma\/fr\/wp-json\/wp\/v2\/types\/page"}],"author":[{"embeddable":true,"href":"https:\/\/gridenergy.ma\/fr\/wp-json\/wp\/v2\/users\/1"}],"replies":[{"embeddable":true,"href":"https:\/\/gridenergy.ma\/fr\/wp-json\/wp\/v2\/comments?post=14588"}],"version-history":[{"count":4,"href":"https:\/\/gridenergy.ma\/fr\/wp-json\/wp\/v2\/pages\/14588\/revisions"}],"predecessor-version":[{"id":14595,"href":"https:\/\/gridenergy.ma\/fr\/wp-json\/wp\/v2\/pages\/14588\/revisions\/14595"}],"wp:attachment":[{"href":"https:\/\/gridenergy.ma\/fr\/wp-json\/wp\/v2\/media?parent=14588"}],"curies":[{"name":"wp","href":"https:\/\/api.w.org\/{rel}","templated":true}]}}