{"id":6615,"date":"2022-02-02T10:31:05","date_gmt":"2022-02-02T10:31:05","guid":{"rendered":"https:\/\/renumawp.websitelayout.net\/?page_id=6615"},"modified":"2025-05-27T14:54:33","modified_gmt":"2025-05-27T14:54:33","slug":"the-history-of-gec","status":"publish","type":"page","link":"https:\/\/gridenergy.ma\/en\/the-history-of-gec\/","title":{"rendered":"L&#8217;Histoite"},"content":{"rendered":"<div data-elementor-type=\"wp-page\" data-elementor-id=\"6615\" class=\"elementor elementor-6615\" data-elementor-post-type=\"page\">\n\t\t\t\t\t\t<section class=\"elementor-section elementor-top-section elementor-element elementor-element-7aa7409 page-title-section elementor-section-stretched elementor-section-boxed elementor-section-height-default elementor-section-height-default\" data-id=\"7aa7409\" data-element_type=\"section\" data-e-type=\"section\" data-settings=\"{&quot;background_background&quot;:&quot;classic&quot;,&quot;stretch_section&quot;:&quot;section-stretched&quot;}\">\n\t\t\t\t\t\t\t<div class=\"elementor-background-overlay\"><\/div>\n\t\t\t\t\t\t\t<div class=\"elementor-container elementor-column-gap-extended\">\n\t\t\t\t\t<div class=\"elementor-column elementor-col-100 elementor-top-column elementor-element elementor-element-e08318e\" data-id=\"e08318e\" data-element_type=\"column\" data-e-type=\"column\">\n\t\t\t<div class=\"elementor-widget-wrap elementor-element-populated\">\n\t\t\t\t\t\t<div class=\"elementor-element elementor-element-e7b63af mb-0 elementor-widget elementor-widget-text-editor\" data-id=\"e7b63af\" data-element_type=\"widget\" data-e-type=\"widget\" data-widget_type=\"text-editor.default\">\n\t\t\t\t<div class=\"elementor-widget-container\">\n\t\t\t\t\t\t\t\t\t<h1>The Story<\/h1>\t\t\t\t\t\t\t\t<\/div>\n\t\t\t\t<\/div>\n\t\t\t\t<div class=\"elementor-element elementor-element-e3ad59c mb-0 elementor-widget elementor-widget-text-editor\" data-id=\"e3ad59c\" data-element_type=\"widget\" data-e-type=\"widget\" data-widget_type=\"text-editor.default\">\n\t\t\t\t<div class=\"elementor-widget-container\">\n\t\t\t\t\t\t\t\t\t<ul><li><a href=\"https:\/\/gridenergy.ma\/en\/?page_id=9746\">Home<\/a><\/li><li>The Story<\/li><\/ul>\t\t\t\t\t\t\t\t<\/div>\n\t\t\t\t<\/div>\n\t\t\t\t\t<\/div>\n\t\t<\/div>\n\t\t\t\t\t<\/div>\n\t\t<\/section>\n\t\t\t\t<section class=\"elementor-section elementor-top-section elementor-element elementor-element-0a1917b elementor-section-stretched elementor-section-boxed elementor-section-height-default elementor-section-height-default\" data-id=\"0a1917b\" data-element_type=\"section\" data-e-type=\"section\" data-settings=\"{&quot;stretch_section&quot;:&quot;section-stretched&quot;}\">\n\t\t\t\t\t\t<div class=\"elementor-container elementor-column-gap-extended\">\n\t\t\t\t\t<div class=\"elementor-column elementor-col-100 elementor-top-column elementor-element elementor-element-c410311\" data-id=\"c410311\" data-element_type=\"column\" data-e-type=\"column\">\n\t\t\t<div class=\"elementor-widget-wrap elementor-element-populated\">\n\t\t\t\t\t\t<div class=\"elementor-element elementor-element-187a033 mb-0 elementor-widget elementor-widget-text-editor\" data-id=\"187a033\" data-element_type=\"widget\" data-e-type=\"widget\" data-widget_type=\"text-editor.default\">\n\t\t\t\t<div class=\"elementor-widget-container\">\n\t\t\t\t\t\t\t\t\t<div class=\"title-style7 text-center mb-2-2 pe-xl-5\"><p><br \/>Discover<\/p><h2 class=\"display-5 font-weight-800 mb-0 lh-1\">Our Success Story<\/h2><\/div>\t\t\t\t\t\t\t\t<\/div>\n\t\t\t\t<\/div>\n\t\t\t\t<div class=\"elementor-element elementor-element-3d34071 elementor-align-left elementor-widget elementor-widget-wl-history\" data-id=\"3d34071\" data-element_type=\"widget\" data-e-type=\"widget\" data-widget_type=\"wl-history.default\">\n\t\t\t\t<div class=\"elementor-widget-container\">\n\t\t\t\t\t\n\t\t<!-- COMPANY HISTORY\n        ================================================== -->\n        <div class=\"row\">\n            <div class=\"col-xl-11 mx-auto\">\n                <div class=\"vertical-timeline\">\n                    <div class=\"timeline-items\">\n\n                         \n                            <div class=\"item\">\n                                <div class=\"icon d-none d-md-block\"><\/div>\n                                <div class=\"timeline-circle d-none d-md-block\"><span class=\"circle\"><\/span><\/div>\n                                <div class=\"timeline-content\">\n                                \t\t\t\t\t\t\t\t            <span class=\"count\">2016 <\/span>\n\t\t\t\t\t\t\t\t\t                                    <div class=\"text\">\n                                        \t\t\t\t\t\t\t                <h3 class=\"h5\">Foundation of the group Grid Energy Company<\/h3>\n\t\t\t\t\t\t\t\t\t\t                                        \t\t\t\t\t\t\t                <p class=\"mb-0\">Start of activities in the electrical equipment and maintenance departments.<\/p>\n\t\t\t\t\t\t\t\t\t\t                                    <\/div>\n                                <\/div>\n                            <\/div>                            \t\t\n\t\t                 \n                            <div class=\"item\">\n                                <div class=\"icon d-none d-md-block\"><\/div>\n                                <div class=\"timeline-circle d-none d-md-block\"><span class=\"circle\"><\/span><\/div>\n                                <div class=\"timeline-content\">\n                                \t\t\t\t\t\t\t\t            <span class=\"count\">2018<\/span>\n\t\t\t\t\t\t\t\t\t                                    <div class=\"text\">\n                                        \t\t\t\t\t\t\t                <h3 class=\"h5\">SEL representation<\/h3>\n\t\t\t\t\t\t\t\t\t\t                                        \t\t\t\t\t\t\t                <p class=\"mb-0\">Signing of a representation contract with SEL, international leader in protection relays and control-command systems.<\/p>\n\t\t\t\t\t\t\t\t\t\t                                    <\/div>\n                                <\/div>\n                            <\/div>                            \t\t\n\t\t                 \n                            <div class=\"item\">\n                                <div class=\"icon d-none d-md-block\"><\/div>\n                                <div class=\"timeline-circle d-none d-md-block\"><span class=\"circle\"><\/span><\/div>\n                                <div class=\"timeline-content\">\n                                \t\t\t\t\t\t\t\t            <span class=\"count\">2019<\/span>\n\t\t\t\t\t\t\t\t\t                                    <div class=\"text\">\n                                        \t\t\t\t\t\t\t                <h3 class=\"h5\">Signing of a representation contract for Omicron, world leader in primary and secondary injection test cases.<\/h3>\n\t\t\t\t\t\t\t\t\t\t                                        \t\t\t\t\t\t\t                <p class=\"mb-0\">\n<\/p>\n\t\t\t\t\t\t\t\t\t\t                                    <\/div>\n                                <\/div>\n                            <\/div>                            \t\t\n\t\t                 \n                            <div class=\"item\">\n                                <div class=\"icon d-none d-md-block\"><\/div>\n                                <div class=\"timeline-circle d-none d-md-block\"><span class=\"circle\"><\/span><\/div>\n                                <div class=\"timeline-content\">\n                                \t\t\t\t\t\t\t\t            <span class=\"count\">2019<\/span>\n\t\t\t\t\t\t\t\t\t                                    <div class=\"text\">\n                                        \t\t\t\t\t\t\t                <h3 class=\"h5\">Signing of a representation contract with Midsun Group, international leader in HVIC\/RTV coating and silicon insulation.\n<\/h3>\n\t\t\t\t\t\t\t\t\t\t                                                                            <\/div>\n                                <\/div>\n                            <\/div>                            \t\t\n\t\t                 \n                            <div class=\"item\">\n                                <div class=\"icon d-none d-md-block\"><\/div>\n                                <div class=\"timeline-circle d-none d-md-block\"><span class=\"circle\"><\/span><\/div>\n                                <div class=\"timeline-content\">\n                                \t\t\t\t\t\t\t\t            <span class=\"count\">2019<\/span>\n\t\t\t\t\t\t\t\t\t                                    <div class=\"text\">\n                                        \t\t\t\t\t\t\t                <h3 class=\"h5\">Strategic Deployment<\/h3>\n\t\t\t\t\t\t\t\t\t\t                                        \t\t\t\t\t\t\t                <p class=\"mb-0\">Opening of the headquarters of Grid Energy Company in Safi and construction of the Repair workshop for Electric Motors and Transformers as part of the OCP SAFI ecosystem project.\n<br>\n\n<\/p>\n\t\t\t\t\t\t\t\t\t\t                                    <\/div>\n                                <\/div>\n                            <\/div>                            \t\t\n\t\t                 \n                            <div class=\"item\">\n                                <div class=\"icon d-none d-md-block\"><\/div>\n                                <div class=\"timeline-circle d-none d-md-block\"><span class=\"circle\"><\/span><\/div>\n                                <div class=\"timeline-content\">\n                                \t\t\t\t\t\t\t\t            <span class=\"count\">2020<\/span>\n\t\t\t\t\t\t\t\t\t                                    <div class=\"text\">\n                                        \t\t\t\t\t\t\t                <h3 class=\"h5\">Quality certification<\/h3>\n\t\t\t\t\t\t\t\t\t\t                                        \t\t\t\t\t\t\t                <p class=\"mb-0\">ISO 9001-2015 certification obtained<\/p>\n\t\t\t\t\t\t\t\t\t\t                                    <\/div>\n                                <\/div>\n                            <\/div>                            \t\t\n\t\t                 \n                            <div class=\"item\">\n                                <div class=\"icon d-none d-md-block\"><\/div>\n                                <div class=\"timeline-circle d-none d-md-block\"><span class=\"circle\"><\/span><\/div>\n                                <div class=\"timeline-content\">\n                                \t\t\t\t\t\t\t\t            <span class=\"count\">2021<\/span>\n\t\t\t\t\t\t\t\t\t                                    <div class=\"text\">\n                                        \t\t\t\t\t\t\t                <h3 class=\"h5\">PHT accreditation<\/h3>\n\t\t\t\t\t\t\t\t\t\t                                        \t\t\t\t\t\t\t                <p class=\"mb-0\">PHT accreditation for Grid Energy Company.<\/p>\n\t\t\t\t\t\t\t\t\t\t                                    <\/div>\n                                <\/div>\n                            <\/div>                            \t\t\n\t\t                 \n                            <div class=\"item\">\n                                <div class=\"icon d-none d-md-block\"><\/div>\n                                <div class=\"timeline-circle d-none d-md-block\"><span class=\"circle\"><\/span><\/div>\n                                <div class=\"timeline-content\">\n                                \t\t\t\t\t\t\t\t            <span class=\"count\">2022<\/span>\n\t\t\t\t\t\t\t\t\t                                    <div class=\"text\">\n                                        \t\t\t\t\t\t\t                <h3 class=\"h5\">AGECO Alliance<\/h3>\n\t\t\t\t\t\t\t\t\t\t                                        \t\t\t\t\t\t\t                <p class=\"mb-0\">Partnership signed with AGECO, international leader in EHV\/HV transformer services<\/p>\n\t\t\t\t\t\t\t\t\t\t                                    <\/div>\n                                <\/div>\n                            <\/div>                            \t\t\n\t\t                \n                    <\/div>\n                <\/div>\n            <\/div>\n        <\/div>\n\n\t\t\t\t\t<\/div>\n\t\t\t\t<\/div>\n\t\t\t\t\t<\/div>\n\t\t<\/div>\n\t\t\t\t\t<\/div>\n\t\t<\/section>\n\t\t\t\t<\/div>","protected":false},"excerpt":{"rendered":"<p>L&#8217;Histoire Accueil l&#8217;Histoire Parcours Notre Success Story 2016 Fondation du groupe Grid Energy Company D\u00e9but des activit\u00e9s dans les services appareillage et maintenance \u00e9lectriques. 2018 Repr\u00e9sentation SEL Signature de contrat de repr\u00e9sentation avec SEL, leader international des relais de protection et syst\u00e8me contr\u00f4le commande. 2019 Signature de contrat de repr\u00e9sentation d&#8217;Omicron, leader mondial dans les [&hellip;]<\/p>\n","protected":false},"author":1,"featured_media":0,"parent":0,"menu_order":0,"comment_status":"closed","ping_status":"closed","template":"page-templates\/home.php","meta":{"footnotes":""},"class_list":["post-6615","page","type-page","status-publish","hentry"],"yoast_head":"<!-- This site is optimized with the Yoast SEO plugin v27.5 - https:\/\/yoast.com\/product\/yoast-seo-wordpress\/ -->\n<title>L&#039;Histoite - Grid Energy Company<\/title>\n<meta name=\"robots\" content=\"index, follow, max-snippet:-1, max-image-preview:large, max-video-preview:-1\" \/>\n<link rel=\"canonical\" href=\"https:\/\/gridenergy.ma\/en\/the-history-of-gec\/\" \/>\n<meta property=\"og:locale\" content=\"en_GB\" \/>\n<meta property=\"og:type\" content=\"article\" \/>\n<meta property=\"og:title\" content=\"L&#039;Histoite - Grid Energy Company\" \/>\n<meta property=\"og:description\" content=\"L&#8217;Histoire Accueil l&#8217;Histoire Parcours Notre Success Story 2016 Fondation du groupe Grid Energy Company D\u00e9but des activit\u00e9s dans les services appareillage et maintenance \u00e9lectriques. 2018 Repr\u00e9sentation SEL Signature de contrat de repr\u00e9sentation avec SEL, leader international des relais de protection et syst\u00e8me contr\u00f4le commande. 2019 Signature de contrat de repr\u00e9sentation d&#8217;Omicron, leader mondial dans les [&hellip;]\" \/>\n<meta property=\"og:url\" content=\"https:\/\/gridenergy.ma\/en\/the-history-of-gec\/\" \/>\n<meta property=\"og:site_name\" content=\"Grid Energy Company\" \/>\n<meta property=\"article:modified_time\" content=\"2025-05-27T14:54:33+00:00\" \/>\n<meta name=\"twitter:card\" content=\"summary_large_image\" \/>\n<meta name=\"twitter:label1\" content=\"Estimated reading time\" \/>\n\t<meta name=\"twitter:data1\" content=\"1 minute\" \/>\n<script type=\"application\/ld+json\" class=\"yoast-schema-graph\">{\"@context\":\"https:\\\/\\\/schema.org\",\"@graph\":[{\"@type\":\"WebPage\",\"@id\":\"https:\\\/\\\/gridenergy.ma\\\/en\\\/the-history-of-gec\\\/\",\"url\":\"https:\\\/\\\/gridenergy.ma\\\/en\\\/the-history-of-gec\\\/\",\"name\":\"L'Histoite - Grid Energy Company\",\"isPartOf\":{\"@id\":\"https:\\\/\\\/gridenergy.ma\\\/en\\\/#website\"},\"datePublished\":\"2022-02-02T10:31:05+00:00\",\"dateModified\":\"2025-05-27T14:54:33+00:00\",\"breadcrumb\":{\"@id\":\"https:\\\/\\\/gridenergy.ma\\\/en\\\/the-history-of-gec\\\/#breadcrumb\"},\"inLanguage\":\"en-GB\",\"potentialAction\":[{\"@type\":\"ReadAction\",\"target\":[\"https:\\\/\\\/gridenergy.ma\\\/en\\\/the-history-of-gec\\\/\"]}]},{\"@type\":\"BreadcrumbList\",\"@id\":\"https:\\\/\\\/gridenergy.ma\\\/en\\\/the-history-of-gec\\\/#breadcrumb\",\"itemListElement\":[{\"@type\":\"ListItem\",\"position\":1,\"name\":\"Accueil\",\"item\":\"https:\\\/\\\/gridenergy.ma\\\/fr\\\/\"},{\"@type\":\"ListItem\",\"position\":2,\"name\":\"L&#8217;Histoite\"}]},{\"@type\":\"WebSite\",\"@id\":\"https:\\\/\\\/gridenergy.ma\\\/en\\\/#website\",\"url\":\"https:\\\/\\\/gridenergy.ma\\\/en\\\/\",\"name\":\"Grid Energy Company\",\"description\":\"Solutions \u00e9lectriques innovantes\",\"potentialAction\":[{\"@type\":\"SearchAction\",\"target\":{\"@type\":\"EntryPoint\",\"urlTemplate\":\"https:\\\/\\\/gridenergy.ma\\\/en\\\/?s={search_term_string}\"},\"query-input\":{\"@type\":\"PropertyValueSpecification\",\"valueRequired\":true,\"valueName\":\"search_term_string\"}}],\"inLanguage\":\"en-GB\"}]}<\/script>\n<!-- \/ Yoast SEO plugin. -->","yoast_head_json":{"title":"L'Histoite - Grid Energy Company","robots":{"index":"index","follow":"follow","max-snippet":"max-snippet:-1","max-image-preview":"max-image-preview:large","max-video-preview":"max-video-preview:-1"},"canonical":"https:\/\/gridenergy.ma\/en\/the-history-of-gec\/","og_locale":"en_GB","og_type":"article","og_title":"L'Histoite - Grid Energy Company","og_description":"L&#8217;Histoire Accueil l&#8217;Histoire Parcours Notre Success Story 2016 Fondation du groupe Grid Energy Company D\u00e9but des activit\u00e9s dans les services appareillage et maintenance \u00e9lectriques. 2018 Repr\u00e9sentation SEL Signature de contrat de repr\u00e9sentation avec SEL, leader international des relais de protection et syst\u00e8me contr\u00f4le commande. 2019 Signature de contrat de repr\u00e9sentation d&#8217;Omicron, leader mondial dans les [&hellip;]","og_url":"https:\/\/gridenergy.ma\/en\/the-history-of-gec\/","og_site_name":"Grid Energy Company","article_modified_time":"2025-05-27T14:54:33+00:00","twitter_card":"summary_large_image","twitter_misc":{"Estimated reading time":"1 minute"},"schema":{"@context":"https:\/\/schema.org","@graph":[{"@type":"WebPage","@id":"https:\/\/gridenergy.ma\/en\/the-history-of-gec\/","url":"https:\/\/gridenergy.ma\/en\/the-history-of-gec\/","name":"L'Histoite - Grid Energy Company","isPartOf":{"@id":"https:\/\/gridenergy.ma\/en\/#website"},"datePublished":"2022-02-02T10:31:05+00:00","dateModified":"2025-05-27T14:54:33+00:00","breadcrumb":{"@id":"https:\/\/gridenergy.ma\/en\/the-history-of-gec\/#breadcrumb"},"inLanguage":"en-GB","potentialAction":[{"@type":"ReadAction","target":["https:\/\/gridenergy.ma\/en\/the-history-of-gec\/"]}]},{"@type":"BreadcrumbList","@id":"https:\/\/gridenergy.ma\/en\/the-history-of-gec\/#breadcrumb","itemListElement":[{"@type":"ListItem","position":1,"name":"Accueil","item":"https:\/\/gridenergy.ma\/fr\/"},{"@type":"ListItem","position":2,"name":"L&#8217;Histoite"}]},{"@type":"WebSite","@id":"https:\/\/gridenergy.ma\/en\/#website","url":"https:\/\/gridenergy.ma\/en\/","name":"Grid Energy Company","description":"Solutions \u00e9lectriques innovantes","potentialAction":[{"@type":"SearchAction","target":{"@type":"EntryPoint","urlTemplate":"https:\/\/gridenergy.ma\/en\/?s={search_term_string}"},"query-input":{"@type":"PropertyValueSpecification","valueRequired":true,"valueName":"search_term_string"}}],"inLanguage":"en-GB"}]}},"_links":{"self":[{"href":"https:\/\/gridenergy.ma\/en\/wp-json\/wp\/v2\/pages\/6615","targetHints":{"allow":["GET"]}}],"collection":[{"href":"https:\/\/gridenergy.ma\/en\/wp-json\/wp\/v2\/pages"}],"about":[{"href":"https:\/\/gridenergy.ma\/en\/wp-json\/wp\/v2\/types\/page"}],"author":[{"embeddable":true,"href":"https:\/\/gridenergy.ma\/en\/wp-json\/wp\/v2\/users\/1"}],"replies":[{"embeddable":true,"href":"https:\/\/gridenergy.ma\/en\/wp-json\/wp\/v2\/comments?post=6615"}],"version-history":[{"count":21,"href":"https:\/\/gridenergy.ma\/en\/wp-json\/wp\/v2\/pages\/6615\/revisions"}],"predecessor-version":[{"id":15923,"href":"https:\/\/gridenergy.ma\/en\/wp-json\/wp\/v2\/pages\/6615\/revisions\/15923"}],"wp:attachment":[{"href":"https:\/\/gridenergy.ma\/en\/wp-json\/wp\/v2\/media?parent=6615"}],"curies":[{"name":"wp","href":"https:\/\/api.w.org\/{rel}","templated":true}]}}