{"id":4899,"date":"2021-10-11T10:44:22","date_gmt":"2021-10-11T10:44:22","guid":{"rendered":"https:\/\/renumawp.websitelayout.net\/?page_id=4899"},"modified":"2025-05-19T13:21:51","modified_gmt":"2025-05-19T13:21:51","slug":"about-us","status":"publish","type":"page","link":"https:\/\/gridenergy.ma\/en\/about-us\/","title":{"rendered":"About us"},"content":{"rendered":"<div data-elementor-type=\"wp-page\" data-elementor-id=\"4899\" class=\"elementor elementor-4899\" data-elementor-post-type=\"page\">\n\t\t\t\t\t\t<section class=\"elementor-section elementor-top-section elementor-element elementor-element-cce65d8 page-title-section elementor-section-stretched elementor-section-boxed elementor-section-height-default elementor-section-height-default\" data-id=\"cce65d8\" data-element_type=\"section\" data-e-type=\"section\" data-settings=\"{&quot;background_background&quot;:&quot;classic&quot;,&quot;stretch_section&quot;:&quot;section-stretched&quot;}\">\n\t\t\t\t\t\t\t<div class=\"elementor-background-overlay\"><\/div>\n\t\t\t\t\t\t\t<div class=\"elementor-container elementor-column-gap-extended\">\n\t\t\t\t\t<div class=\"elementor-column elementor-col-100 elementor-top-column elementor-element elementor-element-0f31614\" data-id=\"0f31614\" data-element_type=\"column\" data-e-type=\"column\">\n\t\t\t<div class=\"elementor-widget-wrap elementor-element-populated\">\n\t\t\t\t\t\t<div class=\"elementor-element elementor-element-5138016 mb-0 elementor-widget elementor-widget-text-editor\" data-id=\"5138016\" data-element_type=\"widget\" data-e-type=\"widget\" data-widget_type=\"text-editor.default\">\n\t\t\t\t<div class=\"elementor-widget-container\">\n\t\t\t\t\t\t\t\t\t<h1>About us<\/h1>\t\t\t\t\t\t\t\t<\/div>\n\t\t\t\t<\/div>\n\t\t\t\t<div class=\"elementor-element elementor-element-b8b7d27 mb-0 elementor-widget elementor-widget-text-editor\" data-id=\"b8b7d27\" data-element_type=\"widget\" data-e-type=\"widget\" data-widget_type=\"text-editor.default\">\n\t\t\t\t<div class=\"elementor-widget-container\">\n\t\t\t\t\t\t\t\t\t<ul><li><a href=\"https:\/\/gridenergy.ma\/en\/?page_id=9746\">Home<\/a><\/li><li>About us<\/li><\/ul>\t\t\t\t\t\t\t\t<\/div>\n\t\t\t\t<\/div>\n\t\t\t\t\t<\/div>\n\t\t<\/div>\n\t\t\t\t\t<\/div>\n\t\t<\/section>\n\t\t\t\t<section class=\"elementor-section elementor-top-section elementor-element elementor-element-1528ef7 elementor-section-stretched about-3 elementor-section-boxed elementor-section-height-default elementor-section-height-default\" data-id=\"1528ef7\" data-element_type=\"section\" data-e-type=\"section\" data-settings=\"{&quot;stretch_section&quot;:&quot;section-stretched&quot;}\">\n\t\t\t\t\t\t<div class=\"elementor-container elementor-column-gap-extended\">\n\t\t\t\t\t<div class=\"elementor-column elementor-col-100 elementor-top-column elementor-element elementor-element-708c372\" data-id=\"708c372\" data-element_type=\"column\" data-e-type=\"column\">\n\t\t\t<div class=\"elementor-widget-wrap elementor-element-populated\">\n\t\t\t\t\t\t<section class=\"elementor-section elementor-inner-section elementor-element elementor-element-acf1a10 elementor-section-boxed elementor-section-height-default elementor-section-height-default\" data-id=\"acf1a10\" data-element_type=\"section\" data-e-type=\"section\">\n\t\t\t\t\t\t<div class=\"elementor-container elementor-column-gap-no\">\n\t\t\t\t\t<div class=\"elementor-column elementor-col-50 elementor-inner-column elementor-element elementor-element-821cb46\" data-id=\"821cb46\" data-element_type=\"column\" data-e-type=\"column\">\n\t\t\t<div class=\"elementor-widget-wrap elementor-element-populated\">\n\t\t\t\t\t\t<div class=\"elementor-element elementor-element-cbcc976 mb-0 elementor-widget elementor-widget-text-editor\" data-id=\"cbcc976\" data-element_type=\"widget\" data-e-type=\"widget\" data-widget_type=\"text-editor.default\">\n\t\t\t\t<div class=\"elementor-widget-container\">\n\t\t\t\t\t\t\t\t\t<div class=\"title-style7 mb-2-2 pe-xl-5\">\nWords from the Chairmen\n<h2 class=\"display-5 font-weight-800 mb-0 lh-1\">Vision, commitment and innovation at GEC<\/h2>\n<\/div>\t\t\t\t\t\t\t\t<\/div>\n\t\t\t\t<\/div>\n\t\t\t\t<div class=\"elementor-element elementor-element-d17b5ae elementor-widget elementor-widget-text-editor\" data-id=\"d17b5ae\" data-element_type=\"widget\" data-e-type=\"widget\" data-widget_type=\"text-editor.default\">\n\t\t\t\t<div class=\"elementor-widget-container\">\n\t\t\t\t\t\t\t\t\t<p style=\"font-weight: 400;\">Since our beginnings, GRID ENERGY COMPANY has established itself as a key player in the electrical power sector, with marked expertise in managing complex projects and providing innovative engineering solutions. Today, we cover a wide range of fields, including advanced electrical systems installation, multi-service technical maintenance and electrical infrastructure management.<\/p><p style=\"font-weight: 400;\">In our ongoing quest for excellence, we have been able to capitalize on the diverse experience and know-how that have fueled our growth. Our teams, passionate about innovation and constant learning, are the real driving force behind our success, and their commitment to the ethics and values of GRID ENERGY COMPANY remains our most valuable asset.<\/p><p style=\"font-weight: 400;\">Our achievements reflect our resilience and our commitment to the fundamental principles that guide our business. Our strategic partnerships with key industry players strengthen our position and our commitment to a sustainable future.<\/p><p style=\"font-weight: 400;\">As we continue to develop, we remain fully committed to an ambitious strategy aimed at consolidating our leadership position and ensuring sustainable growth in a constantly changing environment.<\/p>\t\t\t\t\t\t\t\t<\/div>\n\t\t\t\t<\/div>\n\t\t\t\t<div class=\"elementor-element elementor-element-567766f mb-0 elementor-widget elementor-widget-text-editor\" data-id=\"567766f\" data-element_type=\"widget\" data-e-type=\"widget\" data-widget_type=\"text-editor.default\">\n\t\t\t\t<div class=\"elementor-widget-container\">\n\t\t\t\t\t\t\t\t\t<p><a class=\"btn-style4\" href=\"https:\/\/gridenergy.ma\/en\/the-history-of-gec\/\">OUR HISTORY<\/a><\/p>\t\t\t\t\t\t\t\t<\/div>\n\t\t\t\t<\/div>\n\t\t\t\t\t<\/div>\n\t\t<\/div>\n\t\t\t\t<div class=\"elementor-column elementor-col-50 elementor-inner-column elementor-element elementor-element-c014b83 position-relative about-img\" data-id=\"c014b83\" data-element_type=\"column\" data-e-type=\"column\">\n\t\t\t<div class=\"elementor-widget-wrap elementor-element-populated\">\n\t\t\t\t<div class=\"elementor-element elementor-element-c672b57 e-flex e-con-boxed e-con e-parent\" data-id=\"c672b57\" data-element_type=\"container\" data-e-type=\"container\">\n\t\t\t\t\t<div class=\"e-con-inner\">\n\t\t\t\t<div class=\"elementor-element elementor-element-412531a elementor-widget elementor-widget-image\" data-id=\"412531a\" data-element_type=\"widget\" data-e-type=\"widget\" data-widget_type=\"image.default\">\n\t\t\t\t<div class=\"elementor-widget-container\">\n\t\t\t\t\t\t\t\t\t\t\t\t\t\t\t<img fetchpriority=\"high\" decoding=\"async\" width=\"900\" height=\"993\" src=\"https:\/\/gridenergy.ma\/wp-content\/uploads\/2025\/05\/GEC17-1-928x1024.jpg\" class=\"attachment-large size-large wp-image-15782\" alt=\"\" srcset=\"https:\/\/gridenergy.ma\/wp-content\/uploads\/2025\/05\/GEC17-1-928x1024.jpg 928w, https:\/\/gridenergy.ma\/wp-content\/uploads\/2025\/05\/GEC17-1-272x300.jpg 272w, https:\/\/gridenergy.ma\/wp-content\/uploads\/2025\/05\/GEC17-1-768x848.jpg 768w, https:\/\/gridenergy.ma\/wp-content\/uploads\/2025\/05\/GEC17-1-1391x1536.jpg 1391w, https:\/\/gridenergy.ma\/wp-content\/uploads\/2025\/05\/GEC17-1-1855x2048.jpg 1855w, https:\/\/gridenergy.ma\/wp-content\/uploads\/2025\/05\/GEC17-1-11x12.jpg 11w\" sizes=\"(max-width: 900px) 100vw, 900px\" \/>\t\t\t\t\t\t\t\t\t\t\t\t\t\t\t<\/div>\n\t\t\t\t<\/div>\n\t\t\t\t<div class=\"elementor-element elementor-element-044f420 elementor-widget elementor-widget-text-editor\" data-id=\"044f420\" data-element_type=\"widget\" data-e-type=\"widget\" data-widget_type=\"text-editor.default\">\n\t\t\t\t<div class=\"elementor-widget-container\">\n\t\t\t\t\t\t\t\t\t<p>M. SOUDASSI HASSAN<\/p>\t\t\t\t\t\t\t\t<\/div>\n\t\t\t\t<\/div>\n\t\t\t\t<div class=\"elementor-element elementor-element-cea3e4e elementor-widget elementor-widget-image\" data-id=\"cea3e4e\" data-element_type=\"widget\" data-e-type=\"widget\" data-widget_type=\"image.default\">\n\t\t\t\t<div class=\"elementor-widget-container\">\n\t\t\t\t\t\t\t\t\t\t\t\t\t\t\t<img decoding=\"async\" width=\"900\" height=\"1021\" src=\"https:\/\/gridenergy.ma\/wp-content\/uploads\/2025\/05\/GEC94-903x1024.jpg\" class=\"attachment-large size-large wp-image-15784\" alt=\"\" srcset=\"https:\/\/gridenergy.ma\/wp-content\/uploads\/2025\/05\/GEC94-903x1024.jpg 903w, https:\/\/gridenergy.ma\/wp-content\/uploads\/2025\/05\/GEC94-265x300.jpg 265w, https:\/\/gridenergy.ma\/wp-content\/uploads\/2025\/05\/GEC94-768x871.jpg 768w, https:\/\/gridenergy.ma\/wp-content\/uploads\/2025\/05\/GEC94-1355x1536.jpg 1355w, https:\/\/gridenergy.ma\/wp-content\/uploads\/2025\/05\/GEC94-1807x2048.jpg 1807w, https:\/\/gridenergy.ma\/wp-content\/uploads\/2025\/05\/GEC94-11x12.jpg 11w\" sizes=\"(max-width: 900px) 100vw, 900px\" \/>\t\t\t\t\t\t\t\t\t\t\t\t\t\t\t<\/div>\n\t\t\t\t<\/div>\n\t\t\t\t<div class=\"elementor-element elementor-element-ff5918b elementor-widget elementor-widget-text-editor\" data-id=\"ff5918b\" data-element_type=\"widget\" data-e-type=\"widget\" data-widget_type=\"text-editor.default\">\n\t\t\t\t<div class=\"elementor-widget-container\">\n\t\t\t\t\t\t\t\t\t<p>M. EL BAKKALI ADIL<\/p>\t\t\t\t\t\t\t\t<\/div>\n\t\t\t\t<\/div>\n\t\t\t\t\t<\/div>\n\t\t\t\t<\/div>\n\t\t\t\t\t<\/div>\n\t\t<\/div>\n\t\t\t\t\t<\/div>\n\t\t<\/section>\n\t\t\t\t\t<\/div>\n\t\t<\/div>\n\t\t\t\t\t<\/div>\n\t\t<\/section>\n\t\t\t\t<section class=\"elementor-section elementor-top-section elementor-element elementor-element-0785cc5 elementor-section-full_width elementor-section-stretched save-money overflow-visible elementor-section-height-default elementor-section-height-default\" data-id=\"0785cc5\" data-element_type=\"section\" data-e-type=\"section\" data-settings=\"{&quot;stretch_section&quot;:&quot;section-stretched&quot;,&quot;background_background&quot;:&quot;classic&quot;}\">\n\t\t\t\t\t\t\t<div class=\"elementor-background-overlay\"><\/div>\n\t\t\t\t\t\t\t<div class=\"elementor-container elementor-column-gap-no\">\n\t\t\t\t\t<div class=\"elementor-column elementor-col-100 elementor-top-column elementor-element elementor-element-f1b1cfb\" data-id=\"f1b1cfb\" data-element_type=\"column\" data-e-type=\"column\">\n\t\t\t<div class=\"elementor-widget-wrap elementor-element-populated\">\n\t\t\t\t\t\t<section class=\"elementor-section elementor-inner-section elementor-element elementor-element-094cb5f elementor-section-content-middle elementor-section-boxed elementor-section-height-default elementor-section-height-default\" data-id=\"094cb5f\" data-element_type=\"section\" data-e-type=\"section\">\n\t\t\t\t\t\t<div class=\"elementor-container elementor-column-gap-extended\">\n\t\t\t\t\t<div class=\"elementor-column elementor-col-50 elementor-inner-column elementor-element elementor-element-d0d9885 elementor-invisible\" data-id=\"d0d9885\" data-element_type=\"column\" data-e-type=\"column\" data-settings=\"{&quot;animation&quot;:&quot;fadeIn&quot;,&quot;animation_delay&quot;:200}\">\n\t\t\t<div class=\"elementor-widget-wrap elementor-element-populated\">\n\t\t\t\t\t\t<div class=\"elementor-element elementor-element-5d26b70 mb-0 elementor-widget elementor-widget-text-editor\" data-id=\"5d26b70\" data-element_type=\"widget\" data-e-type=\"widget\" data-widget_type=\"text-editor.default\">\n\t\t\t\t<div class=\"elementor-widget-container\">\n\t\t\t\t\t\t\t\t\t<div class=\"title-style7 mb-2-2\"><br \/><span class=\"text-white\">Our Commitment<\/span><h2 class=\"display-5 font-weight-800 mb-0 lh-1 text-white\">Sustainable commitment, safety, quality and excellence<\/h2><\/div>\t\t\t\t\t\t\t\t<\/div>\n\t\t\t\t<\/div>\n\t\t\t\t<div class=\"elementor-element elementor-element-ce5576b elementor-widget elementor-widget-text-editor\" data-id=\"ce5576b\" data-element_type=\"widget\" data-e-type=\"widget\" data-widget_type=\"text-editor.default\">\n\t\t\t\t<div class=\"elementor-widget-container\">\n\t\t\t\t\t\t\t\t\t<p style=\"font-weight: 400;\">Committed to a sustainable future, we place safety, quality and respect for the environment at the heart of every action, for reliable and responsible results.<\/p><p style=\"font-weight: 400;\">Our ISO 9001 and ISO 45001 certifications are not just labels, but the foundation of our commitment to excellence and safety. In a sector as critical as electrical expertise, occupational health and safety is a top priority. We take a proactive and rigorous approach to guaranteeing reliable solutions, carried out in strict compliance with safety standards, while protecting our teams, customers and partners. Because a safe working environment is the key to sustainable performance<\/p>\t\t\t\t\t\t\t\t<\/div>\n\t\t\t\t<\/div>\n\t\t\t\t\t<\/div>\n\t\t<\/div>\n\t\t\t\t<div class=\"elementor-column elementor-col-50 elementor-inner-column elementor-element elementor-element-061aeb1\" data-id=\"061aeb1\" data-element_type=\"column\" data-e-type=\"column\">\n\t\t\t<div class=\"elementor-widget-wrap elementor-element-populated\">\n\t\t\t\t\t\t<div class=\"elementor-element elementor-element-da7c497 elementor-align-left elementor-widget elementor-widget-wl-features-box-v6\" data-id=\"da7c497\" data-element_type=\"widget\" data-e-type=\"widget\" data-widget_type=\"wl-features-box-v6.default\">\n\t\t\t\t<div class=\"elementor-widget-container\">\n\t\t\t\t\t\n\t<div class=\"row text-center\">\n\n\t\t\n\t        <div class=\"col-sm-4 mb-1-9 mb-md-0 wow fadeInRight\" data-wow-delay=\"200ms\">\n\n\t        \t\t            \t<span class=\"flaticon-031-plant-1 mb-3 display-3 text-white d-inline-block\"><\/span>\n\t            \n\t            \t            \t<h3 class=\"mb-0 h5 text-white\">Responsible commitment<\/h3>\n\t            \t        <\/div>\n\n        \n\t        <div class=\"col-sm-4 mb-1-9 mb-md-0 wow fadeInRight\" data-wow-delay=\"350ms\">\n\n\t        \t\t            \t<span class=\"flaticon-042-solar-panel mb-3 display-3 text-white d-inline-block\"><\/span>\n\t            \n\t            \t            \t<h3 class=\"mb-0 h5 text-white\">Sustainable quality<\/h3>\n\t            \t        <\/div>\n\n        \n\t        <div class=\"col-sm-4 wow fadeInRight\" data-wow-delay=\"500ms\">\n\n\t        \t\t            \t<span class=\"flaticon-041-barrel mb-3 display-3 text-white d-inline-block\"><\/span>\n\t            \n\t            \t            \t<h3 class=\"mb-0 h5 text-white\">Priority safety<\/h3>\n\t            \t        <\/div>\n\n        \n    <\/div>\n\n\t\t\t\t\t<\/div>\n\t\t\t\t<\/div>\n\t\t\t\t\t<\/div>\n\t\t<\/div>\n\t\t\t\t\t<\/div>\n\t\t<\/section>\n\t\t\t\t<section class=\"elementor-section elementor-inner-section elementor-element elementor-element-71c12e0 elementor-section-boxed elementor-section-height-default elementor-section-height-default elementor-invisible\" data-id=\"71c12e0\" data-element_type=\"section\" data-e-type=\"section\" data-settings=\"{&quot;animation&quot;:&quot;fadeIn&quot;,&quot;animation_delay&quot;:200}\">\n\t\t\t\t\t\t<div class=\"elementor-container elementor-column-gap-extended\">\n\t\t\t\t\t<div class=\"elementor-column elementor-col-50 elementor-inner-column elementor-element elementor-element-e514f3c\" data-id=\"e514f3c\" data-element_type=\"column\" data-e-type=\"column\">\n\t\t\t<div class=\"elementor-widget-wrap elementor-element-populated\">\n\t\t\t\t\t\t<div class=\"elementor-element elementor-element-4e14cfb mb-0 elementor-widget elementor-widget-text-editor\" data-id=\"4e14cfb\" data-element_type=\"widget\" data-e-type=\"widget\" data-widget_type=\"text-editor.default\">\n\t\t\t\t<div class=\"elementor-widget-container\">\n\t\t\t\t\t\t\t\t\t<ul class=\"list-unstyled mb-0\"><li class=\"mb-3 text-white\"><i class=\"far fa-envelope display-25 me-4\"><\/i>company@gridenergy.ma<\/li><li class=\"mb-3 text-white\"><i class=\"fas fa-mobile-alt display-25 me-4\"><\/i>(+212) 522 402 000<\/li><li class=\"text-white\"><i class=\"fas fa-map-marker-alt display-25 me-4\"><\/i>17 Bd. Bahmad, 20300, Casablanca<\/li><\/ul>\t\t\t\t\t\t\t\t<\/div>\n\t\t\t\t<\/div>\n\t\t\t\t\t<\/div>\n\t\t<\/div>\n\t\t\t\t<div class=\"elementor-column elementor-col-50 elementor-inner-column elementor-element elementor-element-f2c4f6b video-img\" data-id=\"f2c4f6b\" data-element_type=\"column\" data-e-type=\"column\">\n\t\t\t<div class=\"elementor-widget-wrap elementor-element-populated\">\n\t\t\t\t\t\t<div class=\"elementor-element elementor-element-96bcaa5 position-relative elementor-widget elementor-widget-image\" data-id=\"96bcaa5\" data-element_type=\"widget\" data-e-type=\"widget\" data-widget_type=\"image.default\">\n\t\t\t\t<div class=\"elementor-widget-container\">\n\t\t\t\t\t\t\t\t\t\t\t\t\t\t\t<img decoding=\"async\" src=\"https:\/\/gridenergy.ma\/wp-content\/uploads\/2025\/05\/DSC08820-1-scaled.jpg\" title=\"DSC08820\" alt=\"DSC08820\" loading=\"lazy\" \/>\t\t\t\t\t\t\t\t\t\t\t\t\t\t\t<\/div>\n\t\t\t\t<\/div>\n\t\t\t\t\t<\/div>\n\t\t<\/div>\n\t\t\t\t\t<\/div>\n\t\t<\/section>\n\t\t\t\t\t<\/div>\n\t\t<\/div>\n\t\t\t\t\t<\/div>\n\t\t<\/section>\n\t\t\t\t<section class=\"elementor-section elementor-top-section elementor-element elementor-element-c67fd15 elementor-section-stretched elementor-section-full_width elementor-section-height-default elementor-section-height-default\" data-id=\"c67fd15\" data-element_type=\"section\" data-e-type=\"section\" data-settings=\"{&quot;stretch_section&quot;:&quot;section-stretched&quot;}\">\n\t\t\t\t\t\t<div class=\"elementor-container elementor-column-gap-no\">\n\t\t\t\t\t<div class=\"elementor-column elementor-col-100 elementor-top-column elementor-element elementor-element-7647813\" data-id=\"7647813\" data-element_type=\"column\" data-e-type=\"column\">\n\t\t\t<div class=\"elementor-widget-wrap elementor-element-populated\">\n\t\t\t\t\t\t<section class=\"elementor-section elementor-inner-section elementor-element elementor-element-2d876d8 elementor-section-content-middle elementor-section-boxed elementor-section-height-default elementor-section-height-default\" data-id=\"2d876d8\" data-element_type=\"section\" data-e-type=\"section\">\n\t\t\t\t\t\t<div class=\"elementor-container elementor-column-gap-extended\">\n\t\t\t\t\t<div class=\"elementor-column elementor-col-100 elementor-inner-column elementor-element elementor-element-d6d87cc\" data-id=\"d6d87cc\" data-element_type=\"column\" data-e-type=\"column\">\n\t\t\t<div class=\"elementor-widget-wrap\">\n\t\t\t\t\t\t\t<\/div>\n\t\t<\/div>\n\t\t\t\t\t<\/div>\n\t\t<\/section>\n\t\t\t\t\t<\/div>\n\t\t<\/div>\n\t\t\t\t\t<\/div>\n\t\t<\/section>\n\t\t\t\t<\/div>","protected":false},"excerpt":{"rendered":"<p>\u00c0 Propos Accueil \u00c0 Propos Mots des Pr\u00e9sidents Vision, engagement et innovation chez GEC Depuis nos d\u00e9buts, GRID ENERGY COMPANY s\u2019est impos\u00e9e comme un acteur cl\u00e9 dans le secteur de l\u2019\u00e9nergie \u00e9lectrique, avec une expertise marqu\u00e9e dans la gestion de projets complexes et la fourniture de solutions innovantes en ing\u00e9nierie. Aujourd\u2019hui, notre champ d\u2019action s\u2019\u00e9tend [&hellip;]<\/p>\n","protected":false},"author":1,"featured_media":0,"parent":0,"menu_order":0,"comment_status":"closed","ping_status":"closed","template":"page-templates\/home.php","meta":{"footnotes":""},"class_list":["post-4899","page","type-page","status-publish","hentry"],"yoast_head":"<!-- This site is optimized with the Yoast SEO plugin v27.5 - https:\/\/yoast.com\/product\/yoast-seo-wordpress\/ -->\n<title>\u00c0 Propos - Grid Energy Company<\/title>\n<meta name=\"robots\" content=\"index, follow, max-snippet:-1, max-image-preview:large, max-video-preview:-1\" \/>\n<link rel=\"canonical\" href=\"https:\/\/gridenergy.ma\/en\/about-us\/\" \/>\n<meta property=\"og:locale\" content=\"en_GB\" \/>\n<meta property=\"og:type\" content=\"article\" \/>\n<meta property=\"og:title\" content=\"\u00c0 Propos - Grid Energy Company\" \/>\n<meta property=\"og:description\" content=\"\u00c0 Propos Accueil \u00c0 Propos Mots des Pr\u00e9sidents Vision, engagement et innovation chez GEC Depuis nos d\u00e9buts, GRID ENERGY COMPANY s\u2019est impos\u00e9e comme un acteur cl\u00e9 dans le secteur de l\u2019\u00e9nergie \u00e9lectrique, avec une expertise marqu\u00e9e dans la gestion de projets complexes et la fourniture de solutions innovantes en ing\u00e9nierie. Aujourd\u2019hui, notre champ d\u2019action s\u2019\u00e9tend [&hellip;]\" \/>\n<meta property=\"og:url\" content=\"https:\/\/gridenergy.ma\/en\/about-us\/\" \/>\n<meta property=\"og:site_name\" content=\"Grid Energy Company\" \/>\n<meta property=\"article:modified_time\" content=\"2025-05-19T13:21:51+00:00\" \/>\n<meta property=\"og:image\" content=\"https:\/\/gridenergy.ma\/wp-content\/uploads\/2025\/05\/GEC17-1-928x1024.jpg\" \/>\n<meta name=\"twitter:card\" content=\"summary_large_image\" \/>\n<meta name=\"twitter:label1\" content=\"Estimated reading time\" \/>\n\t<meta name=\"twitter:data1\" content=\"2 minutes\" \/>\n<script type=\"application\/ld+json\" class=\"yoast-schema-graph\">{\"@context\":\"https:\\\/\\\/schema.org\",\"@graph\":[{\"@type\":\"WebPage\",\"@id\":\"https:\\\/\\\/gridenergy.ma\\\/a-propos\\\/\",\"url\":\"https:\\\/\\\/gridenergy.ma\\\/a-propos\\\/\",\"name\":\"\u00c0 Propos - Grid Energy Company\",\"isPartOf\":{\"@id\":\"https:\\\/\\\/gridenergy.ma\\\/en\\\/#website\"},\"primaryImageOfPage\":{\"@id\":\"https:\\\/\\\/gridenergy.ma\\\/a-propos\\\/#primaryimage\"},\"image\":{\"@id\":\"https:\\\/\\\/gridenergy.ma\\\/a-propos\\\/#primaryimage\"},\"thumbnailUrl\":\"https:\\\/\\\/gridenergy.ma\\\/wp-content\\\/uploads\\\/2025\\\/05\\\/GEC17-1-928x1024.jpg\",\"datePublished\":\"2021-10-11T10:44:22+00:00\",\"dateModified\":\"2025-05-19T13:21:51+00:00\",\"breadcrumb\":{\"@id\":\"https:\\\/\\\/gridenergy.ma\\\/a-propos\\\/#breadcrumb\"},\"inLanguage\":\"en-GB\",\"potentialAction\":[{\"@type\":\"ReadAction\",\"target\":[\"https:\\\/\\\/gridenergy.ma\\\/a-propos\\\/\"]}]},{\"@type\":\"ImageObject\",\"inLanguage\":\"en-GB\",\"@id\":\"https:\\\/\\\/gridenergy.ma\\\/a-propos\\\/#primaryimage\",\"url\":\"https:\\\/\\\/gridenergy.ma\\\/wp-content\\\/uploads\\\/2025\\\/05\\\/GEC17-1-928x1024.jpg\",\"contentUrl\":\"https:\\\/\\\/gridenergy.ma\\\/wp-content\\\/uploads\\\/2025\\\/05\\\/GEC17-1-928x1024.jpg\"},{\"@type\":\"BreadcrumbList\",\"@id\":\"https:\\\/\\\/gridenergy.ma\\\/a-propos\\\/#breadcrumb\",\"itemListElement\":[{\"@type\":\"ListItem\",\"position\":1,\"name\":\"Accueil\",\"item\":\"https:\\\/\\\/gridenergy.ma\\\/fr\\\/\"},{\"@type\":\"ListItem\",\"position\":2,\"name\":\"\u00c0 Propos\"}]},{\"@type\":\"WebSite\",\"@id\":\"https:\\\/\\\/gridenergy.ma\\\/en\\\/#website\",\"url\":\"https:\\\/\\\/gridenergy.ma\\\/en\\\/\",\"name\":\"Grid Energy Company\",\"description\":\"Solutions \u00e9lectriques innovantes\",\"potentialAction\":[{\"@type\":\"SearchAction\",\"target\":{\"@type\":\"EntryPoint\",\"urlTemplate\":\"https:\\\/\\\/gridenergy.ma\\\/en\\\/?s={search_term_string}\"},\"query-input\":{\"@type\":\"PropertyValueSpecification\",\"valueRequired\":true,\"valueName\":\"search_term_string\"}}],\"inLanguage\":\"en-GB\"}]}<\/script>\n<!-- \/ Yoast SEO plugin. -->","yoast_head_json":{"title":"\u00c0 Propos - Grid Energy Company","robots":{"index":"index","follow":"follow","max-snippet":"max-snippet:-1","max-image-preview":"max-image-preview:large","max-video-preview":"max-video-preview:-1"},"canonical":"https:\/\/gridenergy.ma\/en\/about-us\/","og_locale":"en_GB","og_type":"article","og_title":"\u00c0 Propos - Grid Energy Company","og_description":"\u00c0 Propos Accueil \u00c0 Propos Mots des Pr\u00e9sidents Vision, engagement et innovation chez GEC Depuis nos d\u00e9buts, GRID ENERGY COMPANY s\u2019est impos\u00e9e comme un acteur cl\u00e9 dans le secteur de l\u2019\u00e9nergie \u00e9lectrique, avec une expertise marqu\u00e9e dans la gestion de projets complexes et la fourniture de solutions innovantes en ing\u00e9nierie. Aujourd\u2019hui, notre champ d\u2019action s\u2019\u00e9tend [&hellip;]","og_url":"https:\/\/gridenergy.ma\/en\/about-us\/","og_site_name":"Grid Energy Company","article_modified_time":"2025-05-19T13:21:51+00:00","og_image":[{"url":"https:\/\/gridenergy.ma\/wp-content\/uploads\/2025\/05\/GEC17-1-928x1024.jpg","type":"","width":"","height":""}],"twitter_card":"summary_large_image","twitter_misc":{"Estimated reading time":"2 minutes"},"schema":{"@context":"https:\/\/schema.org","@graph":[{"@type":"WebPage","@id":"https:\/\/gridenergy.ma\/a-propos\/","url":"https:\/\/gridenergy.ma\/a-propos\/","name":"\u00c0 Propos - Grid Energy Company","isPartOf":{"@id":"https:\/\/gridenergy.ma\/en\/#website"},"primaryImageOfPage":{"@id":"https:\/\/gridenergy.ma\/a-propos\/#primaryimage"},"image":{"@id":"https:\/\/gridenergy.ma\/a-propos\/#primaryimage"},"thumbnailUrl":"https:\/\/gridenergy.ma\/wp-content\/uploads\/2025\/05\/GEC17-1-928x1024.jpg","datePublished":"2021-10-11T10:44:22+00:00","dateModified":"2025-05-19T13:21:51+00:00","breadcrumb":{"@id":"https:\/\/gridenergy.ma\/a-propos\/#breadcrumb"},"inLanguage":"en-GB","potentialAction":[{"@type":"ReadAction","target":["https:\/\/gridenergy.ma\/a-propos\/"]}]},{"@type":"ImageObject","inLanguage":"en-GB","@id":"https:\/\/gridenergy.ma\/a-propos\/#primaryimage","url":"https:\/\/gridenergy.ma\/wp-content\/uploads\/2025\/05\/GEC17-1-928x1024.jpg","contentUrl":"https:\/\/gridenergy.ma\/wp-content\/uploads\/2025\/05\/GEC17-1-928x1024.jpg"},{"@type":"BreadcrumbList","@id":"https:\/\/gridenergy.ma\/a-propos\/#breadcrumb","itemListElement":[{"@type":"ListItem","position":1,"name":"Accueil","item":"https:\/\/gridenergy.ma\/fr\/"},{"@type":"ListItem","position":2,"name":"\u00c0 Propos"}]},{"@type":"WebSite","@id":"https:\/\/gridenergy.ma\/en\/#website","url":"https:\/\/gridenergy.ma\/en\/","name":"Grid Energy Company","description":"Solutions \u00e9lectriques innovantes","potentialAction":[{"@type":"SearchAction","target":{"@type":"EntryPoint","urlTemplate":"https:\/\/gridenergy.ma\/en\/?s={search_term_string}"},"query-input":{"@type":"PropertyValueSpecification","valueRequired":true,"valueName":"search_term_string"}}],"inLanguage":"en-GB"}]}},"_links":{"self":[{"href":"https:\/\/gridenergy.ma\/en\/wp-json\/wp\/v2\/pages\/4899","targetHints":{"allow":["GET"]}}],"collection":[{"href":"https:\/\/gridenergy.ma\/en\/wp-json\/wp\/v2\/pages"}],"about":[{"href":"https:\/\/gridenergy.ma\/en\/wp-json\/wp\/v2\/types\/page"}],"author":[{"embeddable":true,"href":"https:\/\/gridenergy.ma\/en\/wp-json\/wp\/v2\/users\/1"}],"replies":[{"embeddable":true,"href":"https:\/\/gridenergy.ma\/en\/wp-json\/wp\/v2\/comments?post=4899"}],"version-history":[{"count":32,"href":"https:\/\/gridenergy.ma\/en\/wp-json\/wp\/v2\/pages\/4899\/revisions"}],"predecessor-version":[{"id":15844,"href":"https:\/\/gridenergy.ma\/en\/wp-json\/wp\/v2\/pages\/4899\/revisions\/15844"}],"wp:attachment":[{"href":"https:\/\/gridenergy.ma\/en\/wp-json\/wp\/v2\/media?parent=4899"}],"curies":[{"name":"wp","href":"https:\/\/api.w.org\/{rel}","templated":true}]}}