{"id":16475,"date":"2026-01-06T09:25:13","date_gmt":"2026-01-06T09:25:13","guid":{"rendered":"https:\/\/gridenergy.ma\/?page_id=16475"},"modified":"2026-01-07T14:57:45","modified_gmt":"2026-01-07T14:57:45","slug":"evenements-seminaire-technique-sel-maroc-2026","status":"publish","type":"page","link":"https:\/\/gridenergy.ma\/en\/evenements-seminaire-technique-sel-maroc-2026\/","title":{"rendered":"SEL S\u00e9minaire Technique au Maroc \u2013 5 f\u00e9vrier 2026"},"content":{"rendered":"<div data-elementor-type=\"wp-page\" data-elementor-id=\"16475\" class=\"elementor elementor-16475\" data-elementor-post-type=\"page\">\n\t\t\t\t<div class=\"elementor-element elementor-element-72937cc e-flex e-con-boxed e-con e-parent\" data-id=\"72937cc\" data-element_type=\"container\" data-e-type=\"container\">\n\t\t\t\t\t<div class=\"e-con-inner\">\n\t\t<div class=\"elementor-element elementor-element-fb5829a e-con-full e-flex e-con e-child\" data-id=\"fb5829a\" data-element_type=\"container\" data-e-type=\"container\">\n\t\t\t\t<div class=\"elementor-element elementor-element-f679053 elementor-widget elementor-widget-button\" data-id=\"f679053\" data-element_type=\"widget\" data-e-type=\"widget\" data-widget_type=\"button.default\">\n\t\t\t\t<div class=\"elementor-widget-container\">\n\t\t\t\t\t\t\t\t\t<div class=\"elementor-button-wrapper\">\n\t\t\t\t\t<a class=\"elementor-button elementor-button-link elementor-size-sm\" href=\"https:\/\/drive.google.com\/file\/d\/1UusSY_5Hj_fskSA-ixuMkwgUr9Me82a8\/view?usp=sharing\" target=\"_blank\">\n\t\t\t\t\t\t<span class=\"elementor-button-content-wrapper\">\n\t\t\t\t\t\t<span class=\"elementor-button-icon\">\n\t\t\t\t<svg aria-hidden=\"true\" class=\"e-font-icon-svg e-far-clipboard\" viewbox=\"0 0 384 512\" xmlns=\"http:\/\/www.w3.org\/2000\/svg\"><path d=\"M336 64h-80c0-35.3-28.7-64-64-64s-64 28.7-64 64H48C21.5 64 0 85.5 0 112v352c0 26.5 21.5 48 48 48h288c26.5 0 48-21.5 48-48V112c0-26.5-21.5-48-48-48zM192 40c13.3 0 24 10.7 24 24s-10.7 24-24 24-24-10.7-24-24 10.7-24 24-24zm144 418c0 3.3-2.7 6-6 6H54c-3.3 0-6-2.7-6-6V118c0-3.3 2.7-6 6-6h42v36c0 6.6 5.4 12 12 12h168c6.6 0 12-5.4 12-12v-36h42c3.3 0 6 2.7 6 6z\"><\/path><\/svg>\t\t\t<\/span>\n\t\t\t\t\t\t\t\t\t<span class=\"elementor-button-text\">Agenda<\/span>\n\t\t\t\t\t<\/span>\n\t\t\t\t\t<\/a>\n\t\t\t\t<\/div>\n\t\t\t\t\t\t\t\t<\/div>\n\t\t\t\t<\/div>\n\t\t\t\t<\/div>\n\t\t<div class=\"elementor-element elementor-element-94301a3 e-con-full e-flex e-con e-child\" data-id=\"94301a3\" data-element_type=\"container\" data-e-type=\"container\">\n\t\t\t\t<div class=\"elementor-element elementor-element-a475524 elementor-widget elementor-widget-button\" data-id=\"a475524\" data-element_type=\"widget\" data-e-type=\"widget\" data-widget_type=\"button.default\">\n\t\t\t\t<div class=\"elementor-widget-container\">\n\t\t\t\t\t\t\t\t\t<div class=\"elementor-button-wrapper\">\n\t\t\t\t\t<a class=\"elementor-button elementor-button-link elementor-size-sm\" href=\"https:\/\/www.gridenergy.ma\/form\/modules\/form_builder\/published\/SEL2026.php\" target=\"_blank\">\n\t\t\t\t\t\t<span class=\"elementor-button-content-wrapper\">\n\t\t\t\t\t\t<span class=\"elementor-button-icon\">\n\t\t\t\t<svg aria-hidden=\"true\" class=\"e-font-icon-svg e-fas-link\" viewbox=\"0 0 512 512\" xmlns=\"http:\/\/www.w3.org\/2000\/svg\"><path d=\"M326.612 185.391c59.747 59.809 58.927 155.698.36 214.59-.11.12-.24.25-.36.37l-67.2 67.2c-59.27 59.27-155.699 59.262-214.96 0-59.27-59.26-59.27-155.7 0-214.96l37.106-37.106c9.84-9.84 26.786-3.3 27.294 10.606.648 17.722 3.826 35.527 9.69 52.721 1.986 5.822.567 12.262-3.783 16.612l-13.087 13.087c-28.026 28.026-28.905 73.66-1.155 101.96 28.024 28.579 74.086 28.749 102.325.51l67.2-67.19c28.191-28.191 28.073-73.757 0-101.83-3.701-3.694-7.429-6.564-10.341-8.569a16.037 16.037 0 0 1-6.947-12.606c-.396-10.567 3.348-21.456 11.698-29.806l21.054-21.055c5.521-5.521 14.182-6.199 20.584-1.731a152.482 152.482 0 0 1 20.522 17.197zM467.547 44.449c-59.261-59.262-155.69-59.27-214.96 0l-67.2 67.2c-.12.12-.25.25-.36.37-58.566 58.892-59.387 154.781.36 214.59a152.454 152.454 0 0 0 20.521 17.196c6.402 4.468 15.064 3.789 20.584-1.731l21.054-21.055c8.35-8.35 12.094-19.239 11.698-29.806a16.037 16.037 0 0 0-6.947-12.606c-2.912-2.005-6.64-4.875-10.341-8.569-28.073-28.073-28.191-73.639 0-101.83l67.2-67.19c28.239-28.239 74.3-28.069 102.325.51 27.75 28.3 26.872 73.934-1.155 101.96l-13.087 13.087c-4.35 4.35-5.769 10.79-3.783 16.612 5.864 17.194 9.042 34.999 9.69 52.721.509 13.906 17.454 20.446 27.294 10.606l37.106-37.106c59.271-59.259 59.271-155.699.001-214.959z\"><\/path><\/svg>\t\t\t<\/span>\n\t\t\t\t\t\t\t\t\t<span class=\"elementor-button-text\">Inscrivez-vous<\/span>\n\t\t\t\t\t<\/span>\n\t\t\t\t\t<\/a>\n\t\t\t\t<\/div>\n\t\t\t\t\t\t\t\t<\/div>\n\t\t\t\t<\/div>\n\t\t\t\t<\/div>\n\t\t\t\t\t<\/div>\n\t\t\t\t<\/div>\n\t\t<div class=\"elementor-element elementor-element-822505a e-flex e-con-boxed e-con e-parent\" data-id=\"822505a\" data-element_type=\"container\" data-e-type=\"container\">\n\t\t\t\t\t<div class=\"e-con-inner\">\n\t\t\t\t<div class=\"elementor-element elementor-element-e8e7e4e elementor-widget elementor-widget-spacer\" data-id=\"e8e7e4e\" data-element_type=\"widget\" data-e-type=\"widget\" data-widget_type=\"spacer.default\">\n\t\t\t\t<div class=\"elementor-widget-container\">\n\t\t\t\t\t\t\t<div class=\"elementor-spacer\">\n\t\t\t<div class=\"elementor-spacer-inner\"><\/div>\n\t\t<\/div>\n\t\t\t\t\t\t<\/div>\n\t\t\t\t<\/div>\n\t\t\t\t\t<\/div>\n\t\t\t\t<\/div>\n\t\t<div class=\"elementor-element elementor-element-a68a891 e-flex e-con-boxed e-con e-parent\" data-id=\"a68a891\" data-element_type=\"container\" data-e-type=\"container\">\n\t\t\t\t\t<div class=\"e-con-inner\">\n\t\t\t\t<div class=\"elementor-element elementor-element-5f475f8 elementor-widget elementor-widget-heading\" data-id=\"5f475f8\" data-element_type=\"widget\" data-e-type=\"widget\" data-widget_type=\"heading.default\">\n\t\t\t\t<div class=\"elementor-widget-container\">\n\t\t\t\t\t<h2 class=\"elementor-heading-title elementor-size-default\">Face \u00e0 la complexit\u00e9 croissante des r\u00e9seaux \u00e9lectriques, \u00e0 l\u2019int\u00e9gration des \u00e9nergies renouvelables et aux enjeux de s\u00e9curit\u00e9 et de continuit\u00e9 de service, les acteurs du secteur sont amen\u00e9s \u00e0 d\u00e9velopper leurs comp\u00e9tences et \u00e0 se former aux solutions avanc\u00e9es de protection et d\u2019automatisation.<\/h2>\t\t\t\t<\/div>\n\t\t\t\t<\/div>\n\t\t\t\t\t<\/div>\n\t\t\t\t<\/div>\n\t\t<div class=\"elementor-element elementor-element-e27d281 e-flex e-con-boxed e-con e-parent\" data-id=\"e27d281\" data-element_type=\"container\" data-e-type=\"container\">\n\t\t\t\t\t<div class=\"e-con-inner\">\n\t\t\t\t<div class=\"elementor-element elementor-element-4dddfa9 elementor-widget elementor-widget-text-editor\" data-id=\"4dddfa9\" data-element_type=\"widget\" data-e-type=\"widget\" data-widget_type=\"text-editor.default\">\n\t\t\t\t<div class=\"elementor-widget-container\">\n\t\t\t\t\t\t\t\t\t<p data-start=\"566\" data-end=\"898\"><strong data-start=\"566\" data-end=\"595\">Grid Energy Company (GEC)<\/strong>, repr\u00e9sentant officiel de <strong data-start=\"622\" data-end=\"667\">Schweitzer Engineering Laboratories (SEL)<\/strong> au Maroc, a le plaisir de vous inviter \u00e0 participer au <strong data-start=\"723\" data-end=\"760\">S\u00e9minaire Technique SEL (SEL ITE)<\/strong>, une journ\u00e9e technique d\u00e9di\u00e9e aux professionnels du secteur de l\u2019\u00e9nergie \u00e9lectrique, de la protection des r\u00e9seaux et de l\u2019automatisation.<\/p><p data-start=\"900\" data-end=\"1228\">Ce s\u00e9minaire r\u00e9unira des <strong data-start=\"925\" data-end=\"958\">experts internationaux de SEL<\/strong>, reconnus pour leur expertise en <strong data-start=\"992\" data-end=\"1064\">Protection, Automatisation et Digitalisation des r\u00e9seaux \u00e9lectriques<\/strong>, qui partageront des analyses approfondies, des retours d\u2019exp\u00e9rience terrain et des visions prospectives sur les d\u00e9fis actuels et futurs de l\u2019industrie \u00e9lectrique.<\/p>\t\t\t\t\t\t\t\t<\/div>\n\t\t\t\t<\/div>\n\t\t\t\t\t<\/div>\n\t\t\t\t<\/div>\n\t\t<div class=\"elementor-element elementor-element-a0ed896 e-flex e-con-boxed e-con e-parent\" data-id=\"a0ed896\" data-element_type=\"container\" data-e-type=\"container\">\n\t\t\t\t\t<div class=\"e-con-inner\">\n\t\t\t\t<div class=\"elementor-element elementor-element-ee2e7b9 elementor-widget elementor-widget-heading\" data-id=\"ee2e7b9\" data-element_type=\"widget\" data-e-type=\"widget\" data-widget_type=\"heading.default\">\n\t\t\t\t<div class=\"elementor-widget-container\">\n\t\t\t\t\t<h2 class=\"elementor-heading-title elementor-size-default\">Pourquoi participer au SEL ITE ?<\/h2>\t\t\t\t<\/div>\n\t\t\t\t<\/div>\n\t\t\t\t\t<\/div>\n\t\t\t\t<\/div>\n\t\t<div class=\"elementor-element elementor-element-b561146 e-flex e-con-boxed e-con e-parent\" data-id=\"b561146\" data-element_type=\"container\" data-e-type=\"container\">\n\t\t\t\t\t<div class=\"e-con-inner\">\n\t\t\t\t<div class=\"elementor-element elementor-element-ea4bc12 elementor-widget elementor-widget-text-editor\" data-id=\"ea4bc12\" data-element_type=\"widget\" data-e-type=\"widget\" data-widget_type=\"text-editor.default\">\n\t\t\t\t<div class=\"elementor-widget-container\">\n\t\t\t\t\t\t\t\t\t<p data-start=\"1273\" data-end=\"1531\">Le <strong data-start=\"1276\" data-end=\"1287\">SEL ITE<\/strong> a \u00e9t\u00e9 con\u00e7u comme un v\u00e9ritable <strong data-start=\"1319\" data-end=\"1364\">espace d\u2019\u00e9change strat\u00e9gique et technique<\/strong>, permettant aux participants de mieux comprendre les mutations du secteur et d\u2019anticiper les \u00e9volutions des r\u00e9seaux \u00e9lectriques. Il offre notamment l\u2019opportunit\u00e9 de :<\/p><ul><li data-start=\"1273\" data-end=\"1531\">Renforcer les synergies et les \u00e9changes entre professionnels du secteur<\/li><li data-start=\"1273\" data-end=\"1531\">D\u00e9couvrir les <strong data-start=\"1625\" data-end=\"1694\">derni\u00e8res innovations technologiques et solutions avanc\u00e9es de SEL<\/strong><\/li><li data-start=\"1273\" data-end=\"1531\">Approfondir les enjeux de <strong data-start=\"1725\" data-end=\"1801\">fiabilit\u00e9 des r\u00e9seaux, de s\u00e9curit\u00e9 des installations et de cybers\u00e9curit\u00e9<\/strong><\/li><li data-start=\"1273\" data-end=\"1531\">Partager des cas pratiques et des <strong data-start=\"1840\" data-end=\"1911\">solutions op\u00e9rationnelles adapt\u00e9es aux r\u00e9seaux \u00e9lectriques modernes<\/strong><\/li><\/ul>\t\t\t\t\t\t\t\t<\/div>\n\t\t\t\t<\/div>\n\t\t\t\t\t<\/div>\n\t\t\t\t<\/div>\n\t\t<div class=\"elementor-element elementor-element-a48f393 e-flex e-con-boxed e-con e-parent\" data-id=\"a48f393\" data-element_type=\"container\" data-e-type=\"container\">\n\t\t\t\t\t<div class=\"e-con-inner\">\n\t\t\t\t<div class=\"elementor-element elementor-element-3d83a1c elementor-widget elementor-widget-heading\" data-id=\"3d83a1c\" data-element_type=\"widget\" data-e-type=\"widget\" data-widget_type=\"heading.default\">\n\t\t\t\t<div class=\"elementor-widget-container\">\n\t\t\t\t\t<h2 class=\"elementor-heading-title elementor-size-default\">Th\u00e9matiques abord\u00e9es<\/h2>\t\t\t\t<\/div>\n\t\t\t\t<\/div>\n\t\t\t\t\t<\/div>\n\t\t\t\t<\/div>\n\t\t<div class=\"elementor-element elementor-element-04245db e-flex e-con-boxed e-con e-parent\" data-id=\"04245db\" data-element_type=\"container\" data-e-type=\"container\">\n\t\t\t\t\t<div class=\"e-con-inner\">\n\t\t\t\t<div class=\"elementor-element elementor-element-9293c18 elementor-widget elementor-widget-text-editor\" data-id=\"9293c18\" data-element_type=\"widget\" data-e-type=\"widget\" data-widget_type=\"text-editor.default\">\n\t\t\t\t<div class=\"elementor-widget-container\">\n\t\t\t\t\t\t\t\t\t<p data-start=\"1944\" data-end=\"2028\">Tout au long de cette journ\u00e9e technique, les th\u00e9matiques suivantes seront abord\u00e9es :<\/p><ul><li data-start=\"1944\" data-end=\"2028\">Solutions de protection des r\u00e9seaux \u00e9lectriques bas\u00e9es sur les plateformes <strong data-start=\"2107\" data-end=\"2129\">SEL-7Xx et SEL-4XX<\/strong><\/li><li data-start=\"1944\" data-end=\"2028\">Solutions avanc\u00e9es de <strong data-start=\"2156\" data-end=\"2203\">monitoring, d\u2019automatisation et de contr\u00f4le<\/strong> pour les r\u00e9seaux de transport et de distribution<\/li><li data-start=\"1944\" data-end=\"2028\">Am\u00e9lioration de la fiabilit\u00e9 des lignes de transport gr\u00e2ce \u00e0 des technologies avanc\u00e9es de protection et de surveillance<\/li><li data-start=\"1944\" data-end=\"2028\">Solutions <strong data-start=\"2391\" data-end=\"2398\">DFR<\/strong> : oscillographie continue, surveillance des actifs et analyse avanc\u00e9e du comportement du r\u00e9seau<\/li><li data-start=\"1944\" data-end=\"2028\">Renforcement de la s\u00e9curit\u00e9 des r\u00e9seaux de distribution gr\u00e2ce \u00e0 des solutions innovantes de protection contre les arcs \u00e9lectriques<\/li><li data-start=\"1944\" data-end=\"2028\">Surveillance de la <strong data-start=\"2653\" data-end=\"2677\">qualit\u00e9 de l\u2019\u00e9nergie<\/strong> comme levier cl\u00e9 pour une exploitation plus performante et plus fiable des r\u00e9seaux<\/li><\/ul>\t\t\t\t\t\t\t\t<\/div>\n\t\t\t\t<\/div>\n\t\t\t\t\t<\/div>\n\t\t\t\t<\/div>\n\t\t<div class=\"elementor-element elementor-element-f12cd80 e-flex e-con-boxed e-con e-parent\" data-id=\"f12cd80\" data-element_type=\"container\" data-e-type=\"container\">\n\t\t\t\t\t<div class=\"e-con-inner\">\n\t\t\t\t<div class=\"elementor-element elementor-element-52dfd2c elementor-widget elementor-widget-heading\" data-id=\"52dfd2c\" data-element_type=\"widget\" data-e-type=\"widget\" data-widget_type=\"heading.default\">\n\t\t\t\t<div class=\"elementor-widget-container\">\n\t\t\t\t\t<h2 class=\"elementor-heading-title elementor-size-default\">Informations pratiques: <\/h2>\t\t\t\t<\/div>\n\t\t\t\t<\/div>\n\t\t\t\t\t<\/div>\n\t\t\t\t<\/div>\n\t\t<div class=\"elementor-element elementor-element-790f66d e-flex e-con-boxed e-con e-parent\" data-id=\"790f66d\" data-element_type=\"container\" data-e-type=\"container\">\n\t\t\t\t\t<div class=\"e-con-inner\">\n\t\t\t\t<div class=\"elementor-element elementor-element-84ce7a7 elementor-widget elementor-widget-text-editor\" data-id=\"84ce7a7\" data-element_type=\"widget\" data-e-type=\"widget\" data-widget_type=\"text-editor.default\">\n\t\t\t\t<div class=\"elementor-widget-container\">\n\t\t\t\t\t\t\t\t\t<p><strong data-start=\"2798\" data-end=\"2808\">Date :<\/strong> 5 f\u00e9vrier 2026<br data-start=\"2823\" data-end=\"2826\" \/><strong data-start=\"2829\" data-end=\"2843\">Horaires :<\/strong> de 08h30 \u00e0 16h30<br data-start=\"2860\" data-end=\"2863\" \/><strong data-start=\"2866\" data-end=\"2876\">Lieu :<\/strong> H\u00f4tel Le Grand Mogador Casablanca City Center<\/p>\t\t\t\t\t\t\t\t<\/div>\n\t\t\t\t<\/div>\n\t\t\t\t\t<\/div>\n\t\t\t\t<\/div>\n\t\t<div class=\"elementor-element elementor-element-ef2adae e-flex e-con-boxed e-con e-parent\" data-id=\"ef2adae\" data-element_type=\"container\" data-e-type=\"container\">\n\t\t\t\t\t<div class=\"e-con-inner\">\n\t\t\t\t<div class=\"elementor-element elementor-element-49178b1 elementor-widget elementor-widget-spacer\" data-id=\"49178b1\" data-element_type=\"widget\" data-e-type=\"widget\" data-widget_type=\"spacer.default\">\n\t\t\t\t<div class=\"elementor-widget-container\">\n\t\t\t\t\t\t\t<div class=\"elementor-spacer\">\n\t\t\t<div class=\"elementor-spacer-inner\"><\/div>\n\t\t<\/div>\n\t\t\t\t\t\t<\/div>\n\t\t\t\t<\/div>\n\t\t\t\t\t<\/div>\n\t\t\t\t<\/div>\n\t\t\t\t<\/div>","protected":false},"excerpt":{"rendered":"<p>Agenda Inscrivez-vous Face \u00e0 la complexit\u00e9 croissante des r\u00e9seaux \u00e9lectriques, \u00e0 l\u2019int\u00e9gration des \u00e9nergies renouvelables et aux enjeux de s\u00e9curit\u00e9 et de continuit\u00e9 de service, les acteurs du secteur sont amen\u00e9s \u00e0 d\u00e9velopper leurs comp\u00e9tences et \u00e0 se former aux solutions avanc\u00e9es de protection et d\u2019automatisation. Grid Energy Company (GEC), repr\u00e9sentant officiel de Schweitzer Engineering [&hellip;]<\/p>\n","protected":false},"author":6,"featured_media":16559,"parent":0,"menu_order":0,"comment_status":"closed","ping_status":"closed","template":"","meta":{"footnotes":""},"class_list":["post-16475","page","type-page","status-publish","has-post-thumbnail","hentry"],"yoast_head":"<!-- This site is optimized with the Yoast SEO plugin v27.5 - https:\/\/yoast.com\/product\/yoast-seo-wordpress\/ -->\n<title>SEL S\u00e9minaire Technique au Maroc \u2013 5 f\u00e9vrier 2026 : Inscription - Grid Energy Company<\/title>\n<meta name=\"description\" content=\"Inscrivez-vous au s\u00e9minaire technique SEL au Maroc le 5 f\u00e9vrier 2026 pour explorer la protection et l&#039;automatisation.\" \/>\n<meta name=\"robots\" content=\"index, follow, max-snippet:-1, max-image-preview:large, max-video-preview:-1\" \/>\n<link rel=\"canonical\" href=\"https:\/\/gridenergy.ma\/en\/evenements-seminaire-technique-sel-maroc-2026\/\" \/>\n<meta property=\"og:locale\" content=\"en_GB\" \/>\n<meta property=\"og:type\" content=\"article\" \/>\n<meta property=\"og:title\" content=\"SEL S\u00e9minaire Technique au Maroc \u2013 5 f\u00e9vrier 2026 : Inscription - Grid Energy Company\" \/>\n<meta property=\"og:description\" content=\"Inscrivez-vous au s\u00e9minaire technique SEL au Maroc le 5 f\u00e9vrier 2026 pour explorer la protection et l&#039;automatisation.\" \/>\n<meta property=\"og:url\" content=\"https:\/\/gridenergy.ma\/en\/evenements-seminaire-technique-sel-maroc-2026\/\" \/>\n<meta property=\"og:site_name\" content=\"Grid Energy Company\" \/>\n<meta property=\"article:modified_time\" content=\"2026-01-07T14:57:45+00:00\" \/>\n<meta property=\"og:image\" content=\"https:\/\/gridenergy.ma\/wp-content\/uploads\/2026\/01\/Protection-Automatisation-Innovation-au-Service-de-lEnergie-Electrique-6-1024x535.png\" \/>\n\t<meta property=\"og:image:width\" content=\"1024\" \/>\n\t<meta property=\"og:image:height\" content=\"535\" \/>\n\t<meta property=\"og:image:type\" content=\"image\/png\" \/>\n<meta name=\"twitter:card\" content=\"summary_large_image\" \/>\n<meta name=\"twitter:label1\" content=\"Estimated reading time\" \/>\n\t<meta name=\"twitter:data1\" content=\"2 minutes\" \/>\n<script type=\"application\/ld+json\" class=\"yoast-schema-graph\">{\"@context\":\"https:\\\/\\\/schema.org\",\"@graph\":[{\"@type\":\"WebPage\",\"@id\":\"https:\\\/\\\/gridenergy.ma\\\/fr\\\/evenements-seminaire-technique-sel-maroc-2026\\\/\",\"url\":\"https:\\\/\\\/gridenergy.ma\\\/fr\\\/evenements-seminaire-technique-sel-maroc-2026\\\/\",\"name\":\"SEL S\u00e9minaire Technique au Maroc \u2013 5 f\u00e9vrier 2026 : Inscription - Grid Energy Company\",\"isPartOf\":{\"@id\":\"https:\\\/\\\/gridenergy.ma\\\/en\\\/#website\"},\"primaryImageOfPage\":{\"@id\":\"https:\\\/\\\/gridenergy.ma\\\/fr\\\/evenements-seminaire-technique-sel-maroc-2026\\\/#primaryimage\"},\"image\":{\"@id\":\"https:\\\/\\\/gridenergy.ma\\\/fr\\\/evenements-seminaire-technique-sel-maroc-2026\\\/#primaryimage\"},\"thumbnailUrl\":\"https:\\\/\\\/gridenergy.ma\\\/wp-content\\\/uploads\\\/2026\\\/01\\\/Protection-Automatisation-Innovation-au-Service-de-lEnergie-Electrique-6-scaled.png\",\"datePublished\":\"2026-01-06T09:25:13+00:00\",\"dateModified\":\"2026-01-07T14:57:45+00:00\",\"description\":\"Inscrivez-vous au s\u00e9minaire technique SEL au Maroc le 5 f\u00e9vrier 2026 pour explorer la protection et l'automatisation.\",\"breadcrumb\":{\"@id\":\"https:\\\/\\\/gridenergy.ma\\\/fr\\\/evenements-seminaire-technique-sel-maroc-2026\\\/#breadcrumb\"},\"inLanguage\":\"en-GB\",\"potentialAction\":[{\"@type\":\"ReadAction\",\"target\":[\"https:\\\/\\\/gridenergy.ma\\\/fr\\\/evenements-seminaire-technique-sel-maroc-2026\\\/\"]}]},{\"@type\":\"ImageObject\",\"inLanguage\":\"en-GB\",\"@id\":\"https:\\\/\\\/gridenergy.ma\\\/fr\\\/evenements-seminaire-technique-sel-maroc-2026\\\/#primaryimage\",\"url\":\"https:\\\/\\\/gridenergy.ma\\\/wp-content\\\/uploads\\\/2026\\\/01\\\/Protection-Automatisation-Innovation-au-Service-de-lEnergie-Electrique-6-scaled.png\",\"contentUrl\":\"https:\\\/\\\/gridenergy.ma\\\/wp-content\\\/uploads\\\/2026\\\/01\\\/Protection-Automatisation-Innovation-au-Service-de-lEnergie-Electrique-6-scaled.png\",\"width\":2560,\"height\":1337},{\"@type\":\"BreadcrumbList\",\"@id\":\"https:\\\/\\\/gridenergy.ma\\\/fr\\\/evenements-seminaire-technique-sel-maroc-2026\\\/#breadcrumb\",\"itemListElement\":[{\"@type\":\"ListItem\",\"position\":1,\"name\":\"Accueil\",\"item\":\"https:\\\/\\\/gridenergy.ma\\\/fr\\\/\"},{\"@type\":\"ListItem\",\"position\":2,\"name\":\"SEL S\u00e9minaire Technique au Maroc \u2013 5 f\u00e9vrier 2026\"}]},{\"@type\":\"WebSite\",\"@id\":\"https:\\\/\\\/gridenergy.ma\\\/en\\\/#website\",\"url\":\"https:\\\/\\\/gridenergy.ma\\\/en\\\/\",\"name\":\"Grid Energy Company\",\"description\":\"Solutions \u00e9lectriques innovantes\",\"potentialAction\":[{\"@type\":\"SearchAction\",\"target\":{\"@type\":\"EntryPoint\",\"urlTemplate\":\"https:\\\/\\\/gridenergy.ma\\\/en\\\/?s={search_term_string}\"},\"query-input\":{\"@type\":\"PropertyValueSpecification\",\"valueRequired\":true,\"valueName\":\"search_term_string\"}}],\"inLanguage\":\"en-GB\"}]}<\/script>\n<!-- \/ Yoast SEO plugin. -->","yoast_head_json":{"title":"SEL S\u00e9minaire Technique au Maroc \u2013 5 f\u00e9vrier 2026 : Inscription - Grid Energy Company","description":"Inscrivez-vous au s\u00e9minaire technique SEL au Maroc le 5 f\u00e9vrier 2026 pour explorer la protection et l'automatisation.","robots":{"index":"index","follow":"follow","max-snippet":"max-snippet:-1","max-image-preview":"max-image-preview:large","max-video-preview":"max-video-preview:-1"},"canonical":"https:\/\/gridenergy.ma\/en\/evenements-seminaire-technique-sel-maroc-2026\/","og_locale":"en_GB","og_type":"article","og_title":"SEL S\u00e9minaire Technique au Maroc \u2013 5 f\u00e9vrier 2026 : Inscription - Grid Energy Company","og_description":"Inscrivez-vous au s\u00e9minaire technique SEL au Maroc le 5 f\u00e9vrier 2026 pour explorer la protection et l'automatisation.","og_url":"https:\/\/gridenergy.ma\/en\/evenements-seminaire-technique-sel-maroc-2026\/","og_site_name":"Grid Energy Company","article_modified_time":"2026-01-07T14:57:45+00:00","og_image":[{"width":1024,"height":535,"url":"https:\/\/gridenergy.ma\/wp-content\/uploads\/2026\/01\/Protection-Automatisation-Innovation-au-Service-de-lEnergie-Electrique-6-1024x535.png","type":"image\/png"}],"twitter_card":"summary_large_image","twitter_misc":{"Estimated reading time":"2 minutes"},"schema":{"@context":"https:\/\/schema.org","@graph":[{"@type":"WebPage","@id":"https:\/\/gridenergy.ma\/fr\/evenements-seminaire-technique-sel-maroc-2026\/","url":"https:\/\/gridenergy.ma\/fr\/evenements-seminaire-technique-sel-maroc-2026\/","name":"SEL S\u00e9minaire Technique au Maroc \u2013 5 f\u00e9vrier 2026 : Inscription - Grid Energy Company","isPartOf":{"@id":"https:\/\/gridenergy.ma\/en\/#website"},"primaryImageOfPage":{"@id":"https:\/\/gridenergy.ma\/fr\/evenements-seminaire-technique-sel-maroc-2026\/#primaryimage"},"image":{"@id":"https:\/\/gridenergy.ma\/fr\/evenements-seminaire-technique-sel-maroc-2026\/#primaryimage"},"thumbnailUrl":"https:\/\/gridenergy.ma\/wp-content\/uploads\/2026\/01\/Protection-Automatisation-Innovation-au-Service-de-lEnergie-Electrique-6-scaled.png","datePublished":"2026-01-06T09:25:13+00:00","dateModified":"2026-01-07T14:57:45+00:00","description":"Inscrivez-vous au s\u00e9minaire technique SEL au Maroc le 5 f\u00e9vrier 2026 pour explorer la protection et l'automatisation.","breadcrumb":{"@id":"https:\/\/gridenergy.ma\/fr\/evenements-seminaire-technique-sel-maroc-2026\/#breadcrumb"},"inLanguage":"en-GB","potentialAction":[{"@type":"ReadAction","target":["https:\/\/gridenergy.ma\/fr\/evenements-seminaire-technique-sel-maroc-2026\/"]}]},{"@type":"ImageObject","inLanguage":"en-GB","@id":"https:\/\/gridenergy.ma\/fr\/evenements-seminaire-technique-sel-maroc-2026\/#primaryimage","url":"https:\/\/gridenergy.ma\/wp-content\/uploads\/2026\/01\/Protection-Automatisation-Innovation-au-Service-de-lEnergie-Electrique-6-scaled.png","contentUrl":"https:\/\/gridenergy.ma\/wp-content\/uploads\/2026\/01\/Protection-Automatisation-Innovation-au-Service-de-lEnergie-Electrique-6-scaled.png","width":2560,"height":1337},{"@type":"BreadcrumbList","@id":"https:\/\/gridenergy.ma\/fr\/evenements-seminaire-technique-sel-maroc-2026\/#breadcrumb","itemListElement":[{"@type":"ListItem","position":1,"name":"Accueil","item":"https:\/\/gridenergy.ma\/fr\/"},{"@type":"ListItem","position":2,"name":"SEL S\u00e9minaire Technique au Maroc \u2013 5 f\u00e9vrier 2026"}]},{"@type":"WebSite","@id":"https:\/\/gridenergy.ma\/en\/#website","url":"https:\/\/gridenergy.ma\/en\/","name":"Grid Energy Company","description":"Solutions \u00e9lectriques innovantes","potentialAction":[{"@type":"SearchAction","target":{"@type":"EntryPoint","urlTemplate":"https:\/\/gridenergy.ma\/en\/?s={search_term_string}"},"query-input":{"@type":"PropertyValueSpecification","valueRequired":true,"valueName":"search_term_string"}}],"inLanguage":"en-GB"}]}},"_links":{"self":[{"href":"https:\/\/gridenergy.ma\/en\/wp-json\/wp\/v2\/pages\/16475","targetHints":{"allow":["GET"]}}],"collection":[{"href":"https:\/\/gridenergy.ma\/en\/wp-json\/wp\/v2\/pages"}],"about":[{"href":"https:\/\/gridenergy.ma\/en\/wp-json\/wp\/v2\/types\/page"}],"author":[{"embeddable":true,"href":"https:\/\/gridenergy.ma\/en\/wp-json\/wp\/v2\/users\/6"}],"replies":[{"embeddable":true,"href":"https:\/\/gridenergy.ma\/en\/wp-json\/wp\/v2\/comments?post=16475"}],"version-history":[{"count":71,"href":"https:\/\/gridenergy.ma\/en\/wp-json\/wp\/v2\/pages\/16475\/revisions"}],"predecessor-version":[{"id":16563,"href":"https:\/\/gridenergy.ma\/en\/wp-json\/wp\/v2\/pages\/16475\/revisions\/16563"}],"wp:featuredmedia":[{"embeddable":true,"href":"https:\/\/gridenergy.ma\/en\/wp-json\/wp\/v2\/media\/16559"}],"wp:attachment":[{"href":"https:\/\/gridenergy.ma\/en\/wp-json\/wp\/v2\/media?parent=16475"}],"curies":[{"name":"wp","href":"https:\/\/api.w.org\/{rel}","templated":true}]}}