{"id":14676,"date":"2025-04-29T12:36:48","date_gmt":"2025-04-29T12:36:48","guid":{"rendered":"https:\/\/gridenergy.ma\/?page_id=14676"},"modified":"2025-04-29T12:39:15","modified_gmt":"2025-04-29T12:39:15","slug":"product-sel-351a","status":"publish","type":"page","link":"https:\/\/gridenergy.ma\/en\/product-sel-351a\/","title":{"rendered":"SEL-351A"},"content":{"rendered":"<div data-elementor-type=\"wp-page\" data-elementor-id=\"14676\" class=\"elementor elementor-14676\" data-elementor-post-type=\"page\">\n\t\t\t\t\t\t<section class=\"elementor-section elementor-top-section elementor-element elementor-element-0d8d88c page-title-section elementor-section-stretched elementor-section-boxed elementor-section-height-default elementor-section-height-default\" data-id=\"0d8d88c\" data-element_type=\"section\" data-e-type=\"section\" data-settings=\"{&quot;background_background&quot;:&quot;classic&quot;,&quot;stretch_section&quot;:&quot;section-stretched&quot;}\">\n\t\t\t\t\t\t\t<div class=\"elementor-background-overlay\"><\/div>\n\t\t\t\t\t\t\t<div class=\"elementor-container elementor-column-gap-extended\">\n\t\t\t\t\t<div class=\"elementor-column elementor-col-100 elementor-top-column elementor-element elementor-element-f0e7536\" data-id=\"f0e7536\" data-element_type=\"column\" data-e-type=\"column\">\n\t\t\t<div class=\"elementor-widget-wrap elementor-element-populated\">\n\t\t\t\t\t\t<div class=\"elementor-element elementor-element-fe62040 mb-0 elementor-widget elementor-widget-text-editor\" data-id=\"fe62040\" data-element_type=\"widget\" data-e-type=\"widget\" data-widget_type=\"text-editor.default\">\n\t\t\t\t<div class=\"elementor-widget-container\">\n\t\t\t\t\t\t\t\t\t<h1 class=\"mb-lg-0\">SEL-351A<\/h1>\t\t\t\t\t\t\t\t<\/div>\n\t\t\t\t<\/div>\n\t\t\t\t<div class=\"elementor-element elementor-element-8fd4710 mb-0 elementor-widget elementor-widget-text-editor\" data-id=\"8fd4710\" data-element_type=\"widget\" data-e-type=\"widget\" data-widget_type=\"text-editor.default\">\n\t\t\t\t<div class=\"elementor-widget-container\">\n\t\t\t\t\t\t\t\t\t<ul><li><a href=\"https:\/\/gridenergy.ma\/en\/?page_id=9746\">Home<\/a><\/li><li>SEL<\/li><\/ul>\t\t\t\t\t\t\t\t<\/div>\n\t\t\t\t<\/div>\n\t\t\t\t\t<\/div>\n\t\t<\/div>\n\t\t\t\t\t<\/div>\n\t\t<\/section>\n\t\t<div class=\"elementor-element elementor-element-ebe2e4e e-flex e-con-boxed e-con e-parent\" data-id=\"ebe2e4e\" data-element_type=\"container\" data-e-type=\"container\">\n\t\t\t\t\t<div class=\"e-con-inner\">\n\t\t<div class=\"elementor-element elementor-element-327ce8d e-con-full e-flex e-con e-child\" data-id=\"327ce8d\" data-element_type=\"container\" data-e-type=\"container\">\n\t\t\t\t<div class=\"elementor-element elementor-element-d77603f elementor-widget__width-initial elementor-widget elementor-widget-image\" data-id=\"d77603f\" data-element_type=\"widget\" data-e-type=\"widget\" data-widget_type=\"image.default\">\n\t\t\t\t<div class=\"elementor-widget-container\">\n\t\t\t\t\t\t\t\t\t\t\t\t\t\t\t<img fetchpriority=\"high\" decoding=\"async\" width=\"760\" height=\"309\" src=\"https:\/\/gridenergy.ma\/wp-content\/uploads\/2025\/04\/351a.png-e1745930341263.jpeg\" class=\"attachment-large size-large wp-image-14678\" alt=\"\" srcset=\"https:\/\/gridenergy.ma\/wp-content\/uploads\/2025\/04\/351a.png-e1745930341263.jpeg 760w, https:\/\/gridenergy.ma\/wp-content\/uploads\/2025\/04\/351a.png-e1745930341263-300x122.jpeg 300w\" sizes=\"(max-width: 760px) 100vw, 760px\" \/>\t\t\t\t\t\t\t\t\t\t\t\t\t\t\t<\/div>\n\t\t\t\t<\/div>\n\t\t\t\t<\/div>\n\t\t<div class=\"elementor-element elementor-element-5733829 e-con-full e-flex e-con e-child\" data-id=\"5733829\" data-element_type=\"container\" data-e-type=\"container\">\n\t\t\t\t<div class=\"elementor-element elementor-element-aad65be elementor-widget elementor-widget-heading\" data-id=\"aad65be\" data-element_type=\"widget\" data-e-type=\"widget\" data-widget_type=\"heading.default\">\n\t\t\t\t<div class=\"elementor-widget-container\">\n\t\t\t\t\t<h2 class=\"elementor-heading-title elementor-size-default\">SEL-351A<\/h2>\t\t\t\t<\/div>\n\t\t\t\t<\/div>\n\t\t\t\t<div class=\"elementor-element elementor-element-2e9eb53 elementor-widget elementor-widget-text-editor\" data-id=\"2e9eb53\" data-element_type=\"widget\" data-e-type=\"widget\" data-widget_type=\"text-editor.default\">\n\t\t\t\t<div class=\"elementor-widget-container\">\n\t\t\t\t\t\t\t\t\t<p style=\"font-weight: 400;\">Protection system.<\/p>\t\t\t\t\t\t\t\t<\/div>\n\t\t\t\t<\/div>\n\t\t\t\t<div class=\"elementor-element elementor-element-b950aaa elementor-mobile-align-center elementor-widget elementor-widget-button\" data-id=\"b950aaa\" data-element_type=\"widget\" data-e-type=\"widget\" data-widget_type=\"button.default\">\n\t\t\t\t<div class=\"elementor-widget-container\">\n\t\t\t\t\t\t\t\t\t<div class=\"elementor-button-wrapper\">\n\t\t\t\t\t<a class=\"elementor-button elementor-button-link elementor-size-sm\" href=\"https:\/\/gridenergy.ma\/en\/contact\/\">\n\t\t\t\t\t\t<span class=\"elementor-button-content-wrapper\">\n\t\t\t\t\t\t\t\t\t<span class=\"elementor-button-text\">CONTACT US<\/span>\n\t\t\t\t\t<\/span>\n\t\t\t\t\t<\/a>\n\t\t\t\t<\/div>\n\t\t\t\t\t\t\t\t<\/div>\n\t\t\t\t<\/div>\n\t\t\t\t<\/div>\n\t\t\t\t\t<\/div>\n\t\t\t\t<\/div>\n\t\t<div class=\"elementor-element elementor-element-a25297b e-flex e-con-boxed e-con e-parent\" data-id=\"a25297b\" data-element_type=\"container\" data-e-type=\"container\">\n\t\t\t\t\t<div class=\"e-con-inner\">\n\t\t\t\t<div class=\"elementor-element elementor-element-1ac3023 elementor-widget-divider--view-line elementor-widget elementor-widget-divider\" data-id=\"1ac3023\" data-element_type=\"widget\" data-e-type=\"widget\" data-widget_type=\"divider.default\">\n\t\t\t\t<div class=\"elementor-widget-container\">\n\t\t\t\t\t\t\t<div class=\"elementor-divider\">\n\t\t\t<span class=\"elementor-divider-separator\">\n\t\t\t\t\t\t<\/span>\n\t\t<\/div>\n\t\t\t\t\t\t<\/div>\n\t\t\t\t<\/div>\n\t\t\t\t\t<\/div>\n\t\t\t\t<\/div>\n\t\t<div class=\"elementor-element elementor-element-020f8d6 e-flex e-con-boxed e-con e-parent\" data-id=\"020f8d6\" data-element_type=\"container\" data-e-type=\"container\">\n\t\t\t\t\t<div class=\"e-con-inner\">\n\t\t<div class=\"elementor-element elementor-element-1c6a61b e-con-full e-flex e-con e-child\" data-id=\"1c6a61b\" data-element_type=\"container\" data-e-type=\"container\">\n\t\t\t\t<div class=\"elementor-element elementor-element-1ac4cdc elementor-widget elementor-widget-text-editor\" data-id=\"1ac4cdc\" data-element_type=\"widget\" data-e-type=\"widget\" data-widget_type=\"text-editor.default\">\n\t\t\t\t<div class=\"elementor-widget-container\">\n\t\t\t\t\t\t\t\t\t<p>The SEL-351A protection system features integrated Ethernet and IEEE C37.118 synchrophasors. It provides a cost-effective solution for overcurrent protection. Innovative and easy-to-use feeder protection features, such as SELogic control equations and SEL's Best Choice Ground Directional Element logic, provide superior protection on utility and industrial power systems.<\/p>\t\t\t\t\t\t\t\t<\/div>\n\t\t\t\t<\/div>\n\t\t\t\t<div class=\"elementor-element elementor-element-79a8683 elementor-mobile-align-center elementor-widget elementor-widget-button\" data-id=\"79a8683\" data-element_type=\"widget\" data-e-type=\"widget\" data-widget_type=\"button.default\">\n\t\t\t\t<div class=\"elementor-widget-container\">\n\t\t\t\t\t\t\t\t\t<div class=\"elementor-button-wrapper\">\n\t\t\t\t\t<a class=\"elementor-button elementor-button-link elementor-size-sm\" href=\"https:\/\/gridenergy.ma\/en\/contact\/\">\n\t\t\t\t\t\t<span class=\"elementor-button-content-wrapper\">\n\t\t\t\t\t\t\t\t\t<span class=\"elementor-button-text\">REQUEST A QUOTE<\/span>\n\t\t\t\t\t<\/span>\n\t\t\t\t\t<\/a>\n\t\t\t\t<\/div>\n\t\t\t\t\t\t\t\t<\/div>\n\t\t\t\t<\/div>\n\t\t\t\t<\/div>\n\t\t<div class=\"elementor-element elementor-element-9debea2 e-con-full e-flex e-con e-child\" data-id=\"9debea2\" data-element_type=\"container\" data-e-type=\"container\">\n\t\t\t\t<div class=\"elementor-element elementor-element-f528a17 elementor-widget__width-initial elementor-widget elementor-widget-image\" data-id=\"f528a17\" data-element_type=\"widget\" data-e-type=\"widget\" data-widget_type=\"image.default\">\n\t\t\t\t<div class=\"elementor-widget-container\">\n\t\t\t\t\t\t\t\t\t\t\t\t\t\t\t<img decoding=\"async\" width=\"900\" height=\"443\" src=\"https:\/\/gridenergy.ma\/wp-content\/uploads\/2025\/04\/351A-front_fr.png-1024x504.jpeg\" class=\"attachment-large size-large wp-image-14679\" alt=\"\" srcset=\"https:\/\/gridenergy.ma\/wp-content\/uploads\/2025\/04\/351A-front_fr.png-1024x504.jpeg 1024w, https:\/\/gridenergy.ma\/wp-content\/uploads\/2025\/04\/351A-front_fr.png-300x148.jpeg 300w, https:\/\/gridenergy.ma\/wp-content\/uploads\/2025\/04\/351A-front_fr.png-768x378.jpeg 768w, https:\/\/gridenergy.ma\/wp-content\/uploads\/2025\/04\/351A-front_fr.png.jpeg 1140w\" sizes=\"(max-width: 900px) 100vw, 900px\" \/>\t\t\t\t\t\t\t\t\t\t\t\t\t\t\t<\/div>\n\t\t\t\t<\/div>\n\t\t\t\t<\/div>\n\t\t\t\t\t<\/div>\n\t\t\t\t<\/div>\n\t\t\t\t<\/div>","protected":false},"excerpt":{"rendered":"<p>SEL-351A Accueil SEL SEL-351A Syst\u00e8me de protection. CONTACTEZ-NOUS Le syst\u00e8me de protection SEL-351A comporte des synchrophaseurs Ethernet et IEEE C37.118 int\u00e9gr\u00e9s. Il repr\u00e9sente une solution \u00e9conomique pour la protection contre la surintensit\u00e9. Des caract\u00e9ristiques de protection de ligne d\u2019alimentation innovantes et faciles d\u2019utilisation, telles que les \u00e9quations de contr\u00f4le SELogic et la logique \u00ab Best [&hellip;]<\/p>\n","protected":false},"author":1,"featured_media":0,"parent":0,"menu_order":0,"comment_status":"closed","ping_status":"closed","template":"page-templates\/home.php","meta":{"footnotes":""},"class_list":["post-14676","page","type-page","status-publish","hentry"],"yoast_head":"<!-- This site is optimized with the Yoast SEO plugin v27.4 - https:\/\/yoast.com\/product\/yoast-seo-wordpress\/ -->\n<title>SEL-351A - Grid Energy Company<\/title>\n<meta name=\"robots\" content=\"index, follow, max-snippet:-1, max-image-preview:large, max-video-preview:-1\" \/>\n<link rel=\"canonical\" href=\"https:\/\/gridenergy.ma\/en\/product-sel-351a\/\" \/>\n<meta property=\"og:locale\" content=\"en_GB\" \/>\n<meta property=\"og:type\" content=\"article\" \/>\n<meta property=\"og:title\" content=\"SEL-351A - Grid Energy Company\" \/>\n<meta property=\"og:description\" content=\"SEL-351A Accueil SEL SEL-351A Syst\u00e8me de protection. CONTACTEZ-NOUS Le syst\u00e8me de protection SEL-351A comporte des synchrophaseurs Ethernet et IEEE C37.118 int\u00e9gr\u00e9s. Il repr\u00e9sente une solution \u00e9conomique pour la protection contre la surintensit\u00e9. Des caract\u00e9ristiques de protection de ligne d\u2019alimentation innovantes et faciles d\u2019utilisation, telles que les \u00e9quations de contr\u00f4le SELogic et la logique \u00ab Best [&hellip;]\" \/>\n<meta property=\"og:url\" content=\"https:\/\/gridenergy.ma\/en\/product-sel-351a\/\" \/>\n<meta property=\"og:site_name\" content=\"Grid Energy Company\" \/>\n<meta property=\"article:modified_time\" content=\"2025-04-29T12:39:15+00:00\" \/>\n<meta property=\"og:image\" content=\"https:\/\/gridenergy.ma\/wp-content\/uploads\/2025\/04\/351a.png-e1745930341263.jpeg\" \/>\n<meta name=\"twitter:card\" content=\"summary_large_image\" \/>\n<script type=\"application\/ld+json\" class=\"yoast-schema-graph\">{\"@context\":\"https:\\\/\\\/schema.org\",\"@graph\":[{\"@type\":\"WebPage\",\"@id\":\"https:\\\/\\\/gridenergy.ma\\\/produit-sel-351a\\\/\",\"url\":\"https:\\\/\\\/gridenergy.ma\\\/produit-sel-351a\\\/\",\"name\":\"SEL-351A - Grid Energy Company\",\"isPartOf\":{\"@id\":\"https:\\\/\\\/gridenergy.ma\\\/en\\\/#website\"},\"primaryImageOfPage\":{\"@id\":\"https:\\\/\\\/gridenergy.ma\\\/produit-sel-351a\\\/#primaryimage\"},\"image\":{\"@id\":\"https:\\\/\\\/gridenergy.ma\\\/produit-sel-351a\\\/#primaryimage\"},\"thumbnailUrl\":\"https:\\\/\\\/gridenergy.ma\\\/wp-content\\\/uploads\\\/2025\\\/04\\\/351a.png-e1745930341263.jpeg\",\"datePublished\":\"2025-04-29T12:36:48+00:00\",\"dateModified\":\"2025-04-29T12:39:15+00:00\",\"breadcrumb\":{\"@id\":\"https:\\\/\\\/gridenergy.ma\\\/produit-sel-351a\\\/#breadcrumb\"},\"inLanguage\":\"en-GB\",\"potentialAction\":[{\"@type\":\"ReadAction\",\"target\":[\"https:\\\/\\\/gridenergy.ma\\\/produit-sel-351a\\\/\"]}]},{\"@type\":\"ImageObject\",\"inLanguage\":\"en-GB\",\"@id\":\"https:\\\/\\\/gridenergy.ma\\\/produit-sel-351a\\\/#primaryimage\",\"url\":\"https:\\\/\\\/gridenergy.ma\\\/wp-content\\\/uploads\\\/2025\\\/04\\\/351a.png-e1745930341263.jpeg\",\"contentUrl\":\"https:\\\/\\\/gridenergy.ma\\\/wp-content\\\/uploads\\\/2025\\\/04\\\/351a.png-e1745930341263.jpeg\"},{\"@type\":\"BreadcrumbList\",\"@id\":\"https:\\\/\\\/gridenergy.ma\\\/produit-sel-351a\\\/#breadcrumb\",\"itemListElement\":[{\"@type\":\"ListItem\",\"position\":1,\"name\":\"Accueil\",\"item\":\"https:\\\/\\\/gridenergy.ma\\\/fr\\\/\"},{\"@type\":\"ListItem\",\"position\":2,\"name\":\"SEL-351A\"}]},{\"@type\":\"WebSite\",\"@id\":\"https:\\\/\\\/gridenergy.ma\\\/en\\\/#website\",\"url\":\"https:\\\/\\\/gridenergy.ma\\\/en\\\/\",\"name\":\"Grid Energy Company\",\"description\":\"Solutions \u00e9lectriques innovantes\",\"potentialAction\":[{\"@type\":\"SearchAction\",\"target\":{\"@type\":\"EntryPoint\",\"urlTemplate\":\"https:\\\/\\\/gridenergy.ma\\\/en\\\/?s={search_term_string}\"},\"query-input\":{\"@type\":\"PropertyValueSpecification\",\"valueRequired\":true,\"valueName\":\"search_term_string\"}}],\"inLanguage\":\"en-GB\"}]}<\/script>\n<!-- \/ Yoast SEO plugin. -->","yoast_head_json":{"title":"SEL-351A - Grid Energy Company","robots":{"index":"index","follow":"follow","max-snippet":"max-snippet:-1","max-image-preview":"max-image-preview:large","max-video-preview":"max-video-preview:-1"},"canonical":"https:\/\/gridenergy.ma\/en\/product-sel-351a\/","og_locale":"en_GB","og_type":"article","og_title":"SEL-351A - Grid Energy Company","og_description":"SEL-351A Accueil SEL SEL-351A Syst\u00e8me de protection. CONTACTEZ-NOUS Le syst\u00e8me de protection SEL-351A comporte des synchrophaseurs Ethernet et IEEE C37.118 int\u00e9gr\u00e9s. Il repr\u00e9sente une solution \u00e9conomique pour la protection contre la surintensit\u00e9. Des caract\u00e9ristiques de protection de ligne d\u2019alimentation innovantes et faciles d\u2019utilisation, telles que les \u00e9quations de contr\u00f4le SELogic et la logique \u00ab Best [&hellip;]","og_url":"https:\/\/gridenergy.ma\/en\/product-sel-351a\/","og_site_name":"Grid Energy Company","article_modified_time":"2025-04-29T12:39:15+00:00","og_image":[{"url":"https:\/\/gridenergy.ma\/wp-content\/uploads\/2025\/04\/351a.png-e1745930341263.jpeg","type":"","width":"","height":""}],"twitter_card":"summary_large_image","schema":{"@context":"https:\/\/schema.org","@graph":[{"@type":"WebPage","@id":"https:\/\/gridenergy.ma\/produit-sel-351a\/","url":"https:\/\/gridenergy.ma\/produit-sel-351a\/","name":"SEL-351A - Grid Energy Company","isPartOf":{"@id":"https:\/\/gridenergy.ma\/en\/#website"},"primaryImageOfPage":{"@id":"https:\/\/gridenergy.ma\/produit-sel-351a\/#primaryimage"},"image":{"@id":"https:\/\/gridenergy.ma\/produit-sel-351a\/#primaryimage"},"thumbnailUrl":"https:\/\/gridenergy.ma\/wp-content\/uploads\/2025\/04\/351a.png-e1745930341263.jpeg","datePublished":"2025-04-29T12:36:48+00:00","dateModified":"2025-04-29T12:39:15+00:00","breadcrumb":{"@id":"https:\/\/gridenergy.ma\/produit-sel-351a\/#breadcrumb"},"inLanguage":"en-GB","potentialAction":[{"@type":"ReadAction","target":["https:\/\/gridenergy.ma\/produit-sel-351a\/"]}]},{"@type":"ImageObject","inLanguage":"en-GB","@id":"https:\/\/gridenergy.ma\/produit-sel-351a\/#primaryimage","url":"https:\/\/gridenergy.ma\/wp-content\/uploads\/2025\/04\/351a.png-e1745930341263.jpeg","contentUrl":"https:\/\/gridenergy.ma\/wp-content\/uploads\/2025\/04\/351a.png-e1745930341263.jpeg"},{"@type":"BreadcrumbList","@id":"https:\/\/gridenergy.ma\/produit-sel-351a\/#breadcrumb","itemListElement":[{"@type":"ListItem","position":1,"name":"Accueil","item":"https:\/\/gridenergy.ma\/fr\/"},{"@type":"ListItem","position":2,"name":"SEL-351A"}]},{"@type":"WebSite","@id":"https:\/\/gridenergy.ma\/en\/#website","url":"https:\/\/gridenergy.ma\/en\/","name":"Grid Energy Company","description":"Solutions \u00e9lectriques innovantes","potentialAction":[{"@type":"SearchAction","target":{"@type":"EntryPoint","urlTemplate":"https:\/\/gridenergy.ma\/en\/?s={search_term_string}"},"query-input":{"@type":"PropertyValueSpecification","valueRequired":true,"valueName":"search_term_string"}}],"inLanguage":"en-GB"}]}},"_links":{"self":[{"href":"https:\/\/gridenergy.ma\/en\/wp-json\/wp\/v2\/pages\/14676","targetHints":{"allow":["GET"]}}],"collection":[{"href":"https:\/\/gridenergy.ma\/en\/wp-json\/wp\/v2\/pages"}],"about":[{"href":"https:\/\/gridenergy.ma\/en\/wp-json\/wp\/v2\/types\/page"}],"author":[{"embeddable":true,"href":"https:\/\/gridenergy.ma\/en\/wp-json\/wp\/v2\/users\/1"}],"replies":[{"embeddable":true,"href":"https:\/\/gridenergy.ma\/en\/wp-json\/wp\/v2\/comments?post=14676"}],"version-history":[{"count":7,"href":"https:\/\/gridenergy.ma\/en\/wp-json\/wp\/v2\/pages\/14676\/revisions"}],"predecessor-version":[{"id":14685,"href":"https:\/\/gridenergy.ma\/en\/wp-json\/wp\/v2\/pages\/14676\/revisions\/14685"}],"wp:attachment":[{"href":"https:\/\/gridenergy.ma\/en\/wp-json\/wp\/v2\/media?parent=14676"}],"curies":[{"name":"wp","href":"https:\/\/api.w.org\/{rel}","templated":true}]}}