{"id":14627,"date":"2025-04-29T12:03:03","date_gmt":"2025-04-29T12:03:03","guid":{"rendered":"https:\/\/gridenergy.ma\/?page_id=14627"},"modified":"2025-04-29T12:05:17","modified_gmt":"2025-04-29T12:05:17","slug":"product-omicron-compano-100","status":"publish","type":"page","link":"https:\/\/gridenergy.ma\/en\/product-omicron-compano-100\/","title":{"rendered":"COMPANO 100"},"content":{"rendered":"<div data-elementor-type=\"wp-page\" data-elementor-id=\"14627\" class=\"elementor elementor-14627\" data-elementor-post-type=\"page\">\n\t\t\t\t\t\t<section class=\"elementor-section elementor-top-section elementor-element elementor-element-0d8d88c page-title-section elementor-section-stretched elementor-section-boxed elementor-section-height-default elementor-section-height-default\" data-id=\"0d8d88c\" data-element_type=\"section\" data-e-type=\"section\" data-settings=\"{&quot;background_background&quot;:&quot;classic&quot;,&quot;stretch_section&quot;:&quot;section-stretched&quot;}\">\n\t\t\t\t\t\t\t<div class=\"elementor-background-overlay\"><\/div>\n\t\t\t\t\t\t\t<div class=\"elementor-container elementor-column-gap-extended\">\n\t\t\t\t\t<div class=\"elementor-column elementor-col-100 elementor-top-column elementor-element elementor-element-f0e7536\" data-id=\"f0e7536\" data-element_type=\"column\" data-e-type=\"column\">\n\t\t\t<div class=\"elementor-widget-wrap elementor-element-populated\">\n\t\t\t\t\t\t<div class=\"elementor-element elementor-element-fe62040 mb-0 elementor-widget elementor-widget-text-editor\" data-id=\"fe62040\" data-element_type=\"widget\" data-e-type=\"widget\" data-widget_type=\"text-editor.default\">\n\t\t\t\t<div class=\"elementor-widget-container\">\n\t\t\t\t\t\t\t\t\t<h1 class=\"mb-lg-0\">COMPANO\u00a0100<\/h1>\t\t\t\t\t\t\t\t<\/div>\n\t\t\t\t<\/div>\n\t\t\t\t<div class=\"elementor-element elementor-element-8fd4710 mb-0 elementor-widget elementor-widget-text-editor\" data-id=\"8fd4710\" data-element_type=\"widget\" data-e-type=\"widget\" data-widget_type=\"text-editor.default\">\n\t\t\t\t<div class=\"elementor-widget-container\">\n\t\t\t\t\t\t\t\t\t<ul><li><a href=\"https:\/\/gridenergy.ma\/en\/?page_id=9746\">Home<\/a><\/li><li>Omicron<\/li><\/ul>\t\t\t\t\t\t\t\t<\/div>\n\t\t\t\t<\/div>\n\t\t\t\t\t<\/div>\n\t\t<\/div>\n\t\t\t\t\t<\/div>\n\t\t<\/section>\n\t\t<div class=\"elementor-element elementor-element-ebe2e4e e-flex e-con-boxed e-con e-parent\" data-id=\"ebe2e4e\" data-element_type=\"container\" data-e-type=\"container\">\n\t\t\t\t\t<div class=\"e-con-inner\">\n\t\t<div class=\"elementor-element elementor-element-327ce8d e-con-full e-flex e-con e-child\" data-id=\"327ce8d\" data-element_type=\"container\" data-e-type=\"container\">\n\t\t\t\t<div class=\"elementor-element elementor-element-d77603f elementor-widget__width-initial elementor-widget elementor-widget-image\" data-id=\"d77603f\" data-element_type=\"widget\" data-e-type=\"widget\" data-widget_type=\"image.default\">\n\t\t\t\t<div class=\"elementor-widget-container\">\n\t\t\t\t\t\t\t\t\t\t\t\t\t\t\t<img fetchpriority=\"high\" decoding=\"async\" width=\"900\" height=\"675\" src=\"https:\/\/gridenergy.ma\/wp-content\/uploads\/2025\/04\/csm_COMPANO-100-keyvisual_01_5369935c91-1024x768.png\" class=\"attachment-large size-large wp-image-14629\" alt=\"\" srcset=\"https:\/\/gridenergy.ma\/wp-content\/uploads\/2025\/04\/csm_COMPANO-100-keyvisual_01_5369935c91-1024x768.png 1024w, https:\/\/gridenergy.ma\/wp-content\/uploads\/2025\/04\/csm_COMPANO-100-keyvisual_01_5369935c91-300x225.png 300w, https:\/\/gridenergy.ma\/wp-content\/uploads\/2025\/04\/csm_COMPANO-100-keyvisual_01_5369935c91-768x576.png 768w, https:\/\/gridenergy.ma\/wp-content\/uploads\/2025\/04\/csm_COMPANO-100-keyvisual_01_5369935c91-1536x1152.png 1536w, https:\/\/gridenergy.ma\/wp-content\/uploads\/2025\/04\/csm_COMPANO-100-keyvisual_01_5369935c91.png 1662w\" sizes=\"(max-width: 900px) 100vw, 900px\" \/>\t\t\t\t\t\t\t\t\t\t\t\t\t\t\t<\/div>\n\t\t\t\t<\/div>\n\t\t\t\t<\/div>\n\t\t<div class=\"elementor-element elementor-element-5733829 e-con-full e-flex e-con e-child\" data-id=\"5733829\" data-element_type=\"container\" data-e-type=\"container\">\n\t\t\t\t<div class=\"elementor-element elementor-element-aad65be elementor-widget elementor-widget-heading\" data-id=\"aad65be\" data-element_type=\"widget\" data-e-type=\"widget\" data-widget_type=\"heading.default\">\n\t\t\t\t<div class=\"elementor-widget-container\">\n\t\t\t\t\t<h2 class=\"elementor-heading-title elementor-size-default\">COMPANO 100<\/h2>\t\t\t\t<\/div>\n\t\t\t\t<\/div>\n\t\t\t\t<div class=\"elementor-element elementor-element-2e9eb53 elementor-widget elementor-widget-text-editor\" data-id=\"2e9eb53\" data-element_type=\"widget\" data-e-type=\"widget\" data-widget_type=\"text-editor.default\">\n\t\t\t\t<div class=\"elementor-widget-container\">\n\t\t\t\t\t\t\t\t\t<p style=\"font-weight: 400;\">Test equipment for primary and secondary injection and simple protection tests<\/p>\t\t\t\t\t\t\t\t<\/div>\n\t\t\t\t<\/div>\n\t\t\t\t<div class=\"elementor-element elementor-element-b950aaa elementor-mobile-align-center elementor-widget elementor-widget-button\" data-id=\"b950aaa\" data-element_type=\"widget\" data-e-type=\"widget\" data-widget_type=\"button.default\">\n\t\t\t\t<div class=\"elementor-widget-container\">\n\t\t\t\t\t\t\t\t\t<div class=\"elementor-button-wrapper\">\n\t\t\t\t\t<a class=\"elementor-button elementor-button-link elementor-size-sm\" href=\"https:\/\/gridenergy.ma\/en\/contact\/\">\n\t\t\t\t\t\t<span class=\"elementor-button-content-wrapper\">\n\t\t\t\t\t\t\t\t\t<span class=\"elementor-button-text\">CONTACT US<\/span>\n\t\t\t\t\t<\/span>\n\t\t\t\t\t<\/a>\n\t\t\t\t<\/div>\n\t\t\t\t\t\t\t\t<\/div>\n\t\t\t\t<\/div>\n\t\t\t\t<\/div>\n\t\t\t\t\t<\/div>\n\t\t\t\t<\/div>\n\t\t<div class=\"elementor-element elementor-element-a25297b e-flex e-con-boxed e-con e-parent\" data-id=\"a25297b\" data-element_type=\"container\" data-e-type=\"container\">\n\t\t\t\t\t<div class=\"e-con-inner\">\n\t\t\t\t<div class=\"elementor-element elementor-element-1ac3023 elementor-widget-divider--view-line elementor-widget elementor-widget-divider\" data-id=\"1ac3023\" data-element_type=\"widget\" data-e-type=\"widget\" data-widget_type=\"divider.default\">\n\t\t\t\t<div class=\"elementor-widget-container\">\n\t\t\t\t\t\t\t<div class=\"elementor-divider\">\n\t\t\t<span class=\"elementor-divider-separator\">\n\t\t\t\t\t\t<\/span>\n\t\t<\/div>\n\t\t\t\t\t\t<\/div>\n\t\t\t\t<\/div>\n\t\t\t\t\t<\/div>\n\t\t\t\t<\/div>\n\t\t<div class=\"elementor-element elementor-element-020f8d6 e-flex e-con-boxed e-con e-parent\" data-id=\"020f8d6\" data-element_type=\"container\" data-e-type=\"container\">\n\t\t\t\t\t<div class=\"e-con-inner\">\n\t\t<div class=\"elementor-element elementor-element-1c6a61b e-con-full e-flex e-con e-child\" data-id=\"1c6a61b\" data-element_type=\"container\" data-e-type=\"container\">\n\t\t\t\t<div class=\"elementor-element elementor-element-1ac4cdc elementor-widget elementor-widget-text-editor\" data-id=\"1ac4cdc\" data-element_type=\"widget\" data-e-type=\"widget\" data-widget_type=\"text-editor.default\">\n\t\t\t\t<div class=\"elementor-widget-container\">\n\t\t\t\t\t\t\t\t\t<p style=\"font-weight: 400;\">The COMPANO 100 is the universal and easy-to-use solution for all types of basic testing of power supply systems. The controlled electronic sources allow the user to precisely obtain the desired value and to output signals with variable frequencies and other signal forms, automatic ramps and pure direct current. The highly flexible inputs can be configured, for example, as binary inputs for relay testing, AC or DC voltage inputs or current inputs.<\/p>\t\t\t\t\t\t\t\t<\/div>\n\t\t\t\t<\/div>\n\t\t\t\t<div class=\"elementor-element elementor-element-79a8683 elementor-mobile-align-center elementor-widget elementor-widget-button\" data-id=\"79a8683\" data-element_type=\"widget\" data-e-type=\"widget\" data-widget_type=\"button.default\">\n\t\t\t\t<div class=\"elementor-widget-container\">\n\t\t\t\t\t\t\t\t\t<div class=\"elementor-button-wrapper\">\n\t\t\t\t\t<a class=\"elementor-button elementor-button-link elementor-size-sm\" href=\"https:\/\/gridenergy.ma\/en\/contact\/\">\n\t\t\t\t\t\t<span class=\"elementor-button-content-wrapper\">\n\t\t\t\t\t\t\t\t\t<span class=\"elementor-button-text\">CONTACT US<\/span>\n\t\t\t\t\t<\/span>\n\t\t\t\t\t<\/a>\n\t\t\t\t<\/div>\n\t\t\t\t\t\t\t\t<\/div>\n\t\t\t\t<\/div>\n\t\t\t\t<\/div>\n\t\t<div class=\"elementor-element elementor-element-9debea2 e-con-full e-flex e-con e-child\" data-id=\"9debea2\" data-element_type=\"container\" data-e-type=\"container\">\n\t\t\t\t<div class=\"elementor-element elementor-element-f528a17 elementor-widget elementor-widget-image\" data-id=\"f528a17\" data-element_type=\"widget\" data-e-type=\"widget\" data-widget_type=\"image.default\">\n\t\t\t\t<div class=\"elementor-widget-container\">\n\t\t\t\t\t\t\t\t\t\t\t\t\t\t\t<img decoding=\"async\" width=\"900\" height=\"675\" src=\"https:\/\/gridenergy.ma\/wp-content\/uploads\/2025\/04\/csm_COMPANO-100-description_a324203544-1024x768.png\" class=\"attachment-large size-large wp-image-14630\" alt=\"\" srcset=\"https:\/\/gridenergy.ma\/wp-content\/uploads\/2025\/04\/csm_COMPANO-100-description_a324203544-1024x768.png 1024w, https:\/\/gridenergy.ma\/wp-content\/uploads\/2025\/04\/csm_COMPANO-100-description_a324203544-300x225.png 300w, https:\/\/gridenergy.ma\/wp-content\/uploads\/2025\/04\/csm_COMPANO-100-description_a324203544-768x576.png 768w, https:\/\/gridenergy.ma\/wp-content\/uploads\/2025\/04\/csm_COMPANO-100-description_a324203544.png 1440w\" sizes=\"(max-width: 900px) 100vw, 900px\" \/>\t\t\t\t\t\t\t\t\t\t\t\t\t\t\t<\/div>\n\t\t\t\t<\/div>\n\t\t\t\t<\/div>\n\t\t\t\t\t<\/div>\n\t\t\t\t<\/div>\n\t\t<div class=\"elementor-element elementor-element-7bc902d e-flex e-con-boxed e-con e-parent\" data-id=\"7bc902d\" data-element_type=\"container\" data-e-type=\"container\" data-settings=\"{&quot;background_background&quot;:&quot;classic&quot;}\">\n\t\t\t\t\t<div class=\"e-con-inner\">\n\t\t<div class=\"elementor-element elementor-element-eeb2c32 e-con-full e-flex e-con e-child\" data-id=\"eeb2c32\" data-element_type=\"container\" data-e-type=\"container\">\n\t\t\t\t<div class=\"elementor-element elementor-element-1b954f6 elementor-widget elementor-widget-heading\" data-id=\"1b954f6\" data-element_type=\"widget\" data-e-type=\"widget\" data-widget_type=\"heading.default\">\n\t\t\t\t<div class=\"elementor-widget-container\">\n\t\t\t\t\t<h2 class=\"elementor-heading-title elementor-size-default\">Essential Features<\/h2>\t\t\t\t<\/div>\n\t\t\t\t<\/div>\n\t\t\t\t<div class=\"elementor-element elementor-element-23903be elementor-widget elementor-widget-text-editor\" data-id=\"23903be\" data-element_type=\"widget\" data-e-type=\"widget\" data-widget_type=\"text-editor.default\">\n\t\t\t\t<div class=\"elementor-widget-container\">\n\t\t\t\t\t\t\t\t\t<ul style=\"font-weight: 400;\"><li>Accurate output of the desired value<\/li><li>Execution of predefined complex sequences and ramps<\/li><li>Polarity control signal generation for rapid implementation of wiring verification tests<\/li><li>Operation without mains power for several hours<\/li><li>Great versatility<\/li><\/ul>\t\t\t\t\t\t\t\t<\/div>\n\t\t\t\t<\/div>\n\t\t\t\t<\/div>\n\t\t<div class=\"elementor-element elementor-element-7ce96d7 e-con-full e-flex e-con e-child\" data-id=\"7ce96d7\" data-element_type=\"container\" data-e-type=\"container\">\n\t\t\t\t<div class=\"elementor-element elementor-element-b043e22 elementor-widget elementor-widget-heading\" data-id=\"b043e22\" data-element_type=\"widget\" data-e-type=\"widget\" data-widget_type=\"heading.default\">\n\t\t\t\t<div class=\"elementor-widget-container\">\n\t\t\t\t\t<h2 class=\"elementor-heading-title elementor-size-default\">Areas of application<\/h2>\t\t\t\t<\/div>\n\t\t\t\t<\/div>\n\t\t\t\t<div class=\"elementor-element elementor-element-8bb73cc elementor-widget elementor-widget-text-editor\" data-id=\"8bb73cc\" data-element_type=\"widget\" data-e-type=\"widget\" data-widget_type=\"text-editor.default\">\n\t\t\t\t<div class=\"elementor-widget-container\">\n\t\t\t\t\t\t\t\t\t<ul style=\"font-weight: 400;\"><li>Wiring and polarity check<\/li><li>Load measurements<\/li><li>Testing single-phase protection relays<\/li><li>TC\/TT ratio checks<\/li><li>Resistance measurement \u2013 \u200b\u200bMicrohmmeter<\/li><\/ul>\t\t\t\t\t\t\t\t<\/div>\n\t\t\t\t<\/div>\n\t\t\t\t<\/div>\n\t\t\t\t\t<\/div>\n\t\t\t\t<\/div>\n\t\t\t\t<\/div>","protected":false},"excerpt":{"rendered":"<p>COMPANO\u00a0100 Accueil Omicron COMPANO 100 \u00c9quipement de test pour injection primaire et secondaire et essais simples de protection. CONTACTEZ-NOUS Le COMPANO\u00a0100 est la solution universelle et facile \u00e0 utiliser pour tous types de tests de base des syst\u00e8mes d\u2019alimentation \u00e9lectrique. Les sources \u00e9lectroniques contr\u00f4l\u00e9es permettent \u00e0 l\u2019utilisateur d\u2019obtenir pr\u00e9cis\u00e9ment la valeur souhait\u00e9e et d\u2019\u00e9mettre des [&hellip;]<\/p>\n","protected":false},"author":1,"featured_media":0,"parent":0,"menu_order":0,"comment_status":"closed","ping_status":"closed","template":"page-templates\/home.php","meta":{"footnotes":""},"class_list":["post-14627","page","type-page","status-publish","hentry"],"yoast_head":"<!-- This site is optimized with the Yoast SEO plugin v27.4 - https:\/\/yoast.com\/product\/yoast-seo-wordpress\/ -->\n<title>COMPANO 100 - Grid Energy Company<\/title>\n<meta name=\"robots\" content=\"index, follow, max-snippet:-1, max-image-preview:large, max-video-preview:-1\" \/>\n<link rel=\"canonical\" href=\"https:\/\/gridenergy.ma\/en\/product-omicron-compano-100\/\" \/>\n<meta property=\"og:locale\" content=\"en_GB\" \/>\n<meta property=\"og:type\" content=\"article\" \/>\n<meta property=\"og:title\" content=\"COMPANO 100 - Grid Energy Company\" \/>\n<meta property=\"og:description\" content=\"COMPANO\u00a0100 Accueil Omicron COMPANO 100 \u00c9quipement de test pour injection primaire et secondaire et essais simples de protection. CONTACTEZ-NOUS Le COMPANO\u00a0100 est la solution universelle et facile \u00e0 utiliser pour tous types de tests de base des syst\u00e8mes d\u2019alimentation \u00e9lectrique. Les sources \u00e9lectroniques contr\u00f4l\u00e9es permettent \u00e0 l\u2019utilisateur d\u2019obtenir pr\u00e9cis\u00e9ment la valeur souhait\u00e9e et d\u2019\u00e9mettre des [&hellip;]\" \/>\n<meta property=\"og:url\" content=\"https:\/\/gridenergy.ma\/en\/product-omicron-compano-100\/\" \/>\n<meta property=\"og:site_name\" content=\"Grid Energy Company\" \/>\n<meta property=\"article:modified_time\" content=\"2025-04-29T12:05:17+00:00\" \/>\n<meta property=\"og:image\" content=\"https:\/\/gridenergy.ma\/wp-content\/uploads\/2025\/04\/csm_COMPANO-100-keyvisual_01_5369935c91-1024x768.png\" \/>\n<meta name=\"twitter:card\" content=\"summary_large_image\" \/>\n<meta name=\"twitter:label1\" content=\"Estimated reading time\" \/>\n\t<meta name=\"twitter:data1\" content=\"1 minute\" \/>\n<script type=\"application\/ld+json\" class=\"yoast-schema-graph\">{\"@context\":\"https:\\\/\\\/schema.org\",\"@graph\":[{\"@type\":\"WebPage\",\"@id\":\"https:\\\/\\\/gridenergy.ma\\\/produit-omicron-compano-100\\\/\",\"url\":\"https:\\\/\\\/gridenergy.ma\\\/produit-omicron-compano-100\\\/\",\"name\":\"COMPANO 100 - Grid Energy Company\",\"isPartOf\":{\"@id\":\"https:\\\/\\\/gridenergy.ma\\\/en\\\/#website\"},\"primaryImageOfPage\":{\"@id\":\"https:\\\/\\\/gridenergy.ma\\\/produit-omicron-compano-100\\\/#primaryimage\"},\"image\":{\"@id\":\"https:\\\/\\\/gridenergy.ma\\\/produit-omicron-compano-100\\\/#primaryimage\"},\"thumbnailUrl\":\"https:\\\/\\\/gridenergy.ma\\\/wp-content\\\/uploads\\\/2025\\\/04\\\/csm_COMPANO-100-keyvisual_01_5369935c91-1024x768.png\",\"datePublished\":\"2025-04-29T12:03:03+00:00\",\"dateModified\":\"2025-04-29T12:05:17+00:00\",\"breadcrumb\":{\"@id\":\"https:\\\/\\\/gridenergy.ma\\\/produit-omicron-compano-100\\\/#breadcrumb\"},\"inLanguage\":\"en-GB\",\"potentialAction\":[{\"@type\":\"ReadAction\",\"target\":[\"https:\\\/\\\/gridenergy.ma\\\/produit-omicron-compano-100\\\/\"]}]},{\"@type\":\"ImageObject\",\"inLanguage\":\"en-GB\",\"@id\":\"https:\\\/\\\/gridenergy.ma\\\/produit-omicron-compano-100\\\/#primaryimage\",\"url\":\"https:\\\/\\\/gridenergy.ma\\\/wp-content\\\/uploads\\\/2025\\\/04\\\/csm_COMPANO-100-keyvisual_01_5369935c91-1024x768.png\",\"contentUrl\":\"https:\\\/\\\/gridenergy.ma\\\/wp-content\\\/uploads\\\/2025\\\/04\\\/csm_COMPANO-100-keyvisual_01_5369935c91-1024x768.png\"},{\"@type\":\"BreadcrumbList\",\"@id\":\"https:\\\/\\\/gridenergy.ma\\\/produit-omicron-compano-100\\\/#breadcrumb\",\"itemListElement\":[{\"@type\":\"ListItem\",\"position\":1,\"name\":\"Accueil\",\"item\":\"https:\\\/\\\/gridenergy.ma\\\/fr\\\/\"},{\"@type\":\"ListItem\",\"position\":2,\"name\":\"COMPANO 100\"}]},{\"@type\":\"WebSite\",\"@id\":\"https:\\\/\\\/gridenergy.ma\\\/en\\\/#website\",\"url\":\"https:\\\/\\\/gridenergy.ma\\\/en\\\/\",\"name\":\"Grid Energy Company\",\"description\":\"Solutions \u00e9lectriques innovantes\",\"potentialAction\":[{\"@type\":\"SearchAction\",\"target\":{\"@type\":\"EntryPoint\",\"urlTemplate\":\"https:\\\/\\\/gridenergy.ma\\\/en\\\/?s={search_term_string}\"},\"query-input\":{\"@type\":\"PropertyValueSpecification\",\"valueRequired\":true,\"valueName\":\"search_term_string\"}}],\"inLanguage\":\"en-GB\"}]}<\/script>\n<!-- \/ Yoast SEO plugin. -->","yoast_head_json":{"title":"COMPANO 100 - Grid Energy Company","robots":{"index":"index","follow":"follow","max-snippet":"max-snippet:-1","max-image-preview":"max-image-preview:large","max-video-preview":"max-video-preview:-1"},"canonical":"https:\/\/gridenergy.ma\/en\/product-omicron-compano-100\/","og_locale":"en_GB","og_type":"article","og_title":"COMPANO 100 - Grid Energy Company","og_description":"COMPANO\u00a0100 Accueil Omicron COMPANO 100 \u00c9quipement de test pour injection primaire et secondaire et essais simples de protection. CONTACTEZ-NOUS Le COMPANO\u00a0100 est la solution universelle et facile \u00e0 utiliser pour tous types de tests de base des syst\u00e8mes d\u2019alimentation \u00e9lectrique. Les sources \u00e9lectroniques contr\u00f4l\u00e9es permettent \u00e0 l\u2019utilisateur d\u2019obtenir pr\u00e9cis\u00e9ment la valeur souhait\u00e9e et d\u2019\u00e9mettre des [&hellip;]","og_url":"https:\/\/gridenergy.ma\/en\/product-omicron-compano-100\/","og_site_name":"Grid Energy Company","article_modified_time":"2025-04-29T12:05:17+00:00","og_image":[{"url":"https:\/\/gridenergy.ma\/wp-content\/uploads\/2025\/04\/csm_COMPANO-100-keyvisual_01_5369935c91-1024x768.png","type":"","width":"","height":""}],"twitter_card":"summary_large_image","twitter_misc":{"Estimated reading time":"1 minute"},"schema":{"@context":"https:\/\/schema.org","@graph":[{"@type":"WebPage","@id":"https:\/\/gridenergy.ma\/produit-omicron-compano-100\/","url":"https:\/\/gridenergy.ma\/produit-omicron-compano-100\/","name":"COMPANO 100 - Grid Energy Company","isPartOf":{"@id":"https:\/\/gridenergy.ma\/en\/#website"},"primaryImageOfPage":{"@id":"https:\/\/gridenergy.ma\/produit-omicron-compano-100\/#primaryimage"},"image":{"@id":"https:\/\/gridenergy.ma\/produit-omicron-compano-100\/#primaryimage"},"thumbnailUrl":"https:\/\/gridenergy.ma\/wp-content\/uploads\/2025\/04\/csm_COMPANO-100-keyvisual_01_5369935c91-1024x768.png","datePublished":"2025-04-29T12:03:03+00:00","dateModified":"2025-04-29T12:05:17+00:00","breadcrumb":{"@id":"https:\/\/gridenergy.ma\/produit-omicron-compano-100\/#breadcrumb"},"inLanguage":"en-GB","potentialAction":[{"@type":"ReadAction","target":["https:\/\/gridenergy.ma\/produit-omicron-compano-100\/"]}]},{"@type":"ImageObject","inLanguage":"en-GB","@id":"https:\/\/gridenergy.ma\/produit-omicron-compano-100\/#primaryimage","url":"https:\/\/gridenergy.ma\/wp-content\/uploads\/2025\/04\/csm_COMPANO-100-keyvisual_01_5369935c91-1024x768.png","contentUrl":"https:\/\/gridenergy.ma\/wp-content\/uploads\/2025\/04\/csm_COMPANO-100-keyvisual_01_5369935c91-1024x768.png"},{"@type":"BreadcrumbList","@id":"https:\/\/gridenergy.ma\/produit-omicron-compano-100\/#breadcrumb","itemListElement":[{"@type":"ListItem","position":1,"name":"Accueil","item":"https:\/\/gridenergy.ma\/fr\/"},{"@type":"ListItem","position":2,"name":"COMPANO 100"}]},{"@type":"WebSite","@id":"https:\/\/gridenergy.ma\/en\/#website","url":"https:\/\/gridenergy.ma\/en\/","name":"Grid Energy Company","description":"Solutions \u00e9lectriques innovantes","potentialAction":[{"@type":"SearchAction","target":{"@type":"EntryPoint","urlTemplate":"https:\/\/gridenergy.ma\/en\/?s={search_term_string}"},"query-input":{"@type":"PropertyValueSpecification","valueRequired":true,"valueName":"search_term_string"}}],"inLanguage":"en-GB"}]}},"_links":{"self":[{"href":"https:\/\/gridenergy.ma\/en\/wp-json\/wp\/v2\/pages\/14627","targetHints":{"allow":["GET"]}}],"collection":[{"href":"https:\/\/gridenergy.ma\/en\/wp-json\/wp\/v2\/pages"}],"about":[{"href":"https:\/\/gridenergy.ma\/en\/wp-json\/wp\/v2\/types\/page"}],"author":[{"embeddable":true,"href":"https:\/\/gridenergy.ma\/en\/wp-json\/wp\/v2\/users\/1"}],"replies":[{"embeddable":true,"href":"https:\/\/gridenergy.ma\/en\/wp-json\/wp\/v2\/comments?post=14627"}],"version-history":[{"count":4,"href":"https:\/\/gridenergy.ma\/en\/wp-json\/wp\/v2\/pages\/14627\/revisions"}],"predecessor-version":[{"id":14633,"href":"https:\/\/gridenergy.ma\/en\/wp-json\/wp\/v2\/pages\/14627\/revisions\/14633"}],"wp:attachment":[{"href":"https:\/\/gridenergy.ma\/en\/wp-json\/wp\/v2\/media?parent=14627"}],"curies":[{"name":"wp","href":"https:\/\/api.w.org\/{rel}","templated":true}]}}