{"id":14605,"date":"2025-04-29T11:42:24","date_gmt":"2025-04-29T11:42:24","guid":{"rendered":"https:\/\/gridenergy.ma\/?page_id=14605"},"modified":"2025-04-29T11:48:05","modified_gmt":"2025-04-29T11:48:05","slug":"product-omicron-testrano-600","status":"publish","type":"page","link":"https:\/\/gridenergy.ma\/en\/product-omicron-testrano-600\/","title":{"rendered":"TESTRANO 600"},"content":{"rendered":"<div data-elementor-type=\"wp-page\" data-elementor-id=\"14605\" class=\"elementor elementor-14605\" data-elementor-post-type=\"page\">\n\t\t\t\t\t\t<section class=\"elementor-section elementor-top-section elementor-element elementor-element-0d8d88c page-title-section elementor-section-stretched elementor-section-boxed elementor-section-height-default elementor-section-height-default\" data-id=\"0d8d88c\" data-element_type=\"section\" data-e-type=\"section\" data-settings=\"{&quot;background_background&quot;:&quot;classic&quot;,&quot;stretch_section&quot;:&quot;section-stretched&quot;}\">\n\t\t\t\t\t\t\t<div class=\"elementor-background-overlay\"><\/div>\n\t\t\t\t\t\t\t<div class=\"elementor-container elementor-column-gap-extended\">\n\t\t\t\t\t<div class=\"elementor-column elementor-col-100 elementor-top-column elementor-element elementor-element-f0e7536\" data-id=\"f0e7536\" data-element_type=\"column\" data-e-type=\"column\">\n\t\t\t<div class=\"elementor-widget-wrap elementor-element-populated\">\n\t\t\t\t\t\t<div class=\"elementor-element elementor-element-fe62040 mb-0 elementor-widget elementor-widget-text-editor\" data-id=\"fe62040\" data-element_type=\"widget\" data-e-type=\"widget\" data-widget_type=\"text-editor.default\">\n\t\t\t\t<div class=\"elementor-widget-container\">\n\t\t\t\t\t\t\t\t\t<h1 class=\"mb-lg-0\">TESTRANO\u00a0600<\/h1>\t\t\t\t\t\t\t\t<\/div>\n\t\t\t\t<\/div>\n\t\t\t\t<div class=\"elementor-element elementor-element-8fd4710 mb-0 elementor-widget elementor-widget-text-editor\" data-id=\"8fd4710\" data-element_type=\"widget\" data-e-type=\"widget\" data-widget_type=\"text-editor.default\">\n\t\t\t\t<div class=\"elementor-widget-container\">\n\t\t\t\t\t\t\t\t\t<ul><li><a href=\"https:\/\/gridenergy.ma\/en\/?page_id=9746\">Home<\/a><\/li><li>Omicron<\/li><\/ul>\t\t\t\t\t\t\t\t<\/div>\n\t\t\t\t<\/div>\n\t\t\t\t\t<\/div>\n\t\t<\/div>\n\t\t\t\t\t<\/div>\n\t\t<\/section>\n\t\t<div class=\"elementor-element elementor-element-ebe2e4e e-flex e-con-boxed e-con e-parent\" data-id=\"ebe2e4e\" data-element_type=\"container\" data-e-type=\"container\">\n\t\t\t\t\t<div class=\"e-con-inner\">\n\t\t<div class=\"elementor-element elementor-element-327ce8d e-con-full e-flex e-con e-child\" data-id=\"327ce8d\" data-element_type=\"container\" data-e-type=\"container\">\n\t\t\t\t<div class=\"elementor-element elementor-element-d77603f elementor-widget__width-initial elementor-widget elementor-widget-image\" data-id=\"d77603f\" data-element_type=\"widget\" data-e-type=\"widget\" data-widget_type=\"image.default\">\n\t\t\t\t<div class=\"elementor-widget-container\">\n\t\t\t\t\t\t\t\t\t\t\t\t\t\t\t<img fetchpriority=\"high\" decoding=\"async\" width=\"900\" height=\"675\" src=\"https:\/\/gridenergy.ma\/wp-content\/uploads\/2025\/04\/csm_TESTRANO-600-keyvisual_a44f9a6893-1024x768.png\" class=\"attachment-large size-large wp-image-14607\" alt=\"\" srcset=\"https:\/\/gridenergy.ma\/wp-content\/uploads\/2025\/04\/csm_TESTRANO-600-keyvisual_a44f9a6893-1024x768.png 1024w, https:\/\/gridenergy.ma\/wp-content\/uploads\/2025\/04\/csm_TESTRANO-600-keyvisual_a44f9a6893-300x225.png 300w, https:\/\/gridenergy.ma\/wp-content\/uploads\/2025\/04\/csm_TESTRANO-600-keyvisual_a44f9a6893-768x576.png 768w, https:\/\/gridenergy.ma\/wp-content\/uploads\/2025\/04\/csm_TESTRANO-600-keyvisual_a44f9a6893-1536x1152.png 1536w, https:\/\/gridenergy.ma\/wp-content\/uploads\/2025\/04\/csm_TESTRANO-600-keyvisual_a44f9a6893.png 1662w\" sizes=\"(max-width: 900px) 100vw, 900px\" \/>\t\t\t\t\t\t\t\t\t\t\t\t\t\t\t<\/div>\n\t\t\t\t<\/div>\n\t\t\t\t<\/div>\n\t\t<div class=\"elementor-element elementor-element-5733829 e-con-full e-flex e-con e-child\" data-id=\"5733829\" data-element_type=\"container\" data-e-type=\"container\">\n\t\t\t\t<div class=\"elementor-element elementor-element-aad65be elementor-widget elementor-widget-heading\" data-id=\"aad65be\" data-element_type=\"widget\" data-e-type=\"widget\" data-widget_type=\"heading.default\">\n\t\t\t\t<div class=\"elementor-widget-container\">\n\t\t\t\t\t<h2 class=\"elementor-heading-title elementor-size-default\">TESTRANO 600<\/h2>\t\t\t\t<\/div>\n\t\t\t\t<\/div>\n\t\t\t\t<div class=\"elementor-element elementor-element-2e9eb53 elementor-widget elementor-widget-text-editor\" data-id=\"2e9eb53\" data-element_type=\"widget\" data-e-type=\"widget\" data-widget_type=\"text-editor.default\">\n\t\t\t\t<div class=\"elementor-widget-container\">\n\t\t\t\t\t\t\t\t\t<p style=\"font-weight: 400;\">Three-phase test system for complete testing of power transformers.<\/p>\t\t\t\t\t\t\t\t<\/div>\n\t\t\t\t<\/div>\n\t\t\t\t<div class=\"elementor-element elementor-element-b950aaa elementor-mobile-align-center elementor-widget elementor-widget-button\" data-id=\"b950aaa\" data-element_type=\"widget\" data-e-type=\"widget\" data-widget_type=\"button.default\">\n\t\t\t\t<div class=\"elementor-widget-container\">\n\t\t\t\t\t\t\t\t\t<div class=\"elementor-button-wrapper\">\n\t\t\t\t\t<a class=\"elementor-button elementor-button-link elementor-size-sm\" href=\"https:\/\/gridenergy.ma\/en\/contact\/\">\n\t\t\t\t\t\t<span class=\"elementor-button-content-wrapper\">\n\t\t\t\t\t\t\t\t\t<span class=\"elementor-button-text\">CONTACT US<\/span>\n\t\t\t\t\t<\/span>\n\t\t\t\t\t<\/a>\n\t\t\t\t<\/div>\n\t\t\t\t\t\t\t\t<\/div>\n\t\t\t\t<\/div>\n\t\t\t\t<\/div>\n\t\t\t\t\t<\/div>\n\t\t\t\t<\/div>\n\t\t<div class=\"elementor-element elementor-element-a25297b e-flex e-con-boxed e-con e-parent\" data-id=\"a25297b\" data-element_type=\"container\" data-e-type=\"container\">\n\t\t\t\t\t<div class=\"e-con-inner\">\n\t\t\t\t<div class=\"elementor-element elementor-element-1ac3023 elementor-widget-divider--view-line elementor-widget elementor-widget-divider\" data-id=\"1ac3023\" data-element_type=\"widget\" data-e-type=\"widget\" data-widget_type=\"divider.default\">\n\t\t\t\t<div class=\"elementor-widget-container\">\n\t\t\t\t\t\t\t<div class=\"elementor-divider\">\n\t\t\t<span class=\"elementor-divider-separator\">\n\t\t\t\t\t\t<\/span>\n\t\t<\/div>\n\t\t\t\t\t\t<\/div>\n\t\t\t\t<\/div>\n\t\t\t\t\t<\/div>\n\t\t\t\t<\/div>\n\t\t<div class=\"elementor-element elementor-element-020f8d6 e-flex e-con-boxed e-con e-parent\" data-id=\"020f8d6\" data-element_type=\"container\" data-e-type=\"container\">\n\t\t\t\t\t<div class=\"e-con-inner\">\n\t\t<div class=\"elementor-element elementor-element-1c6a61b e-con-full e-flex e-con e-child\" data-id=\"1c6a61b\" data-element_type=\"container\" data-e-type=\"container\">\n\t\t\t\t<div class=\"elementor-element elementor-element-117a5bb elementor-widget elementor-widget-heading\" data-id=\"117a5bb\" data-element_type=\"widget\" data-e-type=\"widget\" data-widget_type=\"heading.default\">\n\t\t\t\t<div class=\"elementor-widget-container\">\n\t\t\t\t\t<h2 class=\"elementor-heading-title elementor-size-default\">Compact and powerful solution<\/h2>\t\t\t\t<\/div>\n\t\t\t\t<\/div>\n\t\t\t\t<div class=\"elementor-element elementor-element-1ac4cdc elementor-widget elementor-widget-text-editor\" data-id=\"1ac4cdc\" data-element_type=\"widget\" data-e-type=\"widget\" data-widget_type=\"text-editor.default\">\n\t\t\t\t<div class=\"elementor-widget-container\">\n\t\t\t\t\t\t\t\t\t<p style=\"font-weight: 400;\">The TESTRANO 600 is the world's first portable three-phase test system to support all conventional electrical tests of single-phase and three-phase power and distribution transformers for routine and diagnostic testing on site, or during Factory Acceptance Testing (FAT).<\/p><p style=\"font-weight: 400;\">The TESTRANO 600 allows you to perform various tests on power transformers without reconnection. The TESTRANO 600 thus reduces the test time by three compared to conventional single-phase equipment.<\/p>\t\t\t\t\t\t\t\t<\/div>\n\t\t\t\t<\/div>\n\t\t\t\t<div class=\"elementor-element elementor-element-79a8683 elementor-mobile-align-center elementor-widget elementor-widget-button\" data-id=\"79a8683\" data-element_type=\"widget\" data-e-type=\"widget\" data-widget_type=\"button.default\">\n\t\t\t\t<div class=\"elementor-widget-container\">\n\t\t\t\t\t\t\t\t\t<div class=\"elementor-button-wrapper\">\n\t\t\t\t\t<a class=\"elementor-button elementor-button-link elementor-size-sm\" href=\"https:\/\/gridenergy.ma\/en\/contact\/\">\n\t\t\t\t\t\t<span class=\"elementor-button-content-wrapper\">\n\t\t\t\t\t\t\t\t\t<span class=\"elementor-button-text\">CONTACT US<\/span>\n\t\t\t\t\t<\/span>\n\t\t\t\t\t<\/a>\n\t\t\t\t<\/div>\n\t\t\t\t\t\t\t\t<\/div>\n\t\t\t\t<\/div>\n\t\t\t\t<\/div>\n\t\t<div class=\"elementor-element elementor-element-9debea2 e-con-full e-flex e-con e-child\" data-id=\"9debea2\" data-element_type=\"container\" data-e-type=\"container\">\n\t\t\t\t<div class=\"elementor-element elementor-element-f528a17 elementor-widget elementor-widget-image\" data-id=\"f528a17\" data-element_type=\"widget\" data-e-type=\"widget\" data-widget_type=\"image.default\">\n\t\t\t\t<div class=\"elementor-widget-container\">\n\t\t\t\t\t\t\t\t\t\t\t\t\t\t\t<img decoding=\"async\" width=\"900\" height=\"679\" src=\"https:\/\/gridenergy.ma\/wp-content\/uploads\/2025\/04\/csm_TESTRANO-600-custom-content-1_256420f820-1024x772.png\" class=\"attachment-large size-large wp-image-14608\" alt=\"\" srcset=\"https:\/\/gridenergy.ma\/wp-content\/uploads\/2025\/04\/csm_TESTRANO-600-custom-content-1_256420f820-1024x772.png 1024w, https:\/\/gridenergy.ma\/wp-content\/uploads\/2025\/04\/csm_TESTRANO-600-custom-content-1_256420f820-300x226.png 300w, https:\/\/gridenergy.ma\/wp-content\/uploads\/2025\/04\/csm_TESTRANO-600-custom-content-1_256420f820-768x579.png 768w, https:\/\/gridenergy.ma\/wp-content\/uploads\/2025\/04\/csm_TESTRANO-600-custom-content-1_256420f820.png 1440w\" sizes=\"(max-width: 900px) 100vw, 900px\" \/>\t\t\t\t\t\t\t\t\t\t\t\t\t\t\t<\/div>\n\t\t\t\t<\/div>\n\t\t\t\t<\/div>\n\t\t\t\t\t<\/div>\n\t\t\t\t<\/div>\n\t\t<div class=\"elementor-element elementor-element-7bc902d e-flex e-con-boxed e-con e-parent\" data-id=\"7bc902d\" data-element_type=\"container\" data-e-type=\"container\" data-settings=\"{&quot;background_background&quot;:&quot;classic&quot;}\">\n\t\t\t\t\t<div class=\"e-con-inner\">\n\t\t<div class=\"elementor-element elementor-element-e5a2ac4 e-con-full e-flex e-con e-child\" data-id=\"e5a2ac4\" data-element_type=\"container\" data-e-type=\"container\">\n\t\t\t\t<div class=\"elementor-element elementor-element-f18d826 elementor-widget elementor-widget-image\" data-id=\"f18d826\" data-element_type=\"widget\" data-e-type=\"widget\" data-widget_type=\"image.default\">\n\t\t\t\t<div class=\"elementor-widget-container\">\n\t\t\t\t\t\t\t\t\t\t\t\t\t\t\t<img decoding=\"async\" width=\"900\" height=\"678\" src=\"https:\/\/gridenergy.ma\/wp-content\/uploads\/2025\/04\/TESTRANO-600-description-1024x771.png\" class=\"attachment-large size-large wp-image-14609\" alt=\"\" srcset=\"https:\/\/gridenergy.ma\/wp-content\/uploads\/2025\/04\/TESTRANO-600-description-1024x771.png 1024w, https:\/\/gridenergy.ma\/wp-content\/uploads\/2025\/04\/TESTRANO-600-description-300x226.png 300w, https:\/\/gridenergy.ma\/wp-content\/uploads\/2025\/04\/TESTRANO-600-description-768x578.png 768w, https:\/\/gridenergy.ma\/wp-content\/uploads\/2025\/04\/TESTRANO-600-description-1536x1157.png 1536w, https:\/\/gridenergy.ma\/wp-content\/uploads\/2025\/04\/TESTRANO-600-description-2048x1542.png 2048w\" sizes=\"(max-width: 900px) 100vw, 900px\" \/>\t\t\t\t\t\t\t\t\t\t\t\t\t\t\t<\/div>\n\t\t\t\t<\/div>\n\t\t\t\t<\/div>\n\t\t<div class=\"elementor-element elementor-element-eeb2c32 e-con-full e-flex e-con e-child\" data-id=\"eeb2c32\" data-element_type=\"container\" data-e-type=\"container\">\n\t\t\t\t<div class=\"elementor-element elementor-element-1b954f6 elementor-widget elementor-widget-heading\" data-id=\"1b954f6\" data-element_type=\"widget\" data-e-type=\"widget\" data-widget_type=\"heading.default\">\n\t\t\t\t<div class=\"elementor-widget-container\">\n\t\t\t\t\t<h2 class=\"elementor-heading-title elementor-size-default\">One system for multiple tests<\/h2>\t\t\t\t<\/div>\n\t\t\t\t<\/div>\n\t\t\t\t<div class=\"elementor-element elementor-element-23903be elementor-widget elementor-widget-text-editor\" data-id=\"23903be\" data-element_type=\"widget\" data-e-type=\"widget\" data-widget_type=\"text-editor.default\">\n\t\t\t\t<div class=\"elementor-widget-container\">\n\t\t\t\t\t\t\t\t\t<p style=\"font-weight: 400;\">Just connect three cables to perform the most conventional tests with the TESTRANO 600:\u00a0<\/p><ul style=\"font-weight: 400;\"><li>Transformation report<\/li><li>Winding resistance\u00a0<\/li><li>Dynamic resistance<\/li><li>Demagnetization<\/li><li>Short-circuit impedance\/Leakage reactance<\/li><li>Frequency response of additional parasitic losses<\/li><li>CPeC\/Dynamic Resistance Scanning (DRM)<\/li><li>Coupling verification<\/li><li>Cooling curve<\/li><li>Power losses at low voltages<\/li><\/ul><p style=\"font-weight: 400;\">To perform measurements of power\/dissipation factor, capacitance and magnetization current, the TESTRANO 600 can be combined with the CP TD12\/15 accessory.<\/p>\t\t\t\t\t\t\t\t<\/div>\n\t\t\t\t<\/div>\n\t\t\t\t<\/div>\n\t\t\t\t\t<\/div>\n\t\t\t\t<\/div>\n\t\t\t\t<\/div>","protected":false},"excerpt":{"rendered":"<p>TESTRANO\u00a0600 Accueil Omicron TESTRANO 600 Syst\u00e8me de test triphas\u00e9 pour des tests complets sur les transformateurs de puissance. CONTACTEZ-NOUS Solution compacte et puissante Le TESTRANO\u00a0600 est le premier syst\u00e8me de test triphas\u00e9 portable au monde \u00e0 prendre en charge tous les tests \u00e9lectriques conventionnels des transformateurs de puissance et de distribution monophas\u00e9s et triphas\u00e9s pour [&hellip;]<\/p>\n","protected":false},"author":1,"featured_media":0,"parent":0,"menu_order":0,"comment_status":"closed","ping_status":"closed","template":"page-templates\/home.php","meta":{"footnotes":""},"class_list":["post-14605","page","type-page","status-publish","hentry"],"yoast_head":"<!-- This site is optimized with the Yoast SEO plugin v27.5 - https:\/\/yoast.com\/product\/yoast-seo-wordpress\/ -->\n<title>TESTRANO 600 - Grid Energy Company<\/title>\n<meta name=\"robots\" content=\"index, follow, max-snippet:-1, max-image-preview:large, max-video-preview:-1\" \/>\n<link rel=\"canonical\" href=\"https:\/\/gridenergy.ma\/en\/product-omicron-testrano-600\/\" \/>\n<meta property=\"og:locale\" content=\"en_GB\" \/>\n<meta property=\"og:type\" content=\"article\" \/>\n<meta property=\"og:title\" content=\"TESTRANO 600 - Grid Energy Company\" \/>\n<meta property=\"og:description\" content=\"TESTRANO\u00a0600 Accueil Omicron TESTRANO 600 Syst\u00e8me de test triphas\u00e9 pour des tests complets sur les transformateurs de puissance. CONTACTEZ-NOUS Solution compacte et puissante Le TESTRANO\u00a0600 est le premier syst\u00e8me de test triphas\u00e9 portable au monde \u00e0 prendre en charge tous les tests \u00e9lectriques conventionnels des transformateurs de puissance et de distribution monophas\u00e9s et triphas\u00e9s pour [&hellip;]\" \/>\n<meta property=\"og:url\" content=\"https:\/\/gridenergy.ma\/en\/product-omicron-testrano-600\/\" \/>\n<meta property=\"og:site_name\" content=\"Grid Energy Company\" \/>\n<meta property=\"article:modified_time\" content=\"2025-04-29T11:48:05+00:00\" \/>\n<meta property=\"og:image\" content=\"https:\/\/gridenergy.ma\/wp-content\/uploads\/2025\/04\/csm_TESTRANO-600-keyvisual_a44f9a6893-1024x768.png\" \/>\n<meta name=\"twitter:card\" content=\"summary_large_image\" \/>\n<meta name=\"twitter:label1\" content=\"Estimated reading time\" \/>\n\t<meta name=\"twitter:data1\" content=\"1 minute\" \/>\n<script type=\"application\/ld+json\" class=\"yoast-schema-graph\">{\"@context\":\"https:\\\/\\\/schema.org\",\"@graph\":[{\"@type\":\"WebPage\",\"@id\":\"https:\\\/\\\/gridenergy.ma\\\/produit-omicron-testrano-600\\\/\",\"url\":\"https:\\\/\\\/gridenergy.ma\\\/produit-omicron-testrano-600\\\/\",\"name\":\"TESTRANO 600 - Grid Energy Company\",\"isPartOf\":{\"@id\":\"https:\\\/\\\/gridenergy.ma\\\/en\\\/#website\"},\"primaryImageOfPage\":{\"@id\":\"https:\\\/\\\/gridenergy.ma\\\/produit-omicron-testrano-600\\\/#primaryimage\"},\"image\":{\"@id\":\"https:\\\/\\\/gridenergy.ma\\\/produit-omicron-testrano-600\\\/#primaryimage\"},\"thumbnailUrl\":\"https:\\\/\\\/gridenergy.ma\\\/wp-content\\\/uploads\\\/2025\\\/04\\\/csm_TESTRANO-600-keyvisual_a44f9a6893-1024x768.png\",\"datePublished\":\"2025-04-29T11:42:24+00:00\",\"dateModified\":\"2025-04-29T11:48:05+00:00\",\"breadcrumb\":{\"@id\":\"https:\\\/\\\/gridenergy.ma\\\/produit-omicron-testrano-600\\\/#breadcrumb\"},\"inLanguage\":\"en-GB\",\"potentialAction\":[{\"@type\":\"ReadAction\",\"target\":[\"https:\\\/\\\/gridenergy.ma\\\/produit-omicron-testrano-600\\\/\"]}]},{\"@type\":\"ImageObject\",\"inLanguage\":\"en-GB\",\"@id\":\"https:\\\/\\\/gridenergy.ma\\\/produit-omicron-testrano-600\\\/#primaryimage\",\"url\":\"https:\\\/\\\/gridenergy.ma\\\/wp-content\\\/uploads\\\/2025\\\/04\\\/csm_TESTRANO-600-keyvisual_a44f9a6893-1024x768.png\",\"contentUrl\":\"https:\\\/\\\/gridenergy.ma\\\/wp-content\\\/uploads\\\/2025\\\/04\\\/csm_TESTRANO-600-keyvisual_a44f9a6893-1024x768.png\"},{\"@type\":\"BreadcrumbList\",\"@id\":\"https:\\\/\\\/gridenergy.ma\\\/produit-omicron-testrano-600\\\/#breadcrumb\",\"itemListElement\":[{\"@type\":\"ListItem\",\"position\":1,\"name\":\"Accueil\",\"item\":\"https:\\\/\\\/gridenergy.ma\\\/fr\\\/\"},{\"@type\":\"ListItem\",\"position\":2,\"name\":\"TESTRANO 600\"}]},{\"@type\":\"WebSite\",\"@id\":\"https:\\\/\\\/gridenergy.ma\\\/en\\\/#website\",\"url\":\"https:\\\/\\\/gridenergy.ma\\\/en\\\/\",\"name\":\"Grid Energy Company\",\"description\":\"Solutions \u00e9lectriques innovantes\",\"potentialAction\":[{\"@type\":\"SearchAction\",\"target\":{\"@type\":\"EntryPoint\",\"urlTemplate\":\"https:\\\/\\\/gridenergy.ma\\\/en\\\/?s={search_term_string}\"},\"query-input\":{\"@type\":\"PropertyValueSpecification\",\"valueRequired\":true,\"valueName\":\"search_term_string\"}}],\"inLanguage\":\"en-GB\"}]}<\/script>\n<!-- \/ Yoast SEO plugin. -->","yoast_head_json":{"title":"TESTRANO 600 - Grid Energy Company","robots":{"index":"index","follow":"follow","max-snippet":"max-snippet:-1","max-image-preview":"max-image-preview:large","max-video-preview":"max-video-preview:-1"},"canonical":"https:\/\/gridenergy.ma\/en\/product-omicron-testrano-600\/","og_locale":"en_GB","og_type":"article","og_title":"TESTRANO 600 - Grid Energy Company","og_description":"TESTRANO\u00a0600 Accueil Omicron TESTRANO 600 Syst\u00e8me de test triphas\u00e9 pour des tests complets sur les transformateurs de puissance. CONTACTEZ-NOUS Solution compacte et puissante Le TESTRANO\u00a0600 est le premier syst\u00e8me de test triphas\u00e9 portable au monde \u00e0 prendre en charge tous les tests \u00e9lectriques conventionnels des transformateurs de puissance et de distribution monophas\u00e9s et triphas\u00e9s pour [&hellip;]","og_url":"https:\/\/gridenergy.ma\/en\/product-omicron-testrano-600\/","og_site_name":"Grid Energy Company","article_modified_time":"2025-04-29T11:48:05+00:00","og_image":[{"url":"https:\/\/gridenergy.ma\/wp-content\/uploads\/2025\/04\/csm_TESTRANO-600-keyvisual_a44f9a6893-1024x768.png","type":"","width":"","height":""}],"twitter_card":"summary_large_image","twitter_misc":{"Estimated reading time":"1 minute"},"schema":{"@context":"https:\/\/schema.org","@graph":[{"@type":"WebPage","@id":"https:\/\/gridenergy.ma\/produit-omicron-testrano-600\/","url":"https:\/\/gridenergy.ma\/produit-omicron-testrano-600\/","name":"TESTRANO 600 - Grid Energy Company","isPartOf":{"@id":"https:\/\/gridenergy.ma\/en\/#website"},"primaryImageOfPage":{"@id":"https:\/\/gridenergy.ma\/produit-omicron-testrano-600\/#primaryimage"},"image":{"@id":"https:\/\/gridenergy.ma\/produit-omicron-testrano-600\/#primaryimage"},"thumbnailUrl":"https:\/\/gridenergy.ma\/wp-content\/uploads\/2025\/04\/csm_TESTRANO-600-keyvisual_a44f9a6893-1024x768.png","datePublished":"2025-04-29T11:42:24+00:00","dateModified":"2025-04-29T11:48:05+00:00","breadcrumb":{"@id":"https:\/\/gridenergy.ma\/produit-omicron-testrano-600\/#breadcrumb"},"inLanguage":"en-GB","potentialAction":[{"@type":"ReadAction","target":["https:\/\/gridenergy.ma\/produit-omicron-testrano-600\/"]}]},{"@type":"ImageObject","inLanguage":"en-GB","@id":"https:\/\/gridenergy.ma\/produit-omicron-testrano-600\/#primaryimage","url":"https:\/\/gridenergy.ma\/wp-content\/uploads\/2025\/04\/csm_TESTRANO-600-keyvisual_a44f9a6893-1024x768.png","contentUrl":"https:\/\/gridenergy.ma\/wp-content\/uploads\/2025\/04\/csm_TESTRANO-600-keyvisual_a44f9a6893-1024x768.png"},{"@type":"BreadcrumbList","@id":"https:\/\/gridenergy.ma\/produit-omicron-testrano-600\/#breadcrumb","itemListElement":[{"@type":"ListItem","position":1,"name":"Accueil","item":"https:\/\/gridenergy.ma\/fr\/"},{"@type":"ListItem","position":2,"name":"TESTRANO 600"}]},{"@type":"WebSite","@id":"https:\/\/gridenergy.ma\/en\/#website","url":"https:\/\/gridenergy.ma\/en\/","name":"Grid Energy Company","description":"Solutions \u00e9lectriques innovantes","potentialAction":[{"@type":"SearchAction","target":{"@type":"EntryPoint","urlTemplate":"https:\/\/gridenergy.ma\/en\/?s={search_term_string}"},"query-input":{"@type":"PropertyValueSpecification","valueRequired":true,"valueName":"search_term_string"}}],"inLanguage":"en-GB"}]}},"_links":{"self":[{"href":"https:\/\/gridenergy.ma\/en\/wp-json\/wp\/v2\/pages\/14605","targetHints":{"allow":["GET"]}}],"collection":[{"href":"https:\/\/gridenergy.ma\/en\/wp-json\/wp\/v2\/pages"}],"about":[{"href":"https:\/\/gridenergy.ma\/en\/wp-json\/wp\/v2\/types\/page"}],"author":[{"embeddable":true,"href":"https:\/\/gridenergy.ma\/en\/wp-json\/wp\/v2\/users\/1"}],"replies":[{"embeddable":true,"href":"https:\/\/gridenergy.ma\/en\/wp-json\/wp\/v2\/comments?post=14605"}],"version-history":[{"count":7,"href":"https:\/\/gridenergy.ma\/en\/wp-json\/wp\/v2\/pages\/14605\/revisions"}],"predecessor-version":[{"id":14616,"href":"https:\/\/gridenergy.ma\/en\/wp-json\/wp\/v2\/pages\/14605\/revisions\/14616"}],"wp:attachment":[{"href":"https:\/\/gridenergy.ma\/en\/wp-json\/wp\/v2\/media?parent=14605"}],"curies":[{"name":"wp","href":"https:\/\/api.w.org\/{rel}","templated":true}]}}