{"id":14596,"date":"2025-04-29T11:34:12","date_gmt":"2025-04-29T11:34:12","guid":{"rendered":"https:\/\/gridenergy.ma\/?page_id=14596"},"modified":"2025-04-29T11:38:36","modified_gmt":"2025-04-29T11:38:36","slug":"products-omicron-ct-analyzer","status":"publish","type":"page","link":"https:\/\/gridenergy.ma\/en\/products-omicron-ct-analyzer\/","title":{"rendered":"CT Analyzer"},"content":{"rendered":"<div data-elementor-type=\"wp-page\" data-elementor-id=\"14596\" class=\"elementor elementor-14596\" data-elementor-post-type=\"page\">\n\t\t\t\t\t\t<section class=\"elementor-section elementor-top-section elementor-element elementor-element-0d8d88c page-title-section elementor-section-stretched elementor-section-boxed elementor-section-height-default elementor-section-height-default\" data-id=\"0d8d88c\" data-element_type=\"section\" data-e-type=\"section\" data-settings=\"{&quot;background_background&quot;:&quot;classic&quot;,&quot;stretch_section&quot;:&quot;section-stretched&quot;}\">\n\t\t\t\t\t\t\t<div class=\"elementor-background-overlay\"><\/div>\n\t\t\t\t\t\t\t<div class=\"elementor-container elementor-column-gap-extended\">\n\t\t\t\t\t<div class=\"elementor-column elementor-col-100 elementor-top-column elementor-element elementor-element-f0e7536\" data-id=\"f0e7536\" data-element_type=\"column\" data-e-type=\"column\">\n\t\t\t<div class=\"elementor-widget-wrap elementor-element-populated\">\n\t\t\t\t\t\t<div class=\"elementor-element elementor-element-fe62040 mb-0 elementor-widget elementor-widget-text-editor\" data-id=\"fe62040\" data-element_type=\"widget\" data-e-type=\"widget\" data-widget_type=\"text-editor.default\">\n\t\t\t\t<div class=\"elementor-widget-container\">\n\t\t\t\t\t\t\t\t\t<h1 class=\"mb-lg-0\">CT\u00a0Analyzer<\/h1>\t\t\t\t\t\t\t\t<\/div>\n\t\t\t\t<\/div>\n\t\t\t\t<div class=\"elementor-element elementor-element-8fd4710 mb-0 elementor-widget elementor-widget-text-editor\" data-id=\"8fd4710\" data-element_type=\"widget\" data-e-type=\"widget\" data-widget_type=\"text-editor.default\">\n\t\t\t\t<div class=\"elementor-widget-container\">\n\t\t\t\t\t\t\t\t\t<ul><li><a href=\"https:\/\/gridenergy.ma\/en\/?page_id=9746\">Home<\/a><\/li><li>Omicron<\/li><\/ul>\t\t\t\t\t\t\t\t<\/div>\n\t\t\t\t<\/div>\n\t\t\t\t\t<\/div>\n\t\t<\/div>\n\t\t\t\t\t<\/div>\n\t\t<\/section>\n\t\t<div class=\"elementor-element elementor-element-ebe2e4e e-flex e-con-boxed e-con e-parent\" data-id=\"ebe2e4e\" data-element_type=\"container\" data-e-type=\"container\">\n\t\t\t\t\t<div class=\"e-con-inner\">\n\t\t<div class=\"elementor-element elementor-element-327ce8d e-con-full e-flex e-con e-child\" data-id=\"327ce8d\" data-element_type=\"container\" data-e-type=\"container\">\n\t\t\t\t<div class=\"elementor-element elementor-element-d77603f elementor-widget__width-initial elementor-widget elementor-widget-image\" data-id=\"d77603f\" data-element_type=\"widget\" data-e-type=\"widget\" data-widget_type=\"image.default\">\n\t\t\t\t<div class=\"elementor-widget-container\">\n\t\t\t\t\t\t\t\t\t\t\t\t\t\t\t<img fetchpriority=\"high\" decoding=\"async\" width=\"900\" height=\"675\" src=\"https:\/\/gridenergy.ma\/wp-content\/uploads\/2025\/04\/csm_CT-Analyzer-keyvisual_0bbd0c2581-1024x768.png\" class=\"attachment-large size-large wp-image-14598\" alt=\"\" srcset=\"https:\/\/gridenergy.ma\/wp-content\/uploads\/2025\/04\/csm_CT-Analyzer-keyvisual_0bbd0c2581-1024x768.png 1024w, https:\/\/gridenergy.ma\/wp-content\/uploads\/2025\/04\/csm_CT-Analyzer-keyvisual_0bbd0c2581-300x225.png 300w, https:\/\/gridenergy.ma\/wp-content\/uploads\/2025\/04\/csm_CT-Analyzer-keyvisual_0bbd0c2581-768x576.png 768w, https:\/\/gridenergy.ma\/wp-content\/uploads\/2025\/04\/csm_CT-Analyzer-keyvisual_0bbd0c2581.png 1440w\" sizes=\"(max-width: 900px) 100vw, 900px\" \/>\t\t\t\t\t\t\t\t\t\t\t\t\t\t\t<\/div>\n\t\t\t\t<\/div>\n\t\t\t\t<\/div>\n\t\t<div class=\"elementor-element elementor-element-5733829 e-con-full e-flex e-con e-child\" data-id=\"5733829\" data-element_type=\"container\" data-e-type=\"container\">\n\t\t\t\t<div class=\"elementor-element elementor-element-aad65be elementor-widget elementor-widget-heading\" data-id=\"aad65be\" data-element_type=\"widget\" data-e-type=\"widget\" data-widget_type=\"heading.default\">\n\t\t\t\t<div class=\"elementor-widget-container\">\n\t\t\t\t\t<h2 class=\"elementor-heading-title elementor-size-default\">CT Analyzer\n<\/h2>\t\t\t\t<\/div>\n\t\t\t\t<\/div>\n\t\t\t\t<div class=\"elementor-element elementor-element-2e9eb53 elementor-widget elementor-widget-text-editor\" data-id=\"2e9eb53\" data-element_type=\"widget\" data-e-type=\"widget\" data-widget_type=\"text-editor.default\">\n\t\t\t\t<div class=\"elementor-widget-container\">\n\t\t\t\t\t\t\t\t\t<p style=\"font-weight: 400;\">Calibration and evaluation of current transformers<\/p>\t\t\t\t\t\t\t\t<\/div>\n\t\t\t\t<\/div>\n\t\t\t\t<div class=\"elementor-element elementor-element-b950aaa elementor-widget elementor-widget-button\" data-id=\"b950aaa\" data-element_type=\"widget\" data-e-type=\"widget\" data-widget_type=\"button.default\">\n\t\t\t\t<div class=\"elementor-widget-container\">\n\t\t\t\t\t\t\t\t\t<div class=\"elementor-button-wrapper\">\n\t\t\t\t\t<a class=\"elementor-button elementor-button-link elementor-size-sm\" href=\"https:\/\/gridenergy.ma\/en\/contact\/\">\n\t\t\t\t\t\t<span class=\"elementor-button-content-wrapper\">\n\t\t\t\t\t\t\t\t\t<span class=\"elementor-button-text\">CONTACT US<\/span>\n\t\t\t\t\t<\/span>\n\t\t\t\t\t<\/a>\n\t\t\t\t<\/div>\n\t\t\t\t\t\t\t\t<\/div>\n\t\t\t\t<\/div>\n\t\t\t\t<\/div>\n\t\t\t\t\t<\/div>\n\t\t\t\t<\/div>\n\t\t<div class=\"elementor-element elementor-element-a25297b e-flex e-con-boxed e-con e-parent\" data-id=\"a25297b\" data-element_type=\"container\" data-e-type=\"container\">\n\t\t\t\t\t<div class=\"e-con-inner\">\n\t\t\t\t<div class=\"elementor-element elementor-element-1ac3023 elementor-widget-divider--view-line elementor-widget elementor-widget-divider\" data-id=\"1ac3023\" data-element_type=\"widget\" data-e-type=\"widget\" data-widget_type=\"divider.default\">\n\t\t\t\t<div class=\"elementor-widget-container\">\n\t\t\t\t\t\t\t<div class=\"elementor-divider\">\n\t\t\t<span class=\"elementor-divider-separator\">\n\t\t\t\t\t\t<\/span>\n\t\t<\/div>\n\t\t\t\t\t\t<\/div>\n\t\t\t\t<\/div>\n\t\t\t\t\t<\/div>\n\t\t\t\t<\/div>\n\t\t<div class=\"elementor-element elementor-element-020f8d6 e-flex e-con-boxed e-con e-parent\" data-id=\"020f8d6\" data-element_type=\"container\" data-e-type=\"container\">\n\t\t\t\t\t<div class=\"e-con-inner\">\n\t\t<div class=\"elementor-element elementor-element-1c6a61b e-con-full e-flex e-con e-child\" data-id=\"1c6a61b\" data-element_type=\"container\" data-e-type=\"container\">\n\t\t\t\t<div class=\"elementor-element elementor-element-1ac4cdc elementor-widget elementor-widget-text-editor\" data-id=\"1ac4cdc\" data-element_type=\"widget\" data-e-type=\"widget\" data-widget_type=\"text-editor.default\">\n\t\t\t\t<div class=\"elementor-widget-container\">\n\t\t\t\t\t\t\t\t\t<p style=\"font-weight: 400;\">Analyze your Current Transformer (CT) with a simple button How the CT Analyzer works<\/p><ul><li>Injection of weak test signals on the secondary side of the CT<\/li><li>Determination of the parameters of the equivalent circuit of the CT<\/li><li>Identification of all relevant TC performance parameters<\/li><li>Display of all relevant CT parameters and its accuracy at different currents and loads<\/li><li>TC assessment in accordance with the selected standard<\/li><li>Determination of unknown TC nameplate parameters<\/li><li>Demagnetization of the TC after the test<\/li><\/ul><p style=\"font-weight: 400;\">Measuring range<\/p><ul><li>Phase shift and ratio accuracy<\/li><li>Winding resistance<\/li><li>Magnetization characteristics (knee voltage)<\/li><li>Composite error (ALF, ALFi, FS, FSi, Vb) \uf0d8 Load impedance<\/li><li>Transient classes and parameters of TCs (TPS, TPX, TPY and TPZ type)<\/li><li>Transient sizing factor (Ktd)<\/li><li>If missing\/unknown value: CT type, class, ratio, knee point, power factor, rated load, operating load, primary and secondary winding resistance<\/li><li>Residual flux<\/li><li>Immediate assessment<\/li><\/ul>\t\t\t\t\t\t\t\t<\/div>\n\t\t\t\t<\/div>\n\t\t\t\t<div class=\"elementor-element elementor-element-79a8683 elementor-widget elementor-widget-button\" data-id=\"79a8683\" data-element_type=\"widget\" data-e-type=\"widget\" data-widget_type=\"button.default\">\n\t\t\t\t<div class=\"elementor-widget-container\">\n\t\t\t\t\t\t\t\t\t<div class=\"elementor-button-wrapper\">\n\t\t\t\t\t<a class=\"elementor-button elementor-button-link elementor-size-sm\" href=\"https:\/\/gridenergy.ma\/en\/contact\/\">\n\t\t\t\t\t\t<span class=\"elementor-button-content-wrapper\">\n\t\t\t\t\t\t\t\t\t<span class=\"elementor-button-text\">CONTACT US<\/span>\n\t\t\t\t\t<\/span>\n\t\t\t\t\t<\/a>\n\t\t\t\t<\/div>\n\t\t\t\t\t\t\t\t<\/div>\n\t\t\t\t<\/div>\n\t\t\t\t<\/div>\n\t\t<div class=\"elementor-element elementor-element-9debea2 e-con-full e-flex e-con e-child\" data-id=\"9debea2\" data-element_type=\"container\" data-e-type=\"container\">\n\t\t\t\t<div class=\"elementor-element elementor-element-95bbe8d elementor-widget elementor-widget-image\" data-id=\"95bbe8d\" data-element_type=\"widget\" data-e-type=\"widget\" data-widget_type=\"image.default\">\n\t\t\t\t<div class=\"elementor-widget-container\">\n\t\t\t\t\t\t\t\t\t\t\t\t\t\t\t<img decoding=\"async\" width=\"900\" height=\"679\" src=\"https:\/\/gridenergy.ma\/wp-content\/uploads\/2025\/04\/csm_CT-Analyzer-ranges-of-measurement_427e0890d1-1024x772.jpg\" class=\"attachment-large size-large wp-image-14600\" alt=\"\" srcset=\"https:\/\/gridenergy.ma\/wp-content\/uploads\/2025\/04\/csm_CT-Analyzer-ranges-of-measurement_427e0890d1-1024x772.jpg 1024w, https:\/\/gridenergy.ma\/wp-content\/uploads\/2025\/04\/csm_CT-Analyzer-ranges-of-measurement_427e0890d1-300x226.jpg 300w, https:\/\/gridenergy.ma\/wp-content\/uploads\/2025\/04\/csm_CT-Analyzer-ranges-of-measurement_427e0890d1-768x579.jpg 768w, https:\/\/gridenergy.ma\/wp-content\/uploads\/2025\/04\/csm_CT-Analyzer-ranges-of-measurement_427e0890d1.jpg 1440w\" sizes=\"(max-width: 900px) 100vw, 900px\" \/>\t\t\t\t\t\t\t\t\t\t\t\t\t\t\t<\/div>\n\t\t\t\t<\/div>\n\t\t\t\t<div class=\"elementor-element elementor-element-f528a17 elementor-widget elementor-widget-image\" data-id=\"f528a17\" data-element_type=\"widget\" data-e-type=\"widget\" data-widget_type=\"image.default\">\n\t\t\t\t<div class=\"elementor-widget-container\">\n\t\t\t\t\t\t\t\t\t\t\t\t\t\t\t<img decoding=\"async\" width=\"900\" height=\"675\" src=\"https:\/\/gridenergy.ma\/wp-content\/uploads\/2025\/04\/csm_CT-Analyzer-description_3991f1f089-1024x768.png\" class=\"attachment-large size-large wp-image-14599\" alt=\"\" srcset=\"https:\/\/gridenergy.ma\/wp-content\/uploads\/2025\/04\/csm_CT-Analyzer-description_3991f1f089-1024x768.png 1024w, https:\/\/gridenergy.ma\/wp-content\/uploads\/2025\/04\/csm_CT-Analyzer-description_3991f1f089-300x225.png 300w, https:\/\/gridenergy.ma\/wp-content\/uploads\/2025\/04\/csm_CT-Analyzer-description_3991f1f089-768x576.png 768w, https:\/\/gridenergy.ma\/wp-content\/uploads\/2025\/04\/csm_CT-Analyzer-description_3991f1f089.png 1440w\" sizes=\"(max-width: 900px) 100vw, 900px\" \/>\t\t\t\t\t\t\t\t\t\t\t\t\t\t\t<\/div>\n\t\t\t\t<\/div>\n\t\t\t\t<\/div>\n\t\t\t\t\t<\/div>\n\t\t\t\t<\/div>\n\t\t<div class=\"elementor-element elementor-element-7bc902d e-flex e-con-boxed e-con e-parent\" data-id=\"7bc902d\" data-element_type=\"container\" data-e-type=\"container\" data-settings=\"{&quot;background_background&quot;:&quot;classic&quot;}\">\n\t\t\t\t\t<div class=\"e-con-inner\">\n\t\t<div class=\"elementor-element elementor-element-e5a2ac4 e-con-full e-flex e-con e-child\" data-id=\"e5a2ac4\" data-element_type=\"container\" data-e-type=\"container\">\n\t\t\t\t<div class=\"elementor-element elementor-element-f18d826 elementor-widget__width-initial elementor-widget elementor-widget-image\" data-id=\"f18d826\" data-element_type=\"widget\" data-e-type=\"widget\" data-widget_type=\"image.default\">\n\t\t\t\t<div class=\"elementor-widget-container\">\n\t\t\t\t\t\t\t\t\t\t\t\t\t\t\t<img loading=\"lazy\" decoding=\"async\" width=\"900\" height=\"679\" src=\"https:\/\/gridenergy.ma\/wp-content\/uploads\/2025\/04\/csm_CT-Analyzer-key-features_03553c4f47-1024x772.png\" class=\"attachment-large size-large wp-image-14601\" alt=\"\" srcset=\"https:\/\/gridenergy.ma\/wp-content\/uploads\/2025\/04\/csm_CT-Analyzer-key-features_03553c4f47-1024x772.png 1024w, https:\/\/gridenergy.ma\/wp-content\/uploads\/2025\/04\/csm_CT-Analyzer-key-features_03553c4f47-300x226.png 300w, https:\/\/gridenergy.ma\/wp-content\/uploads\/2025\/04\/csm_CT-Analyzer-key-features_03553c4f47-768x579.png 768w, https:\/\/gridenergy.ma\/wp-content\/uploads\/2025\/04\/csm_CT-Analyzer-key-features_03553c4f47.png 1440w\" sizes=\"(max-width: 900px) 100vw, 900px\" \/>\t\t\t\t\t\t\t\t\t\t\t\t\t\t\t<\/div>\n\t\t\t\t<\/div>\n\t\t\t\t<\/div>\n\t\t<div class=\"elementor-element elementor-element-eeb2c32 e-con-full e-flex e-con e-child\" data-id=\"eeb2c32\" data-element_type=\"container\" data-e-type=\"container\">\n\t\t\t\t<div class=\"elementor-element elementor-element-1b954f6 elementor-widget elementor-widget-heading\" data-id=\"1b954f6\" data-element_type=\"widget\" data-e-type=\"widget\" data-widget_type=\"heading.default\">\n\t\t\t\t<div class=\"elementor-widget-container\">\n\t\t\t\t\t<h2 class=\"elementor-heading-title elementor-size-default\">Additional Features <\/h2>\t\t\t\t<\/div>\n\t\t\t\t<\/div>\n\t\t\t\t<div class=\"elementor-element elementor-element-23903be elementor-widget elementor-widget-text-editor\" data-id=\"23903be\" data-element_type=\"widget\" data-e-type=\"widget\" data-widget_type=\"text-editor.default\">\n\t\t\t\t<div class=\"elementor-widget-container\">\n\t\t\t\t\t\t\t\t\t<ul><li>Simulation of different currents and loads<\/li><li>Analysis of the effect of TC saturation<\/li><li>TT ratio measurement<\/li><li>Multimeter<\/li><\/ul>\t\t\t\t\t\t\t\t<\/div>\n\t\t\t\t<\/div>\n\t\t\t\t<\/div>\n\t\t\t\t\t<\/div>\n\t\t\t\t<\/div>\n\t\t\t\t<\/div>","protected":false},"excerpt":{"rendered":"<p>CT\u00a0Analyzer Accueil Omicron CT Analyzer \u00c9talonnage et \u00e9valuation des transformateurs de courant. CONTACTEZ-NOUS Analysez votre transformateur de courant (TC) \u00e0 l\u2019aide d\u2019un simple bouton Fonctionnement du CT Analyzer Injection de signaux de test faibles du c\u00f4t\u00e9 secondaire du TC D\u00e9termination des param\u00e8tres du circuit \u00e9quivalent du TC Identification de tous les param\u00e8tres de performance pertinents [&hellip;]<\/p>\n","protected":false},"author":1,"featured_media":0,"parent":0,"menu_order":0,"comment_status":"closed","ping_status":"closed","template":"page-templates\/home.php","meta":{"footnotes":""},"class_list":["post-14596","page","type-page","status-publish","hentry"],"yoast_head":"<!-- This site is optimized with the Yoast SEO plugin v27.4 - https:\/\/yoast.com\/product\/yoast-seo-wordpress\/ -->\n<title>CT Analyzer - Grid Energy Company<\/title>\n<meta name=\"robots\" content=\"index, follow, max-snippet:-1, max-image-preview:large, max-video-preview:-1\" \/>\n<link rel=\"canonical\" href=\"https:\/\/gridenergy.ma\/en\/products-omicron-ct-analyzer\/\" \/>\n<meta property=\"og:locale\" content=\"en_GB\" \/>\n<meta property=\"og:type\" content=\"article\" \/>\n<meta property=\"og:title\" content=\"CT Analyzer - Grid Energy Company\" \/>\n<meta property=\"og:description\" content=\"CT\u00a0Analyzer Accueil Omicron CT Analyzer \u00c9talonnage et \u00e9valuation des transformateurs de courant. CONTACTEZ-NOUS Analysez votre transformateur de courant (TC) \u00e0 l\u2019aide d\u2019un simple bouton Fonctionnement du CT Analyzer Injection de signaux de test faibles du c\u00f4t\u00e9 secondaire du TC D\u00e9termination des param\u00e8tres du circuit \u00e9quivalent du TC Identification de tous les param\u00e8tres de performance pertinents [&hellip;]\" \/>\n<meta property=\"og:url\" content=\"https:\/\/gridenergy.ma\/en\/products-omicron-ct-analyzer\/\" \/>\n<meta property=\"og:site_name\" content=\"Grid Energy Company\" \/>\n<meta property=\"article:modified_time\" content=\"2025-04-29T11:38:36+00:00\" \/>\n<meta property=\"og:image\" content=\"https:\/\/gridenergy.ma\/wp-content\/uploads\/2025\/04\/csm_CT-Analyzer-keyvisual_0bbd0c2581-1024x768.png\" \/>\n<meta name=\"twitter:card\" content=\"summary_large_image\" \/>\n<meta name=\"twitter:label1\" content=\"Estimated reading time\" \/>\n\t<meta name=\"twitter:data1\" content=\"1 minute\" \/>\n<script type=\"application\/ld+json\" class=\"yoast-schema-graph\">{\"@context\":\"https:\\\/\\\/schema.org\",\"@graph\":[{\"@type\":\"WebPage\",\"@id\":\"https:\\\/\\\/gridenergy.ma\\\/produit-omicron-ct-analyzer\\\/\",\"url\":\"https:\\\/\\\/gridenergy.ma\\\/produit-omicron-ct-analyzer\\\/\",\"name\":\"CT Analyzer - Grid Energy Company\",\"isPartOf\":{\"@id\":\"https:\\\/\\\/gridenergy.ma\\\/en\\\/#website\"},\"primaryImageOfPage\":{\"@id\":\"https:\\\/\\\/gridenergy.ma\\\/produit-omicron-ct-analyzer\\\/#primaryimage\"},\"image\":{\"@id\":\"https:\\\/\\\/gridenergy.ma\\\/produit-omicron-ct-analyzer\\\/#primaryimage\"},\"thumbnailUrl\":\"https:\\\/\\\/gridenergy.ma\\\/wp-content\\\/uploads\\\/2025\\\/04\\\/csm_CT-Analyzer-keyvisual_0bbd0c2581-1024x768.png\",\"datePublished\":\"2025-04-29T11:34:12+00:00\",\"dateModified\":\"2025-04-29T11:38:36+00:00\",\"breadcrumb\":{\"@id\":\"https:\\\/\\\/gridenergy.ma\\\/produit-omicron-ct-analyzer\\\/#breadcrumb\"},\"inLanguage\":\"en-GB\",\"potentialAction\":[{\"@type\":\"ReadAction\",\"target\":[\"https:\\\/\\\/gridenergy.ma\\\/produit-omicron-ct-analyzer\\\/\"]}]},{\"@type\":\"ImageObject\",\"inLanguage\":\"en-GB\",\"@id\":\"https:\\\/\\\/gridenergy.ma\\\/produit-omicron-ct-analyzer\\\/#primaryimage\",\"url\":\"https:\\\/\\\/gridenergy.ma\\\/wp-content\\\/uploads\\\/2025\\\/04\\\/csm_CT-Analyzer-keyvisual_0bbd0c2581-1024x768.png\",\"contentUrl\":\"https:\\\/\\\/gridenergy.ma\\\/wp-content\\\/uploads\\\/2025\\\/04\\\/csm_CT-Analyzer-keyvisual_0bbd0c2581-1024x768.png\"},{\"@type\":\"BreadcrumbList\",\"@id\":\"https:\\\/\\\/gridenergy.ma\\\/produit-omicron-ct-analyzer\\\/#breadcrumb\",\"itemListElement\":[{\"@type\":\"ListItem\",\"position\":1,\"name\":\"Accueil\",\"item\":\"https:\\\/\\\/gridenergy.ma\\\/fr\\\/\"},{\"@type\":\"ListItem\",\"position\":2,\"name\":\"CT Analyzer\"}]},{\"@type\":\"WebSite\",\"@id\":\"https:\\\/\\\/gridenergy.ma\\\/en\\\/#website\",\"url\":\"https:\\\/\\\/gridenergy.ma\\\/en\\\/\",\"name\":\"Grid Energy Company\",\"description\":\"Solutions \u00e9lectriques innovantes\",\"potentialAction\":[{\"@type\":\"SearchAction\",\"target\":{\"@type\":\"EntryPoint\",\"urlTemplate\":\"https:\\\/\\\/gridenergy.ma\\\/en\\\/?s={search_term_string}\"},\"query-input\":{\"@type\":\"PropertyValueSpecification\",\"valueRequired\":true,\"valueName\":\"search_term_string\"}}],\"inLanguage\":\"en-GB\"}]}<\/script>\n<!-- \/ Yoast SEO plugin. -->","yoast_head_json":{"title":"CT Analyzer - Grid Energy Company","robots":{"index":"index","follow":"follow","max-snippet":"max-snippet:-1","max-image-preview":"max-image-preview:large","max-video-preview":"max-video-preview:-1"},"canonical":"https:\/\/gridenergy.ma\/en\/products-omicron-ct-analyzer\/","og_locale":"en_GB","og_type":"article","og_title":"CT Analyzer - Grid Energy Company","og_description":"CT\u00a0Analyzer Accueil Omicron CT Analyzer \u00c9talonnage et \u00e9valuation des transformateurs de courant. CONTACTEZ-NOUS Analysez votre transformateur de courant (TC) \u00e0 l\u2019aide d\u2019un simple bouton Fonctionnement du CT Analyzer Injection de signaux de test faibles du c\u00f4t\u00e9 secondaire du TC D\u00e9termination des param\u00e8tres du circuit \u00e9quivalent du TC Identification de tous les param\u00e8tres de performance pertinents [&hellip;]","og_url":"https:\/\/gridenergy.ma\/en\/products-omicron-ct-analyzer\/","og_site_name":"Grid Energy Company","article_modified_time":"2025-04-29T11:38:36+00:00","og_image":[{"url":"https:\/\/gridenergy.ma\/wp-content\/uploads\/2025\/04\/csm_CT-Analyzer-keyvisual_0bbd0c2581-1024x768.png","type":"","width":"","height":""}],"twitter_card":"summary_large_image","twitter_misc":{"Estimated reading time":"1 minute"},"schema":{"@context":"https:\/\/schema.org","@graph":[{"@type":"WebPage","@id":"https:\/\/gridenergy.ma\/produit-omicron-ct-analyzer\/","url":"https:\/\/gridenergy.ma\/produit-omicron-ct-analyzer\/","name":"CT Analyzer - Grid Energy Company","isPartOf":{"@id":"https:\/\/gridenergy.ma\/en\/#website"},"primaryImageOfPage":{"@id":"https:\/\/gridenergy.ma\/produit-omicron-ct-analyzer\/#primaryimage"},"image":{"@id":"https:\/\/gridenergy.ma\/produit-omicron-ct-analyzer\/#primaryimage"},"thumbnailUrl":"https:\/\/gridenergy.ma\/wp-content\/uploads\/2025\/04\/csm_CT-Analyzer-keyvisual_0bbd0c2581-1024x768.png","datePublished":"2025-04-29T11:34:12+00:00","dateModified":"2025-04-29T11:38:36+00:00","breadcrumb":{"@id":"https:\/\/gridenergy.ma\/produit-omicron-ct-analyzer\/#breadcrumb"},"inLanguage":"en-GB","potentialAction":[{"@type":"ReadAction","target":["https:\/\/gridenergy.ma\/produit-omicron-ct-analyzer\/"]}]},{"@type":"ImageObject","inLanguage":"en-GB","@id":"https:\/\/gridenergy.ma\/produit-omicron-ct-analyzer\/#primaryimage","url":"https:\/\/gridenergy.ma\/wp-content\/uploads\/2025\/04\/csm_CT-Analyzer-keyvisual_0bbd0c2581-1024x768.png","contentUrl":"https:\/\/gridenergy.ma\/wp-content\/uploads\/2025\/04\/csm_CT-Analyzer-keyvisual_0bbd0c2581-1024x768.png"},{"@type":"BreadcrumbList","@id":"https:\/\/gridenergy.ma\/produit-omicron-ct-analyzer\/#breadcrumb","itemListElement":[{"@type":"ListItem","position":1,"name":"Accueil","item":"https:\/\/gridenergy.ma\/fr\/"},{"@type":"ListItem","position":2,"name":"CT Analyzer"}]},{"@type":"WebSite","@id":"https:\/\/gridenergy.ma\/en\/#website","url":"https:\/\/gridenergy.ma\/en\/","name":"Grid Energy Company","description":"Solutions \u00e9lectriques innovantes","potentialAction":[{"@type":"SearchAction","target":{"@type":"EntryPoint","urlTemplate":"https:\/\/gridenergy.ma\/en\/?s={search_term_string}"},"query-input":{"@type":"PropertyValueSpecification","valueRequired":true,"valueName":"search_term_string"}}],"inLanguage":"en-GB"}]}},"_links":{"self":[{"href":"https:\/\/gridenergy.ma\/en\/wp-json\/wp\/v2\/pages\/14596","targetHints":{"allow":["GET"]}}],"collection":[{"href":"https:\/\/gridenergy.ma\/en\/wp-json\/wp\/v2\/pages"}],"about":[{"href":"https:\/\/gridenergy.ma\/en\/wp-json\/wp\/v2\/types\/page"}],"author":[{"embeddable":true,"href":"https:\/\/gridenergy.ma\/en\/wp-json\/wp\/v2\/users\/1"}],"replies":[{"embeddable":true,"href":"https:\/\/gridenergy.ma\/en\/wp-json\/wp\/v2\/comments?post=14596"}],"version-history":[{"count":4,"href":"https:\/\/gridenergy.ma\/en\/wp-json\/wp\/v2\/pages\/14596\/revisions"}],"predecessor-version":[{"id":14604,"href":"https:\/\/gridenergy.ma\/en\/wp-json\/wp\/v2\/pages\/14596\/revisions\/14604"}],"wp:attachment":[{"href":"https:\/\/gridenergy.ma\/en\/wp-json\/wp\/v2\/media?parent=14596"}],"curies":[{"name":"wp","href":"https:\/\/api.w.org\/{rel}","templated":true}]}}