{"id":14579,"date":"2025-04-29T11:23:56","date_gmt":"2025-04-29T11:23:56","guid":{"rendered":"https:\/\/gridenergy.ma\/?page_id=14579"},"modified":"2025-04-29T16:47:25","modified_gmt":"2025-04-29T16:47:25","slug":"product-omicron-primary-test-manager","status":"publish","type":"page","link":"https:\/\/gridenergy.ma\/en\/product-omicron-primary-test-manager\/","title":{"rendered":"Primary Test Manager"},"content":{"rendered":"<div data-elementor-type=\"wp-page\" data-elementor-id=\"14579\" class=\"elementor elementor-14579\" data-elementor-post-type=\"page\">\n\t\t\t\t\t\t<section class=\"elementor-section elementor-top-section elementor-element elementor-element-0d8d88c page-title-section elementor-section-stretched elementor-section-boxed elementor-section-height-default elementor-section-height-default\" data-id=\"0d8d88c\" data-element_type=\"section\" data-e-type=\"section\" data-settings=\"{&quot;background_background&quot;:&quot;classic&quot;,&quot;stretch_section&quot;:&quot;section-stretched&quot;}\">\n\t\t\t\t\t\t\t<div class=\"elementor-background-overlay\"><\/div>\n\t\t\t\t\t\t\t<div class=\"elementor-container elementor-column-gap-extended\">\n\t\t\t\t\t<div class=\"elementor-column elementor-col-100 elementor-top-column elementor-element elementor-element-f0e7536\" data-id=\"f0e7536\" data-element_type=\"column\" data-e-type=\"column\">\n\t\t\t<div class=\"elementor-widget-wrap elementor-element-populated\">\n\t\t\t\t\t\t<div class=\"elementor-element elementor-element-fe62040 mb-0 elementor-widget elementor-widget-text-editor\" data-id=\"fe62040\" data-element_type=\"widget\" data-e-type=\"widget\" data-widget_type=\"text-editor.default\">\n\t\t\t\t<div class=\"elementor-widget-container\">\n\t\t\t\t\t\t\t\t\t<h1 class=\"mb-lg-0\">Primary Test Manager (PTM)<\/h1>\t\t\t\t\t\t\t\t<\/div>\n\t\t\t\t<\/div>\n\t\t\t\t<div class=\"elementor-element elementor-element-8fd4710 mb-0 elementor-widget elementor-widget-text-editor\" data-id=\"8fd4710\" data-element_type=\"widget\" data-e-type=\"widget\" data-widget_type=\"text-editor.default\">\n\t\t\t\t<div class=\"elementor-widget-container\">\n\t\t\t\t\t\t\t\t\t<ul><li><a href=\"https:\/\/gridenergy.ma\/en\/?page_id=9746\">Home<\/a><\/li><li>Omicron<\/li><\/ul>\t\t\t\t\t\t\t\t<\/div>\n\t\t\t\t<\/div>\n\t\t\t\t\t<\/div>\n\t\t<\/div>\n\t\t\t\t\t<\/div>\n\t\t<\/section>\n\t\t<div class=\"elementor-element elementor-element-ebe2e4e e-flex e-con-boxed e-con e-parent\" data-id=\"ebe2e4e\" data-element_type=\"container\" data-e-type=\"container\">\n\t\t\t\t\t<div class=\"e-con-inner\">\n\t\t<div class=\"elementor-element elementor-element-327ce8d e-con-full e-flex e-con e-child\" data-id=\"327ce8d\" data-element_type=\"container\" data-e-type=\"container\">\n\t\t\t\t<div class=\"elementor-element elementor-element-d77603f elementor-widget__width-initial elementor-widget elementor-widget-image\" data-id=\"d77603f\" data-element_type=\"widget\" data-e-type=\"widget\" data-widget_type=\"image.default\">\n\t\t\t\t<div class=\"elementor-widget-container\">\n\t\t\t\t\t\t\t\t\t\t\t\t\t\t\t<img fetchpriority=\"high\" decoding=\"async\" width=\"900\" height=\"676\" src=\"https:\/\/gridenergy.ma\/wp-content\/uploads\/2025\/04\/csm_PTM-keyvisual_d4ebfff7b6-1024x769.png\" class=\"attachment-large size-large wp-image-14581\" alt=\"\" srcset=\"https:\/\/gridenergy.ma\/wp-content\/uploads\/2025\/04\/csm_PTM-keyvisual_d4ebfff7b6-1024x769.png 1024w, https:\/\/gridenergy.ma\/wp-content\/uploads\/2025\/04\/csm_PTM-keyvisual_d4ebfff7b6-300x225.png 300w, https:\/\/gridenergy.ma\/wp-content\/uploads\/2025\/04\/csm_PTM-keyvisual_d4ebfff7b6-768x577.png 768w, https:\/\/gridenergy.ma\/wp-content\/uploads\/2025\/04\/csm_PTM-keyvisual_d4ebfff7b6.png 1440w\" sizes=\"(max-width: 900px) 100vw, 900px\" \/>\t\t\t\t\t\t\t\t\t\t\t\t\t\t\t<\/div>\n\t\t\t\t<\/div>\n\t\t\t\t<\/div>\n\t\t<div class=\"elementor-element elementor-element-5733829 e-con-full e-flex e-con e-child\" data-id=\"5733829\" data-element_type=\"container\" data-e-type=\"container\">\n\t\t\t\t<div class=\"elementor-element elementor-element-aad65be elementor-widget elementor-widget-heading\" data-id=\"aad65be\" data-element_type=\"widget\" data-e-type=\"widget\" data-widget_type=\"heading.default\">\n\t\t\t\t<div class=\"elementor-widget-container\">\n\t\t\t\t\t<h2 class=\"elementor-heading-title elementor-size-default\">Primary Test Manager (PTM)<\/h2>\t\t\t\t<\/div>\n\t\t\t\t<\/div>\n\t\t\t\t<div class=\"elementor-element elementor-element-2e9eb53 elementor-widget elementor-widget-text-editor\" data-id=\"2e9eb53\" data-element_type=\"widget\" data-e-type=\"widget\" data-widget_type=\"text-editor.default\">\n\t\t\t\t<div class=\"elementor-widget-container\">\n\t\t\t\t\t\t\t\t\t<div><span lang=\"FR-MA\">Diagnostic testing, condition assessment and data management of medium and high voltage equipment.<\/span><\/div>\t\t\t\t\t\t\t\t<\/div>\n\t\t\t\t<\/div>\n\t\t\t\t<div class=\"elementor-element elementor-element-b950aaa elementor-widget elementor-widget-button\" data-id=\"b950aaa\" data-element_type=\"widget\" data-e-type=\"widget\" data-widget_type=\"button.default\">\n\t\t\t\t<div class=\"elementor-widget-container\">\n\t\t\t\t\t\t\t\t\t<div class=\"elementor-button-wrapper\">\n\t\t\t\t\t<a class=\"elementor-button elementor-button-link elementor-size-sm\" href=\"https:\/\/gridenergy.ma\/en\/contact\/\">\n\t\t\t\t\t\t<span class=\"elementor-button-content-wrapper\">\n\t\t\t\t\t\t\t\t\t<span class=\"elementor-button-text\">CONTACT US<\/span>\n\t\t\t\t\t<\/span>\n\t\t\t\t\t<\/a>\n\t\t\t\t<\/div>\n\t\t\t\t\t\t\t\t<\/div>\n\t\t\t\t<\/div>\n\t\t\t\t<\/div>\n\t\t\t\t\t<\/div>\n\t\t\t\t<\/div>\n\t\t<div class=\"elementor-element elementor-element-a25297b e-flex e-con-boxed e-con e-parent\" data-id=\"a25297b\" data-element_type=\"container\" data-e-type=\"container\">\n\t\t\t\t\t<div class=\"e-con-inner\">\n\t\t\t\t<div class=\"elementor-element elementor-element-1ac3023 elementor-widget-divider--view-line elementor-widget elementor-widget-divider\" data-id=\"1ac3023\" data-element_type=\"widget\" data-e-type=\"widget\" data-widget_type=\"divider.default\">\n\t\t\t\t<div class=\"elementor-widget-container\">\n\t\t\t\t\t\t\t<div class=\"elementor-divider\">\n\t\t\t<span class=\"elementor-divider-separator\">\n\t\t\t\t\t\t<\/span>\n\t\t<\/div>\n\t\t\t\t\t\t<\/div>\n\t\t\t\t<\/div>\n\t\t\t\t\t<\/div>\n\t\t\t\t<\/div>\n\t\t<div class=\"elementor-element elementor-element-020f8d6 e-flex e-con-boxed e-con e-parent\" data-id=\"020f8d6\" data-element_type=\"container\" data-e-type=\"container\">\n\t\t\t\t\t<div class=\"e-con-inner\">\n\t\t<div class=\"elementor-element elementor-element-1c6a61b e-con-full e-flex e-con e-child\" data-id=\"1c6a61b\" data-element_type=\"container\" data-e-type=\"container\">\n\t\t\t\t<div class=\"elementor-element elementor-element-117a5bb elementor-widget elementor-widget-heading\" data-id=\"117a5bb\" data-element_type=\"widget\" data-e-type=\"widget\" data-widget_type=\"heading.default\">\n\t\t\t\t<div class=\"elementor-widget-container\">\n\t\t\t\t\t<h2 class=\"elementor-heading-title elementor-size-default\">Gain speed, simplicity and security<\/h2>\t\t\t\t<\/div>\n\t\t\t\t<\/div>\n\t\t\t\t<div class=\"elementor-element elementor-element-1ac4cdc elementor-widget elementor-widget-text-editor\" data-id=\"1ac4cdc\" data-element_type=\"widget\" data-e-type=\"widget\" data-widget_type=\"text-editor.default\">\n\t\t\t\t<div class=\"elementor-widget-container\">\n\t\t\t\t\t\t\t\t\t<p style=\"font-weight: 400;\">Primary Test Manager\u2122 (PTM) software helps you perform diagnostic testing, condition assessment, and data management of medium and high voltage equipment, such as circuit breakers, rotating machines, grounding systems, instrument and power transformers, and on-load tap changers (CPeCs).<\/p><p style=\"font-weight: 400;\">The software guides you through the entire testing process, making testing faster, easier, and more secure. Tests can also be automatically evaluated in accordance with applicable IEEE and IEC international standards.<\/p>\t\t\t\t\t\t\t\t<\/div>\n\t\t\t\t<\/div>\n\t\t\t\t<div class=\"elementor-element elementor-element-79a8683 elementor-widget elementor-widget-button\" data-id=\"79a8683\" data-element_type=\"widget\" data-e-type=\"widget\" data-widget_type=\"button.default\">\n\t\t\t\t<div class=\"elementor-widget-container\">\n\t\t\t\t\t\t\t\t\t<div class=\"elementor-button-wrapper\">\n\t\t\t\t\t<a class=\"elementor-button elementor-button-link elementor-size-sm\" href=\"https:\/\/gridenergy.ma\/en\/contact\/\">\n\t\t\t\t\t\t<span class=\"elementor-button-content-wrapper\">\n\t\t\t\t\t\t\t\t\t<span class=\"elementor-button-text\">CONTACT US<\/span>\n\t\t\t\t\t<\/span>\n\t\t\t\t\t<\/a>\n\t\t\t\t<\/div>\n\t\t\t\t\t\t\t\t<\/div>\n\t\t\t\t<\/div>\n\t\t\t\t<\/div>\n\t\t<div class=\"elementor-element elementor-element-9debea2 e-con-full e-flex e-con e-child\" data-id=\"9debea2\" data-element_type=\"container\" data-e-type=\"container\">\n\t\t\t\t<div class=\"elementor-element elementor-element-f528a17 elementor-widget__width-initial elementor-widget elementor-widget-image\" data-id=\"f528a17\" data-element_type=\"widget\" data-e-type=\"widget\" data-widget_type=\"image.default\">\n\t\t\t\t<div class=\"elementor-widget-container\">\n\t\t\t\t\t\t\t\t\t\t\t\t\t\t\t<img decoding=\"async\" width=\"900\" height=\"900\" src=\"https:\/\/gridenergy.ma\/wp-content\/uploads\/2025\/04\/csm_PTM-applications_e136d4da96-1024x1024.jpg\" class=\"attachment-large size-large wp-image-14583\" alt=\"\" srcset=\"https:\/\/gridenergy.ma\/wp-content\/uploads\/2025\/04\/csm_PTM-applications_e136d4da96-1024x1024.jpg 1024w, https:\/\/gridenergy.ma\/wp-content\/uploads\/2025\/04\/csm_PTM-applications_e136d4da96-300x300.jpg 300w, https:\/\/gridenergy.ma\/wp-content\/uploads\/2025\/04\/csm_PTM-applications_e136d4da96-150x150.jpg 150w, https:\/\/gridenergy.ma\/wp-content\/uploads\/2025\/04\/csm_PTM-applications_e136d4da96-768x768.jpg 768w, https:\/\/gridenergy.ma\/wp-content\/uploads\/2025\/04\/csm_PTM-applications_e136d4da96.jpg 1440w\" sizes=\"(max-width: 900px) 100vw, 900px\" \/>\t\t\t\t\t\t\t\t\t\t\t\t\t\t\t<\/div>\n\t\t\t\t<\/div>\n\t\t\t\t<\/div>\n\t\t\t\t\t<\/div>\n\t\t\t\t<\/div>\n\t\t<div class=\"elementor-element elementor-element-7bc902d e-flex e-con-boxed e-con e-parent\" data-id=\"7bc902d\" data-element_type=\"container\" data-e-type=\"container\" data-settings=\"{&quot;background_background&quot;:&quot;classic&quot;}\">\n\t\t\t\t\t<div class=\"e-con-inner\">\n\t\t<div class=\"elementor-element elementor-element-e5a2ac4 e-con-full e-flex e-con e-child\" data-id=\"e5a2ac4\" data-element_type=\"container\" data-e-type=\"container\">\n\t\t\t\t<div class=\"elementor-element elementor-element-f18d826 elementor-widget__width-initial elementor-widget elementor-widget-image\" data-id=\"f18d826\" data-element_type=\"widget\" data-e-type=\"widget\" data-widget_type=\"image.default\">\n\t\t\t\t<div class=\"elementor-widget-container\">\n\t\t\t\t\t\t\t\t\t\t\t\t\t\t\t<img decoding=\"async\" width=\"900\" height=\"679\" src=\"https:\/\/gridenergy.ma\/wp-content\/uploads\/2025\/04\/csm_PTM-custom-content-1_4946c3143b-1024x772.jpg\" class=\"attachment-large size-large wp-image-14584\" alt=\"\" srcset=\"https:\/\/gridenergy.ma\/wp-content\/uploads\/2025\/04\/csm_PTM-custom-content-1_4946c3143b-1024x772.jpg 1024w, https:\/\/gridenergy.ma\/wp-content\/uploads\/2025\/04\/csm_PTM-custom-content-1_4946c3143b-300x226.jpg 300w, https:\/\/gridenergy.ma\/wp-content\/uploads\/2025\/04\/csm_PTM-custom-content-1_4946c3143b-768x579.jpg 768w, https:\/\/gridenergy.ma\/wp-content\/uploads\/2025\/04\/csm_PTM-custom-content-1_4946c3143b.jpg 1440w\" sizes=\"(max-width: 900px) 100vw, 900px\" \/>\t\t\t\t\t\t\t\t\t\t\t\t\t\t\t<\/div>\n\t\t\t\t<\/div>\n\t\t\t\t<\/div>\n\t\t<div class=\"elementor-element elementor-element-eeb2c32 e-con-full e-flex e-con e-child\" data-id=\"eeb2c32\" data-element_type=\"container\" data-e-type=\"container\">\n\t\t\t\t<div class=\"elementor-element elementor-element-1b954f6 elementor-widget elementor-widget-heading\" data-id=\"1b954f6\" data-element_type=\"widget\" data-e-type=\"widget\" data-widget_type=\"heading.default\">\n\t\t\t\t<div class=\"elementor-widget-container\">\n\t\t\t\t\t<h2 class=\"elementor-heading-title elementor-size-default\">The PTM offers you <\/h2>\t\t\t\t<\/div>\n\t\t\t\t<\/div>\n\t\t\t\t<div class=\"elementor-element elementor-element-23903be elementor-widget elementor-widget-text-editor\" data-id=\"23903be\" data-element_type=\"widget\" data-e-type=\"widget\" data-widget_type=\"text-editor.default\">\n\t\t\t\t<div class=\"elementor-widget-container\">\n\t\t\t\t\t\t\t\t\t<ul><li>A simple definition of devices<\/li><li>Automatic creation of device-specific test plans<\/li><li>Automatic execution of test plans<\/li><li>Easy analysis and evaluation of results<\/li><li>Intelligent reporting<\/li><li style=\"list-style-type: none;\">\u00a0<\/li><\/ul>\t\t\t\t\t\t\t\t<\/div>\n\t\t\t\t<\/div>\n\t\t\t\t<\/div>\n\t\t\t\t\t<\/div>\n\t\t\t\t<\/div>\n\t\t\t\t<\/div>","protected":false},"excerpt":{"rendered":"<p>Primary Test Manager (PTM) Accueil Omicron Primary Test Manager (PTM) Tests de diagnostic, \u00e9valuation de l\u2019\u00e9tat et gestion des donn\u00e9es d\u2019appareillages moyenne et haute tension. CONTACTEZ-NOUS Gagnez en rapidit\u00e9, en simplicit\u00e9 et en s\u00e9curit\u00e9 Le logiciel Primary Test Manager\u2122 (PTM) vous aide \u00e0 r\u00e9aliser les tests de diagnostic, l\u2019\u00e9valuation de l\u2019\u00e9tat et la gestion des [&hellip;]<\/p>\n","protected":false},"author":1,"featured_media":0,"parent":0,"menu_order":0,"comment_status":"closed","ping_status":"closed","template":"page-templates\/home.php","meta":{"footnotes":""},"class_list":["post-14579","page","type-page","status-publish","hentry"],"yoast_head":"<!-- This site is optimized with the Yoast SEO plugin v27.4 - https:\/\/yoast.com\/product\/yoast-seo-wordpress\/ -->\n<title>Primary Test Manager - Grid Energy Company<\/title>\n<meta name=\"robots\" content=\"index, follow, max-snippet:-1, max-image-preview:large, max-video-preview:-1\" \/>\n<link rel=\"canonical\" href=\"https:\/\/gridenergy.ma\/en\/product-omicron-primary-test-manager\/\" \/>\n<meta property=\"og:locale\" content=\"en_GB\" \/>\n<meta property=\"og:type\" content=\"article\" \/>\n<meta property=\"og:title\" content=\"Primary Test Manager - Grid Energy Company\" \/>\n<meta property=\"og:description\" content=\"Primary Test Manager (PTM) Accueil Omicron Primary Test Manager (PTM) Tests de diagnostic, \u00e9valuation de l\u2019\u00e9tat et gestion des donn\u00e9es d\u2019appareillages moyenne et haute tension. CONTACTEZ-NOUS Gagnez en rapidit\u00e9, en simplicit\u00e9 et en s\u00e9curit\u00e9 Le logiciel Primary Test Manager\u2122 (PTM) vous aide \u00e0 r\u00e9aliser les tests de diagnostic, l\u2019\u00e9valuation de l\u2019\u00e9tat et la gestion des [&hellip;]\" \/>\n<meta property=\"og:url\" content=\"https:\/\/gridenergy.ma\/en\/product-omicron-primary-test-manager\/\" \/>\n<meta property=\"og:site_name\" content=\"Grid Energy Company\" \/>\n<meta property=\"article:modified_time\" content=\"2025-04-29T16:47:25+00:00\" \/>\n<meta property=\"og:image\" content=\"https:\/\/gridenergy.ma\/wp-content\/uploads\/2025\/04\/csm_PTM-keyvisual_d4ebfff7b6-1024x769.png\" \/>\n<meta name=\"twitter:card\" content=\"summary_large_image\" \/>\n<meta name=\"twitter:label1\" content=\"Estimated reading time\" \/>\n\t<meta name=\"twitter:data1\" content=\"1 minute\" \/>\n<script type=\"application\/ld+json\" class=\"yoast-schema-graph\">{\"@context\":\"https:\\\/\\\/schema.org\",\"@graph\":[{\"@type\":\"WebPage\",\"@id\":\"https:\\\/\\\/gridenergy.ma\\\/produit-omicron-primary-test-manager\\\/\",\"url\":\"https:\\\/\\\/gridenergy.ma\\\/produit-omicron-primary-test-manager\\\/\",\"name\":\"Primary Test Manager - Grid Energy Company\",\"isPartOf\":{\"@id\":\"https:\\\/\\\/gridenergy.ma\\\/en\\\/#website\"},\"primaryImageOfPage\":{\"@id\":\"https:\\\/\\\/gridenergy.ma\\\/produit-omicron-primary-test-manager\\\/#primaryimage\"},\"image\":{\"@id\":\"https:\\\/\\\/gridenergy.ma\\\/produit-omicron-primary-test-manager\\\/#primaryimage\"},\"thumbnailUrl\":\"https:\\\/\\\/gridenergy.ma\\\/wp-content\\\/uploads\\\/2025\\\/04\\\/csm_PTM-keyvisual_d4ebfff7b6-1024x769.png\",\"datePublished\":\"2025-04-29T11:23:56+00:00\",\"dateModified\":\"2025-04-29T16:47:25+00:00\",\"breadcrumb\":{\"@id\":\"https:\\\/\\\/gridenergy.ma\\\/produit-omicron-primary-test-manager\\\/#breadcrumb\"},\"inLanguage\":\"en-GB\",\"potentialAction\":[{\"@type\":\"ReadAction\",\"target\":[\"https:\\\/\\\/gridenergy.ma\\\/produit-omicron-primary-test-manager\\\/\"]}]},{\"@type\":\"ImageObject\",\"inLanguage\":\"en-GB\",\"@id\":\"https:\\\/\\\/gridenergy.ma\\\/produit-omicron-primary-test-manager\\\/#primaryimage\",\"url\":\"https:\\\/\\\/gridenergy.ma\\\/wp-content\\\/uploads\\\/2025\\\/04\\\/csm_PTM-keyvisual_d4ebfff7b6-1024x769.png\",\"contentUrl\":\"https:\\\/\\\/gridenergy.ma\\\/wp-content\\\/uploads\\\/2025\\\/04\\\/csm_PTM-keyvisual_d4ebfff7b6-1024x769.png\"},{\"@type\":\"BreadcrumbList\",\"@id\":\"https:\\\/\\\/gridenergy.ma\\\/produit-omicron-primary-test-manager\\\/#breadcrumb\",\"itemListElement\":[{\"@type\":\"ListItem\",\"position\":1,\"name\":\"Accueil\",\"item\":\"https:\\\/\\\/gridenergy.ma\\\/fr\\\/\"},{\"@type\":\"ListItem\",\"position\":2,\"name\":\"Primary Test Manager\"}]},{\"@type\":\"WebSite\",\"@id\":\"https:\\\/\\\/gridenergy.ma\\\/en\\\/#website\",\"url\":\"https:\\\/\\\/gridenergy.ma\\\/en\\\/\",\"name\":\"Grid Energy Company\",\"description\":\"Solutions \u00e9lectriques innovantes\",\"potentialAction\":[{\"@type\":\"SearchAction\",\"target\":{\"@type\":\"EntryPoint\",\"urlTemplate\":\"https:\\\/\\\/gridenergy.ma\\\/en\\\/?s={search_term_string}\"},\"query-input\":{\"@type\":\"PropertyValueSpecification\",\"valueRequired\":true,\"valueName\":\"search_term_string\"}}],\"inLanguage\":\"en-GB\"}]}<\/script>\n<!-- \/ Yoast SEO plugin. -->","yoast_head_json":{"title":"Primary Test Manager - Grid Energy Company","robots":{"index":"index","follow":"follow","max-snippet":"max-snippet:-1","max-image-preview":"max-image-preview:large","max-video-preview":"max-video-preview:-1"},"canonical":"https:\/\/gridenergy.ma\/en\/product-omicron-primary-test-manager\/","og_locale":"en_GB","og_type":"article","og_title":"Primary Test Manager - Grid Energy Company","og_description":"Primary Test Manager (PTM) Accueil Omicron Primary Test Manager (PTM) Tests de diagnostic, \u00e9valuation de l\u2019\u00e9tat et gestion des donn\u00e9es d\u2019appareillages moyenne et haute tension. CONTACTEZ-NOUS Gagnez en rapidit\u00e9, en simplicit\u00e9 et en s\u00e9curit\u00e9 Le logiciel Primary Test Manager\u2122 (PTM) vous aide \u00e0 r\u00e9aliser les tests de diagnostic, l\u2019\u00e9valuation de l\u2019\u00e9tat et la gestion des [&hellip;]","og_url":"https:\/\/gridenergy.ma\/en\/product-omicron-primary-test-manager\/","og_site_name":"Grid Energy Company","article_modified_time":"2025-04-29T16:47:25+00:00","og_image":[{"url":"https:\/\/gridenergy.ma\/wp-content\/uploads\/2025\/04\/csm_PTM-keyvisual_d4ebfff7b6-1024x769.png","type":"","width":"","height":""}],"twitter_card":"summary_large_image","twitter_misc":{"Estimated reading time":"1 minute"},"schema":{"@context":"https:\/\/schema.org","@graph":[{"@type":"WebPage","@id":"https:\/\/gridenergy.ma\/produit-omicron-primary-test-manager\/","url":"https:\/\/gridenergy.ma\/produit-omicron-primary-test-manager\/","name":"Primary Test Manager - Grid Energy Company","isPartOf":{"@id":"https:\/\/gridenergy.ma\/en\/#website"},"primaryImageOfPage":{"@id":"https:\/\/gridenergy.ma\/produit-omicron-primary-test-manager\/#primaryimage"},"image":{"@id":"https:\/\/gridenergy.ma\/produit-omicron-primary-test-manager\/#primaryimage"},"thumbnailUrl":"https:\/\/gridenergy.ma\/wp-content\/uploads\/2025\/04\/csm_PTM-keyvisual_d4ebfff7b6-1024x769.png","datePublished":"2025-04-29T11:23:56+00:00","dateModified":"2025-04-29T16:47:25+00:00","breadcrumb":{"@id":"https:\/\/gridenergy.ma\/produit-omicron-primary-test-manager\/#breadcrumb"},"inLanguage":"en-GB","potentialAction":[{"@type":"ReadAction","target":["https:\/\/gridenergy.ma\/produit-omicron-primary-test-manager\/"]}]},{"@type":"ImageObject","inLanguage":"en-GB","@id":"https:\/\/gridenergy.ma\/produit-omicron-primary-test-manager\/#primaryimage","url":"https:\/\/gridenergy.ma\/wp-content\/uploads\/2025\/04\/csm_PTM-keyvisual_d4ebfff7b6-1024x769.png","contentUrl":"https:\/\/gridenergy.ma\/wp-content\/uploads\/2025\/04\/csm_PTM-keyvisual_d4ebfff7b6-1024x769.png"},{"@type":"BreadcrumbList","@id":"https:\/\/gridenergy.ma\/produit-omicron-primary-test-manager\/#breadcrumb","itemListElement":[{"@type":"ListItem","position":1,"name":"Accueil","item":"https:\/\/gridenergy.ma\/fr\/"},{"@type":"ListItem","position":2,"name":"Primary Test Manager"}]},{"@type":"WebSite","@id":"https:\/\/gridenergy.ma\/en\/#website","url":"https:\/\/gridenergy.ma\/en\/","name":"Grid Energy Company","description":"Solutions \u00e9lectriques innovantes","potentialAction":[{"@type":"SearchAction","target":{"@type":"EntryPoint","urlTemplate":"https:\/\/gridenergy.ma\/en\/?s={search_term_string}"},"query-input":{"@type":"PropertyValueSpecification","valueRequired":true,"valueName":"search_term_string"}}],"inLanguage":"en-GB"}]}},"_links":{"self":[{"href":"https:\/\/gridenergy.ma\/en\/wp-json\/wp\/v2\/pages\/14579","targetHints":{"allow":["GET"]}}],"collection":[{"href":"https:\/\/gridenergy.ma\/en\/wp-json\/wp\/v2\/pages"}],"about":[{"href":"https:\/\/gridenergy.ma\/en\/wp-json\/wp\/v2\/types\/page"}],"author":[{"embeddable":true,"href":"https:\/\/gridenergy.ma\/en\/wp-json\/wp\/v2\/users\/1"}],"replies":[{"embeddable":true,"href":"https:\/\/gridenergy.ma\/en\/wp-json\/wp\/v2\/comments?post=14579"}],"version-history":[{"count":7,"href":"https:\/\/gridenergy.ma\/en\/wp-json\/wp\/v2\/pages\/14579\/revisions"}],"predecessor-version":[{"id":14849,"href":"https:\/\/gridenergy.ma\/en\/wp-json\/wp\/v2\/pages\/14579\/revisions\/14849"}],"wp:attachment":[{"href":"https:\/\/gridenergy.ma\/en\/wp-json\/wp\/v2\/media?parent=14579"}],"curies":[{"name":"wp","href":"https:\/\/api.w.org\/{rel}","templated":true}]}}